{"id":100,"date":"2019-09-19T13:20:30","date_gmt":"2019-09-19T16:20:30","guid":{"rendered":"https:\/\/wp-test.ufpel.edu.br\/plugin-cobalto\/?page_id=100"},"modified":"2021-04-14T15:05:08","modified_gmt":"2021-04-14T18:05:08","slug":"informacoes-de-unidade-exemplo","status":"publish","type":"page","link":"https:\/\/curso-wp.ufpel.edu.br\/plugin-cobalto\/informacoes-de-unidade-exemplo\/","title":{"rendered":"Informa\u00e7\u00f5es de Unidade (exemplo)"},"content":{"rendered":"\n<div class=\"wp-block-buttons is-layout-flex wp-block-buttons-is-layout-flex\">\n<div class=\"wp-block-button\"><a class=\"wp-block-button__link has-white-color has-vivid-red-background-color has-text-color has-background\" href=\"http:\/\/curso-wp.ufpel.edu.br\/plugin-cobalto\/informacoes-de-unidade\/\">Acesse o tutorial<\/a><\/div>\n<\/div>\n\n\n\n<h2 class=\"wp-block-heading\">Centro de Desenvolvimento Tecnol\u00f3gico<\/h2>\n\n\n<ul class=\"dados-cobalto cobalto-chefias-unidade\"><li><span class=\"cobalto-label\">Diretora<\/span><a href=\"https:\/\/institucional.ufpel.edu.br\/servidores\/id\/153392\" target=\"_blank\">AMANDA DANTAS DE OLIVEIRA<\/a><\/li><li><span class=\"cobalto-label\">Diretora Adjunta<\/span><a href=\"https:\/\/institucional.ufpel.edu.br\/servidores\/id\/3179\" target=\"_blank\">CRISTIANE WIENKE RAUBACH<\/a><\/li><li><span class=\"cobalto-label\">Secret\u00e1ria<\/span><a href=\"https:\/\/institucional.ufpel.edu.br\/servidores\/id\/144182\" target=\"_blank\">MICHELE RIBEIRO DOS SANTOS<\/a><\/li><\/ul><p class=\"dados-cobalto cobalto-endereco-unidade\"><span class=\"cobalto-label\">Endere\u00e7o<\/span>Rua Gomes Carneiro, 1<br>Centro<br>96010-610 - Pelotas, RS<\/p><p class=\"dados-cobalto cobalto-email-unidade\"><a href=\"mailto:cdtec@ufpel.edu.br\">cdtec@ufpel.edu.br<\/a><\/p><div class=\"dados-cobalto cobalto-telefones-unidade\"><span class=\"cobalto-label\">Telefones<\/span><table class=\"cobalto-tabela-telefones cobalto-tabela-zebrada\"><tr class=\"cobalto-tabela-quebra-conteudo\"><td colspan=\"2\">Centro de Desenvolvimento Tecnol\u00f3gico<\/td><\/tr><tr><td class=\"cobalto-tabela-indenta\">Secretaria da Dire\u00e7\u00e3o<\/td><td class=\"nowrap\"><a href=\"callto:(53) 3284-3890\">(53) 3284-3890<\/td><\/tr><tr><td class=\"cobalto-tabela-indenta\">Dire\u00e7\u00e3o<\/td><td class=\"nowrap\"><a href=\"callto:(53) 3284-3891\">(53) 3284-3891<\/td><\/tr><tr class=\"cobalto-tabela-quebra-conteudo\"><td colspan=\"2\">Colegiado do Curso de Biotecnologia<\/td><\/tr><tr><td class=\"cobalto-tabela-indenta\">Secretaria do Colegiado<\/td><td class=\"nowrap\"><a href=\"callto:(53) 3275-7350\">(53) 3275-7350<\/td><\/tr><tr class=\"cobalto-tabela-quebra-conteudo\"><td colspan=\"2\">Colegiado do Curso de Ci\u00eancia da Computa\u00e7\u00e3o<\/td><\/tr><tr><td class=\"cobalto-tabela-indenta\">Secretaria do Colegiado<\/td><td class=\"nowrap\"><a href=\"callto:(53) 3284-3860\">(53) 3284-3860<\/td><\/tr><tr class=\"cobalto-tabela-quebra-conteudo\"><td colspan=\"2\">Colegiado do Curso de Engenharia de Computa\u00e7\u00e3o<\/td><\/tr><tr><td class=\"cobalto-tabela-indenta\">Secretaria do Colegiado<\/td><td class=\"nowrap\"><a href=\"callto:(53) 3284-3860\">(53) 3284-3860<\/td><\/tr><tr class=\"cobalto-tabela-quebra-conteudo\"><td colspan=\"2\">Colegiado do Curso de Engenharia de Materiais<\/td><\/tr><tr><td class=\"cobalto-tabela-indenta\">Secretaria do Colegiado<\/td><td class=\"nowrap\"><a href=\"callto:(53) 3284-3880\">(53) 3284-3880<\/td><\/tr><tr><td class=\"cobalto-tabela-indenta\">Coordena\u00e7\u00e3o<\/td><td class=\"nowrap\"><a href=\"callto:(53) 3284-3882\">(53) 3284-3882<\/td><\/tr><tr class=\"cobalto-tabela-quebra-conteudo\"><td colspan=\"2\">Colegiado do Curso de Engenharia H\u00eddrica<\/td><\/tr><tr><td class=\"cobalto-tabela-indenta\">Secretaria do Colegiado<\/td><td class=\"nowrap\"><a href=\"callto:(53) 3284-3840\">(53) 3284-3840<\/td><\/tr><tr class=\"cobalto-tabela-quebra-conteudo\"><td colspan=\"2\">N\u00facleo Administrativo - CDTEC<\/td><\/tr><tr><td class=\"cobalto-tabela-indenta\">N\u00facleo Administrativo<\/td><td class=\"nowrap\"><a href=\"callto:(53) 3284-3890\">(53) 3284-3890<\/td><\/tr><tr class=\"cobalto-tabela-quebra-conteudo\"><td colspan=\"2\">Programa de P\u00f3s-Gradua\u00e7\u00e3o em Biotecnologia<\/td><\/tr><tr><td class=\"cobalto-tabela-indenta\">Secretaria do PPG<\/td><td class=\"nowrap\"><a href=\"callto:(53) 3275-7350\">(53) 3275-7350<\/td><\/tr><tr><td class=\"cobalto-tabela-indenta\">Laborat\u00f3rio de Microbiologia<\/td><td class=\"nowrap\"><a href=\"callto:(53) 3275-7594\">(53) 3275-7594<\/td><\/tr><tr class=\"cobalto-tabela-quebra-conteudo\"><td colspan=\"2\">Programa de P\u00f3s-Gradua\u00e7\u00e3o em Ci\u00eancia e Engenharia de Materiais<\/td><\/tr><tr><td class=\"cobalto-tabela-indenta\">Secretaria do PPG<\/td><td class=\"nowrap\"><a href=\"callto:(53) 3284-3881\">(53) 3284-3881<\/td><\/tr><tr class=\"cobalto-tabela-quebra-conteudo\"><td colspan=\"2\">Programa de P\u00f3s-Gradua\u00e7\u00e3o em Computa\u00e7\u00e3o<\/td><\/tr><tr><td class=\"cobalto-tabela-indenta\">Secretaria do PPG<\/td><td class=\"nowrap\"><a href=\"callto:(53) 3284-3860\">(53) 3284-3860<\/td><\/tr><tr class=\"cobalto-tabela-quebra-conteudo\"><td colspan=\"2\">Programa de P\u00f3s-Gradua\u00e7\u00e3o em Recursos H\u00eddricos<\/td><\/tr><tr><td class=\"cobalto-tabela-indenta\">Secretaria do PPG<\/td><td class=\"nowrap\"><a href=\"callto:(53) 3284-3841\">(53) 3284-3841<\/td><\/tr><\/table><\/div>\n","protected":false},"excerpt":{"rendered":"<p>Centro de Desenvolvimento Tecnol\u00f3gico<\/p>\n","protected":false},"author":34,"featured_media":0,"parent":0,"menu_order":0,"comment_status":"closed","ping_status":"closed","template":"","meta":{"footnotes":""},"class_list":["post-100","page","type-page","status-publish","hentry"],"_links":{"self":[{"href":"https:\/\/curso-wp.ufpel.edu.br\/plugin-cobalto\/wp-json\/wp\/v2\/pages\/100","targetHints":{"allow":["GET"]}}],"collection":[{"href":"https:\/\/curso-wp.ufpel.edu.br\/plugin-cobalto\/wp-json\/wp\/v2\/pages"}],"about":[{"href":"https:\/\/curso-wp.ufpel.edu.br\/plugin-cobalto\/wp-json\/wp\/v2\/types\/page"}],"author":[{"embeddable":true,"href":"https:\/\/curso-wp.ufpel.edu.br\/plugin-cobalto\/wp-json\/wp\/v2\/users\/34"}],"replies":[{"embeddable":true,"href":"https:\/\/curso-wp.ufpel.edu.br\/plugin-cobalto\/wp-json\/wp\/v2\/comments?post=100"}],"version-history":[{"count":4,"href":"https:\/\/curso-wp.ufpel.edu.br\/plugin-cobalto\/wp-json\/wp\/v2\/pages\/100\/revisions"}],"predecessor-version":[{"id":352,"href":"https:\/\/curso-wp.ufpel.edu.br\/plugin-cobalto\/wp-json\/wp\/v2\/pages\/100\/revisions\/352"}],"wp:attachment":[{"href":"https:\/\/curso-wp.ufpel.edu.br\/plugin-cobalto\/wp-json\/wp\/v2\/media?parent=100"}],"curies":[{"name":"wp","href":"https:\/\/api.w.org\/{rel}","templated":true}]}}