{"id":112,"date":"2019-09-19T13:34:21","date_gmt":"2019-09-19T16:34:21","guid":{"rendered":"https:\/\/wp-test.ufpel.edu.br\/plugin-cobalto\/?page_id=112"},"modified":"2021-11-24T18:54:57","modified_gmt":"2021-11-24T21:54:57","slug":"informacoes-de-unidade","status":"publish","type":"page","link":"https:\/\/curso-wp.ufpel.edu.br\/plugin-cobalto\/informacoes-de-unidade\/","title":{"rendered":"Informa\u00e7\u00f5es de Unidade"},"content":{"rendered":"\n<p>Veja como exibir informa\u00e7\u00f5es de uma Unidade acad\u00eamica ou administrativa da UFPel:<\/p>\n\n\n\n<figure class=\"wp-block-video\"><video controls src=\"http:\/\/curso-wp.ufpel.edu.br\/plugin-cobalto\/wp-content\/uploads\/sites\/187\/2019\/09\/unidade-01.mp4\"><\/video><\/figure>\n\n\n\n<p><a href=\"http:\/\/curso-wp.ufpel.edu.br\/plugin-cobalto\/informacoes-de-unidade-exemplo\/\">Veja aqui<\/a> a p\u00e1gina resultante do exemplo acima.<\/p>\n\n\n\n<p>O <em>shortcode<\/em> utilizado neste exemplo \u00e9:<\/p>\n\n\n\n<pre class=\"wp-block-code\"><code>&#91;cobalto-unidade unidade=\"443\" chefias=\"1\" telefones=\"1\"]<\/code><\/pre>\n\n\n\n<p>Por padr\u00e3o, s\u00e3o exibidos apenas o endere\u00e7o e o e-mail da unidade. Aqui foram utilizados os par\u00e2metros <code>chefias=\"1\"<\/code> e <code>telefones=\"1\"<\/code> para exibir informa\u00e7\u00f5es adicionais.<\/p>\n\n\n\n<p>Tamb\u00e9m \u00e9 poss\u00edvel ocultar o endere\u00e7o ou o e-mail, utilizando os par\u00e2metros <code>endereco=\"0\"<\/code> e <code>email=\"0\"<\/code>.<\/p>\n\n\n\n<p>Para ver todas as op\u00e7\u00f5es dispon\u00edveis, consulte a <a href=\"http:\/\/curso-wp.ufpel.edu.br\/plugin-cobalto\/documentacao\/#unidade\">documenta\u00e7\u00e3o do plugin COBALTO<\/a>.<\/p>\n\n\n\n<p>Voc\u00ea pode localizar o c\u00f3digo da unidade no <a href=\"https:\/\/institucional.ufpel.edu.br\/unidades\/\">Portal Institucional UFPel<\/a> &#8211; verifique o ID exibido na barra de endere\u00e7o da p\u00e1gina da unidade desejada.<\/p>\n\n\n\n<div class=\"wp-block-image\"><figure class=\"aligncenter\"><img loading=\"lazy\" decoding=\"async\" width=\"714\" height=\"583\" src=\"http:\/\/curso-wp.ufpel.edu.br\/plugin-cobalto\/wp-content\/uploads\/sites\/187\/2019\/09\/codigo-unidade.png\" alt=\"\" class=\"wp-image-122\" srcset=\"https:\/\/curso-wp.ufpel.edu.br\/plugin-cobalto\/wp-content\/uploads\/sites\/187\/2019\/09\/codigo-unidade.png 714w, https:\/\/curso-wp.ufpel.edu.br\/plugin-cobalto\/wp-content\/uploads\/sites\/187\/2019\/09\/codigo-unidade-400x327.png 400w\" sizes=\"auto, (max-width: 714px) 100vw, 714px\" \/><\/figure><\/div>\n","protected":false},"excerpt":{"rendered":"<p>Veja como exibir informa\u00e7\u00f5es de uma Unidade acad\u00eamica ou administrativa da UFPel: Veja aqui a p\u00e1gina resultante do exemplo acima. O shortcode utilizado neste exemplo \u00e9: Por padr\u00e3o, s\u00e3o exibidos apenas o endere\u00e7o e o e-mail da unidade. Aqui foram utilizados os par\u00e2metros chefias=&#8221;1&#8243; e telefones=&#8221;1&#8243; para exibir informa\u00e7\u00f5es adicionais. Tamb\u00e9m \u00e9 poss\u00edvel ocultar o [&hellip;]<\/p>\n","protected":false},"author":34,"featured_media":0,"parent":0,"menu_order":0,"comment_status":"closed","ping_status":"closed","template":"","meta":{"footnotes":""},"class_list":["post-112","page","type-page","status-publish","hentry"],"_links":{"self":[{"href":"https:\/\/curso-wp.ufpel.edu.br\/plugin-cobalto\/wp-json\/wp\/v2\/pages\/112","targetHints":{"allow":["GET"]}}],"collection":[{"href":"https:\/\/curso-wp.ufpel.edu.br\/plugin-cobalto\/wp-json\/wp\/v2\/pages"}],"about":[{"href":"https:\/\/curso-wp.ufpel.edu.br\/plugin-cobalto\/wp-json\/wp\/v2\/types\/page"}],"author":[{"embeddable":true,"href":"https:\/\/curso-wp.ufpel.edu.br\/plugin-cobalto\/wp-json\/wp\/v2\/users\/34"}],"replies":[{"embeddable":true,"href":"https:\/\/curso-wp.ufpel.edu.br\/plugin-cobalto\/wp-json\/wp\/v2\/comments?post=112"}],"version-history":[{"count":4,"href":"https:\/\/curso-wp.ufpel.edu.br\/plugin-cobalto\/wp-json\/wp\/v2\/pages\/112\/revisions"}],"predecessor-version":[{"id":377,"href":"https:\/\/curso-wp.ufpel.edu.br\/plugin-cobalto\/wp-json\/wp\/v2\/pages\/112\/revisions\/377"}],"wp:attachment":[{"href":"https:\/\/curso-wp.ufpel.edu.br\/plugin-cobalto\/wp-json\/wp\/v2\/media?parent=112"}],"curies":[{"name":"wp","href":"https:\/\/api.w.org\/{rel}","templated":true}]}}