{"id":142,"date":"2019-09-24T11:26:48","date_gmt":"2019-09-24T14:26:48","guid":{"rendered":"https:\/\/wp-test.ufpel.edu.br\/plugin-cobalto\/?page_id=142"},"modified":"2023-03-20T10:33:56","modified_gmt":"2023-03-20T13:33:56","slug":"servidores-lista-com-cargos-de-chefia-exemplo","status":"publish","type":"page","link":"https:\/\/curso-wp.ufpel.edu.br\/plugin-cobalto\/servidores-lista-com-cargos-de-chefia-exemplo\/","title":{"rendered":"Servidores &#8211; lista com cargos de chefia (exemplo)"},"content":{"rendered":"\n<div class=\"wp-block-buttons is-layout-flex wp-block-buttons-is-layout-flex\">\n<div class=\"wp-block-button\"><a class=\"wp-block-button__link has-white-color has-vivid-red-background-color has-text-color has-background wp-element-button\" href=\"http:\/\/curso-wp.ufpel.edu.br\/plugin-cobalto\/servidores-nomes-e-cargos-de-chefia\/\">Acesse o tutorial<\/a><\/div>\n<\/div>\n\n\n\n<h2 class=\"wp-block-heading\">Superintend\u00eancia de Gest\u00e3o de Tecnologia da Informa\u00e7\u00e3o e Comunica\u00e7\u00e3o<\/h2>\n\n\n<div class=\"dados-cobalto cobalto-lista-servidores\"><ul class=\"sem-foto\"><li><a href=\"https:\/\/institucional.ufpel.edu.br\/servidores\/id\/187870\" target=\"_blank\">\u00c1DERSON ALVES DA SILVA<\/a><\/li><li><a href=\"https:\/\/institucional.ufpel.edu.br\/servidores\/id\/24144\" target=\"_blank\">ALFREDO LUIZ DA COSTA TILLMANN<\/a><span class=\"cobalto-label\">Ouvidor Substituto - Ouvidoria Geral da UFPel<\/span><\/li><li><a href=\"https:\/\/institucional.ufpel.edu.br\/servidores\/id\/2606\" target=\"_blank\">AMANDA ARGOU CARDOZO<\/a><\/li><li><a href=\"https:\/\/institucional.ufpel.edu.br\/servidores\/id\/146017\" target=\"_blank\">ARTHUR CARDOZO GODINHO<\/a><\/li><li><a href=\"https:\/\/institucional.ufpel.edu.br\/servidores\/id\/2262\" target=\"_blank\">CASSIO SOARES CARVALHO<\/a><\/li><li><a href=\"https:\/\/institucional.ufpel.edu.br\/servidores\/id\/1254\" target=\"_blank\">CAU\u00ca DUARTE<\/a><\/li><li><a href=\"https:\/\/institucional.ufpel.edu.br\/servidores\/id\/29171\" target=\"_blank\">CLARA DENISE KEGLES PORTO<\/a><\/li><li><a href=\"https:\/\/institucional.ufpel.edu.br\/servidores\/id\/153042\" target=\"_blank\">DIEGO SARAIVA DE OLIVEIRA<\/a><\/li><li><a href=\"https:\/\/institucional.ufpel.edu.br\/servidores\/id\/68130\" target=\"_blank\">DIEGO SCHILD SMITHS<\/a><span class=\"cobalto-label\">Chefe - N\u00facleo de Suporte, Manuten\u00e7\u00e3o e Infraestrutura<\/span><\/li><li><a href=\"https:\/\/institucional.ufpel.edu.br\/servidores\/id\/201054\" target=\"_blank\">DIOGO KOLINSKI SILVA<\/a><\/li><li><a href=\"https:\/\/institucional.ufpel.edu.br\/servidores\/id\/17840\" target=\"_blank\">DIOGO VEBER LIMA<\/a><\/li><li><a href=\"https:\/\/institucional.ufpel.edu.br\/servidores\/id\/34084\" target=\"_blank\">EDUARDO MARO\u00d1AS MONKS<\/a><span class=\"cobalto-label\">Coordenador - Coordena\u00e7\u00e3o de Redes e Infraestrutura<\/span><\/li><li><a href=\"https:\/\/institucional.ufpel.edu.br\/servidores\/id\/9677\" target=\"_blank\">FABR\u00cdCIO GONZALES SCAGLIONI<\/a><\/li><li><a href=\"https:\/\/institucional.ufpel.edu.br\/servidores\/id\/134459\" target=\"_blank\">FELIPE LEM\u00d5ES HAERTEL<\/a><\/li><li><a href=\"https:\/\/institucional.ufpel.edu.br\/servidores\/id\/140248\" target=\"_blank\">FERNANDA EGUES SIMOES<\/a><span class=\"cobalto-label\">Chefe - Se\u00e7\u00e3o de Apoio Administrativo - SGTIC<\/span><\/li><li><a href=\"https:\/\/institucional.ufpel.edu.br\/servidores\/id\/12971\" target=\"_blank\">GUSTAVO LIMA DE MAGALH\u00c3ES<\/a><\/li><li><a href=\"https:\/\/institucional.ufpel.edu.br\/servidores\/id\/34536\" target=\"_blank\">GUSTAVO MATA ZECHLINSKI<\/a><\/li><li><a href=\"https:\/\/institucional.ufpel.edu.br\/servidores\/id\/29272\" target=\"_blank\">HENRIQUE AVILA VIANNA<\/a><\/li><li><a href=\"https:\/\/institucional.ufpel.edu.br\/servidores\/id\/67706\" target=\"_blank\">HENRIQUE DE VASCONCELLOS RIPPEL<\/a><span class=\"cobalto-label\">Chefe - N\u00facleo de Ger\u00eancia de Redes<\/span><\/li><li><a href=\"https:\/\/institucional.ufpel.edu.br\/servidores\/id\/68704\" target=\"_blank\">JERONIMO DA CUNHA RAMOS<\/a><\/li><li><a href=\"https:\/\/institucional.ufpel.edu.br\/servidores\/id\/127544\" target=\"_blank\">JERONIMO FEIJO NOBLE DA ROSA<\/a><\/li><li><a href=\"https:\/\/institucional.ufpel.edu.br\/servidores\/id\/27370\" target=\"_blank\">JOS\u00c9 HIRAM SALENGUE NOGUEZ<\/a><span class=\"cobalto-label\">Coordenador - Coordena\u00e7\u00e3o de Sistemas de Informa\u00e7\u00e3o<\/span><\/li><li><a href=\"https:\/\/institucional.ufpel.edu.br\/servidores\/id\/15178\" target=\"_blank\">LEANDRO STACHOVSKI GARCIA<\/a><span class=\"cobalto-label\">Chefe - Se\u00e7\u00e3o de Projetos Administrativos<\/span><\/li><li><a href=\"https:\/\/institucional.ufpel.edu.br\/servidores\/id\/139218\" target=\"_blank\">LEANDRO WEIGE DIAS<\/a><\/li><li><a href=\"https:\/\/institucional.ufpel.edu.br\/servidores\/id\/3621\" target=\"_blank\">LIDIANE COSTA DA SILVA<\/a><\/li><li><a href=\"https:\/\/institucional.ufpel.edu.br\/servidores\/id\/3051\" target=\"_blank\">LUCAS FREITAS CORDEIRO<\/a><\/li><li><a href=\"https:\/\/institucional.ufpel.edu.br\/servidores\/id\/17842\" target=\"_blank\">MARCELO ALCANTARA BORGES<\/a><\/li><li><a href=\"https:\/\/institucional.ufpel.edu.br\/servidores\/id\/26084\" target=\"_blank\">MILTON LUIS RODRIGUES BRESQUE<\/a><span class=\"cobalto-label\">Chefe - Escrit\u00f3rio de Processos<\/span><\/li><li><a href=\"https:\/\/institucional.ufpel.edu.br\/servidores\/id\/166157\" target=\"_blank\">PABLO DE CHIARO ROSA<\/a><\/li><li><a href=\"https:\/\/institucional.ufpel.edu.br\/servidores\/id\/147322\" target=\"_blank\">PEDRO THIAGO DO NASCIMENTO MOREIRA ROQUE<\/a><\/li><li><a href=\"https:\/\/institucional.ufpel.edu.br\/servidores\/id\/138828\" target=\"_blank\">PHILIPPE RIEFFEL BREIDE<\/a><\/li><li><a href=\"https:\/\/institucional.ufpel.edu.br\/servidores\/id\/210954\" target=\"_blank\">RAFAEL LOPES DOS SANTOS<\/a><\/li><li><a href=\"https:\/\/institucional.ufpel.edu.br\/servidores\/id\/3326\" target=\"_blank\">RAFAEL PADILHA DA SILVA<\/a><span class=\"cobalto-label\">Chefe - Se\u00e7\u00e3o de Seguran\u00e7a da Informa\u00e7\u00e3o<\/span><\/li><li><a href=\"https:\/\/institucional.ufpel.edu.br\/servidores\/id\/201823\" target=\"_blank\">RAFAEL TELES CARDOSO<\/a><\/li><li><a href=\"https:\/\/institucional.ufpel.edu.br\/servidores\/id\/3013\" target=\"_blank\">RICARDO BORGES ALMEIDA<\/a><\/li><li><a href=\"https:\/\/institucional.ufpel.edu.br\/servidores\/id\/139866\" target=\"_blank\">THIAGO BANEIRO CARDOSO<\/a><\/li><li><a href=\"https:\/\/institucional.ufpel.edu.br\/servidores\/id\/157484\" target=\"_blank\">THOMAS DE AGUIAR DE OLIVEIRA<\/a><span class=\"cobalto-label\">Chefe - Se\u00e7\u00e3o de Projetos de Websites<\/span><\/li><li><a href=\"https:\/\/institucional.ufpel.edu.br\/servidores\/id\/37225\" target=\"_blank\">TIAGO CAMARGO AL ALAM<\/a><\/li><li><a href=\"https:\/\/institucional.ufpel.edu.br\/servidores\/id\/17346\" target=\"_blank\">VANDERSON OLIVEIRA DA SILVA<\/a><span class=\"cobalto-label\">Chefe - Se\u00e7\u00e3o de Projetos Acad\u00eamicos<\/span><\/li><li><a href=\"https:\/\/institucional.ufpel.edu.br\/servidores\/id\/223939\" target=\"_blank\">VINICIUS SILVA CONEDERA<\/a><\/li><li><a href=\"https:\/\/institucional.ufpel.edu.br\/servidores\/id\/9156\" target=\"_blank\">VIN\u00cdCIUS VIEIRA DOS SANTOS<\/a><\/li><li><a href=\"https:\/\/institucional.ufpel.edu.br\/servidores\/id\/1985\" target=\"_blank\">VIRG\u00cdNIA ORTIZ ANDERSSON VIANNA<\/a><\/li><\/ul><\/div>\n","protected":false},"excerpt":{"rendered":"<p>Superintend\u00eancia de Gest\u00e3o de Tecnologia da Informa\u00e7\u00e3o e Comunica\u00e7\u00e3o<\/p>\n","protected":false},"author":34,"featured_media":0,"parent":0,"menu_order":0,"comment_status":"closed","ping_status":"closed","template":"","meta":{"footnotes":""},"class_list":["post-142","page","type-page","status-publish","hentry"],"_links":{"self":[{"href":"https:\/\/curso-wp.ufpel.edu.br\/plugin-cobalto\/wp-json\/wp\/v2\/pages\/142","targetHints":{"allow":["GET"]}}],"collection":[{"href":"https:\/\/curso-wp.ufpel.edu.br\/plugin-cobalto\/wp-json\/wp\/v2\/pages"}],"about":[{"href":"https:\/\/curso-wp.ufpel.edu.br\/plugin-cobalto\/wp-json\/wp\/v2\/types\/page"}],"author":[{"embeddable":true,"href":"https:\/\/curso-wp.ufpel.edu.br\/plugin-cobalto\/wp-json\/wp\/v2\/users\/34"}],"replies":[{"embeddable":true,"href":"https:\/\/curso-wp.ufpel.edu.br\/plugin-cobalto\/wp-json\/wp\/v2\/comments?post=142"}],"version-history":[{"count":3,"href":"https:\/\/curso-wp.ufpel.edu.br\/plugin-cobalto\/wp-json\/wp\/v2\/pages\/142\/revisions"}],"predecessor-version":[{"id":423,"href":"https:\/\/curso-wp.ufpel.edu.br\/plugin-cobalto\/wp-json\/wp\/v2\/pages\/142\/revisions\/423"}],"wp:attachment":[{"href":"https:\/\/curso-wp.ufpel.edu.br\/plugin-cobalto\/wp-json\/wp\/v2\/media?parent=142"}],"curies":[{"name":"wp","href":"https:\/\/api.w.org\/{rel}","templated":true}]}}