{"id":157,"date":"2019-09-24T12:52:27","date_gmt":"2019-09-24T15:52:27","guid":{"rendered":"https:\/\/wp-test.ufpel.edu.br\/plugin-cobalto\/?page_id=157"},"modified":"2021-11-24T18:56:22","modified_gmt":"2021-11-24T21:56:22","slug":"relacao-de-servidores-com-fotos","status":"publish","type":"page","link":"https:\/\/curso-wp.ufpel.edu.br\/plugin-cobalto\/relacao-de-servidores-com-fotos\/","title":{"rendered":"Rela\u00e7\u00e3o de servidores com fotos"},"content":{"rendered":"\n<p>O v\u00eddeo abaixo demonstra como inserir a rela\u00e7\u00e3o de servidores de uma unidade, com fotos.<\/p>\n\n\n\n<figure class=\"wp-block-video\"><video controls src=\"http:\/\/curso-wp.ufpel.edu.br\/plugin-cobalto\/wp-content\/uploads\/sites\/187\/2019\/09\/servidores-01.mp4\"><\/video><\/figure>\n\n\n\n<p><a href=\"http:\/\/curso-wp.ufpel.edu.br\/plugin-cobalto\/relacao-de-servidores-com-fotos-exemplo\/\">Veja aqui<\/a> a p\u00e1gina resultante do exemplo acima.<\/p>\n\n\n\n<p>O <em>shortcode<\/em> utilizado neste exemplo \u00e9:<\/p>\n\n\n\n<pre class=\"wp-block-code\"><code>&#91;cobalto-servidores unidade=\"947\"]<\/code><\/pre>\n\n\n\n<p>Para ver outras op\u00e7\u00f5es dispon\u00edveis, consulte a <a href=\"http:\/\/curso-wp.ufpel.edu.br\/plugin-cobalto\/documentacao\/#servidores\">documenta\u00e7\u00e3o do plugin COBALTO.<\/a> <\/p>\n\n\n\n<p>Voc\u00ea pode localizar o c\u00f3digo da unidade no <a href=\"https:\/\/institucional.ufpel.edu.br\/unidades\/\">Portal Institucional UFPel<\/a> \u2013 verifique o ID exibido na barra de endere\u00e7o da p\u00e1gina da unidade desejada.<\/p>\n\n\n\n<div class=\"wp-block-image\"><figure class=\"aligncenter\"><img loading=\"lazy\" decoding=\"async\" width=\"714\" height=\"583\" src=\"http:\/\/curso-wp.ufpel.edu.br\/plugin-cobalto\/wp-content\/uploads\/sites\/187\/2019\/09\/codigo-unidade.png\" alt=\"\" class=\"wp-image-122\" srcset=\"https:\/\/curso-wp.ufpel.edu.br\/plugin-cobalto\/wp-content\/uploads\/sites\/187\/2019\/09\/codigo-unidade.png 714w, https:\/\/curso-wp.ufpel.edu.br\/plugin-cobalto\/wp-content\/uploads\/sites\/187\/2019\/09\/codigo-unidade-400x327.png 400w\" sizes=\"auto, (max-width: 714px) 100vw, 714px\" \/><\/figure><\/div>\n","protected":false},"excerpt":{"rendered":"<p>O v\u00eddeo abaixo demonstra como inserir a rela\u00e7\u00e3o de servidores de uma unidade, com fotos. Veja aqui a p\u00e1gina resultante do exemplo acima. O shortcode utilizado neste exemplo \u00e9: Para ver outras op\u00e7\u00f5es dispon\u00edveis, consulte a documenta\u00e7\u00e3o do plugin COBALTO. Voc\u00ea pode localizar o c\u00f3digo da unidade no Portal Institucional UFPel \u2013 verifique o ID [&hellip;]<\/p>\n","protected":false},"author":34,"featured_media":0,"parent":0,"menu_order":0,"comment_status":"closed","ping_status":"closed","template":"","meta":{"footnotes":""},"class_list":["post-157","page","type-page","status-publish","hentry"],"_links":{"self":[{"href":"https:\/\/curso-wp.ufpel.edu.br\/plugin-cobalto\/wp-json\/wp\/v2\/pages\/157","targetHints":{"allow":["GET"]}}],"collection":[{"href":"https:\/\/curso-wp.ufpel.edu.br\/plugin-cobalto\/wp-json\/wp\/v2\/pages"}],"about":[{"href":"https:\/\/curso-wp.ufpel.edu.br\/plugin-cobalto\/wp-json\/wp\/v2\/types\/page"}],"author":[{"embeddable":true,"href":"https:\/\/curso-wp.ufpel.edu.br\/plugin-cobalto\/wp-json\/wp\/v2\/users\/34"}],"replies":[{"embeddable":true,"href":"https:\/\/curso-wp.ufpel.edu.br\/plugin-cobalto\/wp-json\/wp\/v2\/comments?post=157"}],"version-history":[{"count":4,"href":"https:\/\/curso-wp.ufpel.edu.br\/plugin-cobalto\/wp-json\/wp\/v2\/pages\/157\/revisions"}],"predecessor-version":[{"id":379,"href":"https:\/\/curso-wp.ufpel.edu.br\/plugin-cobalto\/wp-json\/wp\/v2\/pages\/157\/revisions\/379"}],"wp:attachment":[{"href":"https:\/\/curso-wp.ufpel.edu.br\/plugin-cobalto\/wp-json\/wp\/v2\/media?parent=157"}],"curies":[{"name":"wp","href":"https:\/\/api.w.org\/{rel}","templated":true}]}}