{"id":162,"date":"2019-09-24T12:59:32","date_gmt":"2019-09-24T15:59:32","guid":{"rendered":"https:\/\/wp-test.ufpel.edu.br\/plugin-cobalto\/?page_id=162"},"modified":"2021-11-24T18:55:55","modified_gmt":"2021-11-24T21:55:55","slug":"servidores-nomes-e-cargos-de-chefia","status":"publish","type":"page","link":"https:\/\/curso-wp.ufpel.edu.br\/plugin-cobalto\/servidores-nomes-e-cargos-de-chefia\/","title":{"rendered":"Servidores &#8211; nomes e cargos de chefia"},"content":{"rendered":"\n<p>Veja no v\u00eddeo abaixo como inserir a rela\u00e7\u00e3o de servidores de uma unidade, no formato de uma lista de texto simples (sem fotos), com os respectivos cargos de chefia.<\/p>\n\n\n\n<figure class=\"wp-block-video\"><video controls src=\"http:\/\/curso-wp.ufpel.edu.br\/plugin-cobalto\/wp-content\/uploads\/sites\/187\/2019\/09\/servidores-02.mp4\"><\/video><\/figure>\n\n\n\n<p><a href=\"http:\/\/curso-wp.ufpel.edu.br\/plugin-cobalto\/servidores-lista-com-cargos-de-chefia-exemplo\/\">Veja aqui<\/a> a p\u00e1gina resultante do exemplo acima.<\/p>\n\n\n\n<p>O <em>shortcode<\/em> utilizado neste exemplo \u00e9:<\/p>\n\n\n\n<pre class=\"wp-block-code\"><code>&#91;cobalto-servidores unidade=\"938\" foto=\"n\" chefias=\"e\"]<\/code><\/pre>\n\n\n\n<p>O par\u00e2metro <code>foto=\"n\"<\/code> especifica que n\u00e3o sejam exibidas as fotos dos servidores.<br>O par\u00e2metro <code>chefias=\"e\"<\/code> ativa a exibi\u00e7\u00e3o de cargos de chefia, com o nome da respectiva unidade por extenso.<\/p>\n\n\n\n<p>Para ver outras op\u00e7\u00f5es dispon\u00edveis, consulte a <a href=\"http:\/\/curso-wp.ufpel.edu.br\/plugin-cobalto\/documentacao\/#servidores\">documenta\u00e7\u00e3o do plugin COBALTO.<\/a><\/p>\n","protected":false},"excerpt":{"rendered":"<p>Veja no v\u00eddeo abaixo como inserir a rela\u00e7\u00e3o de servidores de uma unidade, no formato de uma lista de texto simples (sem fotos), com os respectivos cargos de chefia. Veja aqui a p\u00e1gina resultante do exemplo acima. O shortcode utilizado neste exemplo \u00e9: O par\u00e2metro foto=&#8221;n&#8221; especifica que n\u00e3o sejam exibidas as fotos dos servidores.O [&hellip;]<\/p>\n","protected":false},"author":34,"featured_media":0,"parent":0,"menu_order":0,"comment_status":"closed","ping_status":"closed","template":"","meta":{"footnotes":""},"class_list":["post-162","page","type-page","status-publish","hentry"],"_links":{"self":[{"href":"https:\/\/curso-wp.ufpel.edu.br\/plugin-cobalto\/wp-json\/wp\/v2\/pages\/162","targetHints":{"allow":["GET"]}}],"collection":[{"href":"https:\/\/curso-wp.ufpel.edu.br\/plugin-cobalto\/wp-json\/wp\/v2\/pages"}],"about":[{"href":"https:\/\/curso-wp.ufpel.edu.br\/plugin-cobalto\/wp-json\/wp\/v2\/types\/page"}],"author":[{"embeddable":true,"href":"https:\/\/curso-wp.ufpel.edu.br\/plugin-cobalto\/wp-json\/wp\/v2\/users\/34"}],"replies":[{"embeddable":true,"href":"https:\/\/curso-wp.ufpel.edu.br\/plugin-cobalto\/wp-json\/wp\/v2\/comments?post=162"}],"version-history":[{"count":3,"href":"https:\/\/curso-wp.ufpel.edu.br\/plugin-cobalto\/wp-json\/wp\/v2\/pages\/162\/revisions"}],"predecessor-version":[{"id":378,"href":"https:\/\/curso-wp.ufpel.edu.br\/plugin-cobalto\/wp-json\/wp\/v2\/pages\/162\/revisions\/378"}],"wp:attachment":[{"href":"https:\/\/curso-wp.ufpel.edu.br\/plugin-cobalto\/wp-json\/wp\/v2\/media?parent=162"}],"curies":[{"name":"wp","href":"https:\/\/api.w.org\/{rel}","templated":true}]}}