{"id":167,"date":"2019-09-24T13:04:02","date_gmt":"2019-09-24T16:04:02","guid":{"rendered":"https:\/\/wp-test.ufpel.edu.br\/plugin-cobalto\/?page_id=167"},"modified":"2021-11-24T18:56:51","modified_gmt":"2021-11-24T21:56:51","slug":"relacao-da-gestao-ufpel","status":"publish","type":"page","link":"https:\/\/curso-wp.ufpel.edu.br\/plugin-cobalto\/relacao-da-gestao-ufpel\/","title":{"rendered":"Rela\u00e7\u00e3o da Gest\u00e3o UFPel"},"content":{"rendered":"\n<p>O v\u00eddeo a seguir demonstra como inserir a rela\u00e7\u00e3o de nomes da administra\u00e7\u00e3o superior da UFPel.<\/p>\n\n\n\n<figure class=\"wp-block-video\"><video controls src=\"http:\/\/curso-wp.ufpel.edu.br\/plugin-cobalto\/wp-content\/uploads\/sites\/187\/2019\/09\/gestao.mp4\"><\/video><\/figure>\n\n\n\n<p><a href=\"http:\/\/curso-wp.ufpel.edu.br\/plugin-cobalto\/relacao-da-gestao-ufpel-exemplo\/\">Veja aqui<\/a> a p\u00e1gina resultante do exemplo acima.<\/p>\n\n\n\n<p>O <em>shortcode<\/em> utilizado neste exemplo \u00e9:<\/p>\n\n\n\n<pre class=\"wp-block-code\"><code>&#91;cobalto-gestao]<\/code><\/pre>\n\n\n\n<p>Para ver outras op\u00e7\u00f5es dispon\u00edveis, consulte a <a href=\"http:\/\/curso-wp.ufpel.edu.br\/plugin-cobalto\/documentacao\/#gestao\">documenta\u00e7\u00e3o do plugin COBALTO.<\/a><\/p>\n","protected":false},"excerpt":{"rendered":"<p>O v\u00eddeo a seguir demonstra como inserir a rela\u00e7\u00e3o de nomes da administra\u00e7\u00e3o superior da UFPel. Veja aqui a p\u00e1gina resultante do exemplo acima. O shortcode utilizado neste exemplo \u00e9: Para ver outras op\u00e7\u00f5es dispon\u00edveis, consulte a documenta\u00e7\u00e3o do plugin COBALTO.<\/p>\n","protected":false},"author":34,"featured_media":0,"parent":0,"menu_order":0,"comment_status":"closed","ping_status":"closed","template":"","meta":{"footnotes":""},"class_list":["post-167","page","type-page","status-publish","hentry"],"_links":{"self":[{"href":"https:\/\/curso-wp.ufpel.edu.br\/plugin-cobalto\/wp-json\/wp\/v2\/pages\/167","targetHints":{"allow":["GET"]}}],"collection":[{"href":"https:\/\/curso-wp.ufpel.edu.br\/plugin-cobalto\/wp-json\/wp\/v2\/pages"}],"about":[{"href":"https:\/\/curso-wp.ufpel.edu.br\/plugin-cobalto\/wp-json\/wp\/v2\/types\/page"}],"author":[{"embeddable":true,"href":"https:\/\/curso-wp.ufpel.edu.br\/plugin-cobalto\/wp-json\/wp\/v2\/users\/34"}],"replies":[{"embeddable":true,"href":"https:\/\/curso-wp.ufpel.edu.br\/plugin-cobalto\/wp-json\/wp\/v2\/comments?post=167"}],"version-history":[{"count":3,"href":"https:\/\/curso-wp.ufpel.edu.br\/plugin-cobalto\/wp-json\/wp\/v2\/pages\/167\/revisions"}],"predecessor-version":[{"id":380,"href":"https:\/\/curso-wp.ufpel.edu.br\/plugin-cobalto\/wp-json\/wp\/v2\/pages\/167\/revisions\/380"}],"wp:attachment":[{"href":"https:\/\/curso-wp.ufpel.edu.br\/plugin-cobalto\/wp-json\/wp\/v2\/media?parent=167"}],"curies":[{"name":"wp","href":"https:\/\/api.w.org\/{rel}","templated":true}]}}