{"id":208,"date":"2019-10-16T11:40:27","date_gmt":"2019-10-16T14:40:27","guid":{"rendered":"https:\/\/wp-test.ufpel.edu.br\/plugin-cobalto\/?page_id=208"},"modified":"2022-06-24T15:02:22","modified_gmt":"2022-06-24T18:02:22","slug":"proximos-eventos-exemplo","status":"publish","type":"page","link":"https:\/\/curso-wp.ufpel.edu.br\/plugin-cobalto\/proximos-eventos-exemplo\/","title":{"rendered":"Pr\u00f3ximos eventos"},"content":{"rendered":"\n<p>Esta funcionalidade lista os pr\u00f3ximos eventos (a partir do dia atual) do Calend\u00e1rio Acad\u00eamico, ou de uma agenda p\u00fablica do COBALTO.<\/p>\n\n\n\n<p>Veja abaixo alguns exemplos de configura\u00e7\u00e3o do <em>shortcode<\/em>:<\/p>\n\n\n\n<h2 class=\"wp-block-heading\">Formato calend\u00e1rio, com duas colunas<\/h2>\n\n\n\n<p><code>[cobalto-eventos formato=\"c\" cols=\"2\"]<\/code><\/p>\n\n\n<div class=\"dados-cobalto cobalto-eventos cobalto-eventos-layout-c cobalto-eventos-2-colunas\"><div class=\"cobalto-evento-container\"><div class=\"cobalto-evento-data\"><span class=\"cobalto-evento-mes\" style=\"background:#9FE1E7\">Abr<\/span><span class=\"cobalto-evento-dia\"><strong>10<\/strong><\/span><span class=\"cobalto-evento-dow\">Sexta<\/span><\/div><div class=\"cobalto-evento-descricao\">Data limite para os estudantes que n\u00e3o solicitaram matr\u00edcula em 2026 solicitarem trancamento geral de matricula.<\/div><\/div><div class=\"cobalto-evento-container\"><div class=\"cobalto-evento-data\"><span class=\"cobalto-evento-mes\" style=\"background:#9FE1E7\">Abr<\/span><span class=\"cobalto-evento-dia\"><strong>10<\/strong><\/span><span class=\"cobalto-evento-dow\">Sexta<\/span><\/div><div class=\"cobalto-evento-descricao\">Data limite para o envio dos planos de ensino 2026, via Sistema Acad\u00eamico Cobalto.<\/div><\/div><div class=\"cobalto-evento-container\"><div class=\"cobalto-evento-data\"><span class=\"cobalto-evento-mes\" style=\"background:#9FE1E7\">Abr<\/span><span class=\"cobalto-evento-dia\"><strong>14<\/strong><\/span><span class=\"cobalto-evento-dow\">Ter\u00e7a<\/span><\/div><div class=\"cobalto-evento-descricao\">IN\u00cdCIO: Prazo para envio da declara\u00e7\u00e3o de abandonos 2026 \u2013 via Sistema Acad\u00eamico Cobalto.<\/div><\/div><div class=\"cobalto-evento-container\"><div class=\"cobalto-evento-data\"><span class=\"cobalto-evento-mes\" style=\"background:#9FE1E7\">Abr<\/span><span class=\"cobalto-evento-dia\"><strong>17<\/strong><\/span><span class=\"cobalto-evento-dow\">Sexta<\/span><\/div><div class=\"cobalto-evento-descricao\">FIM: Prazo para envio da declara\u00e7\u00e3o de abandonos 2026 \u2013 via Sistema Acad\u00eamico Cobalto.<\/div><\/div><\/div> <!-- .dados-cobalto -->\n\n\n\n<h2 class=\"wp-block-heading\">Formato &#8220;flat&#8221;, com duas colunas<\/h2>\n\n\n\n<p><code>[cobalto-eventos formato=\"f\" cols=\"2\"]<\/code><\/p>\n\n\n<div class=\"dados-cobalto cobalto-eventos cobalto-eventos-layout-f cobalto-eventos-2-colunas\"><div class=\"cobalto-evento-container\" style=\"border-left: 6px solid #9FE1E7\"><div class=\"cobalto-evento-data\"><span class=\"cobalto-evento-mes\">Abr<\/span><span class=\"cobalto-evento-dia\"><strong>10<\/strong><\/span><span class=\"cobalto-evento-dow\">Sexta<\/span><\/div><div class=\"cobalto-evento-descricao\">Data limite para os estudantes que n\u00e3o solicitaram matr\u00edcula em 2026 solicitarem trancamento geral de matricula.<\/div><\/div><div class=\"cobalto-evento-container\" style=\"border-left: 6px solid #9FE1E7\"><div class=\"cobalto-evento-data\"><span class=\"cobalto-evento-mes\">Abr<\/span><span class=\"cobalto-evento-dia\"><strong>10<\/strong><\/span><span class=\"cobalto-evento-dow\">Sexta<\/span><\/div><div class=\"cobalto-evento-descricao\">Data limite para o envio dos planos de ensino 2026, via Sistema Acad\u00eamico Cobalto.<\/div><\/div><div class=\"cobalto-evento-container\" style=\"border-left: 6px solid #9FE1E7\"><div class=\"cobalto-evento-data\"><span class=\"cobalto-evento-mes\">Abr<\/span><span class=\"cobalto-evento-dia\"><strong>14<\/strong><\/span><span class=\"cobalto-evento-dow\">Ter\u00e7a<\/span><\/div><div class=\"cobalto-evento-descricao\">IN\u00cdCIO: Prazo para envio da declara\u00e7\u00e3o de abandonos 2026 \u2013 via Sistema Acad\u00eamico Cobalto.<\/div><\/div><div class=\"cobalto-evento-container\" style=\"border-left: 6px solid #9FE1E7\"><div class=\"cobalto-evento-data\"><span class=\"cobalto-evento-mes\">Abr<\/span><span class=\"cobalto-evento-dia\"><strong>17<\/strong><\/span><span class=\"cobalto-evento-dow\">Sexta<\/span><\/div><div class=\"cobalto-evento-descricao\">FIM: Prazo para envio da declara\u00e7\u00e3o de abandonos 2026 \u2013 via Sistema Acad\u00eamico Cobalto.<\/div><\/div><\/div> <!-- .dados-cobalto -->\n\n\n\n<h2 class=\"wp-block-heading\">Lista com tipo de evento<\/h2>\n\n\n\n<p><code>[cobalto-eventos formato=\"l\"]<\/code><\/p>\n\n\n<div class=\"dados-cobalto cobalto-eventos cobalto-eventos-layout-l\"><ul class=\"cobalto-eventos-lista\"><li class=\"cobalto-evento-item\"><strong class=\"cobalto-evento-item-data\"><span class=\"cobalto-evento-bullet\" style=\"background:#9FE1E7\" title=\"2026 - Calend\u00e1rio Acad\u00eamico do Curso de Direito\"><\/span>10\/04<\/strong>Data limite para os estudantes que n\u00e3o solicitaram matr\u00edcula em 2026 solicitarem trancamento geral de matricula.<\/li><li class=\"cobalto-evento-item\"><strong class=\"cobalto-evento-item-data\"><span class=\"cobalto-evento-bullet\" style=\"background:#9FE1E7\" title=\"2026 - Calend\u00e1rio Acad\u00eamico do Curso de Direito\"><\/span>10\/04<\/strong>Data limite para o envio dos planos de ensino 2026, via Sistema Acad\u00eamico Cobalto.<\/li><li class=\"cobalto-evento-item\"><strong class=\"cobalto-evento-item-data\"><span class=\"cobalto-evento-bullet\" style=\"background:#9FE1E7\" title=\"2026 - Calend\u00e1rio Acad\u00eamico do Curso de Direito\"><\/span>14\/04 a 17\/04<\/strong>Prazo para envio da declara\u00e7\u00e3o de abandonos 2026 \u2013 via Sistema Acad\u00eamico Cobalto.<\/li><li class=\"cobalto-evento-item\"><strong class=\"cobalto-evento-item-data\"><span class=\"cobalto-evento-bullet\" style=\"background:#9FE1E7\" title=\"2026 - Calend\u00e1rio Acad\u00eamico do Curso de Direito\"><\/span>04\/05 a 11\/05<\/strong>Per\u00edodo para trancamentos de componentes curriculares (disciplinas) \u2013 Sistema Acad\u00eamico Cobalto.<\/li><\/ul><\/div> <!-- .dados-cobalto -->\n\n\n\n<h2 class=\"wp-block-heading\">Lista simples<\/h2>\n\n\n\n<p><code>[cobalto-eventos formato=\"s\"]<\/code><\/p>\n\n\n<div class=\"dados-cobalto cobalto-eventos cobalto-eventos-layout-s\"><ul class=\"cobalto-eventos-lista\"><li class=\"cobalto-evento-item\"><strong class=\"cobalto-evento-item-data\">10\/04<\/strong>Data limite para os estudantes que n\u00e3o solicitaram matr\u00edcula em 2026 solicitarem trancamento geral de matricula.<\/li><li class=\"cobalto-evento-item\"><strong class=\"cobalto-evento-item-data\">10\/04<\/strong>Data limite para o envio dos planos de ensino 2026, via Sistema Acad\u00eamico Cobalto.<\/li><li class=\"cobalto-evento-item\"><strong class=\"cobalto-evento-item-data\">14\/04<\/strong>IN\u00cdCIO: Prazo para envio da declara\u00e7\u00e3o de abandonos 2026 \u2013 via Sistema Acad\u00eamico Cobalto.<\/li><li class=\"cobalto-evento-item\"><strong class=\"cobalto-evento-item-data\">17\/04<\/strong>FIM: Prazo para envio da declara\u00e7\u00e3o de abandonos 2026 \u2013 via Sistema Acad\u00eamico Cobalto.<\/li><\/ul><\/div> <!-- .dados-cobalto -->\n\n\n\n<div style=\"height:50px\" aria-hidden=\"true\" class=\"wp-block-spacer\"><\/div>\n\n\n\n<p>Para mais op\u00e7\u00f5es de configura\u00e7\u00e3o, consulte a&nbsp;<a href=\"http:\/\/curso-wp.ufpel.edu.br\/plugin-cobalto\/documentacao\/#eventos\">documenta\u00e7\u00e3o do plugin COBALTO.<\/a><\/p>\n\n\n\n<div class=\"wp-block-buttons is-layout-flex wp-block-buttons-is-layout-flex\">\n<div class=\"wp-block-button\"><a class=\"wp-block-button__link has-white-color has-vivid-red-background-color has-text-color has-background\" href=\"http:\/\/curso-wp.ufpel.edu.br\/plugin-cobalto\/proximos-eventos\/\">Acesse o tutorial em v\u00eddeo<\/a><\/div>\n<\/div>\n","protected":false},"excerpt":{"rendered":"<p>Esta funcionalidade lista os pr\u00f3ximos eventos (a partir do dia atual) do Calend\u00e1rio Acad\u00eamico, ou de uma agenda p\u00fablica do COBALTO. Veja abaixo alguns exemplos de configura\u00e7\u00e3o do shortcode: Formato calend\u00e1rio, com duas colunas Abr10SextaData limite para os estudantes que n\u00e3o solicitaram matr\u00edcula em 2026 solicitarem trancamento geral de matricula.Abr10SextaData limite para o envio dos [&hellip;]<\/p>\n","protected":false},"author":34,"featured_media":0,"parent":0,"menu_order":0,"comment_status":"closed","ping_status":"closed","template":"","meta":{"footnotes":""},"class_list":["post-208","page","type-page","status-publish","hentry"],"_links":{"self":[{"href":"https:\/\/curso-wp.ufpel.edu.br\/plugin-cobalto\/wp-json\/wp\/v2\/pages\/208","targetHints":{"allow":["GET"]}}],"collection":[{"href":"https:\/\/curso-wp.ufpel.edu.br\/plugin-cobalto\/wp-json\/wp\/v2\/pages"}],"about":[{"href":"https:\/\/curso-wp.ufpel.edu.br\/plugin-cobalto\/wp-json\/wp\/v2\/types\/page"}],"author":[{"embeddable":true,"href":"https:\/\/curso-wp.ufpel.edu.br\/plugin-cobalto\/wp-json\/wp\/v2\/users\/34"}],"replies":[{"embeddable":true,"href":"https:\/\/curso-wp.ufpel.edu.br\/plugin-cobalto\/wp-json\/wp\/v2\/comments?post=208"}],"version-history":[{"count":7,"href":"https:\/\/curso-wp.ufpel.edu.br\/plugin-cobalto\/wp-json\/wp\/v2\/pages\/208\/revisions"}],"predecessor-version":[{"id":396,"href":"https:\/\/curso-wp.ufpel.edu.br\/plugin-cobalto\/wp-json\/wp\/v2\/pages\/208\/revisions\/396"}],"wp:attachment":[{"href":"https:\/\/curso-wp.ufpel.edu.br\/plugin-cobalto\/wp-json\/wp\/v2\/media?parent=208"}],"curies":[{"name":"wp","href":"https:\/\/api.w.org\/{rel}","templated":true}]}}