{"id":21,"date":"2019-09-19T10:47:41","date_gmt":"2019-09-19T13:47:41","guid":{"rendered":"https:\/\/wp-test.ufpel.edu.br\/plugin-cobalto\/?page_id=21"},"modified":"2021-04-14T15:05:33","modified_gmt":"2021-04-14T18:05:33","slug":"matriz-curricular-demonstracao","status":"publish","type":"page","link":"https:\/\/curso-wp.ufpel.edu.br\/plugin-cobalto\/matriz-curricular-demonstracao\/","title":{"rendered":"Matriz curricular de curso (exemplo)"},"content":{"rendered":"\n<div class=\"wp-block-buttons is-layout-flex wp-block-buttons-is-layout-flex\">\n<div class=\"wp-block-button is-style-fill\"><a class=\"wp-block-button__link has-white-color has-vivid-red-background-color has-text-color has-background\" href=\"http:\/\/curso-wp.ufpel.edu.br\/plugin-cobalto\/matriz-curricular-de-curso\/\">Acesse o tutorial<\/a><\/div>\n<\/div>\n\n\n\n<h2 class=\"wp-block-heading\">Engenharia de Computa\u00e7\u00e3o<\/h2>\n\n\n<table class=\"dados-cobalto tabela-disciplinas cobalto-tabela-zebrada\"><tr><th colspan=\"5\" class=\"tabela-quebra\">1\u00ba Semestre<\/th><\/tr><tr><th>C\u00f3digo<\/th><th>Disciplina \/ Pr\u00e9-requisitos<\/th><th>Car\u00e1ter<\/th><th>Cr.<\/th><th>Horas<\/th><\/tr><tr><td>22000294<\/td><td><a href=\"https:\/\/institucional.ufpel.edu.br\/disciplinas\/id\/27065\" target=\"_blank\">ALGORITMOS E PROGRAMA\u00c7\u00c3O<\/a><\/td><td>Obrigat\u00f3ria<\/td><td>4<\/td><td>60<\/td><\/tr><tr><td>11100058<\/td><td><a href=\"https:\/\/institucional.ufpel.edu.br\/disciplinas\/id\/30543\" target=\"_blank\">C\u00c1LCULO 1<\/a><\/td><td>Obrigat\u00f3ria<\/td><td>4<\/td><td>60<\/td><\/tr><tr><td>22000225<\/td><td><a href=\"https:\/\/institucional.ufpel.edu.br\/disciplinas\/id\/26996\" target=\"_blank\">INTRODU\u00c7\u00c3O A ENGENHARIA DE COMPUTA\u00c7\u00c3O<\/a><\/td><td>Obrigat\u00f3ria<\/td><td>4<\/td><td>60<\/td><\/tr><tr><td>22000224<\/td><td><a href=\"https:\/\/institucional.ufpel.edu.br\/disciplinas\/id\/26995\" target=\"_blank\">L\u00d3GICA PARA COMPUTA\u00c7\u00c3O<\/a><\/td><td>Obrigat\u00f3ria<\/td><td>4<\/td><td>60<\/td><\/tr><tr><td>22000293<\/td><td><a href=\"https:\/\/institucional.ufpel.edu.br\/disciplinas\/id\/27064\" target=\"_blank\">SISTEMAS DISCRETOS<\/a><\/td><td>Obrigat\u00f3ria<\/td><td>4<\/td><td>60<\/td><\/tr><tr><th colspan=\"5\" class=\"tabela-quebra\">2\u00ba Semestre<\/th><\/tr><tr><th>C\u00f3digo<\/th><th>Disciplina \/ Pr\u00e9-requisitos<\/th><th>Car\u00e1ter<\/th><th>Cr.<\/th><th>Horas<\/th><\/tr><tr><td>11100110<\/td><td><a href=\"https:\/\/institucional.ufpel.edu.br\/disciplinas\/id\/47542\" target=\"_blank\">\u00c1LGEBRA LINEAR E GEOMETRIA ANAL\u00cdTICA<\/a><\/td><td>Obrigat\u00f3ria<\/td><td>6<\/td><td>90<\/td><\/tr><tr><td>11100059<\/td><td><a href=\"https:\/\/institucional.ufpel.edu.br\/disciplinas\/id\/30544\" target=\"_blank\">C\u00c1LCULO 2<\/a><div class=\"tabela-detalhe-info\">11100058 - C\u00c1LCULO 1<\/div><\/td><td>Obrigat\u00f3ria<\/td><td>4<\/td><td>60<\/td><\/tr><tr><td>22000226<\/td><td><a href=\"https:\/\/institucional.ufpel.edu.br\/disciplinas\/id\/26997\" target=\"_blank\">CIRCUITOS DIGITAIS I<\/a><div class=\"tabela-detalhe-info\">22000225 - INTRODU\u00c7\u00c3O A ENGENHARIA DE COMPUTA\u00c7\u00c3O<\/div><\/td><td>Obrigat\u00f3ria<\/td><td>4<\/td><td>60<\/td><\/tr><tr><td>11090032<\/td><td><a href=\"https:\/\/institucional.ufpel.edu.br\/disciplinas\/id\/29918\" target=\"_blank\">F\u00cdSICA B\u00c1SICA I<\/a><\/td><td>Obrigat\u00f3ria<\/td><td>4<\/td><td>60<\/td><\/tr><tr><td>22000296<\/td><td><a href=\"https:\/\/institucional.ufpel.edu.br\/disciplinas\/id\/27067\" target=\"_blank\">PROGRAMA\u00c7\u00c3O DE COMPUTADORES<\/a><div class=\"tabela-detalhe-info\">22000294 - ALGORITMOS E PROGRAMA\u00c7\u00c3O<\/div><\/td><td>Obrigat\u00f3ria<\/td><td>4<\/td><td>60<\/td><\/tr><tr><th colspan=\"5\" class=\"tabela-quebra\">3\u00ba Semestre<\/th><\/tr><tr><th>C\u00f3digo<\/th><th>Disciplina \/ Pr\u00e9-requisitos<\/th><th>Car\u00e1ter<\/th><th>Cr.<\/th><th>Horas<\/th><\/tr><tr><td>22000297<\/td><td><a href=\"https:\/\/institucional.ufpel.edu.br\/disciplinas\/id\/27068\" target=\"_blank\">ALGORITMOS E ESTRUTURAS DE DADOS I<\/a><div class=\"tabela-detalhe-info\">22000296 - PROGRAMA\u00c7\u00c3O DE COMPUTADORES<\/div><\/td><td>Obrigat\u00f3ria<\/td><td>4<\/td><td>60<\/td><\/tr><tr><td>11100060<\/td><td><a href=\"https:\/\/institucional.ufpel.edu.br\/disciplinas\/id\/30545\" target=\"_blank\">C\u00c1LCULO 3<\/a><div class=\"tabela-detalhe-info\">11100059 - C\u00c1LCULO 2<\/div><div class=\"tabela-detalhe-info\">11100110 - \u00c1LGEBRA LINEAR E GEOMETRIA ANAL\u00cdTICA<\/div><\/td><td>Obrigat\u00f3ria<\/td><td>6<\/td><td>90<\/td><\/tr><tr><td>22000238<\/td><td><a href=\"https:\/\/institucional.ufpel.edu.br\/disciplinas\/id\/27009\" target=\"_blank\">CIRCUITOS DIGITAIS II<\/a><div class=\"tabela-detalhe-info\">22000226 - CIRCUITOS DIGITAIS I<\/div><\/td><td>Obrigat\u00f3ria<\/td><td>4<\/td><td>60<\/td><\/tr><tr><td>06730016<\/td><td><a href=\"https:\/\/institucional.ufpel.edu.br\/disciplinas\/id\/29597\" target=\"_blank\">EPISTEMOLOGIA<\/a><\/td><td>Obrigat\u00f3ria<\/td><td>2<\/td><td>30<\/td><\/tr><tr><td>11090033<\/td><td><a href=\"https:\/\/institucional.ufpel.edu.br\/disciplinas\/id\/29919\" target=\"_blank\">F\u00cdSICA B\u00c1SICA II<\/a><div class=\"tabela-detalhe-info\">11090032 - F\u00cdSICA B\u00c1SICA I<\/div><\/td><td>Obrigat\u00f3ria<\/td><td>4<\/td><td>60<\/td><\/tr><tr><td>22000197<\/td><td><a href=\"https:\/\/institucional.ufpel.edu.br\/disciplinas\/id\/26968\" target=\"_blank\">LINGUAGENS FORMAIS<\/a><div class=\"tabela-detalhe-info\">22000293 - SISTEMAS DISCRETOS<\/div><\/td><td>Obrigat\u00f3ria<\/td><td>4<\/td><td>60<\/td><\/tr><tr><th colspan=\"5\" class=\"tabela-quebra\">4\u00ba Semestre<\/th><\/tr><tr><th>C\u00f3digo<\/th><th>Disciplina \/ Pr\u00e9-requisitos<\/th><th>Car\u00e1ter<\/th><th>Cr.<\/th><th>Horas<\/th><\/tr><tr><td>22000299<\/td><td><a href=\"https:\/\/institucional.ufpel.edu.br\/disciplinas\/id\/27070\" target=\"_blank\">ALGORITMOS E ESTRUTURAS DE DADOS II<\/a><div class=\"tabela-detalhe-info\">22000297 - ALGORITMOS E ESTRUTURAS DE DADOS I<\/div><\/td><td>Obrigat\u00f3ria<\/td><td>4<\/td><td>60<\/td><\/tr><tr><td>22000236<\/td><td><a href=\"https:\/\/institucional.ufpel.edu.br\/disciplinas\/id\/27007\" target=\"_blank\">AN\u00c1LISE DE CIRCUITOS I<\/a><\/td><td>Obrigat\u00f3ria<\/td><td>4<\/td><td>60<\/td><\/tr><tr><td>22000181<\/td><td><a href=\"https:\/\/institucional.ufpel.edu.br\/disciplinas\/id\/26952\" target=\"_blank\">ARQUITETURA E ORGANIZA\u00c7\u00c3O DE COMPUTADORES I<\/a><div class=\"tabela-detalhe-info\">22000238 - CIRCUITOS DIGITAIS II<\/div><\/td><td>Obrigat\u00f3ria<\/td><td>4<\/td><td>60<\/td><\/tr><tr><td>11100050<\/td><td><a href=\"https:\/\/institucional.ufpel.edu.br\/disciplinas\/id\/30535\" target=\"_blank\">EQUA\u00c7\u00d5ES DIFERENCIAIS<\/a><div class=\"tabela-detalhe-info\">11100060 - C\u00c1LCULO 3<\/div><\/td><td>Obrigat\u00f3ria<\/td><td>4<\/td><td>60<\/td><\/tr><tr><td>11090034<\/td><td><a href=\"https:\/\/institucional.ufpel.edu.br\/disciplinas\/id\/29920\" target=\"_blank\">F\u00cdSICA B\u00c1SICA III<\/a><div class=\"tabela-detalhe-info\">11090033 - F\u00cdSICA B\u00c1SICA II<\/div><\/td><td>Obrigat\u00f3ria<\/td><td>4<\/td><td>60<\/td><\/tr><tr><td>22000201<\/td><td><a href=\"https:\/\/institucional.ufpel.edu.br\/disciplinas\/id\/26972\" target=\"_blank\">PROGRAMA\u00c7\u00c3O ORIENTADA A OBJETOS<\/a><div class=\"tabela-detalhe-info\">22000296 - PROGRAMA\u00c7\u00c3O DE COMPUTADORES<\/div><\/td><td>Obrigat\u00f3ria<\/td><td>4<\/td><td>60<\/td><\/tr><tr><th colspan=\"5\" class=\"tabela-quebra\">5\u00ba Semestre<\/th><\/tr><tr><th>C\u00f3digo<\/th><th>Disciplina \/ Pr\u00e9-requisitos<\/th><th>Car\u00e1ter<\/th><th>Cr.<\/th><th>Horas<\/th><\/tr><tr><td>22000182<\/td><td><a href=\"https:\/\/institucional.ufpel.edu.br\/disciplinas\/id\/26953\" target=\"_blank\">ARQUITETURA E ORGANIZA\u00c7\u00c3O DE COMPUTADORES II<\/a><div class=\"tabela-detalhe-info\">22000181 - ARQUITETURA E ORGANIZA\u00c7\u00c3O DE COMPUTADORES I<\/div><\/td><td>Obrigat\u00f3ria<\/td><td>4<\/td><td>60<\/td><\/tr><tr><td>22000230<\/td><td><a href=\"https:\/\/institucional.ufpel.edu.br\/disciplinas\/id\/27001\" target=\"_blank\">ELETR\u00d4NICA B\u00c1SICA I<\/a><div class=\"tabela-detalhe-info\">22000236 - AN\u00c1LISE DE CIRCUITOS I<\/div><\/td><td>Obrigat\u00f3ria<\/td><td>4<\/td><td>60<\/td><\/tr><tr><td>22000298<\/td><td><a href=\"https:\/\/institucional.ufpel.edu.br\/disciplinas\/id\/27069\" target=\"_blank\">ESTAT\u00cdSTICA B\u00c1SICA PARA COMPUTA\u00c7\u00c3O<\/a><div class=\"tabela-detalhe-info\">11100059 - C\u00c1LCULO 2<\/div><\/td><td>Obrigat\u00f3ria<\/td><td>4<\/td><td>60<\/td><\/tr><tr><td>22000199<\/td><td><a href=\"https:\/\/institucional.ufpel.edu.br\/disciplinas\/id\/26970\" target=\"_blank\">METODOLOGIA CIENT\u00cdFICA PARA COMPUTA\u00c7\u00c3O<\/a><div class=\"tabela-detalhe-info\">06730016 - EPISTEMOLOGIA<\/div><\/td><td>Obrigat\u00f3ria<\/td><td>4<\/td><td>60<\/td><\/tr><tr><td>22000237<\/td><td><a href=\"https:\/\/institucional.ufpel.edu.br\/disciplinas\/id\/27008\" target=\"_blank\">PROGRAMA\u00c7\u00c3O DE SISTEMAS<\/a><div class=\"tabela-detalhe-info\">22000181 - ARQUITETURA E ORGANIZA\u00c7\u00c3O DE COMPUTADORES I<\/div><div class=\"tabela-detalhe-info\">22000296 - PROGRAMA\u00c7\u00c3O DE COMPUTADORES<\/div><\/td><td>Obrigat\u00f3ria<\/td><td>4<\/td><td>60<\/td><\/tr><tr><td>22000205<\/td><td><a href=\"https:\/\/institucional.ufpel.edu.br\/disciplinas\/id\/26976\" target=\"_blank\">TEORIA DA COMPUTA\u00c7\u00c3O<\/a><div class=\"tabela-detalhe-info\">22000197 - LINGUAGENS FORMAIS<\/div><\/td><td>Obrigat\u00f3ria<\/td><td>4<\/td><td>60<\/td><\/tr><tr><th colspan=\"5\" class=\"tabela-quebra\">6\u00ba Semestre<\/th><\/tr><tr><th>C\u00f3digo<\/th><th>Disciplina \/ Pr\u00e9-requisitos<\/th><th>Car\u00e1ter<\/th><th>Cr.<\/th><th>Horas<\/th><\/tr><tr><td>22000267<\/td><td><a href=\"https:\/\/institucional.ufpel.edu.br\/disciplinas\/id\/27038\" target=\"_blank\">AN\u00c1LISE DE CIRCUITOS II<\/a><div class=\"tabela-detalhe-info\">22000236 - AN\u00c1LISE DE CIRCUITOS I<\/div><\/td><td>Obrigat\u00f3ria<\/td><td>4<\/td><td>60<\/td><\/tr><tr><td>22000268<\/td><td><a href=\"https:\/\/institucional.ufpel.edu.br\/disciplinas\/id\/27039\" target=\"_blank\">C\u00c1LCULO NUM\u00c9RICO COMPUTACIONAL<\/a><div class=\"tabela-detalhe-info\">11100059 - C\u00c1LCULO 2<\/div><div class=\"tabela-detalhe-info\">22000296 - PROGRAMA\u00c7\u00c3O DE COMPUTADORES<\/div><\/td><td>Obrigat\u00f3ria<\/td><td>4<\/td><td>60<\/td><\/tr><tr><td>22000186<\/td><td><a href=\"https:\/\/institucional.ufpel.edu.br\/disciplinas\/id\/26957\" target=\"_blank\">COMPUTA\u00c7\u00c3O E SOCIEDADE<\/a><\/td><td>Obrigat\u00f3ria<\/td><td>4<\/td><td>60<\/td><\/tr><tr><td>22000269<\/td><td><a href=\"https:\/\/institucional.ufpel.edu.br\/disciplinas\/id\/27040\" target=\"_blank\">SISTEMAS DIGITAIS AVAN\u00c7ADOS<\/a><div class=\"tabela-detalhe-info\">22000238 - CIRCUITOS DIGITAIS II<\/div><\/td><td>Obrigat\u00f3ria<\/td><td>4<\/td><td>60<\/td><\/tr><tr><td>22000270<\/td><td><a href=\"https:\/\/institucional.ufpel.edu.br\/disciplinas\/id\/27041\" target=\"_blank\">SISTEMAS OPERACIONAIS<\/a><div class=\"tabela-detalhe-info\">22000182 - ARQUITETURA E ORGANIZA\u00c7\u00c3O DE COMPUTADORES II<\/div><div class=\"tabela-detalhe-info\">22000297 - ALGORITMOS E ESTRUTURAS DE DADOS I<\/div><\/td><td>Obrigat\u00f3ria<\/td><td>4<\/td><td>60<\/td><\/tr><tr><th colspan=\"5\" class=\"tabela-quebra\">7\u00ba Semestre<\/th><\/tr><tr><th>C\u00f3digo<\/th><th>Disciplina \/ Pr\u00e9-requisitos<\/th><th>Car\u00e1ter<\/th><th>Cr.<\/th><th>Horas<\/th><\/tr><tr><td>22000240<\/td><td><a href=\"https:\/\/institucional.ufpel.edu.br\/disciplinas\/id\/27011\" target=\"_blank\">CONCEP\u00c7\u00c3O DE CIRCUITOS INTEGRADOS<\/a><div class=\"tabela-detalhe-info\">22000238 - CIRCUITOS DIGITAIS II<\/div><\/td><td>Obrigat\u00f3ria<\/td><td>4<\/td><td>60<\/td><\/tr><tr><td>22000271<\/td><td><a href=\"https:\/\/institucional.ufpel.edu.br\/disciplinas\/id\/27042\" target=\"_blank\">ELETR\u00d4NICA B\u00c1SICA II<\/a><div class=\"tabela-detalhe-info\">22000230 - ELETR\u00d4NICA B\u00c1SICA I<\/div><\/td><td>Obrigat\u00f3ria<\/td><td>4<\/td><td>60<\/td><\/tr><tr><td>22000273<\/td><td><a href=\"https:\/\/institucional.ufpel.edu.br\/disciplinas\/id\/27044\" target=\"_blank\">REDES DE COMPUTADORES<\/a><div class=\"tabela-detalhe-info\">22000270 - SISTEMAS OPERACIONAIS<\/div><\/td><td>Obrigat\u00f3ria<\/td><td>4<\/td><td>60<\/td><\/tr><tr><td>22000178<\/td><td><a href=\"https:\/\/institucional.ufpel.edu.br\/disciplinas\/id\/26949\" target=\"_blank\">SISTEMAS E SINAIS<\/a><div class=\"tabela-detalhe-info\">11100050 - EQUA\u00c7\u00d5ES DIFERENCIAIS<\/div><\/td><td>Obrigat\u00f3ria<\/td><td>6<\/td><td>90<\/td><\/tr><tr><th colspan=\"5\" class=\"tabela-quebra\">8\u00ba Semestre<\/th><\/tr><tr><th>C\u00f3digo<\/th><th>Disciplina \/ Pr\u00e9-requisitos<\/th><th>Car\u00e1ter<\/th><th>Cr.<\/th><th>Horas<\/th><\/tr><tr><td>22000189<\/td><td><a href=\"https:\/\/institucional.ufpel.edu.br\/disciplinas\/id\/26960\" target=\"_blank\">ENGENHARIA DE SOFTWARE I<\/a><div class=\"tabela-detalhe-info\">22000201 - PROGRAMA\u00c7\u00c3O ORIENTADA A OBJETOS<\/div><\/td><td>Obrigat\u00f3ria<\/td><td>4<\/td><td>60<\/td><\/tr><tr><td>22000272<\/td><td><a href=\"https:\/\/institucional.ufpel.edu.br\/disciplinas\/id\/27043\" target=\"_blank\">INTROD PROCESSAMENTO PARALELO E DISTRIBU\u00cdDO <\/a><div class=\"tabela-detalhe-info\">22000270 - SISTEMAS OPERACIONAIS<\/div><\/td><td>Obrigat\u00f3ria<\/td><td>4<\/td><td>60<\/td><\/tr><tr><td>22000303<\/td><td><a href=\"https:\/\/institucional.ufpel.edu.br\/disciplinas\/id\/27074\" target=\"_blank\">PROJETO DE COMPILADORES<\/a><div class=\"tabela-detalhe-info\">22000197 - LINGUAGENS FORMAIS<\/div><\/td><td>Obrigat\u00f3ria<\/td><td>4<\/td><td>60<\/td><\/tr><tr><th colspan=\"5\" class=\"tabela-quebra\">9\u00ba Semestre<\/th><\/tr><tr><th>C\u00f3digo<\/th><th>Disciplina \/ Pr\u00e9-requisitos<\/th><th>Car\u00e1ter<\/th><th>Cr.<\/th><th>Horas<\/th><\/tr><tr><td>22000274<\/td><td><a href=\"https:\/\/institucional.ufpel.edu.br\/disciplinas\/id\/27045\" target=\"_blank\">PRINC\u00cdPIOS DE COMUNICA\u00c7\u00c3O<\/a><div class=\"tabela-detalhe-info\">11090034 - F\u00cdSICA B\u00c1SICA III<\/div><div class=\"tabela-detalhe-info\">22000178 - SISTEMAS E SINAIS<\/div><\/td><td>Obrigat\u00f3ria<\/td><td>4<\/td><td>60<\/td><\/tr><tr><td>22000305<\/td><td><a href=\"https:\/\/institucional.ufpel.edu.br\/disciplinas\/id\/27076\" target=\"_blank\">TRABALHO DE CONCLUS\u00c3O DE CURSO I<\/a><div class=\"tabela-detalhe-info\">22000199 - METODOLOGIA CIENT\u00cdFICA PARA COMPUTA\u00c7\u00c3O<\/div><\/td><td>Obrigat\u00f3ria<\/td><td>8<\/td><td>120<\/td><\/tr><tr><th colspan=\"5\" class=\"tabela-quebra\">10\u00ba Semestre<\/th><\/tr><tr><th>C\u00f3digo<\/th><th>Disciplina \/ Pr\u00e9-requisitos<\/th><th>Car\u00e1ter<\/th><th>Cr.<\/th><th>Horas<\/th><\/tr><tr><td>22000275<\/td><td><a href=\"https:\/\/institucional.ufpel.edu.br\/disciplinas\/id\/27046\" target=\"_blank\">SISTEMAS DE CONTROLE<\/a><div class=\"tabela-detalhe-info\">22000178 - SISTEMAS E SINAIS<\/div><\/td><td>Obrigat\u00f3ria<\/td><td>4<\/td><td>60<\/td><\/tr><tr><td>22000306<\/td><td><a href=\"https:\/\/institucional.ufpel.edu.br\/disciplinas\/id\/27077\" target=\"_blank\">TRABALHO DE CONCLUS\u00c3O DE CURSO II<\/a><div class=\"tabela-detalhe-info\">22000305 - TRABALHO DE CONCLUS\u00c3O DE CURSO I<\/div><\/td><td>Obrigat\u00f3ria<\/td><td>8<\/td><td>120<\/td><\/tr><tr><th colspan=\"5\" class=\"tabela-quebra\">COMPLEMENTARES<\/th><\/tr><tr><th>C\u00f3digo<\/th><th>Disciplina \/ Pr\u00e9-requisitos<\/th><th>Car\u00e1ter<\/th><th>Cr.<\/th><th>Horas<\/th><\/tr><tr><td>22000575<\/td><td><a href=\"https:\/\/institucional.ufpel.edu.br\/disciplinas\/id\/46590\" target=\"_blank\">ATIVIDADES COMPLEMENTARES<\/a><\/td><td>Atividade complementar<\/td><td>21<\/td><td>315<\/td><\/tr><tr><th colspan=\"5\" class=\"tabela-quebra\">OPTATIVAS<\/th><\/tr><tr><th>C\u00f3digo<\/th><th>Disciplina \/ Pr\u00e9-requisitos<\/th><th>Car\u00e1ter<\/th><th>Cr.<\/th><th>Horas<\/th><\/tr><tr><td>22000300<\/td><td><a href=\"https:\/\/institucional.ufpel.edu.br\/disciplinas\/id\/27071\" target=\"_blank\">ALGORITMOS E ESTRUTURAS DE DADOS III<\/a><\/td><td>Optativa<\/td><td>4<\/td><td>60<\/td><\/tr><tr><td>22000276<\/td><td><a href=\"https:\/\/institucional.ufpel.edu.br\/disciplinas\/id\/27047\" target=\"_blank\">AN\u00c1LISE DE CIRCUITOS III<\/a><\/td><td>Optativa<\/td><td>4<\/td><td>60<\/td><\/tr><tr><td>22000308<\/td><td><a href=\"https:\/\/institucional.ufpel.edu.br\/disciplinas\/id\/27079\" target=\"_blank\">ARQUITETURA E ORGANIZA\u00c7\u00c3O COMPUT. AVAN\u00c7ADOS<\/a><\/td><td>Optativa<\/td><td>4<\/td><td>60<\/td><\/tr><tr><td>22000310<\/td><td><a href=\"https:\/\/institucional.ufpel.edu.br\/disciplinas\/id\/27081\" target=\"_blank\">AVALIA\u00c7\u00c3O DE DESEMPENHO DE SISTEMAS<\/a><\/td><td>Optativa<\/td><td>4<\/td><td>60<\/td><\/tr><tr><td>22000277<\/td><td><a href=\"https:\/\/institucional.ufpel.edu.br\/disciplinas\/id\/27048\" target=\"_blank\">CIRCUITOS INTEGRADOS ANAL\u00d3GICOS<\/a><\/td><td>Optativa<\/td><td>4<\/td><td>60<\/td><\/tr><tr><td>22000313<\/td><td><a href=\"https:\/\/institucional.ufpel.edu.br\/disciplinas\/id\/27084\" target=\"_blank\">COMPILADORES AVAN\u00c7ADO<\/a><\/td><td>Optativa<\/td><td>4<\/td><td>60<\/td><\/tr><tr><td>22000315<\/td><td><a href=\"https:\/\/institucional.ufpel.edu.br\/disciplinas\/id\/27086\" target=\"_blank\">COMPUTA\u00c7\u00c3O FLEX\u00cdVEL<\/a><\/td><td>Optativa<\/td><td>4<\/td><td>60<\/td><\/tr><tr><td>22000188<\/td><td><a href=\"https:\/\/institucional.ufpel.edu.br\/disciplinas\/id\/26959\" target=\"_blank\">CONCEITOS DE LINGUAGENS DE PROGRAMA\u00c7\u00c3O<\/a><\/td><td>Optativa<\/td><td>4<\/td><td>60<\/td><\/tr><tr><td>08970093<\/td><td><a href=\"https:\/\/institucional.ufpel.edu.br\/disciplinas\/id\/28776\" target=\"_blank\">EMPREENDEDORISMO<\/a><\/td><td>Optativa<\/td><td>2<\/td><td>30<\/td><\/tr><tr><td>22000286<\/td><td><a href=\"https:\/\/institucional.ufpel.edu.br\/disciplinas\/id\/27057\" target=\"_blank\">ERGONOMIA E SEGURAN\u00c7A DO TRABALHO<\/a><\/td><td>Optativa<\/td><td>2<\/td><td>30<\/td><\/tr><tr><td>22000317<\/td><td><a href=\"https:\/\/institucional.ufpel.edu.br\/disciplinas\/id\/27088\" target=\"_blank\">ESPECIFICA\u00c7\u00c3O E VERIFICA\u00c7\u00c3O DE SISTEMAS<\/a><\/td><td>Optativa<\/td><td>4<\/td><td>60<\/td><\/tr><tr><td>22000278<\/td><td><a href=\"https:\/\/institucional.ufpel.edu.br\/disciplinas\/id\/27049\" target=\"_blank\">FERRAMENTAS DE CAD<\/a><\/td><td>Optativa<\/td><td>4<\/td><td>60<\/td><\/tr><tr><td>11090036<\/td><td><a href=\"https:\/\/institucional.ufpel.edu.br\/disciplinas\/id\/29922\" target=\"_blank\">F\u00cdSICA B\u00c1SICA EXPERIMENTAL I<\/a><\/td><td>Optativa<\/td><td>2<\/td><td>30<\/td><\/tr><tr><td>11090038<\/td><td><a href=\"https:\/\/institucional.ufpel.edu.br\/disciplinas\/id\/29924\" target=\"_blank\">F\u00cdSICA B\u00c1SICA EXPERIMENTAL II<\/a><\/td><td>Optativa<\/td><td>2<\/td><td>30<\/td><\/tr><tr><td>11090035<\/td><td><a href=\"https:\/\/institucional.ufpel.edu.br\/disciplinas\/id\/29921\" target=\"_blank\">F\u00cdSICA B\u00c1SICA IV<\/a><\/td><td>Optativa<\/td><td>4<\/td><td>60<\/td><\/tr><tr><td>22000301<\/td><td><a href=\"https:\/\/institucional.ufpel.edu.br\/disciplinas\/id\/27072\" target=\"_blank\">FUNDAMENTOS DE INTELIG\u00caNCIA ARTIFICIAL<\/a><\/td><td>Optativa<\/td><td>4<\/td><td>60<\/td><\/tr><tr><td>22000193<\/td><td><a href=\"https:\/\/institucional.ufpel.edu.br\/disciplinas\/id\/26964\" target=\"_blank\">GER\u00caNCIA DE PROJETOS<\/a><\/td><td>Optativa<\/td><td>4<\/td><td>60<\/td><\/tr><tr><td>22000260<\/td><td><a href=\"https:\/\/institucional.ufpel.edu.br\/disciplinas\/id\/27031\" target=\"_blank\">INFORM\u00c1TICA INDUSTRIAL<\/a><\/td><td>Optativa<\/td><td>4<\/td><td>60<\/td><\/tr><tr><td>22000312<\/td><td><a href=\"https:\/\/institucional.ufpel.edu.br\/disciplinas\/id\/27083\" target=\"_blank\">INTELIG\u00caNCIA ARTIFICIAL AVAN\u00c7ADA<\/a><\/td><td>Optativa<\/td><td>4<\/td><td>60<\/td><\/tr><tr><td>22000241<\/td><td><a href=\"https:\/\/institucional.ufpel.edu.br\/disciplinas\/id\/27012\" target=\"_blank\">INTERA\u00c7\u00c3O HUMANO-COMPUTADOR<\/a><\/td><td>Optativa<\/td><td>4<\/td><td>60<\/td><\/tr><tr><td>20000262<\/td><td><a href=\"https:\/\/institucional.ufpel.edu.br\/disciplinas\/id\/28204\" target=\"_blank\">LEITURA E PRODU\u00c7\u00c3O DE TEXTOS <\/a><\/td><td>Optativa<\/td><td>4<\/td><td>60<\/td><\/tr><tr><td>20000084<\/td><td><a href=\"https:\/\/institucional.ufpel.edu.br\/disciplinas\/id\/28026\" target=\"_blank\">L\u00cdNGUA BRASILEIRA DE SINAIS I ( LIBRAS I )<\/a><\/td><td>Optativa<\/td><td>4<\/td><td>60<\/td><\/tr><tr><td>22000279<\/td><td><a href=\"https:\/\/institucional.ufpel.edu.br\/disciplinas\/id\/27050\" target=\"_blank\">MICROCONTROLADORES<\/a><\/td><td>Optativa<\/td><td>4<\/td><td>60<\/td><\/tr><tr><td>22000255<\/td><td><a href=\"https:\/\/institucional.ufpel.edu.br\/disciplinas\/id\/27026\" target=\"_blank\">PROCESSAMENTO DIGITAL DE IMAGENS<\/a><\/td><td>Optativa<\/td><td>4<\/td><td>60<\/td><\/tr><tr><td>22000280<\/td><td><a href=\"https:\/\/institucional.ufpel.edu.br\/disciplinas\/id\/27051\" target=\"_blank\">PROCESSAMENTO DIGITAL DE SINAIS<\/a><\/td><td>Optativa<\/td><td>4<\/td><td>60<\/td><\/tr><tr><td>22000302<\/td><td><a href=\"https:\/\/institucional.ufpel.edu.br\/disciplinas\/id\/27073\" target=\"_blank\">PROJETO DE BANCO DE DADOS<\/a><\/td><td>Optativa<\/td><td>4<\/td><td>60<\/td><\/tr><tr><td>22000281<\/td><td><a href=\"https:\/\/institucional.ufpel.edu.br\/disciplinas\/id\/27052\" target=\"_blank\">PROJETO DE SISTEMAS INTEGRADOS MISTOS<\/a><\/td><td>Optativa<\/td><td>4<\/td><td>60<\/td><\/tr><tr><td>22000319<\/td><td><a href=\"https:\/\/institucional.ufpel.edu.br\/disciplinas\/id\/27090\" target=\"_blank\">PROJETOS EM COMPUTA\u00c7\u00c3O I<\/a><\/td><td>Optativa<\/td><td>4<\/td><td>60<\/td><\/tr><tr><td>22000254<\/td><td><a href=\"https:\/\/institucional.ufpel.edu.br\/disciplinas\/id\/27025\" target=\"_blank\">PROJETOS EM COMPUTA\u00c7\u00c3O II<\/a><\/td><td>Optativa<\/td><td>4<\/td><td>60<\/td><\/tr><tr><td>22000264<\/td><td><a href=\"https:\/\/institucional.ufpel.edu.br\/disciplinas\/id\/27035\" target=\"_blank\">PROJETOS EM COMPUTA\u00c7\u00c3O III<\/a><\/td><td>Optativa<\/td><td>4<\/td><td>60<\/td><\/tr><tr><td>22000210<\/td><td><a href=\"https:\/\/institucional.ufpel.edu.br\/disciplinas\/id\/26981\" target=\"_blank\">PROJETOS EM COMPUTA\u00c7\u00c3O IV<\/a><\/td><td>Optativa<\/td><td>4<\/td><td>60<\/td><\/tr><tr><td>22000282<\/td><td><a href=\"https:\/\/institucional.ufpel.edu.br\/disciplinas\/id\/27053\" target=\"_blank\">ROB\u00d3TICA<\/a><\/td><td>Optativa<\/td><td>4<\/td><td>60<\/td><\/tr><tr><td>22000311<\/td><td><a href=\"https:\/\/institucional.ufpel.edu.br\/disciplinas\/id\/27082\" target=\"_blank\">SEGURAN\u00c7A DE COMPUTADORES<\/a><\/td><td>Optativa<\/td><td>4<\/td><td>60<\/td><\/tr><tr><td>22000283<\/td><td><a href=\"https:\/\/institucional.ufpel.edu.br\/disciplinas\/id\/27054\" target=\"_blank\">SISTEMAS DE TEMPO REAL<\/a><\/td><td>Optativa<\/td><td>4<\/td><td>60<\/td><\/tr><tr><td>22000318<\/td><td><a href=\"https:\/\/institucional.ufpel.edu.br\/disciplinas\/id\/27089\" target=\"_blank\">SISTEMAS DISTRIBU\u00cdDOS E UB\u00cdQUOS<\/a><\/td><td>Optativa<\/td><td>4<\/td><td>60<\/td><\/tr><tr><td>22000231<\/td><td><a href=\"https:\/\/institucional.ufpel.edu.br\/disciplinas\/id\/27002\" target=\"_blank\">SISTEMAS EMBARCADOS<\/a><\/td><td>Optativa<\/td><td>4<\/td><td>60<\/td><\/tr><tr><td>06560017<\/td><td><a href=\"https:\/\/institucional.ufpel.edu.br\/disciplinas\/id\/30981\" target=\"_blank\">SOCIOLOGIA<\/a><\/td><td>Optativa<\/td><td>2<\/td><td>30<\/td><\/tr><tr><td>22000242<\/td><td><a href=\"https:\/\/institucional.ufpel.edu.br\/disciplinas\/id\/27013\" target=\"_blank\">T\u00d3PICOS ESPECIAIS EM COMPUTA\u00c7\u00c3O I<\/a><\/td><td>Optativa<\/td><td>2<\/td><td>30<\/td><\/tr><tr><td>22000227<\/td><td><a href=\"https:\/\/institucional.ufpel.edu.br\/disciplinas\/id\/26998\" target=\"_blank\">T\u00d3PICOS ESPECIAIS EM COMPUTA\u00c7\u00c3O II<\/a><\/td><td>Optativa<\/td><td>4<\/td><td>60<\/td><\/tr><tr><td>22000228<\/td><td><a href=\"https:\/\/institucional.ufpel.edu.br\/disciplinas\/id\/26999\" target=\"_blank\">T\u00d3PICOS ESPECIAIS EM COMPUTA\u00c7\u00c3O III<\/a><\/td><td>Optativa<\/td><td>2<\/td><td>30<\/td><\/tr><tr><td>22000229<\/td><td><a href=\"https:\/\/institucional.ufpel.edu.br\/disciplinas\/id\/27000\" target=\"_blank\">T\u00d3PICOS ESPECIAIS EM COMPUTA\u00c7\u00c3O IV<\/a><\/td><td>Optativa<\/td><td>4<\/td><td>60<\/td><\/tr><tr><th colspan=\"5\" class=\"tabela-quebra\">99<\/th><\/tr><tr><th>C\u00f3digo<\/th><th>Disciplina \/ Pr\u00e9-requisitos<\/th><th>Car\u00e1ter<\/th><th>Cr.<\/th><th>Horas<\/th><\/tr><tr><td>22000350<\/td><td><a href=\"https:\/\/institucional.ufpel.edu.br\/disciplinas\/id\/35202\" target=\"_blank\">T\u00d3PICOS ESPECIAIS EM COMPUTA\u00c7\u00c3O IX<\/a><\/td><td>Optativa<\/td><td>4<\/td><td>60<\/td><\/tr><tr><td>22000346<\/td><td><a href=\"https:\/\/institucional.ufpel.edu.br\/disciplinas\/id\/35198\" target=\"_blank\">T\u00d3PICOS ESPECIAIS EM COMPUTA\u00c7\u00c3O V<\/a><\/td><td>Optativa<\/td><td>2<\/td><td>30<\/td><\/tr><tr><td>22000347<\/td><td><a href=\"https:\/\/institucional.ufpel.edu.br\/disciplinas\/id\/35199\" target=\"_blank\">T\u00d3PICOS ESPECIAIS EM COMPUTA\u00c7\u00c3O VI<\/a><\/td><td>Optativa<\/td><td>2<\/td><td>30<\/td><\/tr><tr><td>22000348<\/td><td><a href=\"https:\/\/institucional.ufpel.edu.br\/disciplinas\/id\/35200\" target=\"_blank\">T\u00d3PICOS ESPECIAIS EM COMPUTA\u00c7\u00c3O VII<\/a><\/td><td>Optativa<\/td><td>4<\/td><td>60<\/td><\/tr><tr><td>22000349<\/td><td><a href=\"https:\/\/institucional.ufpel.edu.br\/disciplinas\/id\/35201\" target=\"_blank\">T\u00d3PICOS ESPECIAIS EM COMPUTA\u00c7\u00c3O VIII<\/a><\/td><td>Optativa<\/td><td>4<\/td><td>60<\/td><\/tr><tr><td>22000351<\/td><td><a href=\"https:\/\/institucional.ufpel.edu.br\/disciplinas\/id\/35203\" target=\"_blank\">T\u00d3PICOS ESPECIAIS EM COMPUTA\u00c7\u00c3O X<\/a><\/td><td>Optativa<\/td><td>4<\/td><td>60<\/td><\/tr><\/table>\n","protected":false},"excerpt":{"rendered":"<p>Engenharia de Computa\u00e7\u00e3o<\/p>\n","protected":false},"author":34,"featured_media":0,"parent":0,"menu_order":0,"comment_status":"closed","ping_status":"closed","template":"","meta":{"footnotes":""},"class_list":["post-21","page","type-page","status-publish","hentry"],"_links":{"self":[{"href":"https:\/\/curso-wp.ufpel.edu.br\/plugin-cobalto\/wp-json\/wp\/v2\/pages\/21","targetHints":{"allow":["GET"]}}],"collection":[{"href":"https:\/\/curso-wp.ufpel.edu.br\/plugin-cobalto\/wp-json\/wp\/v2\/pages"}],"about":[{"href":"https:\/\/curso-wp.ufpel.edu.br\/plugin-cobalto\/wp-json\/wp\/v2\/types\/page"}],"author":[{"embeddable":true,"href":"https:\/\/curso-wp.ufpel.edu.br\/plugin-cobalto\/wp-json\/wp\/v2\/users\/34"}],"replies":[{"embeddable":true,"href":"https:\/\/curso-wp.ufpel.edu.br\/plugin-cobalto\/wp-json\/wp\/v2\/comments?post=21"}],"version-history":[{"count":3,"href":"https:\/\/curso-wp.ufpel.edu.br\/plugin-cobalto\/wp-json\/wp\/v2\/pages\/21\/revisions"}],"predecessor-version":[{"id":302,"href":"https:\/\/curso-wp.ufpel.edu.br\/plugin-cobalto\/wp-json\/wp\/v2\/pages\/21\/revisions\/302"}],"wp:attachment":[{"href":"https:\/\/curso-wp.ufpel.edu.br\/plugin-cobalto\/wp-json\/wp\/v2\/media?parent=21"}],"curies":[{"name":"wp","href":"https:\/\/api.w.org\/{rel}","templated":true}]}}