{"id":213,"date":"2019-10-16T11:48:54","date_gmt":"2019-10-16T14:48:54","guid":{"rendered":"https:\/\/wp-test.ufpel.edu.br\/plugin-cobalto\/?page_id=213"},"modified":"2022-06-24T15:07:06","modified_gmt":"2022-06-24T18:07:06","slug":"proximos-eventos","status":"publish","type":"page","link":"https:\/\/curso-wp.ufpel.edu.br\/plugin-cobalto\/proximos-eventos\/","title":{"rendered":"Pr\u00f3ximos eventos"},"content":{"rendered":"\n<p>Veja abaixo como listar os pr\u00f3ximos eventos do Calend\u00e1rio Acad\u00eamico, ou de uma agenda p\u00fablica do COBALTO:<\/p>\n\n\n\n<figure class=\"wp-block-video\"><video controls src=\"http:\/\/curso-wp.ufpel.edu.br\/plugin-cobalto\/wp-content\/uploads\/sites\/187\/2019\/10\/eventos.mp4\"><\/video><\/figure>\n\n\n\n<p>O shortcode utilizado neste exemplo \u00e9:<\/p>\n\n\n\n<pre class=\"wp-block-code\"><code>&#91;cobalto-eventos]<\/code><\/pre>\n\n\n\n<p>Sem nenhum par\u00e2metro, este comando lista os pr\u00f3ximos quatro eventos do Calend\u00e1rio Acad\u00eamico, a partir da data atual.<\/p>\n\n\n\n<p>\u00c9 poss\u00edvel listar um n\u00famero diferente de eventos, de outras <a href=\"http:\/\/curso-wp.ufpel.edu.br\/plugin-cobalto\/agendas-publicas\/\">agendas p\u00fablicas<\/a> e com diferentes op\u00e7\u00f5es de layout.<\/p>\n\n\n\n<p><a href=\"http:\/\/curso-wp.ufpel.edu.br\/plugin-cobalto\/proximos-eventos-exemplo\/\">Veja aqui<\/a> a p\u00e1gina com mais exemplos e exibi\u00e7\u00e3o do conte\u00fado em tempo real.<\/p>\n\n\n\n<p>Para ver todas as op\u00e7\u00f5es dispon\u00edveis, consulte a <a href=\"http:\/\/curso-wp.ufpel.edu.br\/plugin-cobalto\/documentacao\/#eventos\">documenta\u00e7\u00e3o do plugin COBALTO.<\/a><\/p>\n","protected":false},"excerpt":{"rendered":"<p>Veja abaixo como listar os pr\u00f3ximos eventos do Calend\u00e1rio Acad\u00eamico, ou de uma agenda p\u00fablica do COBALTO: O shortcode utilizado neste exemplo \u00e9: Sem nenhum par\u00e2metro, este comando lista os pr\u00f3ximos quatro eventos do Calend\u00e1rio Acad\u00eamico, a partir da data atual. \u00c9 poss\u00edvel listar um n\u00famero diferente de eventos, de outras agendas p\u00fablicas e com [&hellip;]<\/p>\n","protected":false},"author":34,"featured_media":0,"parent":0,"menu_order":0,"comment_status":"closed","ping_status":"closed","template":"","meta":{"footnotes":""},"class_list":["post-213","page","type-page","status-publish","hentry"],"_links":{"self":[{"href":"https:\/\/curso-wp.ufpel.edu.br\/plugin-cobalto\/wp-json\/wp\/v2\/pages\/213","targetHints":{"allow":["GET"]}}],"collection":[{"href":"https:\/\/curso-wp.ufpel.edu.br\/plugin-cobalto\/wp-json\/wp\/v2\/pages"}],"about":[{"href":"https:\/\/curso-wp.ufpel.edu.br\/plugin-cobalto\/wp-json\/wp\/v2\/types\/page"}],"author":[{"embeddable":true,"href":"https:\/\/curso-wp.ufpel.edu.br\/plugin-cobalto\/wp-json\/wp\/v2\/users\/34"}],"replies":[{"embeddable":true,"href":"https:\/\/curso-wp.ufpel.edu.br\/plugin-cobalto\/wp-json\/wp\/v2\/comments?post=213"}],"version-history":[{"count":4,"href":"https:\/\/curso-wp.ufpel.edu.br\/plugin-cobalto\/wp-json\/wp\/v2\/pages\/213\/revisions"}],"predecessor-version":[{"id":393,"href":"https:\/\/curso-wp.ufpel.edu.br\/plugin-cobalto\/wp-json\/wp\/v2\/pages\/213\/revisions\/393"}],"wp:attachment":[{"href":"https:\/\/curso-wp.ufpel.edu.br\/plugin-cobalto\/wp-json\/wp\/v2\/media?parent=213"}],"curies":[{"name":"wp","href":"https:\/\/api.w.org\/{rel}","templated":true}]}}