{"id":243,"date":"2019-09-19T10:37:40","date_gmt":"2019-09-19T13:37:40","guid":{"rendered":"https:\/\/wp-test.ufpel.edu.br\/plugin-cobalto\/?page_id=5"},"modified":"2021-04-14T14:55:43","modified_gmt":"2021-04-14T17:55:43","slug":"matriz-curricular-agrupada-demonstracao","status":"publish","type":"page","link":"https:\/\/curso-wp.ufpel.edu.br\/plugin-cobalto\/matriz-curricular-agrupada-demonstracao\/","title":{"rendered":"Matriz curricular por car\u00e1ter de disciplina (exemplo)"},"content":{"rendered":"\n<div class=\"wp-block-buttons is-layout-flex wp-block-buttons-is-layout-flex\">\n<div class=\"wp-block-button\"><a class=\"wp-block-button__link has-white-color has-vivid-red-background-color has-text-color has-background\" href=\"http:\/\/curso-wp.ufpel.edu.br\/plugin-cobalto\/matriz-curricular-agrupada-por-carater-de-disciplina\/\">Acesse o tutorial<\/a><\/div>\n<\/div>\n\n\n\n<h2 class=\"wp-block-heading\">Doutorado em Computa\u00e7\u00e3o<\/h2>\n\n\n\n<h3 class=\"wp-block-heading\">Disciplinas obrigat\u00f3rias<\/h3>\n\n\n<table class=\"dados-cobalto tabela-disciplinas cobalto-tabela-zebrada\"><tr><th>C\u00f3digo<\/th><th>Disciplina<\/th><th>Car\u00e1ter<\/th><th>Cr.<\/th><th>Horas<\/th><\/tr><tr><td>22000685<\/td><td><a href=\"https:\/\/institucional.ufpel.edu.br\/disciplinas\/id\/52906\" target=\"_blank\">ALGORITMOS E ESTRUTURA DE DADOS<\/a><\/td><td>Obrigat\u00f3ria<\/td><td>4<\/td><td>60<\/td><\/tr><tr><td>22000698<\/td><td><a href=\"https:\/\/institucional.ufpel.edu.br\/disciplinas\/id\/52919\" target=\"_blank\">ARQUITETURA E PROJETOS DE COMPUTADORES<\/a><\/td><td>Obrigat\u00f3ria<\/td><td>4<\/td><td>60<\/td><\/tr><tr><td>22000784<\/td><td><a href=\"https:\/\/institucional.ufpel.edu.br\/disciplinas\/id\/53005\" target=\"_blank\">Semin\u00e1rios de pesquisa em Computa\u00e7\u00e3o I<\/a><\/td><td>Obrigat\u00f3ria<\/td><td>2<\/td><td>30<\/td><\/tr><tr><td>22000631<\/td><td><a href=\"https:\/\/institucional.ufpel.edu.br\/disciplinas\/id\/52852\" target=\"_blank\">SEMIN\u00c1RIOS DE PESQUISA EM COMPUTA\u00c7\u00c3O II<\/a><\/td><td>Obrigat\u00f3ria<\/td><td>2<\/td><td>30<\/td><\/tr><tr><td>22000674<\/td><td><a href=\"https:\/\/institucional.ufpel.edu.br\/disciplinas\/id\/52895\" target=\"_blank\">TEORIA DA COMPUTA\u00c7\u00c3O <\/a><\/td><td>Obrigat\u00f3ria<\/td><td>4<\/td><td>60<\/td><\/tr><\/table>\n\n\n\n<h3 class=\"wp-block-heading\">Disciplinas optativas<\/h3>\n\n\n<table class=\"dados-cobalto tabela-disciplinas cobalto-tabela-zebrada\"><tr><th>C\u00f3digo<\/th><th>Disciplina<\/th><th>Car\u00e1ter<\/th><th>Cr.<\/th><th>Horas<\/th><\/tr><tr><td>22000677<\/td><td><a href=\"https:\/\/institucional.ufpel.edu.br\/disciplinas\/id\/52898\" target=\"_blank\">APRENDIZADO DE M\u00c1QUINA<\/a><\/td><td>Optativa<\/td><td>4<\/td><td>60<\/td><\/tr><tr><td>22000678<\/td><td><a href=\"https:\/\/institucional.ufpel.edu.br\/disciplinas\/id\/52899\" target=\"_blank\">ARQUITETURAS AVAN\u00c7ADAS DE COMPUTA\u00c7\u00c3O<\/a><\/td><td>Optativa<\/td><td>4<\/td><td>60<\/td><\/tr><tr><td>22000664<\/td><td><a href=\"https:\/\/institucional.ufpel.edu.br\/disciplinas\/id\/52885\" target=\"_blank\">ARQUITETURAS DE COMPUTADORES<\/a><\/td><td>Optativa<\/td><td>4<\/td><td>60<\/td><\/tr><tr><td>22000679<\/td><td><a href=\"https:\/\/institucional.ufpel.edu.br\/disciplinas\/id\/52900\" target=\"_blank\">COMPUTA\u00c7\u00c3O SIMB\u00d3LICA E NUM\u00c9RICA<\/a><\/td><td>Optativa<\/td><td>4<\/td><td>60<\/td><\/tr><tr><td>22000731<\/td><td><a href=\"https:\/\/institucional.ufpel.edu.br\/disciplinas\/id\/52952\" target=\"_blank\">CONCEP\u00c7\u00c3O E TESTE DE CIRCUITOS INTEGRADOS<\/a><\/td><td>Optativa<\/td><td>4<\/td><td>60<\/td><\/tr><tr><td>22000707<\/td><td><a href=\"https:\/\/institucional.ufpel.edu.br\/disciplinas\/id\/52928\" target=\"_blank\">DOC\u00caNCIA ORIENTADA<\/a><\/td><td>Optativa<\/td><td>1<\/td><td>15<\/td><\/tr><tr><td>22000657<\/td><td><a href=\"https:\/\/institucional.ufpel.edu.br\/disciplinas\/id\/52878\" target=\"_blank\">EST\u00c1GIO DE DOC\u00caNCIA I<\/a><\/td><td>Optativa<\/td><td>2<\/td><td>30<\/td><\/tr><tr><td>22000658<\/td><td><a href=\"https:\/\/institucional.ufpel.edu.br\/disciplinas\/id\/52879\" target=\"_blank\">EST\u00c1GIO DE DOC\u00caNCIA II<\/a><\/td><td>Optativa<\/td><td>2<\/td><td>30<\/td><\/tr><tr><td>22000680<\/td><td><a href=\"https:\/\/institucional.ufpel.edu.br\/disciplinas\/id\/52901\" target=\"_blank\">FERRAMENTAS DE CAD PARA CIRCUITOS INTEGRADOS<\/a><\/td><td>Optativa<\/td><td>4<\/td><td>60<\/td><\/tr><tr><td>22000681<\/td><td><a href=\"https:\/\/institucional.ufpel.edu.br\/disciplinas\/id\/52902\" target=\"_blank\">FUNDAMENTOS DE INTELIG\u00caNCIA ARTIFICIAL<\/a><\/td><td>Optativa<\/td><td>4<\/td><td>60<\/td><\/tr><tr><td>22000682<\/td><td><a href=\"https:\/\/institucional.ufpel.edu.br\/disciplinas\/id\/52903\" target=\"_blank\">L\u00d3GICA PARA COMPUTA\u00c7\u00c3O<\/a><\/td><td>Optativa<\/td><td>4<\/td><td>60<\/td><\/tr><tr><td>22000659<\/td><td><a href=\"https:\/\/institucional.ufpel.edu.br\/disciplinas\/id\/52880\" target=\"_blank\">METEOROLOGIA DE EVENTOS EXTREMOS<\/a><\/td><td>Optativa<\/td><td>3<\/td><td>45<\/td><\/tr><tr><td>22000699<\/td><td><a href=\"https:\/\/institucional.ufpel.edu.br\/disciplinas\/id\/52920\" target=\"_blank\">METODOLOGIA PARA PESQUISA E DESENVOLVIMENTO EM COMPUTA\u00c7\u00c3O<\/a><\/td><td>Optativa<\/td><td>2<\/td><td>30<\/td><\/tr><tr><td>22000683<\/td><td><a href=\"https:\/\/institucional.ufpel.edu.br\/disciplinas\/id\/52904\" target=\"_blank\">M\u00c9TODOS FORMAIS<\/a><\/td><td>Optativa<\/td><td>4<\/td><td>60<\/td><\/tr><tr><td>22000684<\/td><td><a href=\"https:\/\/institucional.ufpel.edu.br\/disciplinas\/id\/52905\" target=\"_blank\">MODELOS COMPUTACIONAIS PARA SISTEMAS CONCORRENTES E DISTRIBU\u00cdDOS<\/a><\/td><td>Optativa<\/td><td>4<\/td><td>60<\/td><\/tr><tr><td>22000648<\/td><td><a href=\"https:\/\/institucional.ufpel.edu.br\/disciplinas\/id\/52869\" target=\"_blank\">ORIENTA\u00c7\u00c3O DE TESE DE DOUTORADO<\/a><\/td><td>Optativa<\/td><td>1<\/td><td>15<\/td><\/tr><tr><td>22000672<\/td><td><a href=\"https:\/\/institucional.ufpel.edu.br\/disciplinas\/id\/52893\" target=\"_blank\">Princ\u00edpios de Codifica\u00e7\u00e3o de V\u00eddeo<\/a><\/td><td>Optativa<\/td><td>4<\/td><td>60<\/td><\/tr><tr><td>22000686<\/td><td><a href=\"https:\/\/institucional.ufpel.edu.br\/disciplinas\/id\/52907\" target=\"_blank\">PROCESSAMENTO DE ALTO DESEMPENHO<\/a><\/td><td>Optativa<\/td><td>4<\/td><td>60<\/td><\/tr><tr><td>22000744<\/td><td><a href=\"https:\/\/institucional.ufpel.edu.br\/disciplinas\/id\/52965\" target=\"_blank\">Processamento Digital de Imagens<\/a><\/td><td>Optativa<\/td><td>4<\/td><td>60<\/td><\/tr><tr><td>22000687<\/td><td><a href=\"https:\/\/institucional.ufpel.edu.br\/disciplinas\/id\/52908\" target=\"_blank\">PROJETO AVAN\u00c7ADO DE SISTEMAS DIGITAIS<\/a><\/td><td>Optativa<\/td><td>4<\/td><td>60<\/td><\/tr><tr><td>22000647<\/td><td><a href=\"https:\/\/institucional.ufpel.edu.br\/disciplinas\/id\/52868\" target=\"_blank\">PROJETO DE PESQUISA EM COMPUTA\u00c7\u00c3O I<\/a><\/td><td>Optativa<\/td><td>2<\/td><td>30<\/td><\/tr><tr><td>22000646<\/td><td><a href=\"https:\/\/institucional.ufpel.edu.br\/disciplinas\/id\/52867\" target=\"_blank\">PROJETO DE PESQUISA EM COMPUTA\u00c7\u00c3O II<\/a><\/td><td>Optativa<\/td><td>2<\/td><td>30<\/td><\/tr><tr><td>22000673<\/td><td><a href=\"https:\/\/institucional.ufpel.edu.br\/disciplinas\/id\/52894\" target=\"_blank\">Redes e Sistemas Multim\u00eddia<\/a><\/td><td>Optativa<\/td><td>4<\/td><td>60<\/td><\/tr><tr><td>22000701<\/td><td><a href=\"https:\/\/institucional.ufpel.edu.br\/disciplinas\/id\/52922\" target=\"_blank\">SEM\u00c2NTICA FORMAL<\/a><\/td><td>Optativa<\/td><td>4<\/td><td>60<\/td><\/tr><tr><td>22000700<\/td><td><a href=\"https:\/\/institucional.ufpel.edu.br\/disciplinas\/id\/52921\" target=\"_blank\">SISTEMAS EMBARCADOS<\/a><\/td><td>Optativa<\/td><td>4<\/td><td>60<\/td><\/tr><tr><td>22000702<\/td><td><a href=\"https:\/\/institucional.ufpel.edu.br\/disciplinas\/id\/52923\" target=\"_blank\">SISTEMAS EVOLUTIVOS<\/a><\/td><td>Optativa<\/td><td>4<\/td><td>60<\/td><\/tr><tr><td>22000703<\/td><td><a href=\"https:\/\/institucional.ufpel.edu.br\/disciplinas\/id\/52924\" target=\"_blank\">SISTEMAS MULTIAGENTE<\/a><\/td><td>Optativa<\/td><td>4<\/td><td>60<\/td><\/tr><tr><td>22000730<\/td><td><a href=\"https:\/\/institucional.ufpel.edu.br\/disciplinas\/id\/52951\" target=\"_blank\">SISTEMAS SENS\u00cdVEIS AO CONTEXTO ADAPTATIVOS E UB\u00cdQUOS<\/a><\/td><td>Optativa<\/td><td>4<\/td><td>60<\/td><\/tr><tr><td>22000675<\/td><td><a href=\"https:\/\/institucional.ufpel.edu.br\/disciplinas\/id\/52896\" target=\"_blank\">T\u00d3PICOS ESPECIAIS EM COMPUTA\u00c7\u00c3O I<\/a><\/td><td>Optativa<\/td><td>2<\/td><td>30<\/td><\/tr><tr><td>22000676<\/td><td><a href=\"https:\/\/institucional.ufpel.edu.br\/disciplinas\/id\/52897\" target=\"_blank\">T\u00d3PICOS ESPECIAIS EM COMPUTA\u00c7\u00c3O II<\/a><\/td><td>Optativa<\/td><td>4<\/td><td>60<\/td><\/tr><tr><td>22000645<\/td><td><a href=\"https:\/\/institucional.ufpel.edu.br\/disciplinas\/id\/52866\" target=\"_blank\">T\u00d3PICOS ESPECIAIS EM COMPUTA\u00c7\u00c3O III<\/a><\/td><td>Optativa<\/td><td>2<\/td><td>30<\/td><\/tr><tr><td>22000644<\/td><td><a href=\"https:\/\/institucional.ufpel.edu.br\/disciplinas\/id\/52865\" target=\"_blank\">T\u00d3PICOS ESPECIAIS EM COMPUTA\u00c7\u00c3O IV<\/a><\/td><td>Optativa<\/td><td>4<\/td><td>60<\/td><\/tr><tr><td>22000643<\/td><td><a href=\"https:\/\/institucional.ufpel.edu.br\/disciplinas\/id\/52864\" target=\"_blank\">T\u00d3PICOS ESPECIAIS EM COMPUTA\u00c7\u00c3O V<\/a><\/td><td>Optativa<\/td><td>2<\/td><td>30<\/td><\/tr><tr><td>22000642<\/td><td><a href=\"https:\/\/institucional.ufpel.edu.br\/disciplinas\/id\/52863\" target=\"_blank\">T\u00d3PICOS ESPECIAIS EM COMPUTA\u00c7\u00c3O VI<\/a><\/td><td>Optativa<\/td><td>4<\/td><td>60<\/td><\/tr><tr><td>22000704<\/td><td><a href=\"https:\/\/institucional.ufpel.edu.br\/disciplinas\/id\/52925\" target=\"_blank\">TRABALHO INDIVIDUAL I<\/a><\/td><td>Optativa<\/td><td>2<\/td><td>30<\/td><\/tr><tr><td>22000705<\/td><td><a href=\"https:\/\/institucional.ufpel.edu.br\/disciplinas\/id\/52926\" target=\"_blank\">TRABALHO INDIVIDUAL II<\/a><\/td><td>Optativa<\/td><td>2<\/td><td>30<\/td><\/tr><\/table>\n\n\n\n<h2 class=\"wp-block-heading\">&nbsp;<\/h2>\n","protected":false},"excerpt":{"rendered":"<p>Doutorado em Computa\u00e7\u00e3o Disciplinas obrigat\u00f3rias Disciplinas optativas &nbsp;<\/p>\n","protected":false},"author":34,"featured_media":0,"parent":0,"menu_order":0,"comment_status":"closed","ping_status":"closed","template":"","meta":{"footnotes":""},"class_list":["post-243","page","type-page","status-publish","hentry"],"_links":{"self":[{"href":"https:\/\/curso-wp.ufpel.edu.br\/plugin-cobalto\/wp-json\/wp\/v2\/pages\/243","targetHints":{"allow":["GET"]}}],"collection":[{"href":"https:\/\/curso-wp.ufpel.edu.br\/plugin-cobalto\/wp-json\/wp\/v2\/pages"}],"about":[{"href":"https:\/\/curso-wp.ufpel.edu.br\/plugin-cobalto\/wp-json\/wp\/v2\/types\/page"}],"author":[{"embeddable":true,"href":"https:\/\/curso-wp.ufpel.edu.br\/plugin-cobalto\/wp-json\/wp\/v2\/users\/34"}],"replies":[{"embeddable":true,"href":"https:\/\/curso-wp.ufpel.edu.br\/plugin-cobalto\/wp-json\/wp\/v2\/comments?post=243"}],"version-history":[{"count":2,"href":"https:\/\/curso-wp.ufpel.edu.br\/plugin-cobalto\/wp-json\/wp\/v2\/pages\/243\/revisions"}],"predecessor-version":[{"id":293,"href":"https:\/\/curso-wp.ufpel.edu.br\/plugin-cobalto\/wp-json\/wp\/v2\/pages\/243\/revisions\/293"}],"wp:attachment":[{"href":"https:\/\/curso-wp.ufpel.edu.br\/plugin-cobalto\/wp-json\/wp\/v2\/media?parent=243"}],"curies":[{"name":"wp","href":"https:\/\/api.w.org\/{rel}","templated":true}]}}