{"id":328,"date":"2021-04-14T15:36:20","date_gmt":"2021-04-14T18:36:20","guid":{"rendered":"http:\/\/curso-wp.ufpel.edu.br\/plugin-cobalto\/?page_id=328"},"modified":"2021-04-14T15:38:17","modified_gmt":"2021-04-14T18:38:17","slug":"pregoes-de-licitacoes-exemplo","status":"publish","type":"page","link":"https:\/\/curso-wp.ufpel.edu.br\/plugin-cobalto\/pregoes-de-licitacoes-exemplo\/","title":{"rendered":"Preg\u00f5es de Licita\u00e7\u00f5es (exemplo)"},"content":{"rendered":"\n<div class=\"wp-block-buttons is-layout-flex wp-block-buttons-is-layout-flex\">\n<div class=\"wp-block-button\"><a class=\"wp-block-button__link has-white-color has-vivid-red-background-color has-text-color has-background\" href=\"https:\/\/curso-wp.ufpel.edu.br\/plugin-cobalto\/pregoes-de-licitacoes\/\">Acesse o tutorial<\/a><\/div>\n<\/div>\n\n\n<div class=\"dados-cobalto cobalto-lista-pregoes\"><form id=\"formLicitacoes\" method=\"get\"><p>Selecione o ano: <select name=\"pregoesAno\" onchange=\"javascript:formLicitacoes.submit();\"><option selected>2026<\/option><option>2025<\/option><option>2024<\/option><option>2023<\/option><option>2022<\/option><option>2021<\/option><\/select><\/p><\/form><table class=\"tabela-pregoes cobalto-tabela-zebrada\"><tr><th>Preg\u00e3o<\/th><th>Modalidade<\/th><th>Objeto<\/th><th>Data Vig\u00eancia<\/th><th>Processo<\/th><\/tr><tr><td>90045\/2025<\/td><td>SRP<\/td><td>PISOS, REVESTIMENTOS, ARGAMASSAS, REJUNTES E OUTROS MATERIAIS AFINS NECESS\u00c1RIOS AOS SERVI\u00c7OS DE CONSTRU\u00c7\u00c3O E REFORMA A CARGO DA SUINFRA. <\/td><td>13\/03\/2026<\/td><td class=\"nowrap\">23110.033266\/2025-53<\/td><\/tr><\/table><\/div>\n","protected":false},"excerpt":{"rendered":"","protected":false},"author":34,"featured_media":0,"parent":0,"menu_order":0,"comment_status":"closed","ping_status":"closed","template":"","meta":{"footnotes":""},"class_list":["post-328","page","type-page","status-publish","hentry"],"_links":{"self":[{"href":"https:\/\/curso-wp.ufpel.edu.br\/plugin-cobalto\/wp-json\/wp\/v2\/pages\/328","targetHints":{"allow":["GET"]}}],"collection":[{"href":"https:\/\/curso-wp.ufpel.edu.br\/plugin-cobalto\/wp-json\/wp\/v2\/pages"}],"about":[{"href":"https:\/\/curso-wp.ufpel.edu.br\/plugin-cobalto\/wp-json\/wp\/v2\/types\/page"}],"author":[{"embeddable":true,"href":"https:\/\/curso-wp.ufpel.edu.br\/plugin-cobalto\/wp-json\/wp\/v2\/users\/34"}],"replies":[{"embeddable":true,"href":"https:\/\/curso-wp.ufpel.edu.br\/plugin-cobalto\/wp-json\/wp\/v2\/comments?post=328"}],"version-history":[{"count":2,"href":"https:\/\/curso-wp.ufpel.edu.br\/plugin-cobalto\/wp-json\/wp\/v2\/pages\/328\/revisions"}],"predecessor-version":[{"id":334,"href":"https:\/\/curso-wp.ufpel.edu.br\/plugin-cobalto\/wp-json\/wp\/v2\/pages\/328\/revisions\/334"}],"wp:attachment":[{"href":"https:\/\/curso-wp.ufpel.edu.br\/plugin-cobalto\/wp-json\/wp\/v2\/media?parent=328"}],"curies":[{"name":"wp","href":"https:\/\/api.w.org\/{rel}","templated":true}]}}