{"id":353,"date":"2021-08-03T14:22:23","date_gmt":"2021-08-03T17:22:23","guid":{"rendered":"https:\/\/curso-wp.ufpel.edu.br\/plugin-cobalto\/?page_id=353"},"modified":"2021-08-03T23:27:58","modified_gmt":"2021-08-04T02:27:58","slug":"colegiado-de-curso","status":"publish","type":"page","link":"https:\/\/curso-wp.ufpel.edu.br\/plugin-cobalto\/colegiado-de-curso\/","title":{"rendered":"Colegiado de Curso (Informa\u00e7\u00f5es de Unidade)"},"content":{"rendered":"\n<h2 class=\"wp-block-heading\">Colegiado do Curso de Direito<\/h2>\n\n\n<ul class=\"dados-cobalto cobalto-chefias-unidade\"><li><span class=\"cobalto-label\">Coordenadora de Curso de Gradua\u00e7\u00e3o<\/span><a href=\"https:\/\/institucional.ufpel.edu.br\/servidores\/id\/163444\" target=\"_blank\">MARTA MARQUES AVILA<\/a><\/li><li><span class=\"cobalto-label\">Coordenadora de Curso de Gradua\u00e7\u00e3o Substituta<\/span><a href=\"https:\/\/institucional.ufpel.edu.br\/servidores\/id\/29082\" target=\"_blank\">MARTHA BRANCO ARAUJO DE FARIA SANTOS<\/a><\/li><\/ul><p class=\"dados-cobalto cobalto-endereco-unidade\"><span class=\"cobalto-label\">Endere\u00e7o<\/span>Pra\u00e7a Conselheiro Maciel, 215<br>Centro<br>96010-030 - Pelotas, RS<\/p><p class=\"dados-cobalto cobalto-email-unidade\"><a href=\"mailto:colegiadodireito@ufpel.edu.br\">colegiadodireito@ufpel.edu.br<\/a><\/p>\n\n\n\n<h3 class=\"wp-block-heading\">Secretaria<\/h3>\n\n\nNenhum servidor foi encontrado.\n\n\n<div class=\"dados-cobalto cobalto-telefones-unidade\"><span class=\"cobalto-label\">Telefones<\/span><table class=\"cobalto-tabela-telefones cobalto-tabela-zebrada\"><tr class=\"cobalto-tabela-quebra-conteudo\"><td colspan=\"2\">Faculdade de Direito<\/td><\/tr><tr><td class=\"cobalto-tabela-indenta\">N\u00facleo Administrativo<\/td><td class=\"nowrap\"><a href=\"callto:(53) 3284-3250\">(53) 3284-3250<\/td><\/tr><tr><td class=\"cobalto-tabela-indenta\">Biblioteca do Direito<\/td><td class=\"nowrap\"><a href=\"callto:(53) 3284-3255\">(53) 3284-3255<\/td><\/tr><tr><td class=\"cobalto-tabela-indenta\">Colegiado da Gradua\u00e7\u00e3o<\/td><td class=\"nowrap\"><a href=\"callto:(53) 3284-3253\">(53) 3284-3253<\/td><\/tr><tr><td class=\"cobalto-tabela-indenta\">Departamentos<\/td><td class=\"nowrap\"><a href=\"callto:(53) 3284-3252\">(53) 3284-3252<\/td><\/tr><tr><td class=\"cobalto-tabela-indenta\">Gabinete da Dire\u00e7\u00e3o<\/td><td class=\"nowrap\"><a href=\"callto:(53) 3284-3251\">(53) 3284-3251<\/td><\/tr><tr><td class=\"cobalto-tabela-indenta\">Programa de P\u00f3s-Gradua\u00e7\u00e3o em Direito<\/td><td class=\"nowrap\"><a href=\"callto:(53) 3284-3254\">(53) 3284-3254<\/td><\/tr><tr class=\"cobalto-tabela-quebra-conteudo\"><td colspan=\"2\">Colegiado do Curso de Direito<\/td><\/tr><tr><td class=\"cobalto-tabela-indenta\">Colegiado da Gradua\u00e7\u00e3o<\/td><td class=\"nowrap\"><a href=\"callto:(53) 3284-3253\">(53) 3284-3253<\/td><\/tr><tr class=\"cobalto-tabela-quebra-conteudo\"><td colspan=\"2\">Servi\u00e7o de Assist\u00eancia Judici\u00e1ria<\/td><\/tr><tr><td class=\"cobalto-tabela-indenta\">SAJ \u2013 Servi\u00e7o de Assist\u00eancia Jur\u00eddica (Atendimento)<\/td><td class=\"nowrap\"><a href=\"callto:(53) 3284-4325\">(53) 3284-4325<\/td><\/tr><tr><td class=\"cobalto-tabela-indenta\">SAJ \u2013 Servi\u00e7o de Assist\u00eancia Jur\u00eddica (Sala dos Estagi\u00e1rios e de Orienta\u00e7\u00f5es)<\/td><td class=\"nowrap\"><a href=\"callto:(53) 3284-4326\">(53) 3284-4326<\/td><\/tr><\/table><\/div>\n\n\n\n<p><\/p>\n","protected":false},"excerpt":{"rendered":"<p>Colegiado do Curso de Direito Secretaria<\/p>\n","protected":false},"author":34,"featured_media":0,"parent":0,"menu_order":0,"comment_status":"closed","ping_status":"closed","template":"","meta":{"footnotes":""},"class_list":["post-353","page","type-page","status-publish","hentry"],"_links":{"self":[{"href":"https:\/\/curso-wp.ufpel.edu.br\/plugin-cobalto\/wp-json\/wp\/v2\/pages\/353","targetHints":{"allow":["GET"]}}],"collection":[{"href":"https:\/\/curso-wp.ufpel.edu.br\/plugin-cobalto\/wp-json\/wp\/v2\/pages"}],"about":[{"href":"https:\/\/curso-wp.ufpel.edu.br\/plugin-cobalto\/wp-json\/wp\/v2\/types\/page"}],"author":[{"embeddable":true,"href":"https:\/\/curso-wp.ufpel.edu.br\/plugin-cobalto\/wp-json\/wp\/v2\/users\/34"}],"replies":[{"embeddable":true,"href":"https:\/\/curso-wp.ufpel.edu.br\/plugin-cobalto\/wp-json\/wp\/v2\/comments?post=353"}],"version-history":[{"count":3,"href":"https:\/\/curso-wp.ufpel.edu.br\/plugin-cobalto\/wp-json\/wp\/v2\/pages\/353\/revisions"}],"predecessor-version":[{"id":356,"href":"https:\/\/curso-wp.ufpel.edu.br\/plugin-cobalto\/wp-json\/wp\/v2\/pages\/353\/revisions\/356"}],"wp:attachment":[{"href":"https:\/\/curso-wp.ufpel.edu.br\/plugin-cobalto\/wp-json\/wp\/v2\/media?parent=353"}],"curies":[{"name":"wp","href":"https:\/\/api.w.org\/{rel}","templated":true}]}}