{"id":399,"date":"2023-03-20T09:58:07","date_gmt":"2023-03-20T12:58:07","guid":{"rendered":"https:\/\/curso-wp.ufpel.edu.br\/plugin-cobalto\/?page_id=399"},"modified":"2023-03-20T10:21:08","modified_gmt":"2023-03-20T13:21:08","slug":"aquisicoes-por-dispensa-e-inexigibilidade-de-licitacao-exemplo","status":"publish","type":"page","link":"https:\/\/curso-wp.ufpel.edu.br\/plugin-cobalto\/aquisicoes-por-dispensa-e-inexigibilidade-de-licitacao-exemplo\/","title":{"rendered":"Aquisi\u00e7\u00f5es por Dispensa e Inexigibilidade de Licita\u00e7\u00e3o (exemplo)"},"content":{"rendered":"\n<div class=\"wp-block-buttons is-layout-flex wp-block-buttons-is-layout-flex\">\n<div class=\"wp-block-button\"><a class=\"wp-block-button__link has-white-color has-vivid-red-background-color has-text-color has-background wp-element-button\" href=\"https:\/\/curso-wp.ufpel.edu.br\/plugin-cobalto\/aquisicoes-por-dispensa-e-inexigibilidade-de-licitacao\/\">Acesse o tutorial<\/a><\/div>\n<\/div>\n\n\n<script>\n\tconst pluginURL = 'https:\/\/curso-wp.ufpel.edu.br\/plugin-cobalto\/wp-content\/plugins\/dados-cobalto\/lib\/..\/js',\n\t\t  lang      = 'pt';\n<\/script>\n<script src=\"https:\/\/curso-wp.ufpel.edu.br\/plugin-cobalto\/wp-content\/plugins\/dados-cobalto\/lib\/..\/js\/datatables\/datatables.min.js\"><\/script>\n<script src=\"https:\/\/curso-wp.ufpel.edu.br\/plugin-cobalto\/wp-content\/plugins\/dados-cobalto\/lib\/..\/js\/aquisicoes.js\"><\/script><div class=\"dados-cobalto cobalto-lista-aquisicoes\"><form id=\"formAquisicoes\" method=\"get\"><p>Ano: <select name=\"aquisicoesAno\" onchange=\"javascript:formAquisicoes.submit();\"><option selected>2026<\/option><option>2025<\/option><option>2024<\/option><option>2023<\/option><option>2022<\/option><option>2021<\/option><\/select> Modalidade: <select name=\"aquisicoesModalidade\" onchange=\"javascript:formAquisicoes.submit();\"><option value=\"0\">Todas<\/option><option value=\"6\">Dispensa de Licita\u00e7\u00e3o - Contrato<\/option><option value=\"7\">Dispensa de Licita\u00e7\u00e3o - Importa\u00e7\u00e3o<\/option><option value=\"10\">Dispensa de Licita\u00e7\u00e3o - Outros<\/option><option value=\"11\">Inexigibilidade<\/option><option value=\"12\">Inexigibilidade - Contrato<\/option><option value=\"13\">Inexigibilidade - Importa\u00e7\u00e3o<\/option><\/select><\/p><\/form><table id=\"tabela-aquisicoes\" class=\"tabela-aquisicoes cobalto-tabela-zebrada\"><thead><tr><th>N\u00famero<\/th><th>Modalidade<\/th><th>Objeto<\/th><th>Processo<\/th><th class=\"nowrap\">Valor (R$)&nbsp; &nbsp; &nbsp;<\/th><\/tr><\/thead><tbody><tr><td data-order=\"2026-00001\">01\/2026<\/td><td>Inexigibilidade<\/td><td>Pagamento taxas INPI.<\/td><td class=\"nowrap\">23110.000979\/2026-11<\/td><td class=\"align-right\" data-order=\"18000.00\">18.000,00<\/td><\/tr><tr><td data-order=\"2026-00001\">01\/2026<\/td><td>Inexigibilidade<\/td><td>PAGAMENTO TAXAS DE REGISTROS DE PATENTES DA UFPEL JUNTO AO INPI EXERCICIO 2026<\/td><td class=\"nowrap\">23110.000979\/2026-11<\/td><td class=\"align-right\" data-order=\"16000.00\">16.000,00<\/td><\/tr><tr><td data-order=\"2026-00001\">01\/2026<\/td><td>Inexigibilidade<\/td><td>Taxas INPI<\/td><td class=\"nowrap\">23110.000979\/2026-11<\/td><td class=\"align-right\" data-order=\"20000.00\">20.000,00<\/td><\/tr><tr><td data-order=\"2026-00002\">02\/2026<\/td><td>Inexigibilidade<\/td><td>Anuidade Anprotec<\/td><td class=\"nowrap\">23110.001347\/2025-75<\/td><td class=\"align-right\" data-order=\"3033.19\">3.033,19<\/td><\/tr><tr><td data-order=\"2026-00003\">03\/2026<\/td><td>Inexigibilidade<\/td><td>PGTO CAU RRT, para obra Grande Hotel.<\/td><td class=\"nowrap\">23110.002078\/2026-64<\/td><td class=\"align-right\" data-order=\"130.64\">130,64<\/td><\/tr><tr><td data-order=\"2026-00004\">04\/2026<\/td><td>Inexigibilidade<\/td><td>taxa de Anuidade do CRQ<\/td><td class=\"nowrap\">23110.002784\/2026-14<\/td><td class=\"align-right\" data-order=\"950.98\">950,98<\/td><\/tr><tr><td data-order=\"2026-00005\">05\/2026<\/td><td>Inexigibilidade<\/td><td>Taxas condominais Tecnosul<\/td><td class=\"nowrap\">23110.002862\/2026-72<\/td><td class=\"align-right\" data-order=\"500.00\">500,00<\/td><\/tr><tr><td data-order=\"2026-00006\">06\/2026<\/td><td>Inexigibilidade<\/td><td>Aferi\u00e7\u00e3o de cronotac\u00f3grafos.<\/td><td class=\"nowrap\">23110.002962\/2026-07<\/td><td class=\"align-right\" data-order=\"540.54\">540,54<\/td><\/tr><tr><td data-order=\"2026-00006\">06\/2026<\/td><td>Inexigibilidade<\/td><td>PAGAMENTO TAXA DE VERIFICACAO DE CRONOTACOGRAFOS<\/td><td class=\"nowrap\">23110.002962\/2026-07<\/td><td class=\"align-right\" data-order=\"540.54\">540,54<\/td><\/tr><tr><td data-order=\"2026-00007\">07\/2026<\/td><td>Dispensa de Licita\u00e7\u00e3o - Art. 75, inciso II, da Lei 14.133\/21<\/td><td>Servi\u00e7o de desratiza\u00e7\u00e3o.<\/td><td class=\"nowrap\">23110.003962\/2026-16<\/td><td class=\"align-right\" data-order=\"700.00\">700,00<\/td><\/tr><tr><td data-order=\"2026-00007\">07\/2026<\/td><td>Inexigibilidade<\/td><td>Anuidade GCUB.<\/td><td class=\"nowrap\">23110.001719\/2026-63<\/td><td class=\"align-right\" data-order=\"17037.33\">17.037,33<\/td><\/tr><tr><td data-order=\"2026-00008\">08\/2026<\/td><td>Inexigibilidade<\/td><td>Anuidade ABEU 2026.<\/td><td class=\"nowrap\">23110.003353\/2026-67<\/td><td class=\"align-right\" data-order=\"3275.00\">3.275,00<\/td><\/tr><tr><td data-order=\"2026-00009\">09\/2026<\/td><td>Inexigibilidade<\/td><td>TAxa Prefeitura Municipal de Pelotas<\/td><td class=\"nowrap\">23110.001496\/2021-20<\/td><td class=\"align-right\" data-order=\"40.54\">40,54<\/td><\/tr><tr><td data-order=\"2026-00009\">09\/2026<\/td><td>Inexigibilidade<\/td><td>Taxa de viabilidade urban\u00edstica.<\/td><td class=\"nowrap\">23110.001496\/2021-20<\/td><td class=\"align-right\" data-order=\"40.53\">40,53<\/td><\/tr><tr><td data-order=\"2026-00010\">10\/2026<\/td><td>Inexigibilidade<\/td><td>Taxa de Arrecada\u00e7\u00e3o para Autoriza\u00e7\u00e3o Ambiental do Campos cap\u00e3o do Le\u00e3o<\/td><td class=\"nowrap\">23110.002952\/2026-63<\/td><td class=\"align-right\" data-order=\"290.78\">290,78<\/td><\/tr><tr><td data-order=\"2026-00010\">10\/2026<\/td><td>Dispensa de Licita\u00e7\u00e3o - Art. 75, inciso II, da Lei 14.133\/21<\/td><td>Aquisi\u00e7\u00e3o de banner.<\/td><td class=\"nowrap\">23110.002512\/2026-14<\/td><td class=\"align-right\" data-order=\"165.00\">165,00<\/td><\/tr><tr><td data-order=\"2026-00011\">11\/2026<\/td><td>Dispensa de Licita\u00e7\u00e3o - Art. 75, inciso II, da Lei 14.133\/21<\/td><td>Aquisi\u00e7\u00e3o de n\u00fameros DOI<\/td><td class=\"nowrap\">23110.004798\/2026-64<\/td><td class=\"align-right\" data-order=\"4632.00\">4.632,00<\/td><\/tr><tr><td data-order=\"2026-00011\">11\/2026<\/td><td>Inexigibilidade<\/td><td>Taxa para emiss\u00e3o de autoriza\u00e7\u00e3o ambiental.<\/td><td class=\"nowrap\">23110.002204\/2026-81<\/td><td class=\"align-right\" data-order=\"159.62\">159,62<\/td><\/tr><tr><td data-order=\"2026-00012\">12\/2026<\/td><td>Dispensa de Licita\u00e7\u00e3o - Art. 75, inciso II, da Lei 14.133\/21<\/td><td>Loca\u00e7\u00e3o de cadeiras.<\/td><td class=\"nowrap\">23110.005943\/2026-24<\/td><td class=\"align-right\" data-order=\"725.00\">725,00<\/td><\/tr><tr><td data-order=\"2026-00012\">12\/2026<\/td><td>Inexigibilidade<\/td><td>Pagamento de ART<\/td><td class=\"nowrap\">23110.003031\/2026-18<\/td><td class=\"align-right\" data-order=\"108.39\">108,39<\/td><\/tr><tr><td data-order=\"2026-00013\">13\/2026<\/td><td>Inexigibilidade<\/td><td>Pagamento de Certificado de Aplica\u00e7\u00f5es T\u00e9cnicas Radiol\u00f3gicas.<\/td><td class=\"nowrap\">23110.002168\/2026-55<\/td><td class=\"align-right\" data-order=\"64.77\">64,77<\/td><\/tr><tr><td data-order=\"2026-00014\">14\/2026<\/td><td>Inexigibilidade<\/td><td>Pagamento de taxa para Fepam<\/td><td class=\"nowrap\">23110.004579\/2026-85<\/td><td class=\"align-right\" data-order=\"968.30\">968,30<\/td><\/tr><tr><td data-order=\"2026-00016\">16\/2026<\/td><td>Inexigibilidade<\/td><td>Pagamento de taxas condom\u00ednio do Tecnosul<\/td><td class=\"nowrap\">23110.005529\/2026-15<\/td><td class=\"align-right\" data-order=\"500.00\">500,00<\/td><\/tr><tr><td data-order=\"2026-00017\">17\/2026<\/td><td>Inexigibilidade<\/td><td>Pagamento anuidade Faubai<\/td><td class=\"nowrap\">23110.002399\/2026-69<\/td><td class=\"align-right\" data-order=\"3037.92\">3.037,92<\/td><\/tr><tr><td data-order=\"2026-00018\">18\/2026<\/td><td>Inexigibilidade<\/td><td>Pagamento de Anuidade<\/td><td class=\"nowrap\">23110.006638\/2026-50<\/td><td class=\"align-right\" data-order=\"650.00\">650,00<\/td><\/tr><\/tbody><\/table><\/div>\n","protected":false},"excerpt":{"rendered":"","protected":false},"author":34,"featured_media":0,"parent":0,"menu_order":0,"comment_status":"closed","ping_status":"closed","template":"","meta":{"footnotes":""},"class_list":["post-399","page","type-page","status-publish","hentry"],"_links":{"self":[{"href":"https:\/\/curso-wp.ufpel.edu.br\/plugin-cobalto\/wp-json\/wp\/v2\/pages\/399","targetHints":{"allow":["GET"]}}],"collection":[{"href":"https:\/\/curso-wp.ufpel.edu.br\/plugin-cobalto\/wp-json\/wp\/v2\/pages"}],"about":[{"href":"https:\/\/curso-wp.ufpel.edu.br\/plugin-cobalto\/wp-json\/wp\/v2\/types\/page"}],"author":[{"embeddable":true,"href":"https:\/\/curso-wp.ufpel.edu.br\/plugin-cobalto\/wp-json\/wp\/v2\/users\/34"}],"replies":[{"embeddable":true,"href":"https:\/\/curso-wp.ufpel.edu.br\/plugin-cobalto\/wp-json\/wp\/v2\/comments?post=399"}],"version-history":[{"count":2,"href":"https:\/\/curso-wp.ufpel.edu.br\/plugin-cobalto\/wp-json\/wp\/v2\/pages\/399\/revisions"}],"predecessor-version":[{"id":419,"href":"https:\/\/curso-wp.ufpel.edu.br\/plugin-cobalto\/wp-json\/wp\/v2\/pages\/399\/revisions\/419"}],"wp:attachment":[{"href":"https:\/\/curso-wp.ufpel.edu.br\/plugin-cobalto\/wp-json\/wp\/v2\/media?parent=399"}],"curies":[{"name":"wp","href":"https:\/\/api.w.org\/{rel}","templated":true}]}}