{"id":402,"date":"2023-03-20T09:59:55","date_gmt":"2023-03-20T12:59:55","guid":{"rendered":"https:\/\/curso-wp.ufpel.edu.br\/plugin-cobalto\/?page_id=402"},"modified":"2023-03-22T11:03:20","modified_gmt":"2023-03-22T14:03:20","slug":"aquisicoes-por-dispensa-e-inexigibilidade-de-licitacao","status":"publish","type":"page","link":"https:\/\/curso-wp.ufpel.edu.br\/plugin-cobalto\/aquisicoes-por-dispensa-e-inexigibilidade-de-licitacao\/","title":{"rendered":"Aquisi\u00e7\u00f5es por Dispensa e Inexigibilidade de Licita\u00e7\u00e3o"},"content":{"rendered":"\n<p><a href=\"https:\/\/curso-wp.ufpel.edu.br\/plugin-cobalto\/aquisicoes-por-dispensa-e-inexigibilidade-de-licitacao-exemplo\/\" data-type=\"page\" data-id=\"399\">Veja aqui<\/a> o exemplo com dados em tempo real.<\/p>\n\n\n\n<p>Shortcode utilizado:<\/p>\n\n\n\n<pre class=\"wp-block-code\"><code>&#91;cobalto-aquisicoes]<\/code><\/pre>\n\n\n\n<p>Para ver todas as op\u00e7\u00f5es dispon\u00edveis, consulte a&nbsp;<a href=\"http:\/\/curso-wp.ufpel.edu.br\/plugin-cobalto\/documentacao\/#aquisicoes\">documenta\u00e7\u00e3o do plugin COBALTO.<\/a><\/p>\n\n\n\n<p><\/p>\n","protected":false},"excerpt":{"rendered":"<p>Veja aqui o exemplo com dados em tempo real. Shortcode utilizado: Para ver todas as op\u00e7\u00f5es dispon\u00edveis, consulte a&nbsp;documenta\u00e7\u00e3o do plugin COBALTO.<\/p>\n","protected":false},"author":34,"featured_media":0,"parent":0,"menu_order":0,"comment_status":"closed","ping_status":"closed","template":"","meta":{"footnotes":""},"class_list":["post-402","page","type-page","status-publish","hentry"],"_links":{"self":[{"href":"https:\/\/curso-wp.ufpel.edu.br\/plugin-cobalto\/wp-json\/wp\/v2\/pages\/402","targetHints":{"allow":["GET"]}}],"collection":[{"href":"https:\/\/curso-wp.ufpel.edu.br\/plugin-cobalto\/wp-json\/wp\/v2\/pages"}],"about":[{"href":"https:\/\/curso-wp.ufpel.edu.br\/plugin-cobalto\/wp-json\/wp\/v2\/types\/page"}],"author":[{"embeddable":true,"href":"https:\/\/curso-wp.ufpel.edu.br\/plugin-cobalto\/wp-json\/wp\/v2\/users\/34"}],"replies":[{"embeddable":true,"href":"https:\/\/curso-wp.ufpel.edu.br\/plugin-cobalto\/wp-json\/wp\/v2\/comments?post=402"}],"version-history":[{"count":4,"href":"https:\/\/curso-wp.ufpel.edu.br\/plugin-cobalto\/wp-json\/wp\/v2\/pages\/402\/revisions"}],"predecessor-version":[{"id":439,"href":"https:\/\/curso-wp.ufpel.edu.br\/plugin-cobalto\/wp-json\/wp\/v2\/pages\/402\/revisions\/439"}],"wp:attachment":[{"href":"https:\/\/curso-wp.ufpel.edu.br\/plugin-cobalto\/wp-json\/wp\/v2\/media?parent=402"}],"curies":[{"name":"wp","href":"https:\/\/api.w.org\/{rel}","templated":true}]}}