{"id":406,"date":"2023-03-20T10:10:02","date_gmt":"2023-03-20T13:10:02","guid":{"rendered":"https:\/\/curso-wp.ufpel.edu.br\/plugin-cobalto\/?page_id=406"},"modified":"2023-03-20T10:13:16","modified_gmt":"2023-03-20T13:13:16","slug":"cursos-relacao-por-nivel-grau-modalidade-exemplo","status":"publish","type":"page","link":"https:\/\/curso-wp.ufpel.edu.br\/plugin-cobalto\/cursos-relacao-por-nivel-grau-modalidade-exemplo\/","title":{"rendered":"Cursos &#8211; Rela\u00e7\u00e3o por N\u00edvel \/ Grau \/ Modalidade (exemplo)"},"content":{"rendered":"\n<div class=\"wp-block-buttons is-layout-flex wp-block-buttons-is-layout-flex\">\n<div class=\"wp-block-button\"><a class=\"wp-block-button__link has-white-color has-vivid-red-background-color has-text-color has-background wp-element-button\" href=\"https:\/\/curso-wp.ufpel.edu.br\/plugin-cobalto\/cursos-relacao-por-nivel-grau-modalidade\/\">Acesse o tutorial<\/a><\/div>\n<\/div>\n\n\n\n<h2 class=\"wp-block-heading\">Cursos de P\u00f3s-Gradua\u00e7\u00e3o N\u00edvel Doutorado<\/h2>\n\n\n<p><ul><li><a href=\"https:\/\/institucional.ufpel.edu.br\/cursos\/cod\/8094\">Agronomia<\/a><\/li><li><a href=\"https:\/\/institucional.ufpel.edu.br\/cursos\/cod\/8106\">Antropologia<\/a><\/li><li><a href=\"https:\/\/institucional.ufpel.edu.br\/cursos\/cod\/8055\">Arquitetura e Urbanismo<\/a><\/li><li><a href=\"https:\/\/institucional.ufpel.edu.br\/cursos\/cod\/9120\">Artes<\/a><\/li><li><a href=\"https:\/\/institucional.ufpel.edu.br\/cursos\/cod\/8104\">Bioqu\u00edmica e Bioprospec\u00e7\u00e3o<\/a><\/li><li><a href=\"https:\/\/institucional.ufpel.edu.br\/cursos\/cod\/8020\">Biotecnologia<\/a><\/li><li><a href=\"https:\/\/institucional.ufpel.edu.br\/cursos\/cod\/8107\">Ci\u00eancia Pol\u00edtica<\/a><\/li><li><a href=\"https:\/\/institucional.ufpel.edu.br\/cursos\/cod\/80101\">Ci\u00eancia e Engenharia de Materiais<\/a><\/li><li><a href=\"https:\/\/institucional.ufpel.edu.br\/cursos\/cod\/8060\">Ci\u00eancia e Tecnologia de Alimentos<\/a><\/li><li><a href=\"https:\/\/institucional.ufpel.edu.br\/cursos\/cod\/8030\">Ci\u00eancia e Tecnologia de Sementes<\/a><\/li><li><a href=\"https:\/\/institucional.ufpel.edu.br\/cursos\/cod\/9127\">Ci\u00eancias Ambientais<\/a><\/li><li><a href=\"https:\/\/institucional.ufpel.edu.br\/cursos\/cod\/8102\">Computa\u00e7\u00e3o<\/a><\/li><li><a href=\"https:\/\/institucional.ufpel.edu.br\/cursos\/cod\/8093\">Educa\u00e7\u00e3o<\/a><\/li><li><a href=\"https:\/\/institucional.ufpel.edu.br\/cursos\/cod\/80100\">Educa\u00e7\u00e3o F\u00cdsica<\/a><\/li><li><a href=\"https:\/\/institucional.ufpel.edu.br\/cursos\/cod\/9128\">Educa\u00e7\u00e3o Matem\u00e1tica<\/a><\/li><li><a href=\"https:\/\/institucional.ufpel.edu.br\/cursos\/cod\/8098\">Enfermagem<\/a><\/li><li><a href=\"https:\/\/institucional.ufpel.edu.br\/cursos\/cod\/8082\">Epidemiologia<\/a><\/li><li><a href=\"https:\/\/institucional.ufpel.edu.br\/cursos\/cod\/8103\">Filosofia<\/a><\/li><li><a href=\"https:\/\/institucional.ufpel.edu.br\/cursos\/cod\/8050\">Fisiologia Vegetal<\/a><\/li><li><a href=\"https:\/\/institucional.ufpel.edu.br\/cursos\/cod\/8070\">Fitossanidade<\/a><\/li><li><a href=\"https:\/\/institucional.ufpel.edu.br\/cursos\/cod\/8105\">F\u00edsica<\/a><\/li><li><a href=\"https:\/\/institucional.ufpel.edu.br\/cursos\/cod\/8062\">Geografia<\/a><\/li><li><a href=\"https:\/\/institucional.ufpel.edu.br\/cursos\/cod\/8053\">Hist\u00f3ria<\/a><\/li><li><a href=\"https:\/\/institucional.ufpel.edu.br\/cursos\/cod\/8056\">Letras<\/a><\/li><li><a href=\"https:\/\/institucional.ufpel.edu.br\/cursos\/cod\/8075\">Letras UCPEL<\/a><\/li><li><a href=\"https:\/\/institucional.ufpel.edu.br\/cursos\/cod\/8097\">Manejo e Conserva\u00e7\u00e3o do Solo e da \u00c1gua<\/a><\/li><li><a href=\"https:\/\/institucional.ufpel.edu.br\/cursos\/cod\/8099\">Mem\u00f3ria Social e Patrim\u00f4nio Cultural<\/a><\/li><li><a href=\"https:\/\/institucional.ufpel.edu.br\/cursos\/cod\/8095\">Microbiologia e Parasitologia<\/a><\/li><li><a href=\"https:\/\/institucional.ufpel.edu.br\/cursos\/cod\/9126\">Modelagem Matem\u00e1tica<\/a><\/li><li><a href=\"https:\/\/institucional.ufpel.edu.br\/cursos\/cod\/8023\">Multic\u00eantrico em Ci\u00eancias Fisiol\u00f3gicas<\/a><\/li><li><a href=\"https:\/\/institucional.ufpel.edu.br\/cursos\/cod\/9094\">Nutri\u00e7\u00e3o e Alimentos<\/a><\/li><li><a href=\"https:\/\/institucional.ufpel.edu.br\/cursos\/cod\/8080\">Odontologia<\/a><\/li><li><a href=\"https:\/\/institucional.ufpel.edu.br\/cursos\/cod\/8051\">Organiza\u00e7\u00f5es e Mercados<\/a><\/li><li><a href=\"https:\/\/institucional.ufpel.edu.br\/cursos\/cod\/8096\">Qu\u00edmica<\/a><\/li><li><a href=\"https:\/\/institucional.ufpel.edu.br\/cursos\/cod\/8108\">Recursos H\u00eddricos<\/a><\/li><li><a href=\"https:\/\/institucional.ufpel.edu.br\/cursos\/cod\/8092\">Sistemas de Produ\u00e7\u00e3o Agr\u00edcola Familiar<\/a><\/li><li><a href=\"https:\/\/institucional.ufpel.edu.br\/cursos\/cod\/8041\">Sociologia<\/a><\/li><li><a href=\"https:\/\/institucional.ufpel.edu.br\/cursos\/cod\/8091\">Veterin\u00e1ria<\/a><\/li><li><a href=\"https:\/\/institucional.ufpel.edu.br\/cursos\/cod\/8090\">Zootecnia<\/a><\/li><\/ul><\/p>\n","protected":false},"excerpt":{"rendered":"<p>Cursos de P\u00f3s-Gradua\u00e7\u00e3o N\u00edvel Doutorado<\/p>\n","protected":false},"author":34,"featured_media":0,"parent":0,"menu_order":0,"comment_status":"closed","ping_status":"closed","template":"","meta":{"footnotes":""},"class_list":["post-406","page","type-page","status-publish","hentry"],"_links":{"self":[{"href":"https:\/\/curso-wp.ufpel.edu.br\/plugin-cobalto\/wp-json\/wp\/v2\/pages\/406","targetHints":{"allow":["GET"]}}],"collection":[{"href":"https:\/\/curso-wp.ufpel.edu.br\/plugin-cobalto\/wp-json\/wp\/v2\/pages"}],"about":[{"href":"https:\/\/curso-wp.ufpel.edu.br\/plugin-cobalto\/wp-json\/wp\/v2\/types\/page"}],"author":[{"embeddable":true,"href":"https:\/\/curso-wp.ufpel.edu.br\/plugin-cobalto\/wp-json\/wp\/v2\/users\/34"}],"replies":[{"embeddable":true,"href":"https:\/\/curso-wp.ufpel.edu.br\/plugin-cobalto\/wp-json\/wp\/v2\/comments?post=406"}],"version-history":[{"count":3,"href":"https:\/\/curso-wp.ufpel.edu.br\/plugin-cobalto\/wp-json\/wp\/v2\/pages\/406\/revisions"}],"predecessor-version":[{"id":413,"href":"https:\/\/curso-wp.ufpel.edu.br\/plugin-cobalto\/wp-json\/wp\/v2\/pages\/406\/revisions\/413"}],"wp:attachment":[{"href":"https:\/\/curso-wp.ufpel.edu.br\/plugin-cobalto\/wp-json\/wp\/v2\/media?parent=406"}],"curies":[{"name":"wp","href":"https:\/\/api.w.org\/{rel}","templated":true}]}}