{"id":455,"date":"2023-10-24T08:45:59","date_gmt":"2023-10-24T11:45:59","guid":{"rendered":"https:\/\/curso-wp.ufpel.edu.br\/plugin-cobalto\/?page_id=455"},"modified":"2023-10-24T08:51:02","modified_gmt":"2023-10-24T11:51:02","slug":"pgd-servidores","status":"publish","type":"page","link":"https:\/\/curso-wp.ufpel.edu.br\/plugin-cobalto\/pgd-servidores\/","title":{"rendered":"PGD &#8211; Servidores"},"content":{"rendered":"\n<p><a href=\"https:\/\/curso-wp.ufpel.edu.br\/plugin-cobalto\/pgd-servidores-exemplo\/\" data-type=\"page\" data-id=\"399\">Veja aqui<\/a> o exemplo com dados em tempo real.<\/p>\n\n\n\n<p>Shortcode utilizado:<\/p>\n\n\n\n<pre class=\"wp-block-code\"><code>&#91;cobalto-pgd-servidores]<\/code><\/pre>\n\n\n\n<p>Para ver todas as op\u00e7\u00f5es dispon\u00edveis, consulte a&nbsp;<a href=\"http:\/\/curso-wp.ufpel.edu.br\/plugin-cobalto\/documentacao\/#pgd-servidores\">documenta\u00e7\u00e3o do plugin COBALTO.<\/a><\/p>\n\n\n\n<p><\/p>\n","protected":false},"excerpt":{"rendered":"<p>Veja aqui o exemplo com dados em tempo real. Shortcode utilizado: Para ver todas as op\u00e7\u00f5es dispon\u00edveis, consulte a&nbsp;documenta\u00e7\u00e3o do plugin COBALTO.<\/p>\n","protected":false},"author":34,"featured_media":0,"parent":0,"menu_order":0,"comment_status":"closed","ping_status":"closed","template":"","meta":{"footnotes":""},"class_list":["post-455","page","type-page","status-publish","hentry"],"_links":{"self":[{"href":"https:\/\/curso-wp.ufpel.edu.br\/plugin-cobalto\/wp-json\/wp\/v2\/pages\/455","targetHints":{"allow":["GET"]}}],"collection":[{"href":"https:\/\/curso-wp.ufpel.edu.br\/plugin-cobalto\/wp-json\/wp\/v2\/pages"}],"about":[{"href":"https:\/\/curso-wp.ufpel.edu.br\/plugin-cobalto\/wp-json\/wp\/v2\/types\/page"}],"author":[{"embeddable":true,"href":"https:\/\/curso-wp.ufpel.edu.br\/plugin-cobalto\/wp-json\/wp\/v2\/users\/34"}],"replies":[{"embeddable":true,"href":"https:\/\/curso-wp.ufpel.edu.br\/plugin-cobalto\/wp-json\/wp\/v2\/comments?post=455"}],"version-history":[{"count":2,"href":"https:\/\/curso-wp.ufpel.edu.br\/plugin-cobalto\/wp-json\/wp\/v2\/pages\/455\/revisions"}],"predecessor-version":[{"id":464,"href":"https:\/\/curso-wp.ufpel.edu.br\/plugin-cobalto\/wp-json\/wp\/v2\/pages\/455\/revisions\/464"}],"wp:attachment":[{"href":"https:\/\/curso-wp.ufpel.edu.br\/plugin-cobalto\/wp-json\/wp\/v2\/media?parent=455"}],"curies":[{"name":"wp","href":"https:\/\/api.w.org\/{rel}","templated":true}]}}