{"id":63,"date":"2019-09-19T12:21:33","date_gmt":"2019-09-19T15:21:33","guid":{"rendered":"https:\/\/wp-test.ufpel.edu.br\/plugin-cobalto\/?page_id=63"},"modified":"2023-03-22T11:25:24","modified_gmt":"2023-03-22T14:25:24","slug":"plugin-cobalto","status":"publish","type":"page","link":"https:\/\/curso-wp.ufpel.edu.br\/plugin-cobalto\/","title":{"rendered":"Plugin COBALTO"},"content":{"rendered":"\n<h1 class=\"wp-block-heading\">Plugin COBALTO UFPel<\/h1>\n\n\n\n<p>Permite inserir informa\u00e7\u00f5es obtidas diretamente do sistema COBALTO em posts e p\u00e1ginas de um site WordPress.<br><strong>Atualiza\u00e7\u00f5es de dados no COBALTO s\u00e3o refletidas automaticamente no site dentro de, no m\u00e1ximo, 5 minutos.<\/strong><\/p>\n\n\n\n<p>1. Ative o plugin pelo menu <em>Plugins<\/em> no painel administrativo de seu site:<br><img loading=\"lazy\" decoding=\"async\" class=\"alignnone wp-image-190 size-full\" src=\"https:\/\/curso-wp.ufpel.edu.br\/plugin-cobalto\/wp-content\/uploads\/sites\/187\/2019\/10\/ativa\u00e7\u00e3o.png\" alt=\"\" width=\"962\" height=\"110\" srcset=\"https:\/\/curso-wp.ufpel.edu.br\/plugin-cobalto\/wp-content\/uploads\/sites\/187\/2019\/10\/ativa\u00e7\u00e3o.png 962w, https:\/\/curso-wp.ufpel.edu.br\/plugin-cobalto\/wp-content\/uploads\/sites\/187\/2019\/10\/ativa\u00e7\u00e3o-400x46.png 400w, https:\/\/curso-wp.ufpel.edu.br\/plugin-cobalto\/wp-content\/uploads\/sites\/187\/2019\/10\/ativa\u00e7\u00e3o-768x88.png 768w\" sizes=\"auto, (max-width: 962px) 100vw, 962px\" \/><\/p>\n\n\n\n<p>2. Para documenta\u00e7\u00e3o e configura\u00e7\u00f5es de visualiza\u00e7\u00e3o, acesse o menu <em>COBALTO<\/em>:<br><img loading=\"lazy\" decoding=\"async\" class=\"alignnone wp-image-65 size-full\" src=\"https:\/\/curso-wp.ufpel.edu.br\/plugin-cobalto\/wp-content\/uploads\/sites\/187\/2019\/09\/Menu-COBALTO-e1571232755906.png\" alt=\"\" width=\"339\" height=\"159\"><\/p>\n\n\n\n<h2 class=\"wp-block-heading\">Tutoriais de uso:<\/h2>\n\n\n\n<ul class=\"wp-block-list\">\n<li>Agendas \/ Calend\u00e1rios\n<ul class=\"wp-block-list\">\n<li><a href=\"http:\/\/curso-wp.ufpel.edu.br\/plugin-cobalto\/calendario-academico\/\">Calend\u00e1rio Acad\u00eamico vigente<\/a><\/li>\n\n\n\n<li><a href=\"http:\/\/curso-wp.ufpel.edu.br\/plugin-cobalto\/proximos-eventos\/\">Pr\u00f3ximos eventos<\/a><\/li>\n\n\n\n<li><a href=\"http:\/\/curso-wp.ufpel.edu.br\/plugin-cobalto\/agendas-publicas\/\">Outras agendas p\u00fablicas<\/a><\/li>\n<\/ul>\n<\/li>\n\n\n\n<li>Compras\n<ul class=\"wp-block-list\">\n<li><a href=\"https:\/\/curso-wp.ufpel.edu.br\/plugin-cobalto\/aquisicoes-por-dispensa-e-inexigibilidade-de-licitacao\/\" data-type=\"page\" data-id=\"402\">Aquisi\u00e7\u00f5es por Dispensa e Inexigibilidade de Licita\u00e7\u00e3o<\/a><\/li>\n\n\n\n<li><a href=\"http:\/\/curso-wp.ufpel.edu.br\/plugin-cobalto\/pregoes-de-licitacoes\/\">Preg\u00f5es de Licita\u00e7\u00f5es<\/a><\/li>\n<\/ul>\n<\/li>\n\n\n\n<li>Cursos\n<ul class=\"wp-block-list\">\n<li><a href=\"http:\/\/curso-wp.ufpel.edu.br\/plugin-cobalto\/matriz-curricular-de-curso\/\">Matriz curricular<\/a><\/li>\n\n\n\n<li><a href=\"http:\/\/curso-wp.ufpel.edu.br\/plugin-cobalto\/matriz-curricular-agrupada-por-carater-de-disciplina\/\">Matriz agrupada por car\u00e1ter de disciplina<\/a><\/li>\n\n\n\n<li><a href=\"https:\/\/curso-wp.ufpel.edu.br\/plugin-cobalto\/cursos-relacao-por-nivel-grau-modalidade\/\" data-type=\"page\" data-id=\"410\">Rela\u00e7\u00e3o de cursos por N\u00edvel \/ Grau \/ Modalidade<\/a><\/li>\n<\/ul>\n<\/li>\n\n\n\n<li>Servidores\n<ul class=\"wp-block-list\">\n<li><a href=\"https:\/\/wp-test.ufpel.edu.br\/plugin-cobalto\/relacao-de-servidores-com-fotos\/\">Rela\u00e7\u00e3o de servidores com fotos<\/a><\/li>\n\n\n\n<li><a href=\"http:\/\/curso-wp.ufpel.edu.br\/plugin-cobalto\/servidores-nomes-e-cargos-de-chefia\/\">Rela\u00e7\u00e3o de nomes com cargos de chefia<\/a><\/li>\n\n\n\n<li><a href=\"http:\/\/curso-wp.ufpel.edu.br\/plugin-cobalto\/relacao-da-gestao-ufpel\/\">Rela\u00e7\u00e3o da Gest\u00e3o UFPel<\/a><\/li>\n<\/ul>\n<\/li>\n\n\n\n<li>Unidades\n<ul class=\"wp-block-list\">\n<li><a href=\"http:\/\/curso-wp.ufpel.edu.br\/plugin-cobalto\/informacoes-de-unidade\/\">Informa\u00e7\u00f5es de Unidade<\/a><\/li>\n<\/ul>\n<\/li>\n<\/ul>\n","protected":false},"excerpt":{"rendered":"<p>Plugin COBALTO UFPel Permite inserir informa\u00e7\u00f5es obtidas diretamente do sistema COBALTO em posts e p\u00e1ginas de um site WordPress.Atualiza\u00e7\u00f5es de dados no COBALTO s\u00e3o refletidas automaticamente no site dentro de, no m\u00e1ximo, 5 minutos. 1. Ative o plugin pelo menu Plugins no painel administrativo de seu site: 2. Para documenta\u00e7\u00e3o e configura\u00e7\u00f5es de visualiza\u00e7\u00e3o, acesse [&hellip;]<\/p>\n","protected":false},"author":34,"featured_media":0,"parent":0,"menu_order":0,"comment_status":"closed","ping_status":"closed","template":"","meta":{"footnotes":""},"class_list":["post-63","page","type-page","status-publish","hentry"],"_links":{"self":[{"href":"https:\/\/curso-wp.ufpel.edu.br\/plugin-cobalto\/wp-json\/wp\/v2\/pages\/63","targetHints":{"allow":["GET"]}}],"collection":[{"href":"https:\/\/curso-wp.ufpel.edu.br\/plugin-cobalto\/wp-json\/wp\/v2\/pages"}],"about":[{"href":"https:\/\/curso-wp.ufpel.edu.br\/plugin-cobalto\/wp-json\/wp\/v2\/types\/page"}],"author":[{"embeddable":true,"href":"https:\/\/curso-wp.ufpel.edu.br\/plugin-cobalto\/wp-json\/wp\/v2\/users\/34"}],"replies":[{"embeddable":true,"href":"https:\/\/curso-wp.ufpel.edu.br\/plugin-cobalto\/wp-json\/wp\/v2\/comments?post=63"}],"version-history":[{"count":9,"href":"https:\/\/curso-wp.ufpel.edu.br\/plugin-cobalto\/wp-json\/wp\/v2\/pages\/63\/revisions"}],"predecessor-version":[{"id":443,"href":"https:\/\/curso-wp.ufpel.edu.br\/plugin-cobalto\/wp-json\/wp\/v2\/pages\/63\/revisions\/443"}],"wp:attachment":[{"href":"https:\/\/curso-wp.ufpel.edu.br\/plugin-cobalto\/wp-json\/wp\/v2\/media?parent=63"}],"curies":[{"name":"wp","href":"https:\/\/api.w.org\/{rel}","templated":true}]}}