{"id":3498,"date":"2024-07-30T08:24:10","date_gmt":"2024-07-30T11:24:10","guid":{"rendered":"https:\/\/curso-wp.ufpel.edu.br\/sandrobortolazzo\/?page_id=3498"},"modified":"2024-08-19T19:39:29","modified_gmt":"2024-08-19T22:39:29","slug":"alunos-especiais","status":"publish","type":"page","link":"https:\/\/curso-wp.ufpel.edu.br\/sandrobortolazzo\/alunos-especiais\/","title":{"rendered":"Alunos Especiais"},"content":{"rendered":"<div id=\"pl-3498\"  class=\"panel-layout\" ><div id=\"pg-3498-0\"  class=\"panel-grid panel-no-style\" ><div id=\"pgc-3498-0-0\"  class=\"panel-grid-cell\" ><div id=\"panel-3498-0-0-0\" class=\"so-panel widget widget_sow-testimonials panel-first-child panel-last-child\" data-index=\"0\" ><div class=\"so-rounded panel-widget-style panel-widget-style-for-3498-0-0-0\" ><div\n\t\t\t\n\t\t\tclass=\"so-widget-sow-testimonials so-widget-sow-testimonials-default-cb7d5210e145-3498\"\n\t\t\t\n\t\t><div class=\"sow-testimonials\">\n\t\t\t\t\t<div class=\"sow-testimonial-wrapper sow-user-middle sow-layout-text-above\">\n\t\t\t<div class=\"sow-testimonial\">\n\t\t\t\t\t\t\t\t\t<div class=\"sow-testimonial-text\">\n\t\t\t\t\t\t<p><strong>ALUNOS(AS) ESPECIAIS<br \/>\n<\/strong>Os(as) alunos(as) especiais no programa s\u00e3o candidatos(as) aprovados(as) em editais espec\u00edficos para frequentar determinadas atividades curriculares, podendo acumular, em diferentes semestres, no m\u00e1ximo 6 cr\u00e9ditos para o curso de mestrado e 9 cr\u00e9ditos para o curso de doutorado. Esses(as) alunos(as) t\u00eam direito a atestado de frequ\u00eancia e aproveitamento.<\/p>\n<p><span style=\"font-weight: 400\"><b>Sele\u00e7\u00e3o de Alunos\/as Especiais<\/b><br \/>\nOs(as) alunos(as) especiais no programa s\u00e3o candidatos(as) aprovados(as) em editais espec\u00edficos para frequentar determinadas atividades curriculares, podendo acumular, em diferentes semestres, no m\u00e1ximo 6 cr\u00e9ditos para o curso de mestrado e 9 cr\u00e9ditos para o curso de doutorado. Esses(as) alunos(as) t\u00eam direito a atestado de frequ\u00eancia e aproveitamento.<\/span><\/p>\n\t\t\t\t\t<\/div>\n\t\t\t\t\n\t\t\t\t<div class=\"sow-testimonial-user\">\n\t\t\t\t\t\n\t\t\t\t\t<div class=\"sow-text\">\n\t\t\t\t\t\t\t\t\t\t\t\t\t<span class=\"sow-testimonial-name\"><strong><\/strong><\/span>\n\t\t\t\t\t\t\t\t\t\t\t\t\t\t\t\t\t\t\t\t\t\t\t\t\t\t\t\t\t<\/div>\n\t\t\t\t<\/div>\n\n\t\t\t\t\t\t\t<\/div>\n\t\t<\/div>\n\t<\/div>\n<\/div><\/div><\/div><\/div><\/div><\/div>","protected":false},"excerpt":{"rendered":"<p>ALUNOS(AS) ESPECIAIS Os(as) alunos(as) especiais no programa s\u00e3o candidatos(as) aprovados(as) em editais espec\u00edficos para frequentar determinadas atividades curriculares, podendo acumular, em diferentes semestres, no m\u00e1ximo 6 cr\u00e9ditos para o curso de mestrado e 9 cr\u00e9ditos para o curso de doutorado. Esses(as) alunos(as) t\u00eam direito a atestado de frequ\u00eancia e aproveitamento. Sele\u00e7\u00e3o de Alunos\/as Especiais Os(as) [&hellip;]<\/p>\n","protected":false},"author":162,"featured_media":0,"parent":0,"menu_order":0,"comment_status":"closed","ping_status":"closed","template":"page-sem-sidebar.php","meta":{"footnotes":""},"class_list":["post-3498","page","type-page","status-publish","hentry"],"_links":{"self":[{"href":"https:\/\/curso-wp.ufpel.edu.br\/sandrobortolazzo\/wp-json\/wp\/v2\/pages\/3498","targetHints":{"allow":["GET"]}}],"collection":[{"href":"https:\/\/curso-wp.ufpel.edu.br\/sandrobortolazzo\/wp-json\/wp\/v2\/pages"}],"about":[{"href":"https:\/\/curso-wp.ufpel.edu.br\/sandrobortolazzo\/wp-json\/wp\/v2\/types\/page"}],"author":[{"embeddable":true,"href":"https:\/\/curso-wp.ufpel.edu.br\/sandrobortolazzo\/wp-json\/wp\/v2\/users\/162"}],"replies":[{"embeddable":true,"href":"https:\/\/curso-wp.ufpel.edu.br\/sandrobortolazzo\/wp-json\/wp\/v2\/comments?post=3498"}],"version-history":[{"count":2,"href":"https:\/\/curso-wp.ufpel.edu.br\/sandrobortolazzo\/wp-json\/wp\/v2\/pages\/3498\/revisions"}],"predecessor-version":[{"id":3722,"href":"https:\/\/curso-wp.ufpel.edu.br\/sandrobortolazzo\/wp-json\/wp\/v2\/pages\/3498\/revisions\/3722"}],"wp:attachment":[{"href":"https:\/\/curso-wp.ufpel.edu.br\/sandrobortolazzo\/wp-json\/wp\/v2\/media?parent=3498"}],"curies":[{"name":"wp","href":"https:\/\/api.w.org\/{rel}","templated":true}]}}