{"id":3535,"date":"2024-07-30T09:43:16","date_gmt":"2024-07-30T12:43:16","guid":{"rendered":"https:\/\/curso-wp.ufpel.edu.br\/sandrobortolazzo\/?page_id=3535"},"modified":"2024-08-19T19:56:18","modified_gmt":"2024-08-19T22:56:18","slug":"editais","status":"publish","type":"page","link":"https:\/\/curso-wp.ufpel.edu.br\/sandrobortolazzo\/editais\/","title":{"rendered":"Outros Editais"},"content":{"rendered":"<div id=\"pl-3535\"  class=\"panel-layout\" ><div id=\"pg-3535-0\"  class=\"panel-grid panel-no-style\" ><div id=\"pgc-3535-0-0\"  class=\"panel-grid-cell\" ><div id=\"panel-3535-0-0-0\" class=\"so-panel widget widget_sow-testimonials panel-first-child\" data-index=\"0\" ><div class=\"so-rounded panel-widget-style panel-widget-style-for-3535-0-0-0\" ><div\n\t\t\t\n\t\t\tclass=\"so-widget-sow-testimonials so-widget-sow-testimonials-default-49394eb21963-3535\"\n\t\t\t\n\t\t><div class=\"sow-testimonials\">\n\t\t\t\t\t<div class=\"sow-testimonial-wrapper sow-user-left sow-layout-text-below\">\n\t\t\t<div class=\"sow-testimonial\">\n\t\t\t\t\n\t\t\t\t<div class=\"sow-testimonial-user\">\n\t\t\t\t\t\n\t\t\t\t\t<div class=\"sow-text\">\n\t\t\t\t\t\t\t\t\t\t\t\t\t<span class=\"sow-testimonial-name\"><strong>Edital Interno \u2013 Pr\u00eamio CAPES de Tese \u2013 Edi\u00e7\u00e3o 2024<\/strong><\/span>\n\t\t\t\t\t\t\t\t\t\t\t\t\t\t\t\t\t\t\t\t\t\t\t\t\t\t\t\t\t<\/div>\n\t\t\t\t<\/div>\n\n\t\t\t\t\t\t\t\t\t<div class=\"sow-testimonial-text\">\n\t\t\t\t\t\t<p>+ <a href=\"https:\/\/wp.ufpel.edu.br\/ppge\/files\/2024\/04\/Edital_04_2024.pdf\" class=\"mtli_attachment mtli_pdf\">Edital_04_2024<\/a><br \/>\n+ Resultado: a Comissa\u0303o de Avaliac\u0327a\u0303o para Indicac\u0327a\u0303o ao Pre\u0302mio Capes de Tese do PPGE-UFPel, em conformidade com o EDITAL No 04\/2024 \u2013 PR\u00caMIO CAPES DE TESE \u2013 EDI\u00c7\u00c3O 2024 (<a href=\"https:\/\/wp.ufpel.edu.br\/ppge\/files\/2024\/04\/Edital_04_2024.pdf\" class=\"mtli_attachment mtli_pdf\">Edital_04_2024<\/a>), torna p\u00fablico que a tese selecionada foi a de Daniel da Silva Costa,\u00a0Plano Educacional Individualizado e tecnologia: contribuic\u0327o\u0303es na pra\u0301xis educacional para a inclusa\u0303o de alunos com autismo, que teve como orientadora a Prof\u00aa Dr\u00aa\u00a0<a href=\"http:\/\/lattes.cnpq.br\/1925189093877793\">Siglia Pimentel Hoher Camargo\u00a0<\/a>LINHA 2\u00a0Narrativas (auto)biogr\u00e1ficas, Cultura Escrita, Linguagens e Inclus\u00e3o.<\/p>\n\t\t\t\t\t<\/div>\n\t\t\t\t\t\t\t<\/div>\n\t\t<\/div>\n\t<\/div>\n<\/div><\/div><\/div><div id=\"panel-3535-0-0-1\" class=\"so-panel widget widget_sow-testimonials\" data-index=\"1\" ><div class=\"so-rounded panel-widget-style panel-widget-style-for-3535-0-0-1\" ><div\n\t\t\t\n\t\t\tclass=\"so-widget-sow-testimonials so-widget-sow-testimonials-default-49394eb21963-3535\"\n\t\t\t\n\t\t><div class=\"sow-testimonials\">\n\t\t\t\t\t<div class=\"sow-testimonial-wrapper sow-user-left sow-layout-text-below\">\n\t\t\t<div class=\"sow-testimonial\">\n\t\t\t\t\n\t\t\t\t<div class=\"sow-testimonial-user\">\n\t\t\t\t\t\n\t\t\t\t\t<div class=\"sow-text\">\n\t\t\t\t\t\t\t\t\t\t\t\t\t<span class=\"sow-testimonial-name\"><strong>EDITAL TAC CARREFOUR \u2013 MESTRADO<\/strong><\/span>\n\t\t\t\t\t\t\t\t\t\t\t\t\t\t\t\t\t\t\t\t\t\t\t\t\t\t\t\t\t<\/div>\n\t\t\t\t<\/div>\n\n\t\t\t\t\t\t\t\t\t<div class=\"sow-testimonial-text\">\n\t\t\t\t\t\t<p>Clique nos links abaixo para verificar o edital e os documentos necess\u00e1rios para a inscri\u00e7\u00e3o.<br \/>\n+ <a href=\"https:\/\/wp.ufpel.edu.br\/ppge\/files\/2023\/02\/SEI_UFPel-2055650-Edital-de-selecao-PRPPG.pdf\" class=\"mtli_attachment mtli_pdf\">Edital de Sele\u00e7\u00e3o<\/a><br \/>\n+ <a href=\"https:\/\/wp.ufpel.edu.br\/ppge\/files\/2023\/02\/ANEXO-I-Formulario-de-Inscricao.pdf\" class=\"mtli_attachment mtli_pdf\">Anexo I \u2013 Formul\u00e1rio de Inscri\u00e7\u00e3o<\/a><br \/>\n+ <a href=\"https:\/\/wp.ufpel.edu.br\/ppge\/files\/2023\/02\/Anexo-II-Declaracao-de-Etnia.pdf\" class=\"mtli_attachment mtli_pdf\">Anexo II \u2013 Declara\u00e7\u00e3o de Etnia<\/a><br \/>\n+ <a href=\"https:\/\/wp.ufpel.edu.br\/ppge\/files\/2023\/02\/Anexo-III-Declaracao-de-Vulnerabilidade.pdf\" class=\"mtli_attachment mtli_pdf\">Anexo III \u2013 Declara\u00e7\u00e3o de Vulnerabilidade<\/a><br \/>\n+ <a href=\"https:\/\/wp.ufpel.edu.br\/ppge\/files\/2023\/02\/inscricoes-TAC-Carrefour.pdf\" class=\"mtli_attachment mtli_pdf\">Lista de inscri\u00e7\u00f5es homologadas<\/a><\/p>\n\t\t\t\t\t<\/div>\n\t\t\t\t\t\t\t<\/div>\n\t\t<\/div>\n\t<\/div>\n<\/div><\/div><\/div><div id=\"panel-3535-0-0-2\" class=\"so-panel widget widget_sow-testimonials panel-last-child\" data-index=\"2\" ><div class=\"so-rounded panel-widget-style panel-widget-style-for-3535-0-0-2\" ><div\n\t\t\t\n\t\t\tclass=\"so-widget-sow-testimonials so-widget-sow-testimonials-default-49394eb21963-3535\"\n\t\t\t\n\t\t><div class=\"sow-testimonials\">\n\t\t\t\t\t<div class=\"sow-testimonial-wrapper sow-user-left sow-layout-text-below\">\n\t\t\t<div class=\"sow-testimonial\">\n\t\t\t\t\n\t\t\t\t<div class=\"sow-testimonial-user\">\n\t\t\t\t\t\n\t\t\t\t\t<div class=\"sow-text\">\n\t\t\t\t\t\t\t\t\t\t\t\t\t<span class=\"sow-testimonial-name\"><strong>EDITAL \u2013 PROFESSOR VISITANTE 2023<\/strong><\/span>\n\t\t\t\t\t\t\t\t\t\t\t\t\t\t\t\t\t\t\t\t\t\t\t\t\t\t\t\t\t<\/div>\n\t\t\t\t<\/div>\n\n\t\t\t\t\t\t\t\t\t<div class=\"sow-testimonial-text\">\n\t\t\t\t\t\t<p>A Coordena\u00e7\u00e3o do Programa de P\u00f3s-Gradua\u00e7\u00e3o em Educa\u00e7\u00e3o vem a p\u00fablico divulgar o edital de sele\u00e7\u00e3o de professor\/a visitante.<br \/>\n+ <a href=\"https:\/\/wp.ufpel.edu.br\/ppge\/files\/2023\/06\/Editao-de-Professor-Visitante.pdf\" class=\"mtli_attachment mtli_pdf\">Edital de Professor Visitante<\/a><br \/>\n+ <a href=\"https:\/\/wp.ufpel.edu.br\/ppge\/files\/2023\/06\/Anexo-I-Formulario_de_Inscricao_para_Selecao_de_Professor_Visitante.pdf\" class=\"mtli_attachment mtli_pdf\">Anexo I \u2013 Formul\u00e1rio de Inscri\u00e7\u00e3o para Sele\u00e7\u00e3o de Professor Visitante<\/a><br \/>\n+ <a href=\"https:\/\/wp.ufpel.edu.br\/ppge\/files\/2023\/06\/Anexo-II-Quadro_de_Pontuacao_da_Producao.pdf\" class=\"mtli_attachment mtli_pdf\">Anexo II \u2013 Quadro de Pontua\u00e7\u00e3o da Produ\u00e7\u00e3o\u00a0<\/a><br \/>\n+ <a href=\"https:\/\/wp.ufpel.edu.br\/ppge\/files\/2023\/07\/Lista-Professor-Visitante.pdf\" class=\"mtli_attachment mtli_pdf\">Lista de Homologados<\/a><br \/>\nOS DOCUMENTOS PARA INSCRI\u00c7\u00c3O DEVER\u00c3O SER ENVIADOS PARA O E-MAIL <a href=\"mailto:selecaoppgefae@gmail.com\">selecaoppgefae@gmail.com<\/a><\/p>\n\t\t\t\t\t<\/div>\n\t\t\t\t\t\t\t<\/div>\n\t\t<\/div>\n\t<\/div>\n<\/div><\/div><\/div><\/div><\/div><\/div>","protected":false},"excerpt":{"rendered":"<p>Edital Interno \u2013 Pr\u00eamio CAPES de Tese \u2013 Edi\u00e7\u00e3o 2024 + Edital_04_2024 + Resultado: a Comissa\u0303o de Avaliac\u0327a\u0303o para Indicac\u0327a\u0303o ao Pre\u0302mio Capes de Tese do PPGE-UFPel, em conformidade com o EDITAL No 04\/2024 \u2013 PR\u00caMIO CAPES DE TESE \u2013 EDI\u00c7\u00c3O 2024 (Edital_04_2024), torna p\u00fablico que a tese selecionada foi a de Daniel da Silva [&hellip;]<\/p>\n","protected":false},"author":162,"featured_media":0,"parent":0,"menu_order":0,"comment_status":"closed","ping_status":"closed","template":"","meta":{"footnotes":""},"class_list":["post-3535","page","type-page","status-publish","hentry"],"_links":{"self":[{"href":"https:\/\/curso-wp.ufpel.edu.br\/sandrobortolazzo\/wp-json\/wp\/v2\/pages\/3535","targetHints":{"allow":["GET"]}}],"collection":[{"href":"https:\/\/curso-wp.ufpel.edu.br\/sandrobortolazzo\/wp-json\/wp\/v2\/pages"}],"about":[{"href":"https:\/\/curso-wp.ufpel.edu.br\/sandrobortolazzo\/wp-json\/wp\/v2\/types\/page"}],"author":[{"embeddable":true,"href":"https:\/\/curso-wp.ufpel.edu.br\/sandrobortolazzo\/wp-json\/wp\/v2\/users\/162"}],"replies":[{"embeddable":true,"href":"https:\/\/curso-wp.ufpel.edu.br\/sandrobortolazzo\/wp-json\/wp\/v2\/comments?post=3535"}],"version-history":[{"count":7,"href":"https:\/\/curso-wp.ufpel.edu.br\/sandrobortolazzo\/wp-json\/wp\/v2\/pages\/3535\/revisions"}],"predecessor-version":[{"id":3726,"href":"https:\/\/curso-wp.ufpel.edu.br\/sandrobortolazzo\/wp-json\/wp\/v2\/pages\/3535\/revisions\/3726"}],"wp:attachment":[{"href":"https:\/\/curso-wp.ufpel.edu.br\/sandrobortolazzo\/wp-json\/wp\/v2\/media?parent=3535"}],"curies":[{"name":"wp","href":"https:\/\/api.w.org\/{rel}","templated":true}]}}