{"id":430,"date":"2024-05-01T00:00:18","date_gmt":"2024-05-01T03:00:18","guid":{"rendered":"https:\/\/curso-wp.ufpel.edu.br\/sandrobortolazzo\/?page_id=430"},"modified":"2024-08-01T09:46:24","modified_gmt":"2024-08-01T12:46:24","slug":"apresentacao","status":"publish","type":"page","link":"https:\/\/curso-wp.ufpel.edu.br\/sandrobortolazzo\/apresentacao\/","title":{"rendered":"Apresenta\u00e7\u00e3o"},"content":{"rendered":"<div id=\"pl-430\"  class=\"panel-layout\" ><div id=\"pg-430-0\"  class=\"panel-grid panel-no-style\" ><div id=\"pgc-430-0-0\"  class=\"panel-grid-cell\" ><div id=\"panel-430-0-0-0\" class=\"so-panel widget widget_sow-editor panel-first-child panel-last-child\" data-index=\"0\" ><div\n\t\t\t\n\t\t\tclass=\"so-widget-sow-editor so-widget-sow-editor-base\"\n\t\t\t\n\t\t><h3 class=\"widget-title\">Programa de P\u00f3s-Gradua\u00e7\u00e3o em Educa\u00e7\u00e3o | PPGE<\/h3>\n<div class=\"siteorigin-widget-tinymce textwidget\">\n\t<p><span style=\"font-weight: 400\">O Programa de P\u00f3s-Gradua\u00e7\u00e3o em Educa\u00e7\u00e3o da Universidade Federal de Pelotas (UFPel) oferece, atualmente, os Curso de Mestrado e Doutorado.<br \/>\n<\/span><span style=\"font-weight: 400\">O Curso de Mestrado foi criado em 1994, a partir de uma parceria com o Programa de P\u00f3s-Gradua\u00e7\u00e3o em Educa\u00e7\u00e3o (PPGEDU) da Universidade Federal do Rio Grande do Sul (UFRGS). Sua cria\u00e7\u00e3o foi a consolida\u00e7\u00e3o de uma expressiva trajet\u00f3ria da Faculdade de Educa\u00e7\u00e3o e da UFPel no compromisso com a constru\u00e7\u00e3o de uma sociedade democr\u00e1tica e com a qualifica\u00e7\u00e3o da educa\u00e7\u00e3o p\u00fablica e popular em todos os n\u00edveis de ensino.<br \/>\n<\/span><span style=\"font-weight: 400\">O Curso de Doutorado, como parte do Programa de P\u00f3s-Gradua\u00e7\u00e3o em Educa\u00e7\u00e3o da Faculdade de Educa\u00e7\u00e3o da Universidade Federal de Pelotas (UFPel), tem como objetivo central a forma\u00e7\u00e3o de pesquisadores com vistas \u00e0 qualifica\u00e7\u00e3o de pesquisas comprometidas com uma educa\u00e7\u00e3o p\u00fablica, gratuita e de qualidade social, dando continuidade ao compromisso pol\u00edtico-pedag\u00f3gico j\u00e1 existente tanto no Curso de Mestrado como nos demais cursos de Gradua\u00e7\u00e3o e Especializa\u00e7\u00e3o da Faculdade de Educa\u00e7\u00e3o.<br \/>\n<\/span><span style=\"font-weight: 400\">A Faculdade de Educa\u00e7\u00e3o (FaE) tem se destacado como ponto de refer\u00eancia na forma\u00e7\u00e3o de novos pesquisadores e nos debates educacionais, especialmente na regi\u00e3o sul. Sua atua\u00e7\u00e3o tem se expandido significativamente no cen\u00e1rio educacional local, participando ativamente de debates e na formula\u00e7\u00e3o de pol\u00edticas educacionais em parceria com Prefeituras da microrregi\u00e3o, Sindicatos Docentes e diversos movimentos sociais ligados \u00e0 educa\u00e7\u00e3o. Nosso objetivo, a curto e m\u00e9dio prazo, \u00e9 expandir organicamente nossos Grupos de Pesquisa e aumentar nossa produ\u00e7\u00e3o cient\u00edfica.<br \/>\n<\/span><span style=\"font-weight: 400\">Atualmente o PPGE conta com um corpo de docentes da pr\u00f3pria UFPel que, al\u00e9m de dar sustenta\u00e7\u00e3o \u00e0s atividades fundamentais dos Curso de Mestrado e Doutorado, vem ampliando e consolidando sua produ\u00e7\u00e3o em diferentes inst\u00e2ncias da sociedade<\/span><span style=\"font-weight: 400\">.<\/span><\/p>\n<\/div>\n<\/div><\/div><\/div><\/div><div id=\"pg-430-1\"  class=\"panel-grid panel-no-style\" ><div id=\"pgc-430-1-0\"  class=\"panel-grid-cell panel-grid-cell-empty\" ><\/div><div id=\"pgc-430-1-1\"  class=\"panel-grid-cell panel-grid-cell-empty\" ><\/div><div id=\"pgc-430-1-2\"  class=\"panel-grid-cell\" ><div id=\"panel-430-1-2-0\" class=\"so-panel widget widget_sow-video panel-first-child panel-last-child\" data-index=\"1\" ><div\n\t\t\t\n\t\t\tclass=\"so-widget-sow-video so-widget-sow-video-default-f379b959fc93-430\"\n\t\t\t\n\t\t><h3 class=\"widget-title\">Apresenta\u00e7\u00e3o do programa<\/h3>\n<div class=\"sow-video-wrapper\n\">\n\t\t\t<video\n\t\t\tid=\"sow-player-1\" class=\"sow-video-widget\" preload=\"auto\" style=\"width:100%;height:100%;\" autoplay playsinline muted=\"1\" poster=\"https:\/\/curso-wp.ufpel.edu.br\/sandrobortolazzo\/wp-content\/uploads\/sites\/279\/2024\/08\/WhatsApp-Video-2024-04-29-at-08.41.46-3.mp4\" controls \t\t>\n\t\t\t\t\t\t\t<source type=\"video\/mp4\" src=\"https:\/\/curso-wp.ufpel.edu.br\/sandrobortolazzo\/wp-content\/uploads\/sites\/279\/2024\/07\/Apresentacao.mp4\"\/>\n\t\t\t\t\t<\/video>\n\t<\/div>\n<\/div><\/div><\/div><div id=\"pgc-430-1-3\"  class=\"panel-grid-cell panel-grid-cell-empty panel-grid-cell-mobile-last\" ><\/div><div id=\"pgc-430-1-4\"  class=\"panel-grid-cell panel-grid-cell-empty\" ><\/div><\/div><\/div>","protected":false},"excerpt":{"rendered":"<p>O Programa de P\u00f3s-Gradua\u00e7\u00e3o em Educa\u00e7\u00e3o da Universidade Federal de Pelotas (UFPel) oferece, atualmente, os Curso de Mestrado e Doutorado. O Curso de Mestrado foi criado em 1994, a partir de uma parceria com o Programa de P\u00f3s-Gradua\u00e7\u00e3o em Educa\u00e7\u00e3o (PPGEDU) da Universidade Federal do Rio Grande do Sul (UFRGS). Sua cria\u00e7\u00e3o foi a consolida\u00e7\u00e3o [&hellip;]<\/p>\n","protected":false},"author":162,"featured_media":0,"parent":0,"menu_order":0,"comment_status":"closed","ping_status":"closed","template":"page-sem-sidebar.php","meta":{"footnotes":""},"class_list":["post-430","page","type-page","status-publish","hentry"],"_links":{"self":[{"href":"https:\/\/curso-wp.ufpel.edu.br\/sandrobortolazzo\/wp-json\/wp\/v2\/pages\/430","targetHints":{"allow":["GET"]}}],"collection":[{"href":"https:\/\/curso-wp.ufpel.edu.br\/sandrobortolazzo\/wp-json\/wp\/v2\/pages"}],"about":[{"href":"https:\/\/curso-wp.ufpel.edu.br\/sandrobortolazzo\/wp-json\/wp\/v2\/types\/page"}],"author":[{"embeddable":true,"href":"https:\/\/curso-wp.ufpel.edu.br\/sandrobortolazzo\/wp-json\/wp\/v2\/users\/162"}],"replies":[{"embeddable":true,"href":"https:\/\/curso-wp.ufpel.edu.br\/sandrobortolazzo\/wp-json\/wp\/v2\/comments?post=430"}],"version-history":[{"count":8,"href":"https:\/\/curso-wp.ufpel.edu.br\/sandrobortolazzo\/wp-json\/wp\/v2\/pages\/430\/revisions"}],"predecessor-version":[{"id":3573,"href":"https:\/\/curso-wp.ufpel.edu.br\/sandrobortolazzo\/wp-json\/wp\/v2\/pages\/430\/revisions\/3573"}],"wp:attachment":[{"href":"https:\/\/curso-wp.ufpel.edu.br\/sandrobortolazzo\/wp-json\/wp\/v2\/media?parent=430"}],"curies":[{"name":"wp","href":"https:\/\/api.w.org\/{rel}","templated":true}]}}