{"id":462,"date":"2024-05-04T00:00:29","date_gmt":"2024-05-04T03:00:29","guid":{"rendered":"https:\/\/curso-wp.ufpel.edu.br\/ppgeteste\/?page_id=38"},"modified":"2024-08-19T17:50:46","modified_gmt":"2024-08-19T20:50:46","slug":"gestao-2","status":"publish","type":"page","link":"https:\/\/curso-wp.ufpel.edu.br\/sandrobortolazzo\/gestao-2\/","title":{"rendered":"Gest\u00e3o"},"content":{"rendered":"<div id=\"pl-462\"  class=\"panel-layout\" ><div id=\"pg-462-0\"  class=\"panel-grid panel-no-style\" ><div id=\"pgc-462-0-0\"  class=\"panel-grid-cell\" ><div id=\"panel-462-0-0-0\" class=\"so-panel widget widget_sow-accordion panel-first-child panel-last-child\" data-index=\"0\" ><div\n\t\t\t\n\t\t\tclass=\"so-widget-sow-accordion so-widget-sow-accordion-default-d9295f5bfa93-462\"\n\t\t\t\n\t\t><div>\n\t<div class=\"sow-accordion\">\n\t\t\t<div class=\"sow-accordion-panel\n\t\t\t\t\"\n\t\t\tdata-anchor-id=\"coordenacao\">\n\t\t\t\t<div class=\"sow-accordion-panel-header-container\" role=\"heading\" aria-level=\"2\">\n\t\t\t\t\t<div class=\"sow-accordion-panel-header\" tabindex=\"0\" role=\"button\" id=\"accordion-label-coordena%c3%a7%c3%a3o\" aria-controls=\"accordion-content-coordena%c3%a7%c3%a3o\" aria-expanded=\"false\">\n\t\t\t\t\t\t<div class=\"sow-accordion-title sow-accordion-title-icon-left\">\n\t\t\t\t\t\t\t\t\t\t\t\t\t\tCoordena\u00e7\u00e3o\t\t\t\t\t\t\t\t\t\t\t\t\t<\/div>\n\t\t\t\t\t\t<div class=\"sow-accordion-open-close-button\">\n\t\t\t\t\t\t\t<div class=\"sow-accordion-open-button\">\n\t\t\t\t\t\t\t\t<span class=\"sow-icon-ionicons\" data-sow-icon=\"&#xf218;\"\n\t\t \n\t\taria-hidden=\"true\"><\/span>\t\t\t\t\t\t\t<\/div>\n\t\t\t\t\t\t\t<div class=\"sow-accordion-close-button\">\n\t\t\t\t\t\t\t\t<span class=\"sow-icon-ionicons\" data-sow-icon=\"&#xf209;\"\n\t\t \n\t\taria-hidden=\"true\"><\/span>\t\t\t\t\t\t\t<\/div>\n\t\t\t\t\t\t<\/div>\n\t\t\t\t\t<\/div>\n\t\t\t\t<\/div>\n\n\t\t\t<div\n\t\t\t\tclass=\"sow-accordion-panel-content\"\n\t\t\t\trole=\"region\"\n\t\t\t\taria-labelledby=\"accordion-label-coordena%c3%a7%c3%a3o\"\n\t\t\t\tid=\"accordion-content-coordena%c3%a7%c3%a3o\"\n\t\t\t\tstyle=\"display: none;\"\t\t\t>\n\t\t\t\t<div class=\"sow-accordion-panel-border\">\n\t\t\t\t\t<p><span style=\"font-size: 12pt\"><strong><span style=\"font-family: helvetica, arial, sans-serif\">Coordenadora de Curso de P\u00f3s-Gradua\u00e7\u00e3o<br \/>\n<\/span><\/strong><\/span><span style=\"font-size: 12pt\"><a href=\"https:\/\/institucional.ufpel.edu.br\/servidores\/id\/25882\" target=\"_blank\" rel=\"noopener\">Georgina Helena Xavier Lima<\/a><\/span><\/p>\n<p><span style=\"font-size: 12pt\"><strong><span style=\"font-family: helvetica, arial, sans-serif\">Coordenador de Curso de P\u00f3s-Gradua\u00e7\u00e3o Substituto<br \/>\n<\/span><\/strong><\/span><span style=\"font-family: helvetica, arial, sans-serif;font-size: 12pt\"><a href=\"https:\/\/institucional.ufpel.edu.br\/servidores\/id\/170278\" target=\"_blank\" rel=\"noopener\">Marcio Caetano<\/a><\/span><\/p>\n\t\t\t\t<\/div>\n\t\t\t<\/div>\n\t\t<\/div>\n\t\t\t<div class=\"sow-accordion-panel\n\t\t\t\t\"\n\t\t\tdata-anchor-id=\"secretaria\">\n\t\t\t\t<div class=\"sow-accordion-panel-header-container\" role=\"heading\" aria-level=\"2\">\n\t\t\t\t\t<div class=\"sow-accordion-panel-header\" tabindex=\"0\" role=\"button\" id=\"accordion-label-secretaria\" aria-controls=\"accordion-content-secretaria\" aria-expanded=\"false\">\n\t\t\t\t\t\t<div class=\"sow-accordion-title sow-accordion-title-icon-left\">\n\t\t\t\t\t\t\t\t\t\t\t\t\t\tSecretaria\t\t\t\t\t\t\t\t\t\t\t\t\t<\/div>\n\t\t\t\t\t\t<div class=\"sow-accordion-open-close-button\">\n\t\t\t\t\t\t\t<div class=\"sow-accordion-open-button\">\n\t\t\t\t\t\t\t\t<span class=\"sow-icon-ionicons\" data-sow-icon=\"&#xf218;\"\n\t\t \n\t\taria-hidden=\"true\"><\/span>\t\t\t\t\t\t\t<\/div>\n\t\t\t\t\t\t\t<div class=\"sow-accordion-close-button\">\n\t\t\t\t\t\t\t\t<span class=\"sow-icon-ionicons\" data-sow-icon=\"&#xf209;\"\n\t\t \n\t\taria-hidden=\"true\"><\/span>\t\t\t\t\t\t\t<\/div>\n\t\t\t\t\t\t<\/div>\n\t\t\t\t\t<\/div>\n\t\t\t\t<\/div>\n\n\t\t\t<div\n\t\t\t\tclass=\"sow-accordion-panel-content\"\n\t\t\t\trole=\"region\"\n\t\t\t\taria-labelledby=\"accordion-label-secretaria\"\n\t\t\t\tid=\"accordion-content-secretaria\"\n\t\t\t\tstyle=\"display: none;\"\t\t\t>\n\t\t\t\t<div class=\"sow-accordion-panel-border\">\n\t\t\t\t\t<p><span style=\"font-family: helvetica, arial, sans-serif;font-size: 12pt\"><strong>Servidor T\u00e9cnico Administrativo em Educa\u00e7\u00e3o<br \/>\n<\/strong><\/span><span style=\"font-family: helvetica, arial, sans-serif;font-size: 12pt\"><a href=\"https:\/\/institucional.ufpel.edu.br\/servidores\/id\/17209\" target=\"_blank\" rel=\"noopener\">Guilherme Santos Machado<\/a> <\/span><\/p>\n<p><strong>Servidor T\u00e9cnico Administrativo em Educa\u00e7\u00e3o<br \/>\n<\/strong><a href=\"https:\/\/institucional.ufpel.edu.br\/servidores\/id\/35190\">Juliano Melo<\/a><\/p>\n<p><strong>\u00a0<\/strong><strong>Bolsista BDU<br \/>\n<\/strong>Taiane Feij\u00f3 Ricardo<\/p>\n\t\t\t\t<\/div>\n\t\t\t<\/div>\n\t\t<\/div>\n\t\t\t<div class=\"sow-accordion-panel\n\t\t\t\t\"\n\t\t\tdata-anchor-id=\"colegiado\">\n\t\t\t\t<div class=\"sow-accordion-panel-header-container\" role=\"heading\" aria-level=\"2\">\n\t\t\t\t\t<div class=\"sow-accordion-panel-header\" tabindex=\"0\" role=\"button\" id=\"accordion-label-colegiado\" aria-controls=\"accordion-content-colegiado\" aria-expanded=\"false\">\n\t\t\t\t\t\t<div class=\"sow-accordion-title sow-accordion-title-icon-left\">\n\t\t\t\t\t\t\t\t\t\t\t\t\t\tColegiado\t\t\t\t\t\t\t\t\t\t\t\t\t<\/div>\n\t\t\t\t\t\t<div class=\"sow-accordion-open-close-button\">\n\t\t\t\t\t\t\t<div class=\"sow-accordion-open-button\">\n\t\t\t\t\t\t\t\t<span class=\"sow-icon-ionicons\" data-sow-icon=\"&#xf218;\"\n\t\t \n\t\taria-hidden=\"true\"><\/span>\t\t\t\t\t\t\t<\/div>\n\t\t\t\t\t\t\t<div class=\"sow-accordion-close-button\">\n\t\t\t\t\t\t\t\t<span class=\"sow-icon-ionicons\" data-sow-icon=\"&#xf209;\"\n\t\t \n\t\taria-hidden=\"true\"><\/span>\t\t\t\t\t\t\t<\/div>\n\t\t\t\t\t\t<\/div>\n\t\t\t\t\t<\/div>\n\t\t\t\t<\/div>\n\n\t\t\t<div\n\t\t\t\tclass=\"sow-accordion-panel-content\"\n\t\t\t\trole=\"region\"\n\t\t\t\taria-labelledby=\"accordion-label-colegiado\"\n\t\t\t\tid=\"accordion-content-colegiado\"\n\t\t\t\tstyle=\"display: none;\"\t\t\t>\n\t\t\t\t<div class=\"sow-accordion-panel-border\">\n\t\t\t\t\t<p><span style=\"font-family: helvetica, arial, sans-serif;font-size: 12pt\"><strong>Coordenadora<br \/>\n<\/strong><\/span><span style=\"font-family: helvetica, arial, sans-serif;font-size: 12pt\"><a href=\"https:\/\/institucional.ufpel.edu.br\/servidores\/id\/25882\" target=\"_blank\" rel=\"noopener\">Georgina Helena Xavier Lima<\/a>\u00a0<\/span><\/p>\n<p><span style=\"font-family: helvetica, arial, sans-serif;font-size: 12pt\"><strong>Coordenador Adjunto<br \/>\n<\/strong><\/span><span style=\"font-family: helvetica, arial, sans-serif;font-size: 12pt\"><a href=\"https:\/\/institucional.ufpel.edu.br\/servidores\/id\/170278\">Marcio Caetano<\/a>\u00a0<\/span><\/p>\n<p><span style=\"font-family: helvetica, arial, sans-serif;font-size: 12pt\"><strong>Coordenadores de Linha<br \/>\n<\/strong><\/span><span style=\"font-family: helvetica, arial, sans-serif;font-size: 12pt\">Linha de Pesquisa I - <a href=\"https:\/\/institucional.ufpel.edu.br\/servidores\/id\/23685\">Neiva Afonso Oliveira<\/a><br \/>\n<\/span><span style=\"font-family: helvetica, arial, sans-serif;font-size: 12pt\">Linha de Pesquisa II - <a href=\"https:\/\/institucional.ufpel.edu.br\/servidores\/id\/134867\">Siglia Pimentel Hoher Camargo<\/a><br \/>\n<\/span><span style=\"font-family: helvetica, arial, sans-serif;font-size: 12pt\">Linha de Pesquisa III - <a href=\"https:\/\/institucional.ufpel.edu.br\/servidores\/id\/61991\">Mara Rejane Vieira Os\u00f3rio<\/a><br \/>\n<\/span><span style=\"font-family: helvetica, arial, sans-serif;font-size: 12pt\">Linha de Pesquisa IV - <a href=\"https:\/\/institucional.ufpel.edu.br\/servidores\/id\/64000\">Maiane Liana Hatschbach Ourique<\/a><br \/>\n<\/span><span style=\"font-family: helvetica, arial, sans-serif;font-size: 12pt\">Linha de Pesquisa V - <a href=\"https:\/\/institucional.ufpel.edu.br\/servidores\/id\/23746\">Madalena Klein<\/a>\u00a0<\/span><\/p>\n<p><strong>Representante T\u00e9cnico Administrativo<br \/>\n<\/strong><a href=\"https:\/\/institucional.ufpel.edu.br\/servidores\/id\/17209\">Guilherme Santos Machado<\/a><\/p>\n<p><span style=\"font-family: helvetica, arial, sans-serif;font-size: 12pt\"><strong>Representante discente do Doutorado<br \/>\n<\/strong><\/span><span style=\"font-family: helvetica, arial, sans-serif;font-size: 12pt\">Juliana Marques de Farias<br \/>\n<\/span><span style=\"font-family: helvetica, arial, sans-serif;font-size: 12pt\">Mar\u00edlia Cl\u00e1udia Favreto Si\u00f1ani (suplente)<\/span><\/p>\n<p><span style=\"font-family: helvetica, arial, sans-serif;font-size: 12pt\"><strong>Representante discente do Mestrado<br \/>\n<\/strong><\/span><span style=\"font-family: helvetica, arial, sans-serif;font-size: 12pt\">Adriana da Silva Ferreira<br \/>\n<\/span><span style=\"font-family: helvetica, arial, sans-serif;font-size: 12pt\">Vanessa Ramos de Oliveira Souza (suplente)\u00a0<\/span><\/p>\n<p><span style=\"font-family: helvetica, arial, sans-serif;font-size: 12pt\"><strong>Representante de CD<br \/>\n<\/strong><\/span><span style=\"font-family: helvetica, arial, sans-serif;font-size: 12pt\"><a href=\"https:\/\/institucional.ufpel.edu.br\/servidores\/id\/22430\">\u00c1lvaro Luiz Moreira Hyp\u00f3lito<\/a>\u00a0<\/span><\/p>\n\t\t\t\t<\/div>\n\t\t\t<\/div>\n\t\t<\/div>\n\t\t\t<div class=\"sow-accordion-panel\n\t\t\t\t\"\n\t\t\tdata-anchor-id=\"comissoes\">\n\t\t\t\t<div class=\"sow-accordion-panel-header-container\" role=\"heading\" aria-level=\"2\">\n\t\t\t\t\t<div class=\"sow-accordion-panel-header\" tabindex=\"0\" role=\"button\" id=\"accordion-label-comiss%c3%b5es\" aria-controls=\"accordion-content-comiss%c3%b5es\" aria-expanded=\"false\">\n\t\t\t\t\t\t<div class=\"sow-accordion-title sow-accordion-title-icon-left\">\n\t\t\t\t\t\t\t\t\t\t\t\t\t\tComiss\u00f5es\t\t\t\t\t\t\t\t\t\t\t\t\t<\/div>\n\t\t\t\t\t\t<div class=\"sow-accordion-open-close-button\">\n\t\t\t\t\t\t\t<div class=\"sow-accordion-open-button\">\n\t\t\t\t\t\t\t\t<span class=\"sow-icon-ionicons\" data-sow-icon=\"&#xf218;\"\n\t\t \n\t\taria-hidden=\"true\"><\/span>\t\t\t\t\t\t\t<\/div>\n\t\t\t\t\t\t\t<div class=\"sow-accordion-close-button\">\n\t\t\t\t\t\t\t\t<span class=\"sow-icon-ionicons\" data-sow-icon=\"&#xf209;\"\n\t\t \n\t\taria-hidden=\"true\"><\/span>\t\t\t\t\t\t\t<\/div>\n\t\t\t\t\t\t<\/div>\n\t\t\t\t\t<\/div>\n\t\t\t\t<\/div>\n\n\t\t\t<div\n\t\t\t\tclass=\"sow-accordion-panel-content\"\n\t\t\t\trole=\"region\"\n\t\t\t\taria-labelledby=\"accordion-label-comiss%c3%b5es\"\n\t\t\t\tid=\"accordion-content-comiss%c3%b5es\"\n\t\t\t\tstyle=\"display: none;\"\t\t\t>\n\t\t\t\t<div class=\"sow-accordion-panel-border\">\n\t\t\t\t\t<p style=\"text-align: left\"><span style=\"font-family: helvetica, arial, sans-serif;font-size: 12pt\"><strong>Comiss\u00e3o de Bolsa<br \/>\n<\/strong><\/span><span style=\"font-family: helvetica, arial, sans-serif;font-size: 12pt\"><a href=\"https:\/\/institucional.ufpel.edu.br\/servidores\/id\/1518\">Andressa Aita Ivo<\/a><br \/>\n<\/span><span style=\"font-family: helvetica, arial, sans-serif\"><span style=\"font-size: 12pt\"><a href=\"https:\/\/institucional.ufpel.edu.br\/servidores\/id\/63945\">Andrisa Kemel Zanella<\/a><br \/>\n<\/span><\/span><span style=\"font-family: helvetica, arial, sans-serif;font-size: 12pt\"><a href=\"https:\/\/institucional.ufpel.edu.br\/servidores\/id\/63945\">Caroline Terra de Oliveira<\/a><br \/>\n<\/span><span style=\"font-family: helvetica, arial, sans-serif;font-size: 12pt\"><a href=\"https:\/\/institucional.ufpel.edu.br\/servidores\/id\/149463\">Fernando Cezar Ripe da Cruz<\/a><br \/>\n<\/span><span style=\"font-family: helvetica, arial, sans-serif;font-size: 12pt\"><a href=\"https:\/\/institucional.ufpel.edu.br\/servidores\/id\/25882\">Georgina Helena Xavier Lima<\/a><br \/>\n<a href=\"https:\/\/institucional.ufpel.edu.br\/servidores\/id\/25363\">L\u00edgia Cardoso Carlos<\/a><br \/>\n<\/span><span style=\"font-family: helvetica, arial, sans-serif;font-size: 12pt\"><span style=\"font-weight: 400\">Sabino Tobana Intanqu\u00ea (representante discente do Doutorado)<br \/>\n<\/span><\/span><span style=\"font-family: helvetica, arial, sans-serif;font-size: 12pt\"><span style=\"font-weight: 400\">Eliada Mayara Cardoso da Silva Alves (representante discente do Mestrado)<br \/>\n<\/span><\/span><span style=\"font-family: helvetica, arial, sans-serif;font-size: 12pt\"><span style=\"font-weight: 400\">Annelise Costa de Jesus (representante discente do Mestrado)<\/span><\/span><\/p>\n<p style=\"text-align: left\"><span style=\"font-family: helvetica, arial, sans-serif;font-size: 12pt\"><strong>Comissa\u0303o Permanente de Autoavaliac\u0327a\u0303o do PPGE<br \/>\n<\/strong><\/span><span style=\"font-family: helvetica, arial, sans-serif;font-size: 12pt\"><a href=\"https:\/\/institucional.ufpel.edu.br\/servidores\/id\/30671\">Marta N\u00f6rnberg<\/a><br \/>\n<\/span><span style=\"font-family: helvetica, arial, sans-serif;font-size: 12pt\"><a href=\"https:\/\/institucional.ufpel.edu.br\/servidores\/id\/32670\">Patr\u00edcia Weiduschadt<\/a><br \/>\n<\/span><span style=\"font-family: helvetica, arial, sans-serif;font-size: 12pt\"><a href=\"https:\/\/institucional.ufpel.edu.br\/servidores\/id\/134867\">Siglia Pimentel Hoher Camargo<\/a><br \/>\n<a href=\"https:\/\/institucional.ufpel.edu.br\/servidores\/id\/162289\">Aline Accorssi<\/a><br \/>\n<\/span><a href=\"https:\/\/institucional.ufpel.edu.br\/servidores\/id\/24432\">Maria Manuela Alves Garcia<\/a><\/p>\n<p style=\"text-align: left\"><span style=\"font-family: helvetica, arial, sans-serif\"><strong><span style=\"font-size: 12pt\">Comissa\u0303o de Selec\u0327a\u0303o<br \/>\n<\/span><\/strong><\/span><span style=\"font-family: helvetica, arial, sans-serif;font-size: 12pt\"><a href=\"https:\/\/institucional.ufpel.edu.br\/servidores\/id\/63945\">Andrisa Kemel Zanella<\/a><br \/>\n<\/span><span style=\"font-family: helvetica, arial, sans-serif;font-size: 12pt\"><a href=\"https:\/\/institucional.ufpel.edu.br\/servidores\/id\/149463\">Fernando Cezar Ripe da Cruz<\/a><br \/>\n<\/span><span style=\"font-family: helvetica, arial, sans-serif;font-size: 12pt\"><a href=\"https:\/\/institucional.ufpel.edu.br\/servidores\/id\/23537\">Maria de F\u00e1tima C\u00f3ssio<\/a><br \/>\n<\/span><span style=\"font-family: helvetica, arial, sans-serif;font-size: 12pt\"><a href=\"https:\/\/institucional.ufpel.edu.br\/servidores\/id\/76519\">Simone Gon\u00e7alves da Silva<\/a><br \/>\n<a href=\"https:\/\/institucional.ufpel.edu.br\/servidores\/id\/162289\">Aline Accorssi<\/a><br \/>\n<\/span><\/p>\n\t\t\t\t<\/div>\n\t\t\t<\/div>\n\t\t<\/div>\n\t\t<\/div>\n<\/div>\n<\/div><\/div><\/div><\/div><\/div>","protected":false},"excerpt":{"rendered":"<p>Coordena\u00e7\u00e3o Coordenadora de Curso de P\u00f3s-Gradua\u00e7\u00e3o Georgina Helena Xavier Lima Coordenador de Curso de P\u00f3s-Gradua\u00e7\u00e3o Substituto Marcio Caetano Secretaria Servidor T\u00e9cnico Administrativo em Educa\u00e7\u00e3o Guilherme Santos Machado Servidor T\u00e9cnico Administrativo em Educa\u00e7\u00e3o Juliano Melo \u00a0Bolsista BDU Taiane Feij\u00f3 Ricardo Colegiado Coordenadora Georgina Helena Xavier Lima\u00a0 Coordenador Adjunto Marcio Caetano\u00a0 Coordenadores de Linha Linha de Pesquisa [&hellip;]<\/p>\n","protected":false},"author":162,"featured_media":0,"parent":0,"menu_order":0,"comment_status":"closed","ping_status":"closed","template":"page-sem-sidebar.php","meta":{"footnotes":""},"class_list":["post-462","page","type-page","status-publish","hentry"],"_links":{"self":[{"href":"https:\/\/curso-wp.ufpel.edu.br\/sandrobortolazzo\/wp-json\/wp\/v2\/pages\/462","targetHints":{"allow":["GET"]}}],"collection":[{"href":"https:\/\/curso-wp.ufpel.edu.br\/sandrobortolazzo\/wp-json\/wp\/v2\/pages"}],"about":[{"href":"https:\/\/curso-wp.ufpel.edu.br\/sandrobortolazzo\/wp-json\/wp\/v2\/types\/page"}],"author":[{"embeddable":true,"href":"https:\/\/curso-wp.ufpel.edu.br\/sandrobortolazzo\/wp-json\/wp\/v2\/users\/162"}],"replies":[{"embeddable":true,"href":"https:\/\/curso-wp.ufpel.edu.br\/sandrobortolazzo\/wp-json\/wp\/v2\/comments?post=462"}],"version-history":[{"count":4,"href":"https:\/\/curso-wp.ufpel.edu.br\/sandrobortolazzo\/wp-json\/wp\/v2\/pages\/462\/revisions"}],"predecessor-version":[{"id":3710,"href":"https:\/\/curso-wp.ufpel.edu.br\/sandrobortolazzo\/wp-json\/wp\/v2\/pages\/462\/revisions\/3710"}],"wp:attachment":[{"href":"https:\/\/curso-wp.ufpel.edu.br\/sandrobortolazzo\/wp-json\/wp\/v2\/media?parent=462"}],"curies":[{"name":"wp","href":"https:\/\/api.w.org\/{rel}","templated":true}]}}