{"id":463,"date":"2024-05-03T00:00:52","date_gmt":"2024-05-03T03:00:52","guid":{"rendered":"https:\/\/curso-wp.ufpel.edu.br\/ppgeteste\/?page_id=86"},"modified":"2024-08-19T19:34:42","modified_gmt":"2024-08-19T22:34:42","slug":"estrutura-curricular-2","status":"publish","type":"page","link":"https:\/\/curso-wp.ufpel.edu.br\/sandrobortolazzo\/estrutura-curricular-2\/","title":{"rendered":"Estrutura Curricular"},"content":{"rendered":"<div id=\"pl-463\"  class=\"panel-layout\" ><div id=\"pg-463-0\"  class=\"panel-grid panel-no-style\" ><div id=\"pgc-463-0-0\"  class=\"panel-grid-cell\" ><div id=\"panel-463-0-0-0\" class=\"so-panel widget widget_sow-accordion panel-first-child panel-last-child\" data-index=\"0\" ><div\n\t\t\t\n\t\t\tclass=\"so-widget-sow-accordion so-widget-sow-accordion-default-d9295f5bfa93-463\"\n\t\t\t\n\t\t><div>\n\t<div class=\"sow-accordion\">\n\t\t\t<div class=\"sow-accordion-panel\n\t\t\t\t\"\n\t\t\tdata-anchor-id=\"mestrado\">\n\t\t\t\t<div class=\"sow-accordion-panel-header-container\" role=\"heading\" aria-level=\"2\">\n\t\t\t\t\t<div class=\"sow-accordion-panel-header\" tabindex=\"0\" role=\"button\" id=\"accordion-label-mestrado\" aria-controls=\"accordion-content-mestrado\" aria-expanded=\"false\">\n\t\t\t\t\t\t<div class=\"sow-accordion-title sow-accordion-title-icon-left\">\n\t\t\t\t\t\t\t\t\t\t\t\t\t\tMestrado\t\t\t\t\t\t\t\t\t\t\t\t\t<\/div>\n\t\t\t\t\t\t<div class=\"sow-accordion-open-close-button\">\n\t\t\t\t\t\t\t<div class=\"sow-accordion-open-button\">\n\t\t\t\t\t\t\t\t<span class=\"sow-icon-ionicons\" data-sow-icon=\"&#xf218;\"\n\t\t \n\t\taria-hidden=\"true\"><\/span>\t\t\t\t\t\t\t<\/div>\n\t\t\t\t\t\t\t<div class=\"sow-accordion-close-button\">\n\t\t\t\t\t\t\t\t<span class=\"sow-icon-ionicons\" data-sow-icon=\"&#xf209;\"\n\t\t \n\t\taria-hidden=\"true\"><\/span>\t\t\t\t\t\t\t<\/div>\n\t\t\t\t\t\t<\/div>\n\t\t\t\t\t<\/div>\n\t\t\t\t<\/div>\n\n\t\t\t<div\n\t\t\t\tclass=\"sow-accordion-panel-content\"\n\t\t\t\trole=\"region\"\n\t\t\t\taria-labelledby=\"accordion-label-mestrado\"\n\t\t\t\tid=\"accordion-content-mestrado\"\n\t\t\t\tstyle=\"display: none;\"\t\t\t>\n\t\t\t\t<div class=\"sow-accordion-panel-border\">\n\t\t\t\t\t<p>A proposta curricular do Curso de Mestrado inclui a integraliza\u00e7\u00e3o de 24 cr\u00e9ditos e a defesa de uma disserta\u00e7\u00e3o, em um per\u00edodo m\u00e1ximo de 24 meses.<br \/>\nOs cr\u00e9ditos podem ser realizados em tr\u00eas semestres letivos;<br \/>\nPara a defesa da Disserta\u00e7\u00e3o de Mestrado, os cr\u00e9ditos devem estar conclu\u00eddos;<br \/>\n\u00c9 prevista a realiza\u00e7\u00e3o de um Exame de Qualifica\u00e7\u00e3o da pesquisa, em at\u00e9 15 meses de curso;<br \/>\nH\u00e1 exig\u00eancia de profici\u00eancia em uma L\u00edngua Estrangeira (Ingl\u00eas, Franc\u00eas ou Espanhol).<\/p>\n\t\t\t\t<\/div>\n\t\t\t<\/div>\n\t\t<\/div>\n\t\t\t<div class=\"sow-accordion-panel\n\t\t\t\t\"\n\t\t\tdata-anchor-id=\"doutorado\">\n\t\t\t\t<div class=\"sow-accordion-panel-header-container\" role=\"heading\" aria-level=\"2\">\n\t\t\t\t\t<div class=\"sow-accordion-panel-header\" tabindex=\"0\" role=\"button\" id=\"accordion-label-doutorado\" aria-controls=\"accordion-content-doutorado\" aria-expanded=\"false\">\n\t\t\t\t\t\t<div class=\"sow-accordion-title sow-accordion-title-icon-left\">\n\t\t\t\t\t\t\t\t\t\t\t\t\t\tDoutorado\t\t\t\t\t\t\t\t\t\t\t\t\t<\/div>\n\t\t\t\t\t\t<div class=\"sow-accordion-open-close-button\">\n\t\t\t\t\t\t\t<div class=\"sow-accordion-open-button\">\n\t\t\t\t\t\t\t\t<span class=\"sow-icon-ionicons\" data-sow-icon=\"&#xf218;\"\n\t\t \n\t\taria-hidden=\"true\"><\/span>\t\t\t\t\t\t\t<\/div>\n\t\t\t\t\t\t\t<div class=\"sow-accordion-close-button\">\n\t\t\t\t\t\t\t\t<span class=\"sow-icon-ionicons\" data-sow-icon=\"&#xf209;\"\n\t\t \n\t\taria-hidden=\"true\"><\/span>\t\t\t\t\t\t\t<\/div>\n\t\t\t\t\t\t<\/div>\n\t\t\t\t\t<\/div>\n\t\t\t\t<\/div>\n\n\t\t\t<div\n\t\t\t\tclass=\"sow-accordion-panel-content\"\n\t\t\t\trole=\"region\"\n\t\t\t\taria-labelledby=\"accordion-label-doutorado\"\n\t\t\t\tid=\"accordion-content-doutorado\"\n\t\t\t\tstyle=\"display: none;\"\t\t\t>\n\t\t\t\t<div class=\"sow-accordion-panel-border\">\n\t\t\t\t\t<p><span style=\"font-size: 12pt\">O Curso de Doutorado visa proporcionar uma forma\u00e7\u00e3o abrangente e flex\u00edvel aos novos pesquisadores e pesquisadoras, com a integraliza\u00e7\u00e3o de 48 cr\u00e9ditos, distribu\u00eddos da seguinte maneira:<\/span><br \/>\n<span style=\"font-size: 12pt\">- Cr\u00e9ditos provenientes do Curso de Mestrado: os doutorandos e doutorandas podem aproveitar at\u00e9 24 cr\u00e9ditos do seu curso de mestrado, mediante avalia\u00e7\u00e3o do Colegiado de Curso do Doutorado\/PPGE \u2013 UFPel. Alternativamente, podem realizar Leituras Dirigidas ou participar de Semin\u00e1rios Avan\u00e7ados oferecidos pelo PPGE - UFPel ou por outro programa de p\u00f3s-gradua\u00e7\u00e3o reconhecido pela CAPES.<\/span><\/p>\n<ul>\n<li><span style=\"font-size: 12pt\">12 cr\u00e9ditos obrigat\u00f3rios que o (a) doutorando (a) cumprir\u00e1 da seguinte forma:<\/span>\n<ul>\n<li><span style=\"font-size: 12pt\">Cr\u00e9ditos obrigat\u00f3rios: totalizando 12 cr\u00e9ditos, os doutorandos e doutorandas devem cumprir:<\/span>\n<ul>\n<li><span style=\"font-size: 12pt\">8 cr\u00e9ditos em Semin\u00e1rios de Pesquisa, sendo obrigat\u00f3rio para todos os estudantes de doutorado.<\/span><\/li>\n<li><span style=\"font-size: 12pt\">4 cr\u00e9ditos em Pr\u00e1ticas de Pesquisa, realizados na linha de pesquisa dos estudantes<\/span><\/li>\n<\/ul>\n<\/li>\n<\/ul>\n<\/li>\n<\/ul>\n<ul>\n<li><span style=\"font-size: 12pt\"><strong>Outros Cr\u00e9ditos:<\/strong> Os demais cr\u00e9ditos podem ser obtidos por meio de:<\/span>\n<ul>\n<li><span style=\"font-size: 12pt\">Semin\u00e1rios Avan\u00e7ados ofertados pelas diversas Linhas de Pesquisa do Curso ou cursados em outros programas de p\u00f3s-gradua\u00e7\u00e3o reconhecidos pela CAPES;<\/span><\/li>\n<li><span style=\"font-size: 12pt\">Leituras Dirigidas;<\/span><\/li>\n<li><span style=\"font-size: 12pt\">Publica\u00e7\u00e3o de ensaios ou artigos em peri\u00f3dicos nacionais ou internacionais indexados, com 1 cr\u00e9dito por ensaio\/artigo e um m\u00e1ximo de 3 cr\u00e9ditos ao longo do curso.<br \/>\n<\/span><\/li>\n<\/ul>\n<\/li>\n<li><span style=\"font-size: 12pt\">Profici\u00eancia em L\u00ednguas Estrangeiras:\u00a0\u00e9 exigida profici\u00eancia em duas l\u00ednguas estrangeiras, sendo permitido o aproveitamento de uma delas do per\u00edodo do mestrado<\/span><\/li>\n<li><span style=\"font-size: 12pt\">\u00c9 prevista a realiza\u00e7\u00e3o de um Exame de Qualifica\u00e7\u00e3o da pesquisa, em at\u00e9 27 meses de curso.<\/span><\/li>\n<\/ul>\n\t\t\t\t<\/div>\n\t\t\t<\/div>\n\t\t<\/div>\n\t\t<\/div>\n<\/div>\n<\/div><\/div><\/div><\/div><\/div>","protected":false},"excerpt":{"rendered":"<p>Mestrado A proposta curricular do Curso de Mestrado inclui a integraliza\u00e7\u00e3o de 24 cr\u00e9ditos e a defesa de uma disserta\u00e7\u00e3o, em um per\u00edodo m\u00e1ximo de 24 meses. Os cr\u00e9ditos podem ser realizados em tr\u00eas semestres letivos; Para a defesa da Disserta\u00e7\u00e3o de Mestrado, os cr\u00e9ditos devem estar conclu\u00eddos; \u00c9 prevista a realiza\u00e7\u00e3o de um Exame [&hellip;]<\/p>\n","protected":false},"author":162,"featured_media":0,"parent":0,"menu_order":0,"comment_status":"closed","ping_status":"closed","template":"page-sem-sidebar.php","meta":{"footnotes":""},"class_list":["post-463","page","type-page","status-publish","hentry"],"_links":{"self":[{"href":"https:\/\/curso-wp.ufpel.edu.br\/sandrobortolazzo\/wp-json\/wp\/v2\/pages\/463","targetHints":{"allow":["GET"]}}],"collection":[{"href":"https:\/\/curso-wp.ufpel.edu.br\/sandrobortolazzo\/wp-json\/wp\/v2\/pages"}],"about":[{"href":"https:\/\/curso-wp.ufpel.edu.br\/sandrobortolazzo\/wp-json\/wp\/v2\/types\/page"}],"author":[{"embeddable":true,"href":"https:\/\/curso-wp.ufpel.edu.br\/sandrobortolazzo\/wp-json\/wp\/v2\/users\/162"}],"replies":[{"embeddable":true,"href":"https:\/\/curso-wp.ufpel.edu.br\/sandrobortolazzo\/wp-json\/wp\/v2\/comments?post=463"}],"version-history":[{"count":6,"href":"https:\/\/curso-wp.ufpel.edu.br\/sandrobortolazzo\/wp-json\/wp\/v2\/pages\/463\/revisions"}],"predecessor-version":[{"id":3720,"href":"https:\/\/curso-wp.ufpel.edu.br\/sandrobortolazzo\/wp-json\/wp\/v2\/pages\/463\/revisions\/3720"}],"wp:attachment":[{"href":"https:\/\/curso-wp.ufpel.edu.br\/sandrobortolazzo\/wp-json\/wp\/v2\/media?parent=463"}],"curies":[{"name":"wp","href":"https:\/\/api.w.org\/{rel}","templated":true}]}}