{"id":615,"date":"2024-05-18T00:00:38","date_gmt":"2024-05-18T03:00:38","guid":{"rendered":"https:\/\/curso-wp.ufpel.edu.br\/sandrobortolazzo\/?page_id=615"},"modified":"2024-07-24T02:24:32","modified_gmt":"2024-07-24T05:24:32","slug":"selecao-de-alunos-regulares","status":"publish","type":"page","link":"https:\/\/curso-wp.ufpel.edu.br\/sandrobortolazzo\/selecao-de-alunos-regulares\/","title":{"rendered":"Sele\u00e7\u00e3o de Alunos Regulares"},"content":{"rendered":"<div id=\"pl-615\"  class=\"panel-layout\" ><div id=\"pg-615-0\"  class=\"panel-grid panel-no-style\" ><div id=\"pgc-615-0-0\"  class=\"panel-grid-cell\" ><div id=\"panel-615-0-0-0\" class=\"so-panel widget widget_sow-editor panel-first-child\" data-index=\"0\" ><div\n\t\t\t\n\t\t\tclass=\"so-widget-sow-editor so-widget-sow-editor-base\"\n\t\t\t\n\t\t>\n<div class=\"siteorigin-widget-tinymce textwidget\">\n\t<p>O Programa de P\u00f3s-Gradua\u00e7\u00e3o em Educa\u00e7\u00e3o \u2013 UFPel, divulga os seus editais de sele\u00e7\u00e3o de estudantes regulares (Mestrado &amp; Doutorado). S\u00e3o mais de 30 docentes divididos em 5 linhas de pesquisa que orientam investiga\u00e7\u00f5es nos mais variados temas que envolvem a educa\u00e7\u00e3o. O Programa conta com pol\u00edticas de acesso e perman\u00eancia de estudantes, a exemplo de cotas para as popula\u00e7\u00f5es ind\u00edgenas, negras, PCD\u2019s, travestis, transexuais e servidores\/as da UFPel; al\u00e9m de bolsas de estudo de mestrado e doutorado.<\/p>\n<\/div>\n<\/div><\/div><div id=\"panel-615-0-0-1\" class=\"so-panel widget widget_sow-accordion\" data-index=\"1\" ><div\n\t\t\t\n\t\t\tclass=\"so-widget-sow-accordion so-widget-sow-accordion-default-d9295f5bfa93-615\"\n\t\t\t\n\t\t><div>\n\t<div class=\"sow-accordion\">\n\t\t\t<div class=\"sow-accordion-panel\n\t\t\t\t\"\n\t\t\tdata-anchor-id=\"2024\">\n\t\t\t\t<div class=\"sow-accordion-panel-header-container\" role=\"heading\" aria-level=\"2\">\n\t\t\t\t\t<div class=\"sow-accordion-panel-header\" tabindex=\"0\" role=\"button\" id=\"accordion-label-2024\" aria-controls=\"accordion-content-2024\" aria-expanded=\"false\">\n\t\t\t\t\t\t<div class=\"sow-accordion-title sow-accordion-title-icon-left\">\n\t\t\t\t\t\t\t\t\t\t\t\t\t\t2024\t\t\t\t\t\t\t\t\t\t\t\t\t<\/div>\n\t\t\t\t\t\t<div class=\"sow-accordion-open-close-button\">\n\t\t\t\t\t\t\t<div class=\"sow-accordion-open-button\">\n\t\t\t\t\t\t\t\t<span class=\"sow-icon-ionicons\" data-sow-icon=\"&#xf218;\"\n\t\t \n\t\taria-hidden=\"true\"><\/span>\t\t\t\t\t\t\t<\/div>\n\t\t\t\t\t\t\t<div class=\"sow-accordion-close-button\">\n\t\t\t\t\t\t\t\t<span class=\"sow-icon-ionicons\" data-sow-icon=\"&#xf209;\"\n\t\t \n\t\taria-hidden=\"true\"><\/span>\t\t\t\t\t\t\t<\/div>\n\t\t\t\t\t\t<\/div>\n\t\t\t\t\t<\/div>\n\t\t\t\t<\/div>\n\n\t\t\t<div\n\t\t\t\tclass=\"sow-accordion-panel-content\"\n\t\t\t\trole=\"region\"\n\t\t\t\taria-labelledby=\"accordion-label-2024\"\n\t\t\t\tid=\"accordion-content-2024\"\n\t\t\t\tstyle=\"display: none;\"\t\t\t>\n\t\t\t\t<div class=\"sow-accordion-panel-border\">\n\t\t\t\t\t<p style=\"text-align: left\"><span style=\"font-size: 12pt;font-family: helvetica, arial, sans-serif\">+ <a href=\"https:\/\/wp.ufpel.edu.br\/ppge\/selecao-mestrado-2024\/\">Edital de Sele\u00e7\u00e3o \u2013 Mestrado 2024<\/a><br \/>\n<\/span><span style=\"font-size: 12pt;font-family: helvetica, arial, sans-serif\">+ <a href=\"https:\/\/wp.ufpel.edu.br\/ppge\/files\/2024\/04\/Mestrado.pdf\" class=\"mtli_attachment mtli_pdf\">\u00a0Listagem Preliminar de Inscri\u00e7\u00f5es \u2013\u00a0 Mestrado<\/a><br \/>\n<\/span><span style=\"font-size: 12pt;font-family: helvetica, arial, sans-serif\">(Per\u00edodo de Recurso \u2013 18 a 21\/04)<br \/>\n<\/span><span style=\"font-size: 12pt;font-family: helvetica, arial, sans-serif\">+ <a href=\"https:\/\/wp.ufpel.edu.br\/ppge\/files\/2024\/01\/Mestrado_deferido.pdf\" class=\"mtli_attachment mtli_pdf\">Inscri\u00e7\u00f5es Homologadas \u2013 MESTRADO<\/a><br \/>\n<\/span><span style=\"font-size: 12pt;font-family: helvetica, arial, sans-serif\">+ <a href=\"https:\/\/wp.ufpel.edu.br\/ppge\/files\/2024\/06\/SEIUFPel-2621104-Edital-de-Retificacao-mestrado.pdf\" class=\"mtli_attachment mtli_pdf\">SEI:UFPel \u2013 2621104 \u2013 Edital de Retificac\u0327a\u0303o-mestrado<\/a> (Novo Calend\u00e1rio)<\/span><\/p>\n<p style=\"text-align: left\"><span style=\"font-size: 12pt;font-family: helvetica, arial, sans-serif\">Prova no dia 28 de junho\/2024 \u2013 a\u0300s 14h, Salas 254, 255 e 256<br \/>\n<\/span><span style=\"font-size: 12pt;font-family: helvetica, arial, sans-serif\">Faculdade de Educac\u0327a\u0303o R. Cel. Alberto Rosa, 154 \u2013 Centro, Pelotas \u2013 RS<br \/>\n<\/span><span style=\"font-size: 12pt;font-family: helvetica, arial, sans-serif\">Todos dever\u00e3o estar presentes 30 minutos antes. Candidatos\/as PCD que necessitam atendimento especializado ter\u00e3o 1h adicional e dever\u00e3o indicar quando chegarem no local de prova aos\/\u00e0s docentes de monitoramento da sala<\/span><\/p>\n<p style=\"text-align: left\"><span style=\"font-size: 12pt;font-family: helvetica, arial, sans-serif\">+ <a href=\"https:\/\/wp.ufpel.edu.br\/ppge\/selecao-doutorado-2024\/\">Edital de Sele\u00e7\u00e3o \u2013 Doutorado 2024<\/a><br \/>\n<\/span><span style=\"font-size: 12pt;font-family: helvetica, arial, sans-serif\">+ <a href=\"https:\/\/wp.ufpel.edu.br\/ppge\/files\/2024\/01\/Doutorado.pdf\" class=\"mtli_attachment mtli_pdf\">Listagem Preliminar de Inscri\u00e7\u00f5es \u2013 Doutorado<\/a><br \/>\n<\/span><span style=\"font-size: 12pt;font-family: helvetica, arial, sans-serif\">(Per\u00edodo de Recurso \u2013 18 a 21\/04)<br \/>\n<\/span><span style=\"font-size: 12pt;font-family: helvetica, arial, sans-serif\">+ <a href=\"https:\/\/wp.ufpel.edu.br\/ppge\/files\/2024\/01\/SEI_UFPel-2602325-Despacho.pdf\" class=\"mtli_attachment mtli_pdf\">Inscri\u00e7\u00f5es Homologadas \u2013 DOUTORADO<\/a><br \/>\n<\/span><span style=\"font-size: 12pt;font-family: helvetica, arial, sans-serif\">+ <a href=\"https:\/\/wp.ufpel.edu.br\/ppge\/files\/2024\/06\/SEIUFPel-2621107-Edital-de-Retificacao-doutorado.pdf\" class=\"mtli_attachment mtli_pdf\">SEI:UFPel \u2013 2621107 \u2013 Edital de Retificac\u0327a\u0303o-doutorado<\/a>\u00a0(Novo Calend\u00e1rio)<\/span><\/p>\n\t\t\t\t<\/div>\n\t\t\t<\/div>\n\t\t<\/div>\n\t\t\t<div class=\"sow-accordion-panel\n\t\t\t\t\"\n\t\t\tdata-anchor-id=\"2023\">\n\t\t\t\t<div class=\"sow-accordion-panel-header-container\" role=\"heading\" aria-level=\"2\">\n\t\t\t\t\t<div class=\"sow-accordion-panel-header\" tabindex=\"0\" role=\"button\" id=\"accordion-label-2023\" aria-controls=\"accordion-content-2023\" aria-expanded=\"false\">\n\t\t\t\t\t\t<div class=\"sow-accordion-title sow-accordion-title-icon-left\">\n\t\t\t\t\t\t\t\t\t\t\t\t\t\t2023\t\t\t\t\t\t\t\t\t\t\t\t\t<\/div>\n\t\t\t\t\t\t<div class=\"sow-accordion-open-close-button\">\n\t\t\t\t\t\t\t<div class=\"sow-accordion-open-button\">\n\t\t\t\t\t\t\t\t<span class=\"sow-icon-ionicons\" data-sow-icon=\"&#xf218;\"\n\t\t \n\t\taria-hidden=\"true\"><\/span>\t\t\t\t\t\t\t<\/div>\n\t\t\t\t\t\t\t<div class=\"sow-accordion-close-button\">\n\t\t\t\t\t\t\t\t<span class=\"sow-icon-ionicons\" data-sow-icon=\"&#xf209;\"\n\t\t \n\t\taria-hidden=\"true\"><\/span>\t\t\t\t\t\t\t<\/div>\n\t\t\t\t\t\t<\/div>\n\t\t\t\t\t<\/div>\n\t\t\t\t<\/div>\n\n\t\t\t<div\n\t\t\t\tclass=\"sow-accordion-panel-content\"\n\t\t\t\trole=\"region\"\n\t\t\t\taria-labelledby=\"accordion-label-2023\"\n\t\t\t\tid=\"accordion-content-2023\"\n\t\t\t\tstyle=\"display: none;\"\t\t\t>\n\t\t\t\t<div class=\"sow-accordion-panel-border\">\n\t\t\t\t\t<p>Mestrado<br \/>\n+ <a href=\"https:\/\/wp.ufpel.edu.br\/ppge\/files\/2023\/02\/SEI_UFPel-2033263-Edital-de-selecao-PRPPG-MESTRADO.pdf\" class=\"mtli_attachment mtli_pdf\">EDITAL N\u00ba 23\/2023 \u2013 MESTRADO\u00a0<\/a><br \/>\n+ <a href=\"https:\/\/wp.ufpel.edu.br\/ppge\/files\/2023\/03\/edital-23-2023-mestrado-retificacao.pdf\" class=\"mtli_attachment mtli_pdf\">Retifica\u00e7\u00e3o Edtial 23\/2023<\/a><br \/>\n+ <a href=\"https:\/\/docs.google.com\/forms\/d\/e\/1FAIpQLSfe3HvD020SmWB3KdwhDCQ9udVmfYrujhHNq_X4CwBhfrXxLQ\/viewform?usp=sf_link\">FORMUL\u00c1RIO DE INSCRI\u00c7\u00c3O<\/a><br \/>\n+ Ficha de preenchimento para o curr\u00edculo documentado, <a href=\"https:\/\/wp.ufpel.edu.br\/ppge\/files\/2023\/03\/FICHA-CURRUCULO-MESTRADO.docx\">Acesse Aqui\u00a0<\/a><br \/>\n+ Guia de Recolhimento da Uni\u00e3o \u2013 GRU \u2013 <a href=\"http:\/\/consulta.tesouro.fazenda.gov.br\/gru_novosite\/gru_simples.asp\">Acesse Aqui<\/a><br \/>\n+ <a href=\"https:\/\/wp.ufpel.edu.br\/ppge\/files\/2023\/02\/COMPROVANTE-DE-PAGAMENTO-DA-INSCRICAO.docx\">COMPROVANTE DE PAGAMENTO DA INSCRI\u00c7\u00c3O<\/a><\/p>\n<p>Doutorado 2023\/2<br \/>\n+ <a href=\"https:\/\/wp.ufpel.edu.br\/ppge\/files\/2023\/02\/SEI_UFPel-2033282-Edital-de-selecao-PRPPG.pdf\" class=\"mtli_attachment mtli_pdf\">EDITAL N\u00ba 24\/2023 \u2013 DOUTORADO<\/a><br \/>\n+ <a href=\"https:\/\/wp.ufpel.edu.br\/ppge\/files\/2023\/03\/SEI_UFPel-2056401-Edital-de-Retificacao-PRPPG.pdf\" class=\"mtli_attachment mtli_pdf\">Retifica\u00e7\u00e3o Edital 24\/2023<\/a><br \/>\n<a href=\"https:\/\/docs.google.com\/forms\/d\/e\/1FAIpQLSdvdLA4mPUIcO82nxjHzEpDxC6cFpCCUq_tgxXg4cESOFUiAA\/viewform?usp=sf_link\">FORMUL\u00c1RIO DE INSCRI\u00c7\u00c3O<\/a>.<br \/>\n+ Ficha de preenchimento para o curr\u00edculo documentado,\u00a0<a href=\"https:\/\/wp.ufpel.edu.br\/ppge\/files\/2023\/03\/FICHA-CURRUCULO-DOUTORADO.docx\">Acesse Aqui<\/a><br \/>\n+ Guia de Recolhimento da Uni\u00e3o \u2013 GRU \u2013 <a href=\"http:\/\/consulta.tesouro.fazenda.gov.br\/gru_novosite\/gru_simples.asp\">Acesse Aqui<\/a><br \/>\n+ <a href=\"https:\/\/wp.ufpel.edu.br\/ppge\/files\/2023\/02\/COMPROVANTE-DE-PAGAMENTO-DA-INSCRICAO.docx\">COMPROVANTE DE PAGAMENTO DA INSCRI\u00c7\u00c3O<\/a><\/p>\n<p>Outros Documentos<br \/>\nA\u00e7\u00f5es Afirmativas<br \/>\nPara acesso pelas Vagas de pessoas Travestis e Transexuais:<br \/>\n<a href=\"https:\/\/wp.ufpel.edu.br\/ppge\/files\/2022\/03\/AUTODECLARACAO-DE-IDENTIDADE-TRANS.pdf\" class=\"mtli_attachment mtli_pdf\">AUTODECLARA\u00c7\u00c3O DE IDENTIDADE TRANS<\/a><\/p>\n<p>Para acesso pelas Vagas de Pessoas Negras:<br \/>\n<a href=\"https:\/\/wp.ufpel.edu.br\/ppge\/files\/2022\/03\/AUTODECLARACAO-ETNICO-RACIAL.pdf\" class=\"mtli_attachment mtli_pdf\">AUTODECLARA\u00c7\u00c3O \u00c9TNICO-RACIAL<\/a><\/p>\n<p>Para o acesso pelas Vagas para pessoas Ind\u00edgenas:<br \/>\n<a href=\"https:\/\/wp.ufpel.edu.br\/ppge\/files\/2022\/03\/AUTODECLARACAO-DO-CANDIDATO-ESTUDANTE-INDIGENA.pdf\" class=\"mtli_attachment mtli_pdf\">AUTODECLARA\u00c7\u00c3O DO CANDIDATO \u2013 ESTUDANTE IND\u00cdGENA<\/a><br \/>\n<a href=\"https:\/\/wp.ufpel.edu.br\/ppge\/files\/2022\/03\/DECLARACAO-DE-PERTENCIMENTO-ETNICO-PARA-ESTUDANTE-INDIGENA.pdf\" class=\"mtli_attachment mtli_pdf\">DECLARA\u00c7\u00c3O DE PERTENCIMENTO \u00c9TNICO PARA ESTUDANTE IND\u00cdGENA<\/a><\/p>\n<p>Para o acesso pelas Vagas para pessoas Quilombolas:<br \/>\n<a href=\"https:\/\/wp.ufpel.edu.br\/ppge\/files\/2022\/03\/AUTODECLARACAO-DO-CANDIDATO-%E2%80%93-ESTUDANTE-QUILOMBOLA.pdf\" class=\"mtli_attachment mtli_pdf\">AUTODECLARA\u00c7\u00c3O DO CANDIDATO \u2013 ESTUDANTE QUILOMBOLA<\/a><br \/>\n<a href=\"https:\/\/wp.ufpel.edu.br\/ppge\/files\/2022\/03\/DECLARACAO-DE-PERTENCIMENTO-ETNICO_PARA-ESTUDANTE-QUILOMBOLA.pdf\" class=\"mtli_attachment mtli_pdf\">DECLARA\u00c7\u00c3O DE PERTENCIMENTO \u00c9TNICO_PARA ESTUDANTE QUILOMBOLA<\/a><\/p>\n<p>Para o acesso pelas Vagas para Pessoas com Defici\u00eancia:<br \/>\nEncaminhar laudo m\u00e9dico com C\u00f3digo de Defici\u00eancia nos termos Classifica\u00e7\u00e3o Internacional de Doen\u00e7as \u2013 CID.<\/p>\n\t\t\t\t<\/div>\n\t\t\t<\/div>\n\t\t<\/div>\n\t\t\t<div class=\"sow-accordion-panel\n\t\t\t\t\"\n\t\t\tdata-anchor-id=\"2022\">\n\t\t\t\t<div class=\"sow-accordion-panel-header-container\" role=\"heading\" aria-level=\"2\">\n\t\t\t\t\t<div class=\"sow-accordion-panel-header\" tabindex=\"0\" role=\"button\" id=\"accordion-label-2022\" aria-controls=\"accordion-content-2022\" aria-expanded=\"false\">\n\t\t\t\t\t\t<div class=\"sow-accordion-title sow-accordion-title-icon-left\">\n\t\t\t\t\t\t\t\t\t\t\t\t\t\t2022\t\t\t\t\t\t\t\t\t\t\t\t\t<\/div>\n\t\t\t\t\t\t<div class=\"sow-accordion-open-close-button\">\n\t\t\t\t\t\t\t<div class=\"sow-accordion-open-button\">\n\t\t\t\t\t\t\t\t<span class=\"sow-icon-ionicons\" data-sow-icon=\"&#xf218;\"\n\t\t \n\t\taria-hidden=\"true\"><\/span>\t\t\t\t\t\t\t<\/div>\n\t\t\t\t\t\t\t<div class=\"sow-accordion-close-button\">\n\t\t\t\t\t\t\t\t<span class=\"sow-icon-ionicons\" data-sow-icon=\"&#xf209;\"\n\t\t \n\t\taria-hidden=\"true\"><\/span>\t\t\t\t\t\t\t<\/div>\n\t\t\t\t\t\t<\/div>\n\t\t\t\t\t<\/div>\n\t\t\t\t<\/div>\n\n\t\t\t<div\n\t\t\t\tclass=\"sow-accordion-panel-content\"\n\t\t\t\trole=\"region\"\n\t\t\t\taria-labelledby=\"accordion-label-2022\"\n\t\t\t\tid=\"accordion-content-2022\"\n\t\t\t\tstyle=\"display: none;\"\t\t\t>\n\t\t\t\t<div class=\"sow-accordion-panel-border\">\n\t\t\t\t\t<p style=\"text-align: left\">Mestrado<br \/>\n+ Edital de Sele\u00e7\u00e3o Estudantes Regulares 2022<br \/>\n+ <a href=\"https:\/\/wp.ufpel.edu.br\/ppge\/files\/2022\/03\/Edital-de-Selecao-053_2022_-MESTRADO-EM-EDUCACAO.pdf\" class=\"mtli_attachment mtli_pdf\">Edital de Sele\u00e7\u00e3o 053_2022_ MESTRADO EM EDUCA\u00c7\u00c3O<\/a><br \/>\n+ Per\u00edodo para inscri\u00e7\u00e3o: PRORROGADA\u00a0\u00a0AT\u00c9 29 DE ABRIL DE 2022<br \/>\n+ <a href=\"https:\/\/wp.ufpel.edu.br\/ppge\/files\/2022\/04\/EDITAL-RETIFICACAO-NOVO-CRONOGRAMA-1.pdf\" class=\"mtli_attachment mtli_pdf\">EDITAL RETIFICA\u00c7\u00c3O \u2013 NOVO CRONOGRAMA<\/a><br \/>\n+ Guia de Recolhimento da Uni\u00e3o \u2013 GRU \u2013 <a href=\"http:\/\/consulta.tesouro.fazenda.gov.br\/gru_novosite\/gru_simples.asp\">Acesse Aqui<\/a><\/p>\n<p style=\"text-align: left\">Formul\u00e1rio de Inscri\u00e7\u00e3o:<br \/>\nPara Candidatas\/os\u00a0 sem Gmail \u2013\u00a0<a href=\"https:\/\/forms.gle\/xvp95CC2bx9cobCa6\">https:\/\/forms.gle\/xvp95CC2bx9cobCa6<\/a><br \/>\nPara candidatas\/os com Gmail \u2013 <a href=\"https:\/\/forms.gle\/zaBE4kLCaVeafeJs5\">https:\/\/forms.gle\/zaBE4kLCaVeafeJs<\/a>5<\/p>\n<p style=\"text-align: left\">Resultado\u00a0 Parcial das Inscri\u00e7\u00f5es Edital 053\/2022 _ MESTRADO:<br \/>\n<a href=\"https:\/\/wp.ufpel.edu.br\/ppge\/files\/2022\/05\/INSCRICOES-DEFERIDAS.pdf\" class=\"mtli_attachment mtli_pdf\">INSCRI\u00c7\u00d5ES DEFERIDAS<\/a><br \/>\n<a href=\"https:\/\/wp.ufpel.edu.br\/ppge\/files\/2022\/05\/INSCRICOES-INDEFERIDAS.pdf\" class=\"mtli_attachment mtli_pdf\">INSCRI\u00c7\u00d5ES INDEFERIDAS<\/a><\/p>\n<p style=\"text-align: left\">Aqueles\/as que figuram na lista de\u00a0N\u00c3O\u00a0Homologados\/as e que desejam recorrer devem enviar e-mail para selecaoppgefae@gmail.com, at\u00e9 o dia (05\/05\/2022). No assunto do Email deve constar: recurso _Edital 053\/2022_ nome do\/a candidato\/a completo.\u00a0 O anexo do documento precisa ser nomeado com o tipo de documento e nome completo do\/a candidato\/a, ex: RG_Fulana_de_tal.<\/p>\n<p style=\"text-align: left\">Informamos, ainda, que na pr\u00f3xima sexta-feira (06\/05\/2022) divulgaremos aqui no site a lista com a homologa\u00e7\u00e3o final das inscri\u00e7\u00f5es.<\/p>\n<p style=\"text-align: left\">+ <a href=\"https:\/\/wp.ufpel.edu.br\/ppge\/files\/2022\/05\/RESULTADO-FINAL-DAS-INSCRICOES-EDITAL-053_2022_-MESTRADO.pdf\" class=\"mtli_attachment mtli_pdf\">RESULTADO FINAL DAS INSCRI\u00c7\u00d5ES EDITAL 053_2022_ MESTRADO<\/a><br \/>\n+ RESULTADO DA 1\u00ba ETAPA \u2013 EDITAL 53\/2022<\/p>\n<p style=\"text-align: left\">+ <a href=\"https:\/\/wp.ufpel.edu.br\/ppge\/files\/2022\/05\/Resultado_1_etapa_mestrado.pdf\" class=\"mtli_attachment mtli_pdf\">Resultado 1\u00ba etapa Mestrado<\/a><br \/>\n<a href=\"https:\/\/wp.ufpel.edu.br\/ppge\/2022\/05\/31\/segunda-etapa-da-selecao-de-alunos-regulares-editais-53-2022-e-54-2022-cronograma-da-defesa-oral\/\">CRONOGRAMA DA 2\u00ba ETAPA<\/a><br \/>\n<a href=\"https:\/\/wp.ufpel.edu.br\/ppge\/2022\/06\/29\/ppge-divulga-o-resultado-da-segunda-etapa-do-processo-seletivo-dos-editais-053-2022-e-054-2022\/\">Resultado 2\u00ba etapa Mestrado<\/a><\/p>\n<p style=\"text-align: left\">+ Resultado da 2\u00aa etapa:<br \/>\n<a href=\"https:\/\/wp.ufpel.edu.br\/ppge\/files\/2022\/06\/Segunda-etapa-Mestrado.pdf\" class=\"mtli_attachment mtli_pdf\">Segunda etapa Mestrado<\/a><br \/>\n<a href=\"https:\/\/wp.ufpel.edu.br\/ppge\/2022\/07\/06\/lista-de-aprovados-dos-processos-seletivos-053-2022-e-054-2022\/\">Lista de Aprovados<\/a><\/p>\n<hr \/>\n<p style=\"text-align: left\">Doutorado<br \/>\n+ <a href=\"https:\/\/wp.ufpel.edu.br\/ppge\/files\/2022\/03\/Edital-de-Selecao-054_2022_-DOUTORADO-EM-EDUCACAO.pdf\" class=\"mtli_attachment mtli_pdf\">Edital de Sele\u00e7\u00e3o \u2013 054\/2022<\/a><br \/>\nPer\u00edodo para inscri\u00e7\u00e3o: PRORROGADA AT\u00c9 28 DE ABRIL DE 2022<br \/>\n+ <a href=\"https:\/\/wp.ufpel.edu.br\/ppge\/files\/2022\/04\/Edital-de-Retificacao.pdf\" class=\"mtli_attachment mtli_pdf\">Edital de Retifica\u00e7\u00e3o \u2013 Altera\u00e7\u00e3o nas vagas<\/a><br \/>\n+ <a href=\"https:\/\/wp.ufpel.edu.br\/ppge\/files\/2022\/04\/EDITAL-DE-RETIFICACAO-NOVO-CRONOGRAMA.pdf\" class=\"mtli_attachment mtli_pdf\">Edital de Retifica\u00e7\u00e3o \u2013 Novo Cronograma<\/a><\/p>\n<p style=\"text-align: left\">INSCRI\u00c7\u00d5ES:<br \/>\nFormul\u00e1rio de Inscri\u00e7\u00e3o:<br \/>\nPara Candidatas\/os\u00a0 sem Gmail \u2013\u00a0<a href=\"https:\/\/forms.gle\/pkgp3xbaPh8WaGWX6\">https:\/\/forms.gle\/pkgp3xbaPh8WaGWX6<\/a><br \/>\nPara candidatas\/os com Gmail \u2013<a href=\"https:\/\/forms.gle\/MQoio78LC1x2D7uY6\">\u00a0https:\/\/forms.gle\/MQoio78LC1x2D7uY6<\/a><\/p>\n<p style=\"text-align: left\">+ <a href=\"https:\/\/wp.ufpel.edu.br\/ppge\/2022\/04\/29\/homologacao-parcial-das-inscricoes-para-o-doutorado\/\">Resultado\u00a0 Parcial das Inscri\u00e7\u00f5es<\/a><br \/>\n+ <a href=\"https:\/\/wp.ufpel.edu.br\/ppge\/2022\/05\/04\/homologacao-final-das-inscricoes-para-doutorado\/\">Resultado Final das Inscri\u00e7\u00f5es<\/a><br \/>\n+ <a href=\"https:\/\/wp.ufpel.edu.br\/ppge\/2022\/05\/24\/resultado-da-primeira-etapa-da-selecao-de-aluno-a-regular-mestrado-e-doutorado-editais-53-2022-e-54-2022\/\">Resultado da 1\u00ba Etapa<\/a><br \/>\n+ <a href=\"https:\/\/wp.ufpel.edu.br\/ppge\/2022\/05\/31\/segunda-etapa-da-selecao-de-alunos-regulares-editais-53-2022-e-54-2022-cronograma-da-defesa-oral\/\">Cronograma da 2\u00ba Etapa<\/a><br \/>\n+ <a href=\"https:\/\/wp.ufpel.edu.br\/ppge\/2022\/06\/29\/ppge-divulga-o-resultado-da-segunda-etapa-do-processo-seletivo-dos-editais-053-2022-e-054-2022\/\">Resultado da 2\u00ba Etapa<\/a><br \/>\n+ <a href=\"https:\/\/wp.ufpel.edu.br\/ppge\/2022\/07\/06\/lista-de-aprovados-dos-processos-seletivos-053-2022-e-054-2022\/\">Lista de Aprovados<\/a><\/p>\n<p style=\"text-align: left\">Outros Documentos:<br \/>\nPara acesso pelas Vagas de pessoas Travestis e Transexuais:<br \/>\n<a href=\"https:\/\/wp.ufpel.edu.br\/ppge\/files\/2022\/03\/AUTODECLARACAO-DE-IDENTIDADE-TRANS.pdf\" class=\"mtli_attachment mtli_pdf\">AUTODECLARA\u00c7\u00c3O DE IDENTIDADE TRANS<\/a><\/p>\n<p style=\"text-align: left\">Para acesso pelas Vagas de Pessoas Negras:<br \/>\n<a href=\"https:\/\/wp.ufpel.edu.br\/ppge\/files\/2022\/03\/AUTODECLARACAO-ETNICO-RACIAL.pdf\" class=\"mtli_attachment mtli_pdf\">AUTODECLARA\u00c7\u00c3O \u00c9TNICO-RACIAL<\/a><\/p>\n<p style=\"text-align: left\">Para o acesso pelas Vagas para pessoas Ind\u00edgenas:<br \/>\n<a href=\"https:\/\/wp.ufpel.edu.br\/ppge\/files\/2022\/03\/AUTODECLARACAO-DO-CANDIDATO-ESTUDANTE-INDIGENA.pdf\" class=\"mtli_attachment mtli_pdf\">AUTODECLARA\u00c7\u00c3O DO CANDIDATO \u2013 ESTUDANTE IND\u00cdGENA<\/a><br \/>\n<a href=\"https:\/\/wp.ufpel.edu.br\/ppge\/files\/2022\/03\/DECLARACAO-DE-PERTENCIMENTO-ETNICO-PARA-ESTUDANTE-INDIGENA.pdf\" class=\"mtli_attachment mtli_pdf\">DECLARA\u00c7\u00c3O DE PERTENCIMENTO \u00c9TNICO PARA ESTUDANTE IND\u00cdGENA<\/a><\/p>\n<p style=\"text-align: left\">Para o acesso pelas Vagas para pessoas Quilombolas:<br \/>\n<a href=\"https:\/\/wp.ufpel.edu.br\/ppge\/files\/2022\/03\/AUTODECLARACAO-DO-CANDIDATO-%E2%80%93-ESTUDANTE-QUILOMBOLA.pdf\" class=\"mtli_attachment mtli_pdf\">AUTODECLARA\u00c7\u00c3O DO CANDIDATO \u2013 ESTUDANTE QUILOMBOLA<\/a><br \/>\n<a href=\"https:\/\/wp.ufpel.edu.br\/ppge\/files\/2022\/03\/DECLARACAO-DE-PERTENCIMENTO-ETNICO_PARA-ESTUDANTE-QUILOMBOLA.pdf\" class=\"mtli_attachment mtli_pdf\">DECLARA\u00c7\u00c3O DE PERTENCIMENTO \u00c9TNICO_PARA ESTUDANTE QUILOMBOLA<\/a><\/p>\n<p style=\"text-align: left\">Para o acesso pelas Vagas para Pessoas com Defici\u00eancia:<br \/>\nEncaminhar laudo m\u00e9dico com C\u00f3digo de Defici\u00eancia nos termos Classifica\u00e7\u00e3o Internacional de Doen\u00e7as \u2013 CID.<\/p>\n\t\t\t\t<\/div>\n\t\t\t<\/div>\n\t\t<\/div>\n\t\t<\/div>\n<\/div>\n<\/div><\/div><div id=\"panel-615-0-0-2\" class=\"so-panel widget widget_sow-button panel-last-child\" data-index=\"2\" ><div\n\t\t\t\n\t\t\tclass=\"so-widget-sow-button so-widget-sow-button-flat-66466acb9e12-615\"\n\t\t\t\n\t\t><div class=\"ow-button-base ow-button-align-center\"\n>\n\t\t\t<a\n\t\t\t\t\thref=\"https:\/\/curso-wp.ufpel.edu.br\/sandrobortolazzo\/selecao-de-alunos-especiais\/\"\n\t\t\t\t\tclass=\"sowb-button ow-icon-placement-left ow-button-hover\" \t>\n\t\t<span>\n\t\t\t\n\t\t\tSele\u00e7\u00e3o de Alunos Especiais\t\t<\/span>\n\t\t\t<\/a>\n\t<\/div>\n<\/div><\/div><\/div><\/div><\/div>","protected":false},"excerpt":{"rendered":"<p>O Programa de P\u00f3s-Gradua\u00e7\u00e3o em Educa\u00e7\u00e3o \u2013 UFPel, divulga os seus editais de sele\u00e7\u00e3o de estudantes regulares (Mestrado &amp; Doutorado). S\u00e3o mais de 30 docentes divididos em 5 linhas de pesquisa que orientam investiga\u00e7\u00f5es nos mais variados temas que envolvem a educa\u00e7\u00e3o. O Programa conta com pol\u00edticas de acesso e perman\u00eancia de estudantes, a exemplo [&hellip;]<\/p>\n","protected":false},"author":162,"featured_media":0,"parent":0,"menu_order":0,"comment_status":"closed","ping_status":"closed","template":"page-sem-sidebar.php","meta":{"footnotes":""},"class_list":["post-615","page","type-page","status-publish","hentry"],"_links":{"self":[{"href":"https:\/\/curso-wp.ufpel.edu.br\/sandrobortolazzo\/wp-json\/wp\/v2\/pages\/615","targetHints":{"allow":["GET"]}}],"collection":[{"href":"https:\/\/curso-wp.ufpel.edu.br\/sandrobortolazzo\/wp-json\/wp\/v2\/pages"}],"about":[{"href":"https:\/\/curso-wp.ufpel.edu.br\/sandrobortolazzo\/wp-json\/wp\/v2\/types\/page"}],"author":[{"embeddable":true,"href":"https:\/\/curso-wp.ufpel.edu.br\/sandrobortolazzo\/wp-json\/wp\/v2\/users\/162"}],"replies":[{"embeddable":true,"href":"https:\/\/curso-wp.ufpel.edu.br\/sandrobortolazzo\/wp-json\/wp\/v2\/comments?post=615"}],"version-history":[{"count":2,"href":"https:\/\/curso-wp.ufpel.edu.br\/sandrobortolazzo\/wp-json\/wp\/v2\/pages\/615\/revisions"}],"predecessor-version":[{"id":3471,"href":"https:\/\/curso-wp.ufpel.edu.br\/sandrobortolazzo\/wp-json\/wp\/v2\/pages\/615\/revisions\/3471"}],"wp:attachment":[{"href":"https:\/\/curso-wp.ufpel.edu.br\/sandrobortolazzo\/wp-json\/wp\/v2\/media?parent=615"}],"curies":[{"name":"wp","href":"https:\/\/api.w.org\/{rel}","templated":true}]}}