{"id":617,"date":"2024-05-19T00:00:48","date_gmt":"2024-05-19T03:00:48","guid":{"rendered":"https:\/\/curso-wp.ufpel.edu.br\/sandrobortolazzo\/?page_id=617"},"modified":"2024-07-24T02:26:42","modified_gmt":"2024-07-24T05:26:42","slug":"selecao-de-alunos-especiais","status":"publish","type":"page","link":"https:\/\/curso-wp.ufpel.edu.br\/sandrobortolazzo\/selecao-de-alunos-especiais\/","title":{"rendered":"Sele\u00e7\u00e3o de Alunos Especiais"},"content":{"rendered":"<div id=\"pl-617\"  class=\"panel-layout\" ><div id=\"pg-617-0\"  class=\"panel-grid panel-no-style\" ><div id=\"pgc-617-0-0\"  class=\"panel-grid-cell\" ><div id=\"panel-617-0-0-0\" class=\"so-panel widget widget_sow-accordion panel-first-child panel-last-child\" data-index=\"0\" ><div\n\t\t\t\n\t\t\tclass=\"so-widget-sow-accordion so-widget-sow-accordion-default-d9295f5bfa93-617\"\n\t\t\t\n\t\t><div>\n\t<div class=\"sow-accordion\">\n\t\t\t<div class=\"sow-accordion-panel\n\t\t\t\t\"\n\t\t\tdata-anchor-id=\"2024\">\n\t\t\t\t<div class=\"sow-accordion-panel-header-container\" role=\"heading\" aria-level=\"2\">\n\t\t\t\t\t<div class=\"sow-accordion-panel-header\" tabindex=\"0\" role=\"button\" id=\"accordion-label-2024\" aria-controls=\"accordion-content-2024\" aria-expanded=\"false\">\n\t\t\t\t\t\t<div class=\"sow-accordion-title sow-accordion-title-icon-left\">\n\t\t\t\t\t\t\t\t\t\t\t\t\t\t2024\t\t\t\t\t\t\t\t\t\t\t\t\t<\/div>\n\t\t\t\t\t\t<div class=\"sow-accordion-open-close-button\">\n\t\t\t\t\t\t\t<div class=\"sow-accordion-open-button\">\n\t\t\t\t\t\t\t\t<span class=\"sow-icon-ionicons\" data-sow-icon=\"&#xf218;\"\n\t\t \n\t\taria-hidden=\"true\"><\/span>\t\t\t\t\t\t\t<\/div>\n\t\t\t\t\t\t\t<div class=\"sow-accordion-close-button\">\n\t\t\t\t\t\t\t\t<span class=\"sow-icon-ionicons\" data-sow-icon=\"&#xf209;\"\n\t\t \n\t\taria-hidden=\"true\"><\/span>\t\t\t\t\t\t\t<\/div>\n\t\t\t\t\t\t<\/div>\n\t\t\t\t\t<\/div>\n\t\t\t\t<\/div>\n\n\t\t\t<div\n\t\t\t\tclass=\"sow-accordion-panel-content\"\n\t\t\t\trole=\"region\"\n\t\t\t\taria-labelledby=\"accordion-label-2024\"\n\t\t\t\tid=\"accordion-content-2024\"\n\t\t\t\tstyle=\"display: none;\"\t\t\t>\n\t\t\t\t<div class=\"sow-accordion-panel-border\">\n\t\t\t\t\t<p><span style=\"font-weight: 400\"><strong>SELE\u00c7\u00c3O ALUNO ESPECIAL \u2013 2024.1<\/strong><br \/>\n<\/span><span style=\"font-weight: 400\">+ <\/span><a href=\"https:\/\/wp.ufpel.edu.br\/ppge\/files\/2024\/01\/SEI_UFPel-2533986-Edital-de-selecao-PRPPG.pdf\" class=\"mtli_attachment mtli_pdf\"><span style=\"font-weight: 400\">EDITAL SELE\u00c7\u00c3O ALUNO ESPECIAL 2024\/1<\/span><\/a><br \/>\n<span style=\"font-weight: 400\">+ <\/span><a href=\"https:\/\/forms.gle\/gHvpxYH1gCQjgiqC8\"><span style=\"font-weight: 400\">Formul\u00e1rio de Inscri\u00e7\u00e3o<\/span><\/a><span style=\"font-weight: 400\">\u00a0\u2013 ( As inscri\u00e7\u00f5es abrem\u00a0 dia 05\/03\/24 e encerram \u00e0s 23:59 do dia 06\/03\/24)<br \/>\n<\/span><span style=\"font-weight: 400\">+ <\/span><a href=\"https:\/\/pagtesouro.tesouro.gov.br\/portal-gru\/#\/emissao-gru\"><span style=\"font-weight: 400\">Recolhimento de Inscri\u00e7\u00e3o<\/span><\/a><br \/>\n<span style=\"font-weight: 400\">+ <\/span><a href=\"https:\/\/wp.ufpel.edu.br\/ppge\/files\/2023\/08\/veracidade.docx\"><span style=\"font-weight: 400\">ANEXO I<\/span><\/a><br \/>\n<span style=\"font-weight: 400\">+ <\/span><a href=\"https:\/\/wp.ufpel.edu.br\/ppge\/files\/2023\/08\/COMPROVANTE-DE-PAGAMENTO-DA-INSCRICAO-1.docx\"><span style=\"font-weight: 400\">ANEXO II<\/span><\/a><br \/>\n<span style=\"font-weight: 400\">+ <\/span><a href=\"https:\/\/wp.ufpel.edu.br\/ppge\/files\/2024\/03\/Resultado-Final.pdf\" class=\"mtli_attachment mtli_pdf\"><span style=\"font-weight: 400\">RESULTADO FINAL \u2013 EDITAL 31\/2024<\/span><\/a><\/p>\n\t\t\t\t<\/div>\n\t\t\t<\/div>\n\t\t<\/div>\n\t\t\t<div class=\"sow-accordion-panel\n\t\t\t\t\"\n\t\t\tdata-anchor-id=\"2023\">\n\t\t\t\t<div class=\"sow-accordion-panel-header-container\" role=\"heading\" aria-level=\"2\">\n\t\t\t\t\t<div class=\"sow-accordion-panel-header\" tabindex=\"0\" role=\"button\" id=\"accordion-label-2023\" aria-controls=\"accordion-content-2023\" aria-expanded=\"false\">\n\t\t\t\t\t\t<div class=\"sow-accordion-title sow-accordion-title-icon-left\">\n\t\t\t\t\t\t\t\t\t\t\t\t\t\t2023\t\t\t\t\t\t\t\t\t\t\t\t\t<\/div>\n\t\t\t\t\t\t<div class=\"sow-accordion-open-close-button\">\n\t\t\t\t\t\t\t<div class=\"sow-accordion-open-button\">\n\t\t\t\t\t\t\t\t<span class=\"sow-icon-ionicons\" data-sow-icon=\"&#xf218;\"\n\t\t \n\t\taria-hidden=\"true\"><\/span>\t\t\t\t\t\t\t<\/div>\n\t\t\t\t\t\t\t<div class=\"sow-accordion-close-button\">\n\t\t\t\t\t\t\t\t<span class=\"sow-icon-ionicons\" data-sow-icon=\"&#xf209;\"\n\t\t \n\t\taria-hidden=\"true\"><\/span>\t\t\t\t\t\t\t<\/div>\n\t\t\t\t\t\t<\/div>\n\t\t\t\t\t<\/div>\n\t\t\t\t<\/div>\n\n\t\t\t<div\n\t\t\t\tclass=\"sow-accordion-panel-content\"\n\t\t\t\trole=\"region\"\n\t\t\t\taria-labelledby=\"accordion-label-2023\"\n\t\t\t\tid=\"accordion-content-2023\"\n\t\t\t\tstyle=\"display: none;\"\t\t\t>\n\t\t\t\t<div class=\"sow-accordion-panel-border\">\n\t\t\t\t\t<p><span style=\"font-weight: 400\">2023\/ 2 - <\/span><span style=\"font-weight: 400\">EDITAL N\u00ba 183\/2023\u00a0 -SELE\u00c7\u00c3O DE ESTUDANTE EM REGIME ESPECIAL<br \/>\n<\/span><span style=\"font-weight: 400\">+ <\/span><a href=\"https:\/\/wp.ufpel.edu.br\/ppge\/files\/2023\/08\/SEI_UFPel-2286087-Edital-de-selecao-PRPPG.pdf\" class=\"mtli_attachment mtli_pdf\"><span style=\"font-weight: 400\">EDITAL SELE\u00c7\u00c3O ALUNO ESPECIAL 2023\/2<\/span><\/a><br \/>\n<span style=\"font-weight: 400\">+ <\/span><a href=\"https:\/\/docs.google.com\/forms\/d\/e\/1FAIpQLSdK_YfWeOgnXdKFezwNsn6rU4v2b1V2-TtTXy8irgzJBb2wqg\/viewform?usp=sf_link\"><span style=\"font-weight: 400\">Formul\u00e1rio de Inscri\u00e7\u00e3o \u2013<\/span><\/a><span style=\"font-weight: 400\">\u00a0( As inscri\u00e7\u00f5es abrem\u00a0 dia 07\/08\/23 e encerram \u00e0s 23:59 do dia 09\/08\/23)<br \/>\n<\/span><span style=\"font-weight: 400\">+<\/span><a href=\"http:\/\/consulta.tesouro.fazenda.gov.br\/gru_novosite\/gru_simples.asp\"><span style=\"font-weight: 400\">Recolhimento de Inscri\u00e7\u00e3o\u00a0<\/span><\/a><br \/>\n<span style=\"font-weight: 400\">+ <\/span><a href=\"https:\/\/wp.ufpel.edu.br\/ppge\/files\/2023\/08\/veracidade.docx\"><span style=\"font-weight: 400\">ANEXO I<\/span><\/a><br \/>\n<span style=\"font-weight: 400\">+ <\/span><a href=\"https:\/\/wp.ufpel.edu.br\/ppge\/files\/2023\/08\/COMPROVANTE-DE-PAGAMENTO-DA-INSCRICAO-1.docx\"><span style=\"font-weight: 400\">ANEXO II<\/span><\/a><\/p>\n\t\t\t\t<\/div>\n\t\t\t<\/div>\n\t\t<\/div>\n\t\t\t<div class=\"sow-accordion-panel\n\t\t\t\t\"\n\t\t\tdata-anchor-id=\"2022\">\n\t\t\t\t<div class=\"sow-accordion-panel-header-container\" role=\"heading\" aria-level=\"2\">\n\t\t\t\t\t<div class=\"sow-accordion-panel-header\" tabindex=\"0\" role=\"button\" id=\"accordion-label-2022\" aria-controls=\"accordion-content-2022\" aria-expanded=\"false\">\n\t\t\t\t\t\t<div class=\"sow-accordion-title sow-accordion-title-icon-left\">\n\t\t\t\t\t\t\t\t\t\t\t\t\t\t2022\t\t\t\t\t\t\t\t\t\t\t\t\t<\/div>\n\t\t\t\t\t\t<div class=\"sow-accordion-open-close-button\">\n\t\t\t\t\t\t\t<div class=\"sow-accordion-open-button\">\n\t\t\t\t\t\t\t\t<span class=\"sow-icon-ionicons\" data-sow-icon=\"&#xf218;\"\n\t\t \n\t\taria-hidden=\"true\"><\/span>\t\t\t\t\t\t\t<\/div>\n\t\t\t\t\t\t\t<div class=\"sow-accordion-close-button\">\n\t\t\t\t\t\t\t\t<span class=\"sow-icon-ionicons\" data-sow-icon=\"&#xf209;\"\n\t\t \n\t\taria-hidden=\"true\"><\/span>\t\t\t\t\t\t\t<\/div>\n\t\t\t\t\t\t<\/div>\n\t\t\t\t\t<\/div>\n\t\t\t\t<\/div>\n\n\t\t\t<div\n\t\t\t\tclass=\"sow-accordion-panel-content\"\n\t\t\t\trole=\"region\"\n\t\t\t\taria-labelledby=\"accordion-label-2022\"\n\t\t\t\tid=\"accordion-content-2022\"\n\t\t\t\tstyle=\"display: none;\"\t\t\t>\n\t\t\t\t<div class=\"sow-accordion-panel-border\">\n\t\t\t\t\t<p style=\"text-align: left\"><span style=\"font-weight: 400\">2022\/1<br \/>\n<\/span><span style=\"font-weight: 400\">+ <\/span><a href=\"https:\/\/wp.ufpel.edu.br\/ppge\/files\/2022\/02\/EDITAL-SELECAO-ALUNO-ESPECIAL-2022_1.pdf\" class=\"mtli_attachment mtli_pdf\"><span style=\"font-weight: 400\">EDITAL SELE\u00c7\u00c3O ALUNO ESPECIAL 2022_1<\/span><\/a><br \/>\n<span style=\"font-weight: 400\">+ <\/span><a href=\"https:\/\/docs.google.com\/forms\/d\/e\/1FAIpQLSdxP58X6f-Tm2S7PNKgB9f2KL6QoLt09jT2DEUIA_fCKzkAQQ\/viewform?usp=sf_link\"><span style=\"font-weight: 400\">Formul\u00e1rio de Inscri\u00e7\u00e3o \u2013<\/span><\/a><span style=\"font-weight: 400\">\u00a0( As inscri\u00e7\u00f5es abrem \u00e0s 8h do dia 03\/03\/22 e encerram \u00e0s 23:59 do dia 06\/03\/22<br \/>\n<\/span><span style=\"font-weight: 400\">+ <\/span><a href=\"http:\/\/consulta.tesouro.fazenda.gov.br\/gru_novosite\/gru_simples.asp\"><span style=\"font-weight: 400\">Recolhimento de Inscri\u00e7\u00e3o\u00a0<\/span><\/a><br \/>\n<span style=\"font-weight: 400\">+ <\/span><a href=\"https:\/\/wp.ufpel.edu.br\/ppge\/files\/2022\/03\/RESULTADO-PRELIMINAR_EDITAL-No-027.pdf\" class=\"mtli_attachment mtli_pdf\"><span style=\"font-weight: 400\">RESULTADO PRELIMINAR_EDITAL N\u00ba 027<\/span><\/a><span style=\"font-weight: 400\">\u00a0 Os\/As Estudantes que constam nesta lista j\u00e1 est\u00e3o com acesso ao sistema COBALTO \u2013\u00a0 As orienta\u00e7\u00f5es para acesso est\u00e3o\u00a0<\/span><a href=\"https:\/\/wp.ufpel.edu.br\/cra\/2021\/03\/08\/acesso-ao-sistema-academico\/\"><span style=\"font-weight: 400\">AQUI<\/span><\/a><\/p>\n\t\t\t\t<\/div>\n\t\t\t<\/div>\n\t\t<\/div>\n\t\t<\/div>\n<\/div>\n<\/div><\/div><\/div><\/div><\/div>","protected":false},"excerpt":{"rendered":"<p>2024 SELE\u00c7\u00c3O ALUNO ESPECIAL \u2013 2024.1 + EDITAL SELE\u00c7\u00c3O ALUNO ESPECIAL 2024\/1 + Formul\u00e1rio de Inscri\u00e7\u00e3o\u00a0\u2013 ( As inscri\u00e7\u00f5es abrem\u00a0 dia 05\/03\/24 e encerram \u00e0s 23:59 do dia 06\/03\/24) + Recolhimento de Inscri\u00e7\u00e3o + ANEXO I + ANEXO II + RESULTADO FINAL \u2013 EDITAL 31\/2024 2023 2023\/ 2 &#8211; EDITAL N\u00ba 183\/2023\u00a0 -SELE\u00c7\u00c3O DE ESTUDANTE [&hellip;]<\/p>\n","protected":false},"author":162,"featured_media":0,"parent":0,"menu_order":0,"comment_status":"closed","ping_status":"closed","template":"page-sem-sidebar.php","meta":{"footnotes":""},"class_list":["post-617","page","type-page","status-publish","hentry"],"_links":{"self":[{"href":"https:\/\/curso-wp.ufpel.edu.br\/sandrobortolazzo\/wp-json\/wp\/v2\/pages\/617","targetHints":{"allow":["GET"]}}],"collection":[{"href":"https:\/\/curso-wp.ufpel.edu.br\/sandrobortolazzo\/wp-json\/wp\/v2\/pages"}],"about":[{"href":"https:\/\/curso-wp.ufpel.edu.br\/sandrobortolazzo\/wp-json\/wp\/v2\/types\/page"}],"author":[{"embeddable":true,"href":"https:\/\/curso-wp.ufpel.edu.br\/sandrobortolazzo\/wp-json\/wp\/v2\/users\/162"}],"replies":[{"embeddable":true,"href":"https:\/\/curso-wp.ufpel.edu.br\/sandrobortolazzo\/wp-json\/wp\/v2\/comments?post=617"}],"version-history":[{"count":2,"href":"https:\/\/curso-wp.ufpel.edu.br\/sandrobortolazzo\/wp-json\/wp\/v2\/pages\/617\/revisions"}],"predecessor-version":[{"id":660,"href":"https:\/\/curso-wp.ufpel.edu.br\/sandrobortolazzo\/wp-json\/wp\/v2\/pages\/617\/revisions\/660"}],"wp:attachment":[{"href":"https:\/\/curso-wp.ufpel.edu.br\/sandrobortolazzo\/wp-json\/wp\/v2\/media?parent=617"}],"curies":[{"name":"wp","href":"https:\/\/api.w.org\/{rel}","templated":true}]}}