{"id":621,"date":"2024-05-24T00:00:33","date_gmt":"2024-05-24T03:00:33","guid":{"rendered":"https:\/\/curso-wp.ufpel.edu.br\/sandrobortolazzo\/?page_id=621"},"modified":"2024-08-19T19:59:27","modified_gmt":"2024-08-19T22:59:27","slug":"normas-e-transparencia","status":"publish","type":"page","link":"https:\/\/curso-wp.ufpel.edu.br\/sandrobortolazzo\/normas-e-transparencia\/","title":{"rendered":"Normas e Transpar\u00eancia"},"content":{"rendered":"<div id=\"pl-621\"  class=\"panel-layout\" ><div id=\"pg-621-0\"  class=\"panel-grid panel-no-style\" ><div id=\"pgc-621-0-0\"  class=\"panel-grid-cell\" ><div id=\"panel-621-0-0-0\" class=\"so-panel widget widget_sow-testimonials panel-first-child\" data-index=\"0\" ><div class=\"so-rounded panel-widget-style panel-widget-style-for-621-0-0-0\" ><div\n\t\t\t\n\t\t\tclass=\"so-widget-sow-testimonials so-widget-sow-testimonials-default-49394eb21963-621\"\n\t\t\t\n\t\t><div class=\"sow-testimonials\">\n\t\t\t\t\t<div class=\"sow-testimonial-wrapper sow-user-left sow-layout-text-below\">\n\t\t\t<div class=\"sow-testimonial\">\n\t\t\t\t\n\t\t\t\t<div class=\"sow-testimonial-user\">\n\t\t\t\t\t\n\t\t\t\t\t<div class=\"sow-text\">\n\t\t\t\t\t\t\t\t\t\t\t\t\t<span class=\"sow-testimonial-name\"><strong><\/strong><\/span>\n\t\t\t\t\t\t\t\t\t\t\t\t\t\t\t\t\t\t\t\t\t\t\t\t\t\t\t\t\t<\/div>\n\t\t\t\t<\/div>\n\n\t\t\t\t\t\t\t\t\t<div class=\"sow-testimonial-text\">\n\t\t\t\t\t\t<p><strong>RESOLU\u00c7\u00d5ES<br \/>\n<\/strong><a href=\"https:\/\/wp.ufpel.edu.br\/prppg\/documentos-2\/\">Resolu\u00e7\u00f5es<\/a><\/p>\n<p><strong>REGIMENTOS<br \/>\n<\/strong><a href=\"https:\/\/wp.ufpel.edu.br\/ppge\/files\/2021\/01\/Regimento-do-PPGE.pdf?customize_changeset_uuid=b0b7e193-3d32-4560-b63a-be1459b2fbcd&amp;customize_autosaved=on&amp;customize_theme=twentyten-wpi&amp;customize_messenger_channel=preview-1\" target=\"_blank\" rel=\"noopener\">Regimento do PPGE \u2013 Mestrado e Doutorado em Educa\u00e7\u00e3o\u00a0<\/a><br \/>\nCredenciamento, Recredenciamento e Descredenciamento de Docentes do PPGE\/UFPel<br \/>\n<a href=\"https:\/\/wp.ufpel.edu.br\/ppge\/files\/2024\/03\/Regulamento-da-Comissao-de-Auto-Avaliacao-do-PPGE.pdf\" class=\"mtli_attachment mtli_pdf\">Regimento da Comiss\u00e3o de Autoavalia\u00e7\u00e3o do PPGE<\/a><br \/>\nPrograma Anal\u00edtico e Ementa de Disciplina da P\u00f3s Gradua\u00e7\u00e3o<br \/>\n<a href=\"https:\/\/wp.ufpel.edu.br\/ppge\/files\/2022\/08\/SEI-Resolucao-no-23.2018.pdf\" class=\"mtli_attachment mtli_pdf\">Regimento do CEHUS<\/a><\/p>\n<p><span style=\"color: var(--cor-texto);font-family: var(--fonte-corpo)\"><strong>Pr\u00f3-Reitoria de Pesquisa e P\u00f3s-Gradua\u00e7\u00e3o<\/strong><br \/>\n<\/span><span style=\"color: var(--cor-texto);font-family: var(--fonte-corpo)\">N\u00facleo de Execu\u00e7\u00e3o Or\u00e7ament\u00e1ria - NEOR<br \/>\n<\/span><a href=\"https:\/\/wp.ufpel.edu.br\/prppg\/pos-graducao\/neor\/legislacao\/\">Documentos de apoio ao NEOR<\/a><\/p>\n<p><strong>Bolsas<\/strong><br \/>\n<a href=\"https:\/\/wp.ufpel.edu.br\/ppge\/files\/2023\/10\/Regimento_Comissao_de_Bolsas.pdf\" class=\"mtli_attachment mtli_pdf\">Regimento da Comiss\u00e3o de Bolsas do PPGE<\/a><br \/>\nPortaria referente \u00e0s bolsas da CAPES<br \/>\n<a href=\"https:\/\/wp.ufpel.edu.br\/naaf\/politicas\/pos-graduacao-2\/\">Pol\u00edticas de A\u00e7\u00f5es Afirmativas: diretrizes para os Programas de P\u00f3s-Gradua\u00e7\u00e3o<\/a><br \/>\n<a href=\"https:\/\/wp.ufpel.edu.br\/ppge\/files\/2021\/10\/Resolucao-n.-05-de-26-de-abril-de-2017.pdf\" class=\"mtli_attachment mtli_pdf\">Resolu\u00e7\u00e3o-n.-05-de-26-de-abril-de-2017<\/a><br \/>\n<a href=\"https:\/\/wp.ufpel.edu.br\/ppge\/files\/2021\/10\/CONSUN-RES.162017-Pol.-Permanencia-Estudantes-PG.pdf\" class=\"mtli_attachment mtli_pdf\">CONSUN RES.162017-Pol.-Perman\u00eancia-Estudantes-PG<\/a><br \/>\n<a href=\"https:\/\/wp.ufpel.edu.br\/ppge\/files\/2021\/10\/NotaCapesCNPq-esclarecimentos.pdf\" class=\"mtli_attachment mtli_pdf\">Nota sobre ac\u00famulo de bolsa e v\u00ednculo empregat\u00edcio<\/a><br \/>\n<a href=\"https:\/\/wp.ufpel.edu.br\/ppge\/files\/2021\/10\/Portaria_076_RegulamentoDS-CAPES.pdf\" class=\"mtli_attachment mtli_pdf\">Portaria_076_RegulamentoDS CAPES<\/a><br \/>\n<a href=\"https:\/\/wp.ufpel.edu.br\/ppgbiotec\/files\/2023\/11\/Resolucao-no-59-do-COCEPE-de-04-de-outubro-de-2023.pdf\" class=\"mtli_attachment mtli_pdf\">Resolu\u00e7\u00e3o COCEPE 59\/2023<\/a><br \/>\n<a href=\"https:\/\/wp.ufpel.edu.br\/ppge\/files\/2021\/10\/Termo-de-Compromisso-Bolsista.doc\">Termo de Compromisso Bolsista<\/a><br \/>\n<a href=\"https:\/\/wp.ufpel.edu.br\/ppge\/files\/2021\/10\/Resolucao-47-de-2017_Estagio_Docente.pdf\" class=\"mtli_attachment mtli_pdf\">Resolu\u00e7\u00e3o-47-de-2017_Estagio_Docente<\/a><\/p>\n\t\t\t\t\t<\/div>\n\t\t\t\t\t\t\t<\/div>\n\t\t<\/div>\n\t<\/div>\n<\/div><\/div><\/div><div id=\"panel-621-0-0-1\" class=\"so-panel widget widget_sow-accordion panel-last-child\" data-index=\"1\" ><div\n\t\t\t\n\t\t\tclass=\"so-widget-sow-accordion so-widget-sow-accordion-default-d9295f5bfa93-621\"\n\t\t\t\n\t\t><div>\n\t<div class=\"sow-accordion\">\n\t\t\t<div class=\"sow-accordion-panel\n\t\t\t\t\"\n\t\t\tdata-anchor-id=\"atas-2024\">\n\t\t\t\t<div class=\"sow-accordion-panel-header-container\" role=\"heading\" aria-level=\"2\">\n\t\t\t\t\t<div class=\"sow-accordion-panel-header\" tabindex=\"0\" role=\"button\" id=\"accordion-label-atas-2024\" aria-controls=\"accordion-content-atas-2024\" aria-expanded=\"false\">\n\t\t\t\t\t\t<div class=\"sow-accordion-title sow-accordion-title-icon-left\">\n\t\t\t\t\t\t\t\t\t\t\t\t\t\tATAS 2024\t\t\t\t\t\t\t\t\t\t\t\t\t<\/div>\n\t\t\t\t\t\t<div class=\"sow-accordion-open-close-button\">\n\t\t\t\t\t\t\t<div class=\"sow-accordion-open-button\">\n\t\t\t\t\t\t\t\t<span class=\"sow-icon-ionicons\" data-sow-icon=\"&#xf218;\"\n\t\t \n\t\taria-hidden=\"true\"><\/span>\t\t\t\t\t\t\t<\/div>\n\t\t\t\t\t\t\t<div class=\"sow-accordion-close-button\">\n\t\t\t\t\t\t\t\t<span class=\"sow-icon-ionicons\" data-sow-icon=\"&#xf209;\"\n\t\t \n\t\taria-hidden=\"true\"><\/span>\t\t\t\t\t\t\t<\/div>\n\t\t\t\t\t\t<\/div>\n\t\t\t\t\t<\/div>\n\t\t\t\t<\/div>\n\n\t\t\t<div\n\t\t\t\tclass=\"sow-accordion-panel-content\"\n\t\t\t\trole=\"region\"\n\t\t\t\taria-labelledby=\"accordion-label-atas-2024\"\n\t\t\t\tid=\"accordion-content-atas-2024\"\n\t\t\t\tstyle=\"display: none;\"\t\t\t>\n\t\t\t\t<div class=\"sow-accordion-panel-border\">\n\t\t\t\t\t\t\t\t\t<\/div>\n\t\t\t<\/div>\n\t\t<\/div>\n\t\t<\/div>\n<\/div>\n<\/div><\/div><\/div><\/div><\/div>","protected":false},"excerpt":{"rendered":"<p>RESOLU\u00c7\u00d5ES Resolu\u00e7\u00f5es REGIMENTOS Regimento do PPGE \u2013 Mestrado e Doutorado em Educa\u00e7\u00e3o\u00a0 Credenciamento, Recredenciamento e Descredenciamento de Docentes do PPGE\/UFPel Regimento da Comiss\u00e3o de Autoavalia\u00e7\u00e3o do PPGE Programa Anal\u00edtico e Ementa de Disciplina da P\u00f3s Gradua\u00e7\u00e3o Regimento do CEHUS Pr\u00f3-Reitoria de Pesquisa e P\u00f3s-Gradua\u00e7\u00e3o N\u00facleo de Execu\u00e7\u00e3o Or\u00e7ament\u00e1ria &#8211; NEOR Documentos de apoio ao NEOR [&hellip;]<\/p>\n","protected":false},"author":162,"featured_media":0,"parent":0,"menu_order":0,"comment_status":"closed","ping_status":"closed","template":"page-sem-sidebar.php","meta":{"footnotes":""},"class_list":["post-621","page","type-page","status-publish","hentry"],"_links":{"self":[{"href":"https:\/\/curso-wp.ufpel.edu.br\/sandrobortolazzo\/wp-json\/wp\/v2\/pages\/621","targetHints":{"allow":["GET"]}}],"collection":[{"href":"https:\/\/curso-wp.ufpel.edu.br\/sandrobortolazzo\/wp-json\/wp\/v2\/pages"}],"about":[{"href":"https:\/\/curso-wp.ufpel.edu.br\/sandrobortolazzo\/wp-json\/wp\/v2\/types\/page"}],"author":[{"embeddable":true,"href":"https:\/\/curso-wp.ufpel.edu.br\/sandrobortolazzo\/wp-json\/wp\/v2\/users\/162"}],"replies":[{"embeddable":true,"href":"https:\/\/curso-wp.ufpel.edu.br\/sandrobortolazzo\/wp-json\/wp\/v2\/comments?post=621"}],"version-history":[{"count":6,"href":"https:\/\/curso-wp.ufpel.edu.br\/sandrobortolazzo\/wp-json\/wp\/v2\/pages\/621\/revisions"}],"predecessor-version":[{"id":3729,"href":"https:\/\/curso-wp.ufpel.edu.br\/sandrobortolazzo\/wp-json\/wp\/v2\/pages\/621\/revisions\/3729"}],"wp:attachment":[{"href":"https:\/\/curso-wp.ufpel.edu.br\/sandrobortolazzo\/wp-json\/wp\/v2\/media?parent=621"}],"curies":[{"name":"wp","href":"https:\/\/api.w.org\/{rel}","templated":true}]}}