{"id":623,"date":"2024-05-26T00:00:56","date_gmt":"2024-05-26T03:00:56","guid":{"rendered":"https:\/\/curso-wp.ufpel.edu.br\/sandrobortolazzo\/?page_id=623"},"modified":"2024-08-15T15:25:05","modified_gmt":"2024-08-15T18:25:05","slug":"etica-em-pesquisa","status":"publish","type":"page","link":"https:\/\/curso-wp.ufpel.edu.br\/sandrobortolazzo\/etica-em-pesquisa\/","title":{"rendered":"\u00c9tica em Pesquisa"},"content":{"rendered":"<div id=\"pl-623\"  class=\"panel-layout\" ><div id=\"pg-623-0\"  class=\"panel-grid panel-no-style\" ><div id=\"pgc-623-0-0\"  class=\"panel-grid-cell\" ><div id=\"panel-623-0-0-0\" class=\"so-panel widget widget_sow-testimonials panel-first-child panel-last-child\" data-index=\"0\" ><div class=\"so-rounded panel-widget-style panel-widget-style-for-623-0-0-0\" ><div\n\t\t\t\n\t\t\tclass=\"so-widget-sow-testimonials so-widget-sow-testimonials-default-49394eb21963-623\"\n\t\t\t\n\t\t><div class=\"sow-testimonials\">\n\t\t\t\t\t<div class=\"sow-testimonial-wrapper sow-user-left sow-layout-text-below\">\n\t\t\t<div class=\"sow-testimonial\">\n\t\t\t\t\n\t\t\t\t<div class=\"sow-testimonial-user\">\n\t\t\t\t\t\n\t\t\t\t\t<div class=\"sow-text\">\n\t\t\t\t\t\t\t\t\t\t\t\t\t<span class=\"sow-testimonial-name\"><strong><\/strong><\/span>\n\t\t\t\t\t\t\t\t\t\t\t\t\t\t\t\t\t\t\t\t\t\t\t\t\t\t\t\t\t<\/div>\n\t\t\t\t<\/div>\n\n\t\t\t\t\t\t\t\t\t<div class=\"sow-testimonial-text\">\n\t\t\t\t\t\t<p><a href=\"https:\/\/wp.ufpel.edu.br\/prppg\/pesquisa\/boas-praticas-em-pesquisa\/\"><span style=\"font-weight: 400\">Guia de Boas Pr\u00e1ticas de Pesquisa Cient\u00edfica na UFPel<\/span><\/a><br \/>\n<a href=\"https:\/\/wp.ufpel.edu.br\/prppg\/conep\/\"><span style=\"font-weight: 400\">CONEP<\/span><\/a><br \/>\n<a href=\"https:\/\/wp.ufpel.edu.br\/prppg\/plataforma-brasil\/\"><span style=\"font-weight: 400\">Plataforma Brasil<\/span><\/a><br \/>\n<a href=\"https:\/\/wp.ufpel.edu.br\/prppg\/instrucoes-para-elaboracao-de-projetos-de-pesquisa\/\"><span style=\"font-weight: 400\">INSTRU\u00c7\u00d5ES PARA ELABORA\u00c7\u00c3O DE PROJETOS DE PESQUISA<\/span><\/a><\/p>\n\t\t\t\t\t<\/div>\n\t\t\t\t\t\t\t<\/div>\n\t\t<\/div>\n\t<\/div>\n<\/div><\/div><\/div><\/div><\/div><\/div>","protected":false},"excerpt":{"rendered":"<p>Guia de Boas Pr\u00e1ticas de Pesquisa Cient\u00edfica na UFPel CONEP Plataforma Brasil INSTRU\u00c7\u00d5ES PARA ELABORA\u00c7\u00c3O DE PROJETOS DE PESQUISA<\/p>\n","protected":false},"author":162,"featured_media":0,"parent":0,"menu_order":0,"comment_status":"closed","ping_status":"closed","template":"page-sem-sidebar.php","meta":{"footnotes":""},"class_list":["post-623","page","type-page","status-publish","hentry"],"_links":{"self":[{"href":"https:\/\/curso-wp.ufpel.edu.br\/sandrobortolazzo\/wp-json\/wp\/v2\/pages\/623","targetHints":{"allow":["GET"]}}],"collection":[{"href":"https:\/\/curso-wp.ufpel.edu.br\/sandrobortolazzo\/wp-json\/wp\/v2\/pages"}],"about":[{"href":"https:\/\/curso-wp.ufpel.edu.br\/sandrobortolazzo\/wp-json\/wp\/v2\/types\/page"}],"author":[{"embeddable":true,"href":"https:\/\/curso-wp.ufpel.edu.br\/sandrobortolazzo\/wp-json\/wp\/v2\/users\/162"}],"replies":[{"embeddable":true,"href":"https:\/\/curso-wp.ufpel.edu.br\/sandrobortolazzo\/wp-json\/wp\/v2\/comments?post=623"}],"version-history":[{"count":3,"href":"https:\/\/curso-wp.ufpel.edu.br\/sandrobortolazzo\/wp-json\/wp\/v2\/pages\/623\/revisions"}],"predecessor-version":[{"id":779,"href":"https:\/\/curso-wp.ufpel.edu.br\/sandrobortolazzo\/wp-json\/wp\/v2\/pages\/623\/revisions\/779"}],"wp:attachment":[{"href":"https:\/\/curso-wp.ufpel.edu.br\/sandrobortolazzo\/wp-json\/wp\/v2\/media?parent=623"}],"curies":[{"name":"wp","href":"https:\/\/api.w.org\/{rel}","templated":true}]}}