{"id":625,"date":"2024-05-25T00:00:57","date_gmt":"2024-05-25T03:00:57","guid":{"rendered":"https:\/\/curso-wp.ufpel.edu.br\/sandrobortolazzo\/?page_id=625"},"modified":"2024-08-15T15:22:02","modified_gmt":"2024-08-15T18:22:02","slug":"documentos-e-formularios","status":"publish","type":"page","link":"https:\/\/curso-wp.ufpel.edu.br\/sandrobortolazzo\/documentos-e-formularios\/","title":{"rendered":"Documentos e Formul\u00e1rios"},"content":{"rendered":"<div id=\"pl-625\"  class=\"panel-layout\" ><div id=\"pg-625-0\"  class=\"panel-grid panel-no-style\" ><div id=\"pgc-625-0-0\"  class=\"panel-grid-cell\" ><div id=\"panel-625-0-0-0\" class=\"so-panel widget widget_sow-testimonials panel-first-child panel-last-child\" data-index=\"0\" ><div class=\"so-rounded panel-widget-style panel-widget-style-for-625-0-0-0\" ><div\n\t\t\t\n\t\t\tclass=\"so-widget-sow-testimonials so-widget-sow-testimonials-default-3ceb494d82f4-625\"\n\t\t\t\n\t\t><div class=\"sow-testimonials\">\n\t\t\t\t\t<div class=\"sow-testimonial-wrapper sow-user-left sow-layout-text-below\">\n\t\t\t<div class=\"sow-testimonial\">\n\t\t\t\t\n\t\t\t\t<div class=\"sow-testimonial-user\">\n\t\t\t\t\t\n\t\t\t\t\t<div class=\"sow-text\">\n\t\t\t\t\t\t\t\t\t\t\t\t\t<span class=\"sow-testimonial-name\"><strong>DISCENTES<\/strong><\/span>\n\t\t\t\t\t\t\t\t\t\t\t\t\t\t\t\t\t\t\t\t\t\t\t\t\t\t\t\t\t<\/div>\n\t\t\t\t<\/div>\n\n\t\t\t\t\t\t\t\t\t<div class=\"sow-testimonial-text\">\n\t\t\t\t\t\t<p style=\"text-align: left\"><a href=\"https:\/\/ccs2.ufpel.edu.br\/wp\/2023\/11\/23\/manual-de-normas-da-ufpel-para-trabalhos-academicos-e-atualizado\/\">Manual de Normas para elabora\u00e7\u00e3o de trabalhos acad\u00eamicos, disserta\u00e7\u00f5es e teses<\/a><br \/>\n<a href=\"https:\/\/wp.ufpel.edu.br\/prppgi\/files\/2019\/04\/FORMULARIO-DE-INSCRI%C3%87%C3%83O-ATUALIZADO.doc\">Formul\u00e1rio 1 \u2013 Inscri\u00e7\u00e3o<\/a><br \/>\n<a href=\"https:\/\/wp.ufpel.edu.br\/prppgi\/files\/2019\/04\/FORMUL%C3%81RIO-DE-MATR%C3%8DCULA-ATUALIZADO.doc\">Formul\u00e1rio 2 \u2013 Matr\u00edcula \u00a0<\/a><br \/>\n<a href=\"https:\/\/wp.ufpel.edu.br\/ppge\/files\/2022\/07\/FORMULARIO-DE-CORRECAO-DE-MATRICULA.doc\">FORMUL\u00c1RIO-DE CORRE\u00c7\u00c3O DE MATRICULA<\/a><br \/>\n<a href=\"https:\/\/wp.ufpel.edu.br\/ppge\/files\/2022\/07\/Agendamento-de-Defesa-ou-Qualificacao.doc\">FORMUL\u00c1RIO DE AGENDAMENTO DE BANCA<\/a>\u00a0(QUALIFICA\u00c7\u00c3O\/DEFESA \u2013 MESTRADO E DOUTORADO)<br \/>\n<a href=\"https:\/\/wp.ufpel.edu.br\/ppge\/files\/2022\/04\/REQUERIMENTO-DE-APROVEITAMENTO.docx\">REQUERIMENTO DE APROVEITAMENTO<\/a>\u00a0(APROVEITAMENTO DE CR\u00c9DITOS \u2013 MESTRADO E DOUTORADO)<br \/>\n<a href=\"https:\/\/wp.ufpel.edu.br\/prppg\/files\/2013\/08\/dcff6ef07f.doc\">Formul\u00e1rio 8 \u2013 Mudan\u00e7a de N\u00edvel<\/a><br \/>\n<a href=\"https:\/\/wp.ufpel.edu.br\/prppgi\/files\/2019\/04\/CANCELAMENTO-DE-MATR%C3%8DCULA-EM-DISCIPLINA-ATUALIZADO.doc\">Formul\u00e1rio 9 \u2013 Cancelamento de Disciplina<\/a><br \/>\n<a href=\"https:\/\/wp.ufpel.edu.br\/prppgi\/files\/2019\/04\/TRANCAMENTO-DE-MATRICULA-ATUALIZADO.doc\">Formul\u00e1rio 10 \u2013 Trancamento de Matr\u00edcula<\/a><br \/>\n<a href=\"https:\/\/wp.ufpel.edu.br\/ppge\/files\/2022\/04\/SOLICITACAO-DE-PROFICIENCIA.docx\">SOLICITA\u00c7\u00c3O DE PROFICI\u00caNCIA<\/a>\u00a0(MESTRADO E DOUTORADO)<br \/>\n<a href=\"https:\/\/wp.ufpel.edu.br\/prppgi\/files\/2020\/05\/Termo-dissertacao-e-tese.pdf\" class=\"mtli_attachment mtli_pdf\">Termo disserta\u00e7\u00e3o e tese Biblioteca<\/a><br \/>\n<a href=\"https:\/\/wp.ufpel.edu.br\/prppgi\/files\/2021\/05\/Termo-de-Matricula-provisoria.docx\">Termo de Matr\u00edcula provis\u00f3ria<\/a><br \/>\n<a href=\"https:\/\/wp.ufpel.edu.br\/ppge\/files\/2021\/12\/RELATORIO-BOLSISTA-2021.docx\">RELAT\u00d3RIO BOLSISTA 2021<\/a><br \/>\n<a href=\"https:\/\/wp.ufpel.edu.br\/ppge\/files\/2022\/02\/Relatorio-Estagio-Docencia_2021.doc\">Relat\u00f3rio Est\u00e1gio Doc\u00eancia_2021<\/a><br \/>\n<a href=\"https:\/\/wp.ufpel.edu.br\/ppge\/files\/2022\/06\/FORMULARIO-PARA-SOLICITACAO-DE-AUXILIO-FINANCEIRO-PPGE.docx\">FORMUL\u00c1RIO PARA SOLICITA\u00c7\u00c3O DE AUX\u00cdLIO FINANCEIRO PPGE<\/a><br \/>\n<a href=\"https:\/\/wp.ufpel.edu.br\/ppge\/files\/2022\/06\/RELATORIO-DE-VIAGEM-VISITA-TECNICA-.docx\">RELAT\u00d3RIO DE VIAGEM \u2013 VISITA T\u00c9CNICA \u2013<\/a><\/p>\n\t\t\t\t\t<\/div>\n\t\t\t\t\t\t\t<\/div>\n\t\t<\/div>\n\t\t\t\t\t<div class=\"sow-testimonial-wrapper sow-user-left sow-layout-text-below\">\n\t\t\t<div class=\"sow-testimonial\">\n\t\t\t\t\n\t\t\t\t<div class=\"sow-testimonial-user\">\n\t\t\t\t\t\n\t\t\t\t\t<div class=\"sow-text\">\n\t\t\t\t\t\t\t\t\t\t\t\t\t<span class=\"sow-testimonial-name\"><strong>DOCENTES<\/strong><\/span>\n\t\t\t\t\t\t\t\t\t\t\t\t\t\t\t\t\t\t\t\t\t\t\t\t\t\t\t\t\t<\/div>\n\t\t\t\t<\/div>\n\n\t\t\t\t\t\t\t\t\t<div class=\"sow-testimonial-text\">\n\t\t\t\t\t\t<p style=\"text-align: left\"><a href=\"https:\/\/wp.ufpel.edu.br\/ppge\/files\/2022\/10\/SEI_UFPel-1906937-PRPPG-Programa-Analitico-de-Disciplinas.docx\">Formul\u00e1rio de Programa Anal\u00edtico<\/a><br \/>\n<a href=\"https:\/\/wp.ufpel.edu.br\/prppg\/files\/2013\/08\/Formul%C3%A1rio-de-Cadastro-no-cobalto-de-bolsistas-p%C3%B3s-doc.xls\">Formul\u00e1rio de Cadastro no cobalto de bolsistas p\u00f3s-doc<\/a><br \/>\n<a href=\"https:\/\/wp.ufpel.edu.br\/prppgi\/files\/2019\/04\/Cadastro-Professor-Visitante-no-Cobalto.xls\">Cadastro Professor Visitante no Cobalto<\/a><br \/>\n<a href=\"https:\/\/wp.ufpel.edu.br\/prppgi\/files\/2017\/10\/form_vinculo_prof_permanente_plano_atividades.docx\">Formul\u00e1rio professor_permanente sem vinculo \u2013 plano_atividades<\/a><br \/>\n<a href=\"https:\/\/wp.ufpel.edu.br\/prppgi\/files\/2019\/04\/Aprova%C3%A7%C3%A3o-de-ementas-de-disciplinas-ATUALIZADO.doc\">Aprova\u00e7\u00e3o de Ementas de Disciplinas<\/a><br \/>\n<a href=\"https:\/\/wp.ufpel.edu.br\/prppg\/files\/2013\/08\/8e89f0db82.doc\">Formul\u00e1rio 5A \u2013 Ata de Corre\u00e7\u00f5es<\/a><br \/>\n<a href=\"https:\/\/wp.ufpel.edu.br\/ppge\/files\/2021\/10\/Autorizacao-para-bolsistas-atuarem-como-professor-substituto_-e_-educacao-basica.docx\">Autoriza\u00e7\u00e3o para bolsistas atuarem como professor substituto_ e_ educa\u00e7\u00e3o b\u00e1sica<\/a><br \/>\n<a href=\"https:\/\/wp.ufpel.edu.br\/ppge\/files\/2021\/10\/Modelo_-autorizacao_-bolsistas-receberem-bolsa-de-tutoria.docx\">Modelo_ autoriza\u00e7\u00e3o_ bolsistas receberem bolsa de tutoria<\/a><br \/>\n<a href=\"https:\/\/wp.ufpel.edu.br\/ppge\/files\/2022\/05\/ORIENTACOES-SEI-PPGE-Homologacao-1.pdf\" class=\"mtli_attachment mtli_pdf\">ORIENTA\u00c7\u00d5ES SEI PPGE \u2013 Homologa\u00e7\u00e3o<\/a>\u00a0(homologa\u00e7\u00f5es de Disserta\u00e7\u00f5es e Teses)<br \/>\nAfastamentos: <a href=\"https:\/\/wp.ufpel.edu.br\/ppge\/files\/2022\/06\/Memorando-Circular_-Nova-portaria-regulamentando-afastamentos-a-servico-e-o-dever-de-prestar-contas.pdf\" class=\"mtli_attachment mtli_pdf\">Memorando-Circular_ Nova portaria regulamentando afastamentos a servi\u00e7o e o dever de prestar contas;<\/a><br \/>\n<a href=\"https:\/\/wp.ufpel.edu.br\/ppge\/files\/2022\/06\/PORTARIA-No-149-regulamenta-procedimentos-para-afastamento-da-sede.pdf\" class=\"mtli_attachment mtli_pdf\">PORTARIA N\u00ba 149 regulamenta procedimentos para afastamento da sede<\/a>;<br \/>\n<a href=\"https:\/\/wp.ufpel.edu.br\/ppge\/files\/2022\/06\/PORTARIA-No-149-regulamenta-procedimentos-para-afastamento-da-sede.pdf\" class=\"mtli_attachment mtli_pdf\">PORTARIA N\u00ba 149 regulamenta procedimentos para afastamento da sede<\/a>.<br \/>\n<a href=\"https:\/\/wikicobalto.ufpel.edu.br\/suporte:siga:visao_geral:processos_do_academico:efetivacao_solicita_pos\">Autoriza\u00e7\u00e3o de solicita\u00e7\u00e3o de matr\u00edcula \u2013 P\u00f3s-Gradua\u00e7\u00e3o\u00a0<\/a><\/p>\n\t\t\t\t\t<\/div>\n\t\t\t\t\t\t\t<\/div>\n\t\t<\/div>\n\t<\/div>\n<\/div><\/div><\/div><\/div><\/div><\/div>","protected":false},"excerpt":{"rendered":"<p>DISCENTES Manual de Normas para elabora\u00e7\u00e3o de trabalhos acad\u00eamicos, disserta\u00e7\u00f5es e teses Formul\u00e1rio 1 \u2013 Inscri\u00e7\u00e3o Formul\u00e1rio 2 \u2013 Matr\u00edcula \u00a0 FORMUL\u00c1RIO-DE CORRE\u00c7\u00c3O DE MATRICULA FORMUL\u00c1RIO DE AGENDAMENTO DE BANCA\u00a0(QUALIFICA\u00c7\u00c3O\/DEFESA \u2013 MESTRADO E DOUTORADO) REQUERIMENTO DE APROVEITAMENTO\u00a0(APROVEITAMENTO DE CR\u00c9DITOS \u2013 MESTRADO E DOUTORADO) Formul\u00e1rio 8 \u2013 Mudan\u00e7a de N\u00edvel Formul\u00e1rio 9 \u2013 Cancelamento de Disciplina [&hellip;]<\/p>\n","protected":false},"author":162,"featured_media":0,"parent":0,"menu_order":0,"comment_status":"closed","ping_status":"closed","template":"page-sem-sidebar.php","meta":{"footnotes":""},"class_list":["post-625","page","type-page","status-publish","hentry"],"_links":{"self":[{"href":"https:\/\/curso-wp.ufpel.edu.br\/sandrobortolazzo\/wp-json\/wp\/v2\/pages\/625","targetHints":{"allow":["GET"]}}],"collection":[{"href":"https:\/\/curso-wp.ufpel.edu.br\/sandrobortolazzo\/wp-json\/wp\/v2\/pages"}],"about":[{"href":"https:\/\/curso-wp.ufpel.edu.br\/sandrobortolazzo\/wp-json\/wp\/v2\/types\/page"}],"author":[{"embeddable":true,"href":"https:\/\/curso-wp.ufpel.edu.br\/sandrobortolazzo\/wp-json\/wp\/v2\/users\/162"}],"replies":[{"embeddable":true,"href":"https:\/\/curso-wp.ufpel.edu.br\/sandrobortolazzo\/wp-json\/wp\/v2\/comments?post=625"}],"version-history":[{"count":8,"href":"https:\/\/curso-wp.ufpel.edu.br\/sandrobortolazzo\/wp-json\/wp\/v2\/pages\/625\/revisions"}],"predecessor-version":[{"id":777,"href":"https:\/\/curso-wp.ufpel.edu.br\/sandrobortolazzo\/wp-json\/wp\/v2\/pages\/625\/revisions\/777"}],"wp:attachment":[{"href":"https:\/\/curso-wp.ufpel.edu.br\/sandrobortolazzo\/wp-json\/wp\/v2\/media?parent=625"}],"curies":[{"name":"wp","href":"https:\/\/api.w.org\/{rel}","templated":true}]}}