{"id":636,"date":"2024-05-23T00:00:26","date_gmt":"2024-05-23T03:00:26","guid":{"rendered":"https:\/\/curso-wp.ufpel.edu.br\/sandrobortolazzo\/?page_id=636"},"modified":"2024-08-15T15:24:27","modified_gmt":"2024-08-15T18:24:27","slug":"institucional","status":"publish","type":"page","link":"https:\/\/curso-wp.ufpel.edu.br\/sandrobortolazzo\/institucional\/","title":{"rendered":"Institucional"},"content":{"rendered":"<div id=\"pl-636\"  class=\"panel-layout\" ><div id=\"pg-636-0\"  class=\"panel-grid panel-no-style\" ><div id=\"pgc-636-0-0\"  class=\"panel-grid-cell\" ><div id=\"panel-636-0-0-0\" class=\"so-panel widget widget_sow-testimonials panel-first-child panel-last-child\" data-index=\"0\" ><div class=\"so-rounded panel-widget-style panel-widget-style-for-636-0-0-0\" ><div\n\t\t\t\n\t\t\tclass=\"so-widget-sow-testimonials so-widget-sow-testimonials-default-49394eb21963-636\"\n\t\t\t\n\t\t><div class=\"sow-testimonials\">\n\t\t\t\t\t<div class=\"sow-testimonial-wrapper sow-user-left sow-layout-text-below\">\n\t\t\t<div class=\"sow-testimonial\">\n\t\t\t\t\n\t\t\t\t<div class=\"sow-testimonial-user\">\n\t\t\t\t\t\n\t\t\t\t\t<div class=\"sow-text\">\n\t\t\t\t\t\t\t\t\t\t\t\t\t<span class=\"sow-testimonial-name\"><strong>NORMAS E TRANSPAR\u00caNCIA<\/strong><\/span>\n\t\t\t\t\t\t\t\t\t\t\t\t\t\t\t\t\t\t\t\t\t\t\t\t\t\t\t\t\t<\/div>\n\t\t\t\t<\/div>\n\n\t\t\t\t\t\t\t\t\t<div class=\"sow-testimonial-text\">\n\t\t\t\t\t\t<p><strong>RESOLU\u00c7\u00d5ES<br \/>\n<\/strong><a href=\"https:\/\/wp.ufpel.edu.br\/prppg\/documentos-2\/\">Resolu\u00e7\u00f5es<\/a><\/p>\n<p><strong>REGIMENTOS<br \/>\n<\/strong><a href=\"https:\/\/wp.ufpel.edu.br\/ppge\/files\/2021\/01\/Regimento-do-PPGE.pdf?customize_changeset_uuid=b0b7e193-3d32-4560-b63a-be1459b2fbcd&amp;customize_autosaved=on&amp;customize_theme=twentyten-wpi&amp;customize_messenger_channel=preview-1\" target=\"_blank\" rel=\"noopener\">Regimento do PPGE \u2013 Mestrado e Doutorado em Educa\u00e7\u00e3o\u00a0<\/a><br \/>\nCredenciamento, Recredenciamento e Descredenciamento de Docentes do PPGE\/UFPel<br \/>\n<a href=\"https:\/\/wp.ufpel.edu.br\/ppge\/files\/2024\/03\/Regulamento-da-Comissao-de-Auto-Avaliacao-do-PPGE.pdf\" class=\"mtli_attachment mtli_pdf\">Regimento da Comiss\u00e3o de Autoavalia\u00e7\u00e3o do PPGE<\/a><br \/>\nPrograma Anal\u00edtico e Ementa de Disciplina da P\u00f3s Gradua\u00e7\u00e3o<br \/>\n<a href=\"https:\/\/wp.ufpel.edu.br\/ppge\/files\/2022\/08\/SEI-Resolucao-no-23.2018.pdf\" class=\"mtli_attachment mtli_pdf\">Regimento do CEHUS<\/a><\/p>\n<p><span style=\"color: var(--cor-texto);font-family: var(--fonte-corpo)\"><strong>Pr\u00f3-Reitoria de Pesquisa e P\u00f3s-Gradua\u00e7\u00e3o<\/strong><br \/>\n<\/span><span style=\"color: var(--cor-texto);font-family: var(--fonte-corpo)\">N\u00facleo de Execu\u00e7\u00e3o Or\u00e7ament\u00e1ria - NEOR<br \/>\n<\/span><a href=\"https:\/\/wp.ufpel.edu.br\/prppg\/pos-graducao\/neor\/legislacao\/\">Documentos de apoio ao NEOR<\/a><\/p>\n<p><strong>Bolsas<\/strong><br \/>\n<a href=\"https:\/\/wp.ufpel.edu.br\/ppge\/files\/2023\/10\/Regimento_Comissao_de_Bolsas.pdf\" class=\"mtli_attachment mtli_pdf\">Regimento da Comiss\u00e3o de Bolsas do PPGE<\/a><br \/>\nPortaria referente \u00e0s bolsas da CAPES<br \/>\n<a href=\"https:\/\/wp.ufpel.edu.br\/naaf\/politicas\/pos-graduacao-2\/\">Pol\u00edticas de A\u00e7\u00f5es Afirmativas: diretrizes para os Programas de P\u00f3s-Gradua\u00e7\u00e3o<\/a><br \/>\n<a href=\"https:\/\/wp.ufpel.edu.br\/ppge\/files\/2021\/10\/Resolucao-n.-05-de-26-de-abril-de-2017.pdf\" class=\"mtli_attachment mtli_pdf\">Resolu\u00e7\u00e3o-n.-05-de-26-de-abril-de-2017<\/a><br \/>\n<a href=\"https:\/\/wp.ufpel.edu.br\/ppge\/files\/2021\/10\/CONSUN-RES.162017-Pol.-Permanencia-Estudantes-PG.pdf\" class=\"mtli_attachment mtli_pdf\">CONSUN RES.162017-Pol.-Perman\u00eancia-Estudantes-PG<\/a><br \/>\n<a href=\"https:\/\/wp.ufpel.edu.br\/ppge\/files\/2021\/10\/NotaCapesCNPq-esclarecimentos.pdf\" class=\"mtli_attachment mtli_pdf\">Nota sobre ac\u00famulo de bolsa e v\u00ednculo empregat\u00edcio<\/a><br \/>\n<a href=\"https:\/\/wp.ufpel.edu.br\/ppge\/files\/2021\/10\/Portaria_076_RegulamentoDS-CAPES.pdf\" class=\"mtli_attachment mtli_pdf\">Portaria_076_RegulamentoDS CAPES<\/a><br \/>\n<a href=\"https:\/\/wp.ufpel.edu.br\/ppgbiotec\/files\/2023\/11\/Resolucao-no-59-do-COCEPE-de-04-de-outubro-de-2023.pdf\" class=\"mtli_attachment mtli_pdf\">Resolu\u00e7\u00e3o COCEPE 59\/2023<\/a><br \/>\n<a href=\"https:\/\/wp.ufpel.edu.br\/ppge\/files\/2021\/10\/Termo-de-Compromisso-Bolsista.doc\">Termo de Compromisso Bolsista<\/a><br \/>\n<a href=\"https:\/\/wp.ufpel.edu.br\/ppge\/files\/2021\/10\/Resolucao-47-de-2017_Estagio_Docente.pdf\" class=\"mtli_attachment mtli_pdf\">Resolu\u00e7\u00e3o-47-de-2017_Estagio_Docente<\/a><\/p>\n\t\t\t\t\t<\/div>\n\t\t\t\t\t\t\t<\/div>\n\t\t<\/div>\n\t<\/div>\n<\/div><\/div><\/div><\/div><\/div><div id=\"pg-636-1\"  class=\"panel-grid panel-no-style\" ><div id=\"pgc-636-1-0\"  class=\"panel-grid-cell\" ><div id=\"panel-636-1-0-0\" class=\"so-panel widget widget_sow-testimonials panel-first-child panel-last-child\" data-index=\"1\" ><div class=\"so-rounded panel-widget-style panel-widget-style-for-636-1-0-0\" ><div\n\t\t\t\n\t\t\tclass=\"so-widget-sow-testimonials so-widget-sow-testimonials-default-3ceb494d82f4-636\"\n\t\t\t\n\t\t><div class=\"sow-testimonials\">\n\t\t\t\t\t<div class=\"sow-testimonial-wrapper sow-user-left sow-layout-text-below\">\n\t\t\t<div class=\"sow-testimonial\">\n\t\t\t\t\n\t\t\t\t<div class=\"sow-testimonial-user\">\n\t\t\t\t\t\n\t\t\t\t\t<div class=\"sow-text\">\n\t\t\t\t\t\t\t\t\t\t\t\t\t<span class=\"sow-testimonial-name\"><strong>DOCUMENTOS E FORMUL\u00c1RIOS<\/strong><\/span>\n\t\t\t\t\t\t\t\t\t\t\t\t\t\t\t\t\t\t\t\t\t\t\t\t\t<span class=\"sow-testimonial-location\">DISCENTES<\/span>\n\t\t\t\t\t\t\t\t\t\t\t\t\t\t\t\t\t<\/div>\n\t\t\t\t<\/div>\n\n\t\t\t\t\t\t\t\t\t<div class=\"sow-testimonial-text\">\n\t\t\t\t\t\t<p style=\"text-align: left\"><a href=\"https:\/\/ccs2.ufpel.edu.br\/wp\/2023\/11\/23\/manual-de-normas-da-ufpel-para-trabalhos-academicos-e-atualizado\/\">Manual de Normas para elabora\u00e7\u00e3o de trabalhos acad\u00eamicos, disserta\u00e7\u00f5es e teses<\/a><br \/>\n<a href=\"https:\/\/wp.ufpel.edu.br\/prppgi\/files\/2019\/04\/FORMULARIO-DE-INSCRI%C3%87%C3%83O-ATUALIZADO.doc\">Formul\u00e1rio 1 \u2013 Inscri\u00e7\u00e3o<\/a><br \/>\n<a href=\"https:\/\/wp.ufpel.edu.br\/prppgi\/files\/2019\/04\/FORMUL%C3%81RIO-DE-MATR%C3%8DCULA-ATUALIZADO.doc\">Formul\u00e1rio 2 \u2013 Matr\u00edcula \u00a0<\/a><br \/>\n<a href=\"https:\/\/wp.ufpel.edu.br\/ppge\/files\/2022\/07\/FORMULARIO-DE-CORRECAO-DE-MATRICULA.doc\">FORMUL\u00c1RIO-DE CORRE\u00c7\u00c3O DE MATRICULA<\/a><br \/>\n<a href=\"https:\/\/wp.ufpel.edu.br\/ppge\/files\/2022\/07\/Agendamento-de-Defesa-ou-Qualificacao.doc\">FORMUL\u00c1RIO DE AGENDAMENTO DE BANCA<\/a> (QUALIFICA\u00c7\u00c3O\/DEFESA \u2013 MESTRADO E DOUTORADO)<br \/>\n<a href=\"https:\/\/wp.ufpel.edu.br\/ppge\/files\/2022\/04\/REQUERIMENTO-DE-APROVEITAMENTO.docx\">REQUERIMENTO DE APROVEITAMENTO<\/a>\u00a0(APROVEITAMENTO DE CR\u00c9DITOS \u2013 MESTRADO E DOUTORADO)<br \/>\n<a href=\"https:\/\/wp.ufpel.edu.br\/prppg\/files\/2013\/08\/dcff6ef07f.doc\">Formul\u00e1rio 8 \u2013 Mudan\u00e7a de N\u00edvel<\/a><br \/>\n<a href=\"https:\/\/wp.ufpel.edu.br\/prppgi\/files\/2019\/04\/CANCELAMENTO-DE-MATR%C3%8DCULA-EM-DISCIPLINA-ATUALIZADO.doc\">Formul\u00e1rio 9 \u2013 Cancelamento de Disciplina<\/a><br \/>\n<a href=\"https:\/\/wp.ufpel.edu.br\/prppgi\/files\/2019\/04\/TRANCAMENTO-DE-MATRICULA-ATUALIZADO.doc\">Formul\u00e1rio 10 \u2013 Trancamento de Matr\u00edcula<\/a><br \/>\n<a href=\"https:\/\/wp.ufpel.edu.br\/ppge\/files\/2022\/04\/SOLICITACAO-DE-PROFICIENCIA.docx\">SOLICITA\u00c7\u00c3O DE PROFICI\u00caNCIA<\/a>\u00a0(MESTRADO E DOUTORADO)<br \/>\n<a href=\"https:\/\/wp.ufpel.edu.br\/prppgi\/files\/2020\/05\/Termo-dissertacao-e-tese.pdf\" class=\"mtli_attachment mtli_pdf\">Termo disserta\u00e7\u00e3o e tese Biblioteca<\/a><br \/>\n<a href=\"https:\/\/wp.ufpel.edu.br\/prppgi\/files\/2021\/05\/Termo-de-Matricula-provisoria.docx\">Termo de Matr\u00edcula provis\u00f3ria<\/a><br \/>\n<a href=\"https:\/\/wp.ufpel.edu.br\/ppge\/files\/2021\/12\/RELATORIO-BOLSISTA-2021.docx\">RELAT\u00d3RIO BOLSISTA 2021<\/a><br \/>\n<a href=\"https:\/\/wp.ufpel.edu.br\/ppge\/files\/2022\/02\/Relatorio-Estagio-Docencia_2021.doc\">Relat\u00f3rio Est\u00e1gio Doc\u00eancia_2021<\/a><br \/>\n<a href=\"https:\/\/wp.ufpel.edu.br\/ppge\/files\/2022\/06\/FORMULARIO-PARA-SOLICITACAO-DE-AUXILIO-FINANCEIRO-PPGE.docx\">FORMUL\u00c1RIO PARA SOLICITA\u00c7\u00c3O DE AUX\u00cdLIO FINANCEIRO PPGE<\/a><br \/>\n<a href=\"https:\/\/wp.ufpel.edu.br\/ppge\/files\/2022\/06\/RELATORIO-DE-VIAGEM-VISITA-TECNICA-.docx\">RELAT\u00d3RIO DE VIAGEM \u2013 VISITA T\u00c9CNICA \u2013<\/a><\/p>\n\t\t\t\t\t<\/div>\n\t\t\t\t\t\t\t<\/div>\n\t\t<\/div>\n\t\t\t\t\t<div class=\"sow-testimonial-wrapper sow-user-left sow-layout-text-below\">\n\t\t\t<div class=\"sow-testimonial\">\n\t\t\t\t\n\t\t\t\t<div class=\"sow-testimonial-user\">\n\t\t\t\t\t\n\t\t\t\t\t<div class=\"sow-text\">\n\t\t\t\t\t\t\t\t\t\t\t\t\t<span class=\"sow-testimonial-name\"><strong>\u200e <\/strong><\/span>\n\t\t\t\t\t\t\t\t\t\t\t\t\t\t\t\t\t\t\t\t\t\t\t\t\t<span class=\"sow-testimonial-location\">DOCENTES<\/span>\n\t\t\t\t\t\t\t\t\t\t\t\t\t\t\t\t\t<\/div>\n\t\t\t\t<\/div>\n\n\t\t\t\t\t\t\t\t\t<div class=\"sow-testimonial-text\">\n\t\t\t\t\t\t<p style=\"text-align: left\"><a href=\"https:\/\/wp.ufpel.edu.br\/ppge\/files\/2022\/10\/SEI_UFPel-1906937-PRPPG-Programa-Analitico-de-Disciplinas.docx\">Formul\u00e1rio de Programa Anal\u00edtico<\/a><br \/>\n<a href=\"https:\/\/wp.ufpel.edu.br\/prppg\/files\/2013\/08\/Formul%C3%A1rio-de-Cadastro-no-cobalto-de-bolsistas-p%C3%B3s-doc.xls\">Formul\u00e1rio de Cadastro no cobalto de bolsistas p\u00f3s-doc<\/a><br \/>\n<a href=\"https:\/\/wp.ufpel.edu.br\/prppgi\/files\/2019\/04\/Cadastro-Professor-Visitante-no-Cobalto.xls\">Cadastro Professor Visitante no Cobalto<\/a><br \/>\n<a href=\"https:\/\/wp.ufpel.edu.br\/prppgi\/files\/2017\/10\/form_vinculo_prof_permanente_plano_atividades.docx\">Formul\u00e1rio professor_permanente sem vinculo \u2013 plano_atividades<\/a><br \/>\n<a href=\"https:\/\/wp.ufpel.edu.br\/prppgi\/files\/2019\/04\/Aprova%C3%A7%C3%A3o-de-ementas-de-disciplinas-ATUALIZADO.doc\">Aprova\u00e7\u00e3o de Ementas de Disciplinas<\/a><br \/>\n<a href=\"https:\/\/wp.ufpel.edu.br\/prppg\/files\/2013\/08\/8e89f0db82.doc\">Formul\u00e1rio 5A \u2013 Ata de Corre\u00e7\u00f5es<\/a><br \/>\n<a href=\"https:\/\/wp.ufpel.edu.br\/ppge\/files\/2021\/10\/Autorizacao-para-bolsistas-atuarem-como-professor-substituto_-e_-educacao-basica.docx\">Autoriza\u00e7\u00e3o para bolsistas atuarem como professor substituto_ e_ educa\u00e7\u00e3o b\u00e1sica<\/a><br \/>\n<a href=\"https:\/\/wp.ufpel.edu.br\/ppge\/files\/2021\/10\/Modelo_-autorizacao_-bolsistas-receberem-bolsa-de-tutoria.docx\">Modelo_ autoriza\u00e7\u00e3o_ bolsistas receberem bolsa de tutoria<\/a><br \/>\n<a href=\"https:\/\/wp.ufpel.edu.br\/ppge\/files\/2022\/05\/ORIENTACOES-SEI-PPGE-Homologacao-1.pdf\" class=\"mtli_attachment mtli_pdf\">ORIENTA\u00c7\u00d5ES SEI PPGE \u2013 Homologa\u00e7\u00e3o<\/a>\u00a0(homologa\u00e7\u00f5es de Disserta\u00e7\u00f5es e Teses)<br \/>\nAfastamentos: <a href=\"https:\/\/wp.ufpel.edu.br\/ppge\/files\/2022\/06\/Memorando-Circular_-Nova-portaria-regulamentando-afastamentos-a-servico-e-o-dever-de-prestar-contas.pdf\" class=\"mtli_attachment mtli_pdf\">Memorando-Circular_ Nova portaria regulamentando afastamentos a servi\u00e7o e o dever de prestar contas;<\/a><br \/>\n<a href=\"https:\/\/wp.ufpel.edu.br\/ppge\/files\/2022\/06\/PORTARIA-No-149-regulamenta-procedimentos-para-afastamento-da-sede.pdf\" class=\"mtli_attachment mtli_pdf\">PORTARIA N\u00ba 149 regulamenta procedimentos para afastamento da sede<\/a>;<br \/>\n<a href=\"https:\/\/wp.ufpel.edu.br\/ppge\/files\/2022\/06\/PORTARIA-No-149-regulamenta-procedimentos-para-afastamento-da-sede.pdf\" class=\"mtli_attachment mtli_pdf\">PORTARIA N\u00ba 149 regulamenta procedimentos para afastamento da sede<\/a>.<br \/>\n<a href=\"https:\/\/wikicobalto.ufpel.edu.br\/suporte:siga:visao_geral:processos_do_academico:efetivacao_solicita_pos\">Autoriza\u00e7\u00e3o de solicita\u00e7\u00e3o de matr\u00edcula \u2013 P\u00f3s-Gradua\u00e7\u00e3o\u00a0<\/a><\/p>\n\t\t\t\t\t<\/div>\n\t\t\t\t\t\t\t<\/div>\n\t\t<\/div>\n\t<\/div>\n<\/div><\/div><\/div><\/div><\/div><div id=\"pg-636-2\"  class=\"panel-grid panel-no-style\" ><div id=\"pgc-636-2-0\"  class=\"panel-grid-cell\" ><div id=\"panel-636-2-0-0\" class=\"so-panel widget widget_sow-testimonials panel-first-child panel-last-child\" data-index=\"2\" ><div class=\"so-rounded panel-widget-style panel-widget-style-for-636-2-0-0\" ><div\n\t\t\t\n\t\t\tclass=\"so-widget-sow-testimonials so-widget-sow-testimonials-default-49394eb21963-636\"\n\t\t\t\n\t\t><div class=\"sow-testimonials\">\n\t\t\t\t\t<div class=\"sow-testimonial-wrapper sow-user-left sow-layout-text-below\">\n\t\t\t<div class=\"sow-testimonial\">\n\t\t\t\t\n\t\t\t\t<div class=\"sow-testimonial-user\">\n\t\t\t\t\t\n\t\t\t\t\t<div class=\"sow-text\">\n\t\t\t\t\t\t\t\t\t\t\t\t\t<span class=\"sow-testimonial-name\"><strong>\u00c9TICA EM PESQUISA<\/strong><\/span>\n\t\t\t\t\t\t\t\t\t\t\t\t\t\t\t\t\t\t\t\t\t\t\t\t\t\t\t\t\t<\/div>\n\t\t\t\t<\/div>\n\n\t\t\t\t\t\t\t\t\t<div class=\"sow-testimonial-text\">\n\t\t\t\t\t\t<p><a href=\"https:\/\/wp.ufpel.edu.br\/prppg\/pesquisa\/boas-praticas-em-pesquisa\/\"><span style=\"font-weight: 400\">Guia de Boas Pr\u00e1ticas de Pesquisa Cient\u00edfica na UFPel<\/span><\/a><br \/>\n<a href=\"https:\/\/wp.ufpel.edu.br\/prppg\/conep\/\"><span style=\"font-weight: 400\">CONEP<\/span><\/a><br \/>\n<a href=\"https:\/\/wp.ufpel.edu.br\/prppg\/plataforma-brasil\/\"><span style=\"font-weight: 400\">Plataforma Brasil<\/span><\/a><br \/>\n<a href=\"https:\/\/wp.ufpel.edu.br\/prppg\/instrucoes-para-elaboracao-de-projetos-de-pesquisa\/\"><span style=\"font-weight: 400\">INSTRU\u00c7\u00d5ES PARA ELABORA\u00c7\u00c3O DE PROJETOS DE PESQUISA<\/span><\/a><\/p>\n\t\t\t\t\t<\/div>\n\t\t\t\t\t\t\t<\/div>\n\t\t<\/div>\n\t<\/div>\n<\/div><\/div><\/div><\/div><\/div><\/div>","protected":false},"excerpt":{"rendered":"<p>NORMAS E TRANSPAR\u00caNCIA RESOLU\u00c7\u00d5ES Resolu\u00e7\u00f5es REGIMENTOS Regimento do PPGE \u2013 Mestrado e Doutorado em Educa\u00e7\u00e3o\u00a0 Credenciamento, Recredenciamento e Descredenciamento de Docentes do PPGE\/UFPel Regimento da Comiss\u00e3o de Autoavalia\u00e7\u00e3o do PPGE Programa Anal\u00edtico e Ementa de Disciplina da P\u00f3s Gradua\u00e7\u00e3o Regimento do CEHUS Pr\u00f3-Reitoria de Pesquisa e P\u00f3s-Gradua\u00e7\u00e3o N\u00facleo de Execu\u00e7\u00e3o Or\u00e7ament\u00e1ria &#8211; NEOR Documentos de [&hellip;]<\/p>\n","protected":false},"author":162,"featured_media":0,"parent":0,"menu_order":0,"comment_status":"closed","ping_status":"closed","template":"page-sem-sidebar.php","meta":{"footnotes":""},"class_list":["post-636","page","type-page","status-publish","hentry"],"_links":{"self":[{"href":"https:\/\/curso-wp.ufpel.edu.br\/sandrobortolazzo\/wp-json\/wp\/v2\/pages\/636","targetHints":{"allow":["GET"]}}],"collection":[{"href":"https:\/\/curso-wp.ufpel.edu.br\/sandrobortolazzo\/wp-json\/wp\/v2\/pages"}],"about":[{"href":"https:\/\/curso-wp.ufpel.edu.br\/sandrobortolazzo\/wp-json\/wp\/v2\/types\/page"}],"author":[{"embeddable":true,"href":"https:\/\/curso-wp.ufpel.edu.br\/sandrobortolazzo\/wp-json\/wp\/v2\/users\/162"}],"replies":[{"embeddable":true,"href":"https:\/\/curso-wp.ufpel.edu.br\/sandrobortolazzo\/wp-json\/wp\/v2\/comments?post=636"}],"version-history":[{"count":5,"href":"https:\/\/curso-wp.ufpel.edu.br\/sandrobortolazzo\/wp-json\/wp\/v2\/pages\/636\/revisions"}],"predecessor-version":[{"id":3679,"href":"https:\/\/curso-wp.ufpel.edu.br\/sandrobortolazzo\/wp-json\/wp\/v2\/pages\/636\/revisions\/3679"}],"wp:attachment":[{"href":"https:\/\/curso-wp.ufpel.edu.br\/sandrobortolazzo\/wp-json\/wp\/v2\/media?parent=636"}],"curies":[{"name":"wp","href":"https:\/\/api.w.org\/{rel}","templated":true}]}}