{"id":694,"date":"2024-05-20T00:00:02","date_gmt":"2024-05-20T03:00:02","guid":{"rendered":"https:\/\/curso-wp.ufpel.edu.br\/sandrobortolazzo\/?page_id=694"},"modified":"2024-07-15T01:45:11","modified_gmt":"2024-07-15T04:45:11","slug":"selecao-de-bolsistas","status":"publish","type":"page","link":"https:\/\/curso-wp.ufpel.edu.br\/sandrobortolazzo\/selecao-de-bolsistas\/","title":{"rendered":"Sele\u00e7\u00e3o de Bolsistas"},"content":{"rendered":"<div id=\"pl-694\"  class=\"panel-layout\" ><div id=\"pg-694-0\"  class=\"panel-grid panel-no-style\" ><div id=\"pgc-694-0-0\"  class=\"panel-grid-cell\" ><div id=\"panel-694-0-0-0\" class=\"so-panel widget widget_sow-accordion panel-first-child panel-last-child\" data-index=\"0\" ><div\n\t\t\t\n\t\t\tclass=\"so-widget-sow-accordion so-widget-sow-accordion-default-d9295f5bfa93-694\"\n\t\t\t\n\t\t><div>\n\t<div class=\"sow-accordion\">\n\t\t\t<div class=\"sow-accordion-panel\n\t\t\t\t\"\n\t\t\tdata-anchor-id=\"2023\">\n\t\t\t\t<div class=\"sow-accordion-panel-header-container\" role=\"heading\" aria-level=\"2\">\n\t\t\t\t\t<div class=\"sow-accordion-panel-header\" tabindex=\"0\" role=\"button\" id=\"accordion-label-2023\" aria-controls=\"accordion-content-2023\" aria-expanded=\"false\">\n\t\t\t\t\t\t<div class=\"sow-accordion-title sow-accordion-title-icon-left\">\n\t\t\t\t\t\t\t\t\t\t\t\t\t\t2023\t\t\t\t\t\t\t\t\t\t\t\t\t<\/div>\n\t\t\t\t\t\t<div class=\"sow-accordion-open-close-button\">\n\t\t\t\t\t\t\t<div class=\"sow-accordion-open-button\">\n\t\t\t\t\t\t\t\t<span class=\"sow-icon-ionicons\" data-sow-icon=\"&#xf218;\"\n\t\t \n\t\taria-hidden=\"true\"><\/span>\t\t\t\t\t\t\t<\/div>\n\t\t\t\t\t\t\t<div class=\"sow-accordion-close-button\">\n\t\t\t\t\t\t\t\t<span class=\"sow-icon-ionicons\" data-sow-icon=\"&#xf209;\"\n\t\t \n\t\taria-hidden=\"true\"><\/span>\t\t\t\t\t\t\t<\/div>\n\t\t\t\t\t\t<\/div>\n\t\t\t\t\t<\/div>\n\t\t\t\t<\/div>\n\n\t\t\t<div\n\t\t\t\tclass=\"sow-accordion-panel-content\"\n\t\t\t\trole=\"region\"\n\t\t\t\taria-labelledby=\"accordion-label-2023\"\n\t\t\t\tid=\"accordion-content-2023\"\n\t\t\t\tstyle=\"display: none;\"\t\t\t>\n\t\t\t\t<div class=\"sow-accordion-panel-border\">\n\t\t\t\t\t<p><strong>EDITAL N\u00ba 01\/2023 \u2013 SELE\u00c7\u00c3O DE BOLSISTAS MESTRADO E DOUTORADO<\/strong><\/p>\n<p>+ A Comiss\u00e3o de Bolsas do PPGE torna p\u00fablico o\u00a0<a href=\"https:\/\/wp.ufpel.edu.br\/ppge\/files\/2023\/07\/Edital-Bolsistas.pdf\" class=\"mtli_attachment mtli_pdf\">Edital<\/a>\u00a0para bolsistas de Mestrado e de Doutorado 2023, com o objetivo de preenchimento de vagas disponibilizadas conforme fluxo cont\u00ednuo do Programa.<br \/>\n+ As inscri\u00e7\u00f5es ser\u00e3o realizadas de\u00a025 de julho de 2023 at\u00e9 \u00e0s 23h e 59min, hor\u00e1rio de Bras\u00edlia, do dia 31 de julho de 2023, EXCLUSIVAMENTE pelo preenchimento dos formul\u00e1rios abaixo:<br \/>\n+ <a href=\"https:\/\/forms.gle\/7mxP36wfa1r44Dq68\">MESTRADO<\/a><br \/>\n+ <a href=\"https:\/\/forms.gle\/QG9dkiow8jHxre3f7\">DOUTORADO<\/a><\/p>\n<p>Poder\u00e3o inscrever-se no Processo Seletivo estudantes ingressantes via processo seletivo 2023 (editais 23 e 24 de 2023) e aqueles efetivamente matriculados(as) nos Cursos de Mestrado e Doutorado deste Programa, com prazo regular de finaliza\u00e7\u00e3o n\u00e3o inferior a 6 (seis) meses no caso do mestrado e 12 (doze) meses no caso do doutorado, e os\/as candidatos\/as aprovados\/as no Processo de Sele\u00e7\u00e3o de Estudante Regular para os cursos de Mestrado e Doutorado (Editais 23 e 24 de 2023).<\/p>\n<p>+ <a href=\"https:\/\/wp.ufpel.edu.br\/ppge\/files\/2023\/07\/Termo-de-Compromisso-Bolsa.doc\">ANEXO A \u2013 TERMO DE COMPROMISSO BOLSAS<\/a><\/p>\n\t\t\t\t<\/div>\n\t\t\t<\/div>\n\t\t<\/div>\n\t\t\t<div class=\"sow-accordion-panel\n\t\t\t\t\"\n\t\t\tdata-anchor-id=\"2022\">\n\t\t\t\t<div class=\"sow-accordion-panel-header-container\" role=\"heading\" aria-level=\"2\">\n\t\t\t\t\t<div class=\"sow-accordion-panel-header\" tabindex=\"0\" role=\"button\" id=\"accordion-label-2022\" aria-controls=\"accordion-content-2022\" aria-expanded=\"false\">\n\t\t\t\t\t\t<div class=\"sow-accordion-title sow-accordion-title-icon-left\">\n\t\t\t\t\t\t\t\t\t\t\t\t\t\t2022\t\t\t\t\t\t\t\t\t\t\t\t\t<\/div>\n\t\t\t\t\t\t<div class=\"sow-accordion-open-close-button\">\n\t\t\t\t\t\t\t<div class=\"sow-accordion-open-button\">\n\t\t\t\t\t\t\t\t<span class=\"sow-icon-ionicons\" data-sow-icon=\"&#xf218;\"\n\t\t \n\t\taria-hidden=\"true\"><\/span>\t\t\t\t\t\t\t<\/div>\n\t\t\t\t\t\t\t<div class=\"sow-accordion-close-button\">\n\t\t\t\t\t\t\t\t<span class=\"sow-icon-ionicons\" data-sow-icon=\"&#xf209;\"\n\t\t \n\t\taria-hidden=\"true\"><\/span>\t\t\t\t\t\t\t<\/div>\n\t\t\t\t\t\t<\/div>\n\t\t\t\t\t<\/div>\n\t\t\t\t<\/div>\n\n\t\t\t<div\n\t\t\t\tclass=\"sow-accordion-panel-content\"\n\t\t\t\trole=\"region\"\n\t\t\t\taria-labelledby=\"accordion-label-2022\"\n\t\t\t\tid=\"accordion-content-2022\"\n\t\t\t\tstyle=\"display: none;\"\t\t\t>\n\t\t\t\t<div class=\"sow-accordion-panel-border\">\n\t\t\t\t\t<p><span style=\"font-weight: 400\">+ EDITAL N\u00ba 01\/2022 \u2013 SELE\u00c7\u00c3O DE BOLSISTAS MESTRADO E DOUTORADO<br \/>\n<\/span><span style=\"font-weight: 400\">+ A Comiss\u00e3o de Bolsas do PPGE torna p\u00fablico o\u00a0<\/span><a href=\"https:\/\/wp.ufpel.edu.br\/ppge\/files\/2022\/08\/Edital_Bolsistas_2022.pdf\" class=\"mtli_attachment mtli_pdf\"><span style=\"font-weight: 400\">Edital<\/span><\/a><span style=\"font-weight: 400\">\u00a0para bolsistas de Mestrado e de Doutorado 2021, com o objetivo de preenchimento de vagas disponibilizadas conforme fluxo cont\u00ednuo do Programa.<br \/>\n<\/span><span style=\"font-weight: 400\">+ As inscri\u00e7\u00f5es ser\u00e3o realizadas de\u00a0<\/span><b>15 de agosto de 2022 at\u00e9 \u00e0s 23h e 59min, hor\u00e1rio de Bras\u00edlia, do dia 17 de agosto de 2022<\/b><span style=\"font-weight: 400\">, EXCLUSIVAMENTE pelo preenchimento dos formul\u00e1rios abaixo:<br \/>\n<\/span><span style=\"font-weight: 400\">+ <\/span><a href=\"https:\/\/forms.gle\/nS1zUYEod8ZZWRkB6\"><span style=\"font-weight: 400\">MESTRADO<\/span><\/a><br \/>\n<span style=\"font-weight: 400\">+ <\/span><a href=\"https:\/\/forms.gle\/T4H4aap1D9vj27wq5\"><span style=\"font-weight: 400\">DOUTORADO<\/span><\/a><\/p>\n<p><span style=\"font-weight: 400\">Poder\u00e3o inscrever-se no Processo Seletivo estudantes efetivamente matriculados(as) nos Cursos de Mestrado e Doutorado deste Programa, com prazo regular de finaliza\u00e7\u00e3o n\u00e3o inferior a 6 (seis) meses no caso do mestrado e doze meses no caso do doutorado, e os\/as candidatos\/as aprovados\/as no Processo de Sele\u00e7\u00e3o de Estudante Regular para os cursos de Mestrado e Doutorado (Editais 053 e 054 de 2022).<\/span><\/p>\n<p><a href=\"https:\/\/wp.ufpel.edu.br\/ppge\/files\/2022\/08\/lISTA-DE-HOMOLOGADOS_AS.pdf\" class=\"mtli_attachment mtli_pdf\"><span style=\"font-weight: 400\">LISTA DE HOMOLOGADOS(AS)<\/span><\/a><br \/>\n<span style=\"font-weight: 400\">RETIFICA\u00c7\u00c3O DO CRONOGRAMA DO EDITAL 01\/2022<\/span><\/p>\n<table>\n<tbody>\n<tr>\n<td><b>Avalia\u00e7\u00e3o dos curr\u00edculos<\/b><\/td>\n<td><b>At\u00e9 o dia 24\/08\/2022<\/b><\/td>\n<\/tr>\n<tr>\n<td><b>Divulga\u00e7\u00e3o dos resultados<\/b><\/td>\n<td><b>26\/08\/2022 (at\u00e9 \u00e0s 23:59)<\/b><\/td>\n<\/tr>\n<tr>\n<td><b>Prazo para recursos<\/b><\/td>\n<td><b>27\/08\/2022 a 30\/08\/2022<\/b><\/td>\n<\/tr>\n<tr>\n<td><b>Homologa\u00e7\u00e3o dos resultados<\/b><\/td>\n<td><b>01\/09\/2022<\/b><\/td>\n<\/tr>\n<\/tbody>\n<\/table>\n<p><span style=\"font-weight: 400\">Salientamos que em virtude do curto prazo de implementa\u00e7\u00e3o das bolsas no m\u00eas de setembro. Os\/As selecionados\/as\u00a0 para as vagas existentes devem preencher a documenta\u00e7\u00e3o at\u00e9 o dia 02\/09\/2022 para implementa\u00e7\u00e3o imediata, bolsistas convocados para as vagas existentes\u00a0 que n\u00e3o enviarem neste prazo ter\u00e3o a bolsa implementada no m\u00eas subsequente.<\/span><\/p>\n<p><span style=\"font-weight: 400\">Os documentos s\u00e3o:<br \/>\n<\/span><span style=\"font-weight: 400\">+ <\/span><a href=\"https:\/\/wp.ufpel.edu.br\/ppge\/files\/2022\/08\/Termo-de-Compromisso-Bolsa_-2022.doc\"><span style=\"font-weight: 400\">Termo de compromisso do\/a bolsista<\/span><\/a><br \/>\n<span style=\"font-weight: 400\">+ <\/span><a href=\"https:\/\/wp.ufpel.edu.br\/ppge\/files\/2022\/08\/Formulario-Cadastro-de-Bolsistas.xls\"><span style=\"font-weight: 400\">Ficha de cadastro\u00a0<\/span><\/a><\/p>\n<p><b>Publica\u00e7\u00e3o 26\/08\/2022:<br \/>\n<\/b><span style=\"font-weight: 400\">+ <\/span><a href=\"https:\/\/wp.ufpel.edu.br\/ppge\/files\/2022\/08\/SEI_UFPel-1839620-Edital-1.pdf\" class=\"mtli_attachment mtli_pdf\"><span style=\"font-weight: 400\">Divulga\u00e7\u00e3o do Resultado Classificat\u00f3rio Mestrado e Doutorado<\/span><\/a><br \/>\n<span style=\"font-weight: 400\">+ <\/span><a href=\"https:\/\/wp.ufpel.edu.br\/ppge\/files\/2022\/09\/SEI_UFPel-1848101-Edital.pdf\" class=\"mtli_attachment mtli_pdf\"><span style=\"font-weight: 400\">Resultado final<\/span><\/a><\/p>\n<p><span style=\"font-weight: 400\">+EDITAL SELE\u00c7\u00c3O BOLSISTAS MESTRADO 2022\/1<br \/>\n<\/span><span style=\"font-weight: 400\">Considerando a\u00a0PORTARIA N\u00ba 40, DE 24 DE FEVEREIRO DE 2022<br \/>\n<\/span><span style=\"font-weight: 400\">Considerando que\u00a0\u00a0 EDITAL 01\/2021 SELE\u00c7\u00c3O DE BOLSISTAS MESTRADO foi esgotado em Convoca\u00e7\u00e3o.<br \/>\n<\/span><span style=\"font-weight: 400\">O PPGE abre Edital para (01) bolsa de Mestrado e lista de espera para novas bolsas, durante a vig\u00eancia deste Edital.<\/span><\/p>\n<p><span style=\"font-weight: 400\">+ <\/span><a href=\"https:\/\/wp.ufpel.edu.br\/ppge\/files\/2022\/03\/Edital-de-Bolsas-Mestrado-2022_1.pdf\" class=\"mtli_attachment mtli_pdf\"><span style=\"font-weight: 400\">Edital de Bolsas Mestrado 2022_1<\/span><\/a><br \/>\n<span style=\"font-weight: 400\">+ <\/span><a href=\"https:\/\/docs.google.com\/forms\/d\/e\/1FAIpQLScF1lMJecnEpMiBTOEfA1IDTrLEv_ZrUpPScF-pZ7fnVhCZJw\/viewform?usp=sf_link\"><span style=\"font-weight: 400\">Formul\u00e1rio de Inscri\u00e7\u00e3o<\/span><\/a><br \/>\n<span style=\"font-weight: 400\">+ <\/span><a href=\"https:\/\/wp.ufpel.edu.br\/ppge\/files\/2022\/04\/edital-01-2022_-homologacao-da-inscricoes.pdf\" class=\"mtli_attachment mtli_pdf\"><span style=\"font-weight: 400\">Edital 01 2022_ homologa\u00e7\u00e3o da inscri\u00e7\u00f5es<\/span><\/a><br \/>\n<span style=\"font-weight: 400\">+ <\/span><a href=\"https:\/\/wp.ufpel.edu.br\/ppge\/files\/2022\/04\/Edital-01-2022-Resultado_classificacao.pdf\" class=\"mtli_attachment mtli_pdf\"><span style=\"font-weight: 400\">Edital 01 2022 \u2013 Resultado_classifica\u00e7\u00e3o<\/span><\/a><\/p>\n\t\t\t\t<\/div>\n\t\t\t<\/div>\n\t\t<\/div>\n\t\t<\/div>\n<\/div>\n<\/div><\/div><\/div><\/div><\/div>","protected":false},"excerpt":{"rendered":"<p>2023 EDITAL N\u00ba 01\/2023 \u2013 SELE\u00c7\u00c3O DE BOLSISTAS MESTRADO E DOUTORADO + A Comiss\u00e3o de Bolsas do PPGE torna p\u00fablico o\u00a0Edital\u00a0para bolsistas de Mestrado e de Doutorado 2023, com o objetivo de preenchimento de vagas disponibilizadas conforme fluxo cont\u00ednuo do Programa. + As inscri\u00e7\u00f5es ser\u00e3o realizadas de\u00a025 de julho de 2023 at\u00e9 \u00e0s 23h e [&hellip;]<\/p>\n","protected":false},"author":162,"featured_media":0,"parent":0,"menu_order":0,"comment_status":"closed","ping_status":"closed","template":"page-sem-sidebar.php","meta":{"footnotes":""},"class_list":["post-694","page","type-page","status-publish","hentry"],"_links":{"self":[{"href":"https:\/\/curso-wp.ufpel.edu.br\/sandrobortolazzo\/wp-json\/wp\/v2\/pages\/694","targetHints":{"allow":["GET"]}}],"collection":[{"href":"https:\/\/curso-wp.ufpel.edu.br\/sandrobortolazzo\/wp-json\/wp\/v2\/pages"}],"about":[{"href":"https:\/\/curso-wp.ufpel.edu.br\/sandrobortolazzo\/wp-json\/wp\/v2\/types\/page"}],"author":[{"embeddable":true,"href":"https:\/\/curso-wp.ufpel.edu.br\/sandrobortolazzo\/wp-json\/wp\/v2\/users\/162"}],"replies":[{"embeddable":true,"href":"https:\/\/curso-wp.ufpel.edu.br\/sandrobortolazzo\/wp-json\/wp\/v2\/comments?post=694"}],"version-history":[{"count":3,"href":"https:\/\/curso-wp.ufpel.edu.br\/sandrobortolazzo\/wp-json\/wp\/v2\/pages\/694\/revisions"}],"predecessor-version":[{"id":783,"href":"https:\/\/curso-wp.ufpel.edu.br\/sandrobortolazzo\/wp-json\/wp\/v2\/pages\/694\/revisions\/783"}],"wp:attachment":[{"href":"https:\/\/curso-wp.ufpel.edu.br\/sandrobortolazzo\/wp-json\/wp\/v2\/media?parent=694"}],"curies":[{"name":"wp","href":"https:\/\/api.w.org\/{rel}","templated":true}]}}