{"id":140,"date":"2011-12-01T14:00:54","date_gmt":"2011-12-01T14:00:54","guid":{"rendered":"http:\/\/ifm.ufpel.edu.br\/dme\/?page_id=140"},"modified":"2011-12-01T14:00:54","modified_gmt":"2011-12-01T14:00:54","slug":"horarios","status":"publish","type":"page","link":"https:\/\/curso-wp.ufpel.edu.br\/tema-expound\/horarios\/","title":{"rendered":"Hor\u00e1rios"},"content":{"rendered":"<blockquote><p>As informa\u00e7\u00f5es contidas neste site t\u00eam a finalidade apenas de ilustrar aplica\u00e7\u00f5es t\u00edpicas no \u00e2mbito da UFPel e n\u00e3o necessariamente representam a situa\u00e7\u00e3o real ou atual das estruturas apresentadas.<\/p><\/blockquote>\n<p>Confira abaixo os hor\u00e1rios, locais e Professores das disciplinas do Programa de P\u00f3s-Gradua\u00e7\u00e3o em F\u00edsica:<\/p>\n<p><strong>Aten\u00e7\u00e3o! <\/strong><\/p>\n<p><strong>Os hor\u00e1rios e locais das aulas podem sofrer altera\u00e7\u00f5es.<\/strong><\/p>\n<p>Verifique frequentemente o arquivo com a lista de hor\u00e1rios!<\/p>\n<h2>Hor\u00e1rios 2017\/01<\/h2>\n<div id=\"attachment_3959\" style=\"width: 206px\" class=\"wp-caption alignleft\"><a href=\"https:\/\/wp-test.ufpel.edu.br\/tema-expound\/horarios\/horarios_20171\/#main\"><img loading=\"lazy\" decoding=\"async\" aria-describedby=\"caption-attachment-3959\" class=\"wp-image-3959 size-thumbnail\" src=\"http:\/\/curso-wp.ufpel.edu.br\/tema-expound\/wp-content\/uploads\/sites\/190\/2011\/12\/horarios_20171-200x200.jpg\" alt=\"\" width=\"200\" height=\"200\" srcset=\"https:\/\/curso-wp.ufpel.edu.br\/tema-expound\/wp-content\/uploads\/sites\/190\/2011\/12\/horarios_20171-200x200.jpg 200w, https:\/\/curso-wp.ufpel.edu.br\/tema-expound\/wp-content\/uploads\/sites\/190\/2011\/12\/horarios_20171-50x50.jpg 50w\" sizes=\"auto, (max-width: 200px) 100vw, 200px\" \/><\/a><p id=\"caption-attachment-3959\" class=\"wp-caption-text\">Clique para ampliar<\/p><\/div>\n<p>A <strong>matr\u00edcula<\/strong> para os alunos com <strong>ingresso anterior a mar\u00e7o de 2017<\/strong> ser\u00e1 feita de <strong>02 e 03<\/strong><strong>\/03\/2017<\/strong>, das 08:30 as 12:00 na Secretaria do Programa. Para a realiza\u00e7\u00e3o da matr\u00edcula, o estudante dever\u00e1 entregar duas (02) c\u00f3pias do <a href=\"http:\/\/wp.ufpel.edu.br\/pgfisica\/files\/2014\/03\/formulario2_matricula.doc\">Formul\u00e1rio de Matr\u00edcula N\u00famero 2<\/a> , devidamente assinado pelo estudante e pelo orientador.<\/p>\n<p style=\"text-align: justify\">As aulas do PPG em F\u00edsica iniciam em <strong>24\/04\/2017.<\/strong><\/p>\n","protected":false},"excerpt":{"rendered":"<p>As informa\u00e7\u00f5es contidas neste site t\u00eam a finalidade apenas de ilustrar aplica\u00e7\u00f5es t\u00edpicas no \u00e2mbito da UFPel e n\u00e3o necessariamente representam a situa\u00e7\u00e3o real ou atual das estruturas apresentadas. Confira abaixo os hor\u00e1rios, locais e Professores das disciplinas do Programa de P\u00f3s-Gradua\u00e7\u00e3o em F\u00edsica: Aten\u00e7\u00e3o! Os hor\u00e1rios e locais das aulas podem sofrer altera\u00e7\u00f5es. Verifique&hellip;<\/p>\n","protected":false},"author":34,"featured_media":0,"parent":0,"menu_order":26,"comment_status":"closed","ping_status":"closed","template":"","meta":{"footnotes":""},"class_list":["post-140","page","type-page","status-publish","hentry"],"jetpack_sharing_enabled":true,"_links":{"self":[{"href":"https:\/\/curso-wp.ufpel.edu.br\/tema-expound\/wp-json\/wp\/v2\/pages\/140","targetHints":{"allow":["GET"]}}],"collection":[{"href":"https:\/\/curso-wp.ufpel.edu.br\/tema-expound\/wp-json\/wp\/v2\/pages"}],"about":[{"href":"https:\/\/curso-wp.ufpel.edu.br\/tema-expound\/wp-json\/wp\/v2\/types\/page"}],"author":[{"embeddable":true,"href":"https:\/\/curso-wp.ufpel.edu.br\/tema-expound\/wp-json\/wp\/v2\/users\/34"}],"replies":[{"embeddable":true,"href":"https:\/\/curso-wp.ufpel.edu.br\/tema-expound\/wp-json\/wp\/v2\/comments?post=140"}],"version-history":[{"count":0,"href":"https:\/\/curso-wp.ufpel.edu.br\/tema-expound\/wp-json\/wp\/v2\/pages\/140\/revisions"}],"wp:attachment":[{"href":"https:\/\/curso-wp.ufpel.edu.br\/tema-expound\/wp-json\/wp\/v2\/media?parent=140"}],"curies":[{"name":"wp","href":"https:\/\/api.w.org\/{rel}","templated":true}]}}