{"id":31,"date":"2012-02-05T19:09:08","date_gmt":"2012-02-05T19:09:08","guid":{"rendered":"http:\/\/localhost\/wordpress\/?page_id=31"},"modified":"2012-02-05T19:09:08","modified_gmt":"2012-02-05T19:09:08","slug":"apresentacao","status":"publish","type":"page","link":"https:\/\/curso-wp.ufpel.edu.br\/tema-expound\/apresentacao\/","title":{"rendered":"Apresenta\u00e7\u00e3o"},"content":{"rendered":"<blockquote><p>As informa\u00e7\u00f5es contidas neste site t\u00eam a finalidade apenas de ilustrar aplica\u00e7\u00f5es t\u00edpicas no \u00e2mbito da UFPel e n\u00e3o necessariamente representam a situa\u00e7\u00e3o real ou atual das estruturas apresentadas.<\/p><\/blockquote>\n<p style=\"text-align: justify\">O Programa de P\u00f3s-Gradua\u00e7\u00e3o em F\u00edsica (PPGFis) da Universidade Federal de Pelotas (UFPel), com sede no Pr\u00e9dio 15 do Instituto de F\u00edsica e Matem\u00e1tica, oferece os Cursos de<strong> Mestrado em F\u00edsica<\/strong> (recomendado pela CAPES em 17\/12\/2007) e <strong>Doutorado em F\u00edsica<\/strong> (recomendado pela CAPES em 17\/12\/2015). O Programa compreende como \u00c1rea de Concentra\u00e7\u00e3o: F\u00edsica, envolvendo as seguintes Linhas de Pesquisa:<\/p>\n<p><strong>\u00b7 F\u00edsica da Mat\u00e9ria Condensada (Te\u00f3rica e Experimental)<\/strong><br \/>\n<strong> \u00b7 F\u00edsica de Part\u00edculas e H\u00e1drons (Te\u00f3rica)<\/strong><br \/>\n<strong> \u00b7 F\u00edsica dos Plasmas (Te\u00f3rica)<\/strong><\/p>\n<p>O <strong>Curso de Mestrado<\/strong> foi avaliado com a <strong>nota 4<\/strong> na \u00faltima avalia\u00e7\u00e3o trienal da CAPES 2010-2012. O <strong>Curso de Doutorado<\/strong> foi recomendado pela CAPES em 12\/2015 com <strong>nota 4<\/strong>.<\/p>\n<table class=\"tabela\">\n<tbody>\n<tr>\n<th style=\"width: 50%;border: 0px none\">Endere\u00e7o<\/th>\n<th style=\"border: 0px none\">Mapa<\/th>\n<\/tr>\n<tr>\n<td style=\"border: 0px none;vertical-align: top\">Universidade Federal de Pelotas<br \/>\nInstituto de F\u00edsica e Matem\u00e1tica<br \/>\nPrograma de P\u00f3s-Gradua\u00e7\u00e3o em F\u00edsica<br \/>\nCampus Cap\u00e3o do Le\u00e3o, Caixa Postal 354<br \/>\nCEP 96160-000, Cap\u00e3o do Le\u00e3o, RS.<br \/>\nTelefone: +55 (53) 3275-7277<br \/>\nFax: +55 (53) 3275-7277<br \/>\nEmail: cpgfisica@ufpel.edu.br<\/td>\n<td id=\"centro\" style=\"border: 0px none;text-align: center\"><a href=\"https:\/\/wp-test.ufpel.edu.br\/tema-expound\/apresentacao\/mapa_ppgfisica\/#main\"><img loading=\"lazy\" decoding=\"async\" class=\"alignnone wp-image-4408 size-medium\" src=\"http:\/\/curso-wp.ufpel.edu.br\/tema-expound\/wp-content\/uploads\/sites\/190\/2012\/02\/mapa_ppgfisica-400x280.jpg\" alt=\"\" width=\"400\" height=\"280\" srcset=\"https:\/\/curso-wp.ufpel.edu.br\/tema-expound\/wp-content\/uploads\/sites\/190\/2012\/02\/mapa_ppgfisica-400x280.jpg 400w, https:\/\/curso-wp.ufpel.edu.br\/tema-expound\/wp-content\/uploads\/sites\/190\/2012\/02\/mapa_ppgfisica-768x537.jpg 768w, https:\/\/curso-wp.ufpel.edu.br\/tema-expound\/wp-content\/uploads\/sites\/190\/2012\/02\/mapa_ppgfisica-1024x716.jpg 1024w, https:\/\/curso-wp.ufpel.edu.br\/tema-expound\/wp-content\/uploads\/sites\/190\/2012\/02\/mapa_ppgfisica.jpg 1144w\" sizes=\"auto, (max-width: 400px) 100vw, 400px\" \/><\/a><\/td>\n<\/tr>\n<\/tbody>\n<\/table>\n<p>&nbsp;<\/p>\n","protected":false},"excerpt":{"rendered":"<p>As informa\u00e7\u00f5es contidas neste site t\u00eam a finalidade apenas de ilustrar aplica\u00e7\u00f5es t\u00edpicas no \u00e2mbito da UFPel e n\u00e3o necessariamente representam a situa\u00e7\u00e3o real ou atual das estruturas apresentadas. O Programa de P\u00f3s-Gradua\u00e7\u00e3o em F\u00edsica (PPGFis) da Universidade Federal de Pelotas (UFPel), com sede no Pr\u00e9dio 15 do Instituto de F\u00edsica e Matem\u00e1tica, oferece os&hellip;<\/p>\n","protected":false},"author":34,"featured_media":0,"parent":0,"menu_order":15,"comment_status":"closed","ping_status":"closed","template":"","meta":{"footnotes":""},"class_list":["post-31","page","type-page","status-publish","hentry"],"jetpack_sharing_enabled":true,"_links":{"self":[{"href":"https:\/\/curso-wp.ufpel.edu.br\/tema-expound\/wp-json\/wp\/v2\/pages\/31","targetHints":{"allow":["GET"]}}],"collection":[{"href":"https:\/\/curso-wp.ufpel.edu.br\/tema-expound\/wp-json\/wp\/v2\/pages"}],"about":[{"href":"https:\/\/curso-wp.ufpel.edu.br\/tema-expound\/wp-json\/wp\/v2\/types\/page"}],"author":[{"embeddable":true,"href":"https:\/\/curso-wp.ufpel.edu.br\/tema-expound\/wp-json\/wp\/v2\/users\/34"}],"replies":[{"embeddable":true,"href":"https:\/\/curso-wp.ufpel.edu.br\/tema-expound\/wp-json\/wp\/v2\/comments?post=31"}],"version-history":[{"count":0,"href":"https:\/\/curso-wp.ufpel.edu.br\/tema-expound\/wp-json\/wp\/v2\/pages\/31\/revisions"}],"wp:attachment":[{"href":"https:\/\/curso-wp.ufpel.edu.br\/tema-expound\/wp-json\/wp\/v2\/media?parent=31"}],"curies":[{"name":"wp","href":"https:\/\/api.w.org\/{rel}","templated":true}]}}