{"id":3887,"date":"2017-08-29T12:38:32","date_gmt":"2017-08-29T15:38:32","guid":{"rendered":"http:\/\/wp.ufpel.edu.br\/pgfisica\/?page_id=3887"},"modified":"2017-08-29T12:38:32","modified_gmt":"2017-08-29T15:38:32","slug":"disciplinas","status":"publish","type":"page","link":"https:\/\/curso-wp.ufpel.edu.br\/tema-expound\/disciplinas\/","title":{"rendered":"Disciplinas"},"content":{"rendered":"<h3>Disciplinas Obrigat\u00f3rias &#8211; Doutorado<\/h3>\n<table class=\"dados-cobalto tabela-disciplinas\"><tr><th>C\u00f3digo<\/th><th>Disciplina<\/th><th>Car\u00e1ter<\/th><th>Cr.<\/th><th>Horas<\/th><\/tr><tr><td>11090130<\/td><td><a href=\"https:\/\/institucional.ufpel.edu.br\/disciplinas\/id\/54069\" target=\"_blank\">MEC\u00c2NICA CL\u00c1SSICA<\/a><\/td><td>Obrigat\u00f3ria<\/td><td>4<\/td><td>60<\/td><\/tr><tr><td>11090131<\/td><td><a href=\"https:\/\/institucional.ufpel.edu.br\/disciplinas\/id\/54070\" target=\"_blank\">MEC\u00c2NICA ESTAT\u00cdSTICA<\/a><\/td><td>Obrigat\u00f3ria<\/td><td>4<\/td><td>60<\/td><\/tr><tr><td>11090132<\/td><td><a href=\"https:\/\/institucional.ufpel.edu.br\/disciplinas\/id\/54071\" target=\"_blank\">MEC\u00c2NICA QU\u00c2NTICA<\/a><\/td><td>Obrigat\u00f3ria<\/td><td>4<\/td><td>60<\/td><\/tr><tr><td>11090133<\/td><td><a href=\"https:\/\/institucional.ufpel.edu.br\/disciplinas\/id\/54072\" target=\"_blank\">TEORIA ELETROMAGN\u00c9TICA<\/a><\/td><td>Obrigat\u00f3ria<\/td><td>4<\/td><td>60<\/td><\/tr><tr><td>11090125<\/td><td><a href=\"https:\/\/institucional.ufpel.edu.br\/disciplinas\/id\/54064\" target=\"_blank\">TESE DE DOUTORADO<\/a><\/td><td>Obrigat\u00f3ria<\/td><td>8<\/td><td>120<\/td><\/tr><\/table>\n<p>&nbsp;<\/p>\n<h3>Disciplinas Obrigat\u00f3rias &#8211; Mestrado<\/h3>\n<table class=\"dados-cobalto tabela-disciplinas\"><tr><th>C\u00f3digo<\/th><th>Disciplina<\/th><th>Car\u00e1ter<\/th><th>Cr.<\/th><th>Horas<\/th><\/tr><tr><td>11090150<\/td><td><a href=\"https:\/\/institucional.ufpel.edu.br\/disciplinas\/id\/54089\" target=\"_blank\">DISSERTA\u00c7\u00c3O DE MESTRADO<\/a><\/td><td>Obrigat\u00f3ria<\/td><td>8<\/td><td>120<\/td><\/tr><tr><td>11090131<\/td><td><a href=\"https:\/\/institucional.ufpel.edu.br\/disciplinas\/id\/54070\" target=\"_blank\">MEC\u00c2NICA ESTAT\u00cdSTICA<\/a><\/td><td>Obrigat\u00f3ria<\/td><td>4<\/td><td>60<\/td><\/tr><tr><td>11090132<\/td><td><a href=\"https:\/\/institucional.ufpel.edu.br\/disciplinas\/id\/54071\" target=\"_blank\">MEC\u00c2NICA QU\u00c2NTICA<\/a><\/td><td>Obrigat\u00f3ria<\/td><td>4<\/td><td>60<\/td><\/tr><tr><td>11090133<\/td><td><a href=\"https:\/\/institucional.ufpel.edu.br\/disciplinas\/id\/54072\" target=\"_blank\">TEORIA ELETROMAGN\u00c9TICA<\/a><\/td><td>Obrigat\u00f3ria<\/td><td>4<\/td><td>60<\/td><\/tr><\/table>\n<p>&nbsp;<\/p>\n<h3>Disciplinas Optativas<\/h3>\n<table class=\"dados-cobalto tabela-disciplinas\"><tr><th>C\u00f3digo<\/th><th>Disciplina<\/th><th>Car\u00e1ter<\/th><th>Cr.<\/th><th>Horas<\/th><\/tr><tr><td>11090134<\/td><td><a href=\"https:\/\/institucional.ufpel.edu.br\/disciplinas\/id\/54073\" target=\"_blank\">CROMODIN\u00c2MICA QU\u00c2NTICA<\/a><\/td><td>Optativa<\/td><td>4<\/td><td>60<\/td><\/tr><tr><td>11090136<\/td><td><a href=\"https:\/\/institucional.ufpel.edu.br\/disciplinas\/id\/54075\" target=\"_blank\">ESTADO S\u00d3LIDO<\/a><\/td><td>Optativa<\/td><td>4<\/td><td>60<\/td><\/tr><tr><td>11090126<\/td><td><a href=\"https:\/\/institucional.ufpel.edu.br\/disciplinas\/id\/54065\" target=\"_blank\">EST\u00c1GIO DOCENTE II<\/a><\/td><td>Optativa<\/td><td>4<\/td><td>60<\/td><\/tr><tr><td>11090147<\/td><td><a href=\"https:\/\/institucional.ufpel.edu.br\/disciplinas\/id\/54086\" target=\"_blank\">EST\u00c1GIO PROFISSIONAL<\/a><\/td><td>Optativa<\/td><td>4<\/td><td>60<\/td><\/tr><tr><td>11090129<\/td><td><a href=\"https:\/\/institucional.ufpel.edu.br\/disciplinas\/id\/54068\" target=\"_blank\">F\u00cdSICA DOS PLASMAS<\/a><\/td><td>Optativa<\/td><td>4<\/td><td>60<\/td><\/tr><tr><td>11090138<\/td><td><a href=\"https:\/\/institucional.ufpel.edu.br\/disciplinas\/id\/54077\" target=\"_blank\">F\u00cdSICA DOS PLASMAS<\/a><\/td><td>Optativa<\/td><td>4<\/td><td>60<\/td><\/tr><tr><td>11090151<\/td><td><a href=\"https:\/\/institucional.ufpel.edu.br\/disciplinas\/id\/54090\" target=\"_blank\">M\u00c9TODOS DE SIMULA\u00c7\u00c3O COMPUTACIONAL QU\u00c2NTICA I<\/a><\/td><td>Optativa<\/td><td>4<\/td><td>60<\/td><\/tr><tr><td>11090152<\/td><td><a href=\"https:\/\/institucional.ufpel.edu.br\/disciplinas\/id\/54091\" target=\"_blank\">M\u00c9TODOS DE SIMULA\u00c7\u00c3O COMPUTACIONAL QU\u00c2NTICA II<\/a><\/td><td>Optativa<\/td><td>4<\/td><td>60<\/td><\/tr><tr><td>11090117<\/td><td><a href=\"https:\/\/institucional.ufpel.edu.br\/disciplinas\/id\/54056\" target=\"_blank\">NANOMATERIAIS<\/a><\/td><td>Optativa<\/td><td>4<\/td><td>60<\/td><\/tr><tr><td>11090118<\/td><td><a href=\"https:\/\/institucional.ufpel.edu.br\/disciplinas\/id\/54057\" target=\"_blank\">PROPRIEDADES EL\u00c9TRICAS E MAGN\u00c9TICAS DA MAT\u00c9RIA<\/a><\/td><td>Optativa<\/td><td>4<\/td><td>60<\/td><\/tr><tr><td>11090156<\/td><td><a href=\"https:\/\/institucional.ufpel.edu.br\/disciplinas\/id\/54095\" target=\"_blank\">RELATIVIDADE GERAL E COSMOLOGIA<\/a><\/td><td>Optativa<\/td><td>4<\/td><td>60<\/td><\/tr><tr><td>11090143<\/td><td><a href=\"https:\/\/institucional.ufpel.edu.br\/disciplinas\/id\/54082\" target=\"_blank\">SEMIN\u00c1RIOS DE F\u00cdSICA DE PART\u00cdCULAS E DE H\u00c1DRONS<\/a><\/td><td>Optativa<\/td><td>2<\/td><td>30<\/td><\/tr><tr><td>11090146<\/td><td><a href=\"https:\/\/institucional.ufpel.edu.br\/disciplinas\/id\/54085\" target=\"_blank\">SEMIN\u00c1RIOS DE F\u00cdSICA DOS PLASMAS<\/a><\/td><td>Optativa<\/td><td>2<\/td><td>30<\/td><\/tr><tr><td>11090145<\/td><td><a href=\"https:\/\/institucional.ufpel.edu.br\/disciplinas\/id\/54084\" target=\"_blank\">SEMIN\u00c1RIOS DE F\u00cdSICA ESTAT\u00cdSTICA<\/a><\/td><td>Optativa<\/td><td>2<\/td><td>30<\/td><\/tr><tr><td>11090124<\/td><td><a href=\"https:\/\/institucional.ufpel.edu.br\/disciplinas\/id\/54063\" target=\"_blank\">SEMIN\u00c1RIOS DE PROPRIEDADES \u00d3PTICAS E ESTRUTURAIS DE MAT\u00c9RIA CONDENSADA<\/a><\/td><td>Optativa<\/td><td>2<\/td><td>30<\/td><\/tr><tr><td>11090144<\/td><td><a href=\"https:\/\/institucional.ufpel.edu.br\/disciplinas\/id\/54083\" target=\"_blank\">SEMIN\u00c1RIOS DE SUPERCONDUTIVIDADE<\/a><\/td><td>Optativa<\/td><td>2<\/td><td>30<\/td><\/tr><tr><td>11090157<\/td><td><a href=\"https:\/\/institucional.ufpel.edu.br\/disciplinas\/id\/54096\" target=\"_blank\">SEMIN\u00c1RIOS EM F\u00cdSICA DE NANOMATERIAIS<\/a><\/td><td>Optativa<\/td><td>2<\/td><td>30<\/td><\/tr><tr><td>11090149<\/td><td><a href=\"https:\/\/institucional.ufpel.edu.br\/disciplinas\/id\/54088\" target=\"_blank\">SIMULA\u00c7\u00c3O MOLECULAR<\/a><\/td><td>Optativa<\/td><td>4<\/td><td>60<\/td><\/tr><tr><td>11090119<\/td><td><a href=\"https:\/\/institucional.ufpel.edu.br\/disciplinas\/id\/54058\" target=\"_blank\">SIMULA\u00c7\u00d5ES NUM\u00c9RICAS DE PLASMAS ESPACIAIS<\/a><\/td><td>Optativa<\/td><td>4<\/td><td>60<\/td><\/tr><tr><td>11090142<\/td><td><a href=\"https:\/\/institucional.ufpel.edu.br\/disciplinas\/id\/54081\" target=\"_blank\">SUPERCONDUTIVIDADE<\/a><\/td><td>Optativa<\/td><td>4<\/td><td>60<\/td><\/tr><tr><td>11090114<\/td><td><a href=\"https:\/\/institucional.ufpel.edu.br\/disciplinas\/id\/54053\" target=\"_blank\">TEORIA QU\u00c2NTICA DE CAMPOS I<\/a><\/td><td>Optativa<\/td><td>4<\/td><td>60<\/td><\/tr><tr><td>11090115<\/td><td><a href=\"https:\/\/institucional.ufpel.edu.br\/disciplinas\/id\/54054\" target=\"_blank\">TEORIA QU\u00c2NTICA DE CAMPOS II<\/a><\/td><td>Optativa<\/td><td>4<\/td><td>60<\/td><\/tr><tr><td>11090116<\/td><td><a href=\"https:\/\/institucional.ufpel.edu.br\/disciplinas\/id\/54055\" target=\"_blank\">TEORIAS DE GAUGE<\/a><\/td><td>Optativa<\/td><td>4<\/td><td>60<\/td><\/tr><tr><td>11090121<\/td><td><a href=\"https:\/\/institucional.ufpel.edu.br\/disciplinas\/id\/54060\" target=\"_blank\">T\u00d3PICOS DE F\u00cdSICA DE PART\u00cdCULAS E DE H\u00c1DRONS II<\/a><\/td><td>Optativa<\/td><td>2<\/td><td>30<\/td><\/tr><tr><td>11090158<\/td><td><a href=\"https:\/\/institucional.ufpel.edu.br\/disciplinas\/id\/54097\" target=\"_blank\">T\u00d3PICOS EM C\u00c1LCULOS DE PRIMEIROS PRINC\u00cdPIOS<\/a><\/td><td>Optativa<\/td><td>2<\/td><td>30<\/td><\/tr><tr><td>11090120<\/td><td><a href=\"https:\/\/institucional.ufpel.edu.br\/disciplinas\/id\/54059\" target=\"_blank\">T\u00d3PICOS EM F\u00cdSICA DE PART\u00cdCULAS E DE H\u00c1DRONS I<\/a><\/td><td>Optativa<\/td><td>2<\/td><td>30<\/td><\/tr><tr><td>11090127<\/td><td><a href=\"https:\/\/institucional.ufpel.edu.br\/disciplinas\/id\/54066\" target=\"_blank\">T\u00d3PICOS EM F\u00cdSICA DE PLASMAS I<\/a><\/td><td>Optativa<\/td><td>2<\/td><td>30<\/td><\/tr><tr><td>11090128<\/td><td><a href=\"https:\/\/institucional.ufpel.edu.br\/disciplinas\/id\/54067\" target=\"_blank\">T\u00d3PICOS EM F\u00cdSICA DE PLASMAS II<\/a><\/td><td>Optativa<\/td><td>2<\/td><td>30<\/td><\/tr><tr><td>11090140<\/td><td><a href=\"https:\/\/institucional.ufpel.edu.br\/disciplinas\/id\/54079\" target=\"_blank\">T\u00d3PICOS EM F\u00cdSICA ESTAT\u00cdSTICA<\/a><\/td><td>Optativa<\/td><td>2<\/td><td>30<\/td><\/tr><tr><td>11090155<\/td><td><a href=\"https:\/\/institucional.ufpel.edu.br\/disciplinas\/id\/54094\" target=\"_blank\">T\u00d3PICOS EM PROPRIEDADES F\u00cdSICAS DE MATERIAIS<\/a><\/td><td>Optativa<\/td><td>2<\/td><td>30<\/td><\/tr><tr><td>11090153<\/td><td><a href=\"https:\/\/institucional.ufpel.edu.br\/disciplinas\/id\/54092\" target=\"_blank\">T\u00d3PICOS EM S\u00cdNTESE E CARACTERIZA\u00c7\u00c3O DE SISTEMAS NANOESTRUTURADOS<\/a><\/td><td>Optativa<\/td><td>2<\/td><td>30<\/td><\/tr><tr><td>11090122<\/td><td><a href=\"https:\/\/institucional.ufpel.edu.br\/disciplinas\/id\/54061\" target=\"_blank\">T\u00d3PICOS EM SUPERCONDUTIVIDADE I<\/a><\/td><td>Optativa<\/td><td>2<\/td><td>30<\/td><\/tr><tr><td>11090123<\/td><td><a href=\"https:\/\/institucional.ufpel.edu.br\/disciplinas\/id\/54062\" target=\"_blank\">T\u00d3PICOS EM SUPERCONDUTIVIDADE II<\/a><\/td><td>Optativa<\/td><td>2<\/td><td>30<\/td><\/tr><tr><td>11090137<\/td><td><a href=\"https:\/\/institucional.ufpel.edu.br\/disciplinas\/id\/54076\" target=\"_blank\">TRANSI\u00c7\u00d5ES DE FASE E FEN\u00d4MENOS CR\u00cdTICOS<\/a><\/td><td>Optativa<\/td><td>4<\/td><td>60<\/td><\/tr><\/table>\n<p>&nbsp;<\/p>\n<p>&nbsp;<\/p>\n","protected":false},"excerpt":{"rendered":"<p>Disciplinas Obrigat\u00f3rias &#8211; Doutorado &nbsp; Disciplinas Obrigat\u00f3rias &#8211; Mestrado &nbsp; Disciplinas Optativas &nbsp; &nbsp;<\/p>\n","protected":false},"author":34,"featured_media":0,"parent":0,"menu_order":0,"comment_status":"closed","ping_status":"closed","template":"","meta":{"footnotes":""},"class_list":["post-3887","page","type-page","status-publish","hentry"],"jetpack_sharing_enabled":true,"_links":{"self":[{"href":"https:\/\/curso-wp.ufpel.edu.br\/tema-expound\/wp-json\/wp\/v2\/pages\/3887","targetHints":{"allow":["GET"]}}],"collection":[{"href":"https:\/\/curso-wp.ufpel.edu.br\/tema-expound\/wp-json\/wp\/v2\/pages"}],"about":[{"href":"https:\/\/curso-wp.ufpel.edu.br\/tema-expound\/wp-json\/wp\/v2\/types\/page"}],"author":[{"embeddable":true,"href":"https:\/\/curso-wp.ufpel.edu.br\/tema-expound\/wp-json\/wp\/v2\/users\/34"}],"replies":[{"embeddable":true,"href":"https:\/\/curso-wp.ufpel.edu.br\/tema-expound\/wp-json\/wp\/v2\/comments?post=3887"}],"version-history":[{"count":0,"href":"https:\/\/curso-wp.ufpel.edu.br\/tema-expound\/wp-json\/wp\/v2\/pages\/3887\/revisions"}],"wp:attachment":[{"href":"https:\/\/curso-wp.ufpel.edu.br\/tema-expound\/wp-json\/wp\/v2\/media?parent=3887"}],"curies":[{"name":"wp","href":"https:\/\/api.w.org\/{rel}","templated":true}]}}