{"id":855,"date":"2012-10-10T11:28:19","date_gmt":"2012-10-10T14:28:19","guid":{"rendered":"http:\/\/localhost\/pgmat\/?page_id=855"},"modified":"2012-10-10T11:28:19","modified_gmt":"2012-10-10T14:28:19","slug":"linhas-de-pesquisa","status":"publish","type":"page","link":"https:\/\/curso-wp.ufpel.edu.br\/tema-expound\/linhas-de-pesquisa\/","title":{"rendered":"Pesquisa"},"content":{"rendered":"<blockquote><p>As informa\u00e7\u00f5es contidas neste site t\u00eam a finalidade apenas de ilustrar aplica\u00e7\u00f5es t\u00edpicas no \u00e2mbito da UFPel e n\u00e3o necessariamente representam a situa\u00e7\u00e3o real ou atual das estruturas apresentadas.<\/p><\/blockquote>\n<h2>Linhas de Pesquisa do PPGFis<\/h2>\n<p>A pesquisa no Programa de P\u00f3s-Gradua\u00e7\u00e3o em F\u00edsica \u00e9 desenvolvida em 3 linhas de pesquisa:<\/p>\n<p><strong>F\u00edsica da Mat\u00e9ria Condensada<\/strong><\/p>\n<p style=\"padding-left: 30px\">F\u00edsica da Mat\u00e9ria Condensada (te\u00f3rica)<\/p>\n<p style=\"padding-left: 30px\">F\u00edsica da Mat\u00e9ria Condensada (experimental)<\/p>\n<p style=\"padding-left: 30px\">F\u00edsica Estat\u00edstica e Sistemas Complexos<\/p>\n<p><strong>F\u00edsica de Part\u00edculas e de H\u00e1drons<\/strong><\/p>\n<p><strong>F\u00edsica dos Plasmas<\/strong><\/p>\n<p>&nbsp;<\/p>\n<p>&nbsp;<\/p>\n","protected":false},"excerpt":{"rendered":"<p>As informa\u00e7\u00f5es contidas neste site t\u00eam a finalidade apenas de ilustrar aplica\u00e7\u00f5es t\u00edpicas no \u00e2mbito da UFPel e n\u00e3o necessariamente representam a situa\u00e7\u00e3o real ou atual das estruturas apresentadas. Linhas de Pesquisa do PPGFis A pesquisa no Programa de P\u00f3s-Gradua\u00e7\u00e3o em F\u00edsica \u00e9 desenvolvida em 3 linhas de pesquisa: F\u00edsica da Mat\u00e9ria Condensada F\u00edsica da&hellip;<\/p>\n","protected":false},"author":34,"featured_media":0,"parent":0,"menu_order":20,"comment_status":"closed","ping_status":"closed","template":"","meta":{"footnotes":""},"class_list":["post-855","page","type-page","status-publish","hentry"],"jetpack_sharing_enabled":true,"_links":{"self":[{"href":"https:\/\/curso-wp.ufpel.edu.br\/tema-expound\/wp-json\/wp\/v2\/pages\/855","targetHints":{"allow":["GET"]}}],"collection":[{"href":"https:\/\/curso-wp.ufpel.edu.br\/tema-expound\/wp-json\/wp\/v2\/pages"}],"about":[{"href":"https:\/\/curso-wp.ufpel.edu.br\/tema-expound\/wp-json\/wp\/v2\/types\/page"}],"author":[{"embeddable":true,"href":"https:\/\/curso-wp.ufpel.edu.br\/tema-expound\/wp-json\/wp\/v2\/users\/34"}],"replies":[{"embeddable":true,"href":"https:\/\/curso-wp.ufpel.edu.br\/tema-expound\/wp-json\/wp\/v2\/comments?post=855"}],"version-history":[{"count":0,"href":"https:\/\/curso-wp.ufpel.edu.br\/tema-expound\/wp-json\/wp\/v2\/pages\/855\/revisions"}],"wp:attachment":[{"href":"https:\/\/curso-wp.ufpel.edu.br\/tema-expound\/wp-json\/wp\/v2\/media?parent=855"}],"curies":[{"name":"wp","href":"https:\/\/api.w.org\/{rel}","templated":true}]}}