{"id":4505,"date":"2017-10-26T11:21:11","date_gmt":"2017-10-26T13:21:11","guid":{"rendered":"https:\/\/wp-test.ufpel.edu.br\/tema-graphene\/?page_id=4505"},"modified":"2017-10-26T11:21:11","modified_gmt":"2017-10-26T13:21:11","slug":"sobre-o-tema-graphene","status":"publish","type":"page","link":"https:\/\/curso-wp.ufpel.edu.br\/tema-graphene\/","title":{"rendered":"Sobre o tema Graphene"},"content":{"rendered":"<p>Nesta demonstra\u00e7\u00e3o utilizamos uma p\u00e1gina inicial est\u00e1tica, onde est\u00e1 inserido este texto. Em <em>Graphene: Geral -&gt; Pain\u00e9is da p\u00e1gina inicial<\/em> \u00e9 poss\u00edvel configurar a categoria e o n\u00famero de posts exibidos abaixo, ou utilizar a p\u00e1gina inicial padr\u00e3o, exibindo a lista de posts do site.<\/p>\n<p>O tema Graphene oferece diferentes op\u00e7\u00f5es de layout para o site, disponibilizando at\u00e9 duas barras laterais, com largura fixa ou utilizando a largura total da tela. Permite o uso de um menu secund\u00e1rio, logo abaixo do menu principal, e um menu no rodap\u00e9.<\/p>\n<p>Em outubro de 2017, o tema Graphene passou por uma grande revitaliza\u00e7\u00e3o, incorporando tend\u00eancias atuais de design como, por exemplo, layout responsivo ajust\u00e1vel a dispositivos m\u00f3veis.<\/p>\n<p>&nbsp;<\/p>\n","protected":false},"excerpt":{"rendered":"<p>Nesta demonstra\u00e7\u00e3o utilizamos uma p\u00e1gina inicial est\u00e1tica, onde est\u00e1 inserido este texto. Em Graphene: Geral -&gt; Pain\u00e9is da p\u00e1gina inicial \u00e9 poss\u00edvel configurar a categoria e o n\u00famero de posts exibidos abaixo, ou utilizar a p\u00e1gina inicial padr\u00e3o, exibindo a lista de posts do site. O tema Graphene oferece diferentes op\u00e7\u00f5es de layout para o &hellip; <\/p>\n<p><a class=\"more-link btn\" href=\"https:\/\/curso-wp.ufpel.edu.br\/tema-graphene\/\">Continue lendo<\/a><\/p>\n","protected":false},"author":34,"featured_media":0,"parent":0,"menu_order":0,"comment_status":"closed","ping_status":"closed","template":"","meta":{"footnotes":""},"class_list":["post-4505","page","type-page","status-publish","hentry","nodate","item-wrap"],"jetpack_sharing_enabled":true,"_links":{"self":[{"href":"https:\/\/curso-wp.ufpel.edu.br\/tema-graphene\/wp-json\/wp\/v2\/pages\/4505","targetHints":{"allow":["GET"]}}],"collection":[{"href":"https:\/\/curso-wp.ufpel.edu.br\/tema-graphene\/wp-json\/wp\/v2\/pages"}],"about":[{"href":"https:\/\/curso-wp.ufpel.edu.br\/tema-graphene\/wp-json\/wp\/v2\/types\/page"}],"author":[{"embeddable":true,"href":"https:\/\/curso-wp.ufpel.edu.br\/tema-graphene\/wp-json\/wp\/v2\/users\/34"}],"replies":[{"embeddable":true,"href":"https:\/\/curso-wp.ufpel.edu.br\/tema-graphene\/wp-json\/wp\/v2\/comments?post=4505"}],"version-history":[{"count":0,"href":"https:\/\/curso-wp.ufpel.edu.br\/tema-graphene\/wp-json\/wp\/v2\/pages\/4505\/revisions"}],"wp:attachment":[{"href":"https:\/\/curso-wp.ufpel.edu.br\/tema-graphene\/wp-json\/wp\/v2\/media?parent=4505"}],"curies":[{"name":"wp","href":"https:\/\/api.w.org\/{rel}","templated":true}]}}