{"id":4620,"date":"2019-10-17T13:41:40","date_gmt":"2019-10-17T16:41:40","guid":{"rendered":"http:\/\/curso-wp.ufpel.edu.br\/tema-misty-lake\/?page_id=4620"},"modified":"2019-10-17T13:42:51","modified_gmt":"2019-10-17T16:42:51","slug":"disciplinas","status":"publish","type":"page","link":"https:\/\/curso-wp.ufpel.edu.br\/tema-misty-lake\/disciplinas\/","title":{"rendered":"Disciplinas"},"content":{"rendered":"<p>A lista de p\u00e1ginas filhas abaixo \u00e9 gerada automaticamente pelo tema Misty Lake. A op\u00e7\u00e3o pode ser ativada atrav\u00e9s do <strong>Personalizar,<\/strong> na se\u00e7\u00e3o <strong>Op\u00e7\u00f5es do tema.<\/strong><\/p>\n","protected":false},"excerpt":{"rendered":"<p>A lista de p\u00e1ginas filhas abaixo \u00e9 gerada automaticamente pelo tema Misty Lake. A op\u00e7\u00e3o pode ser ativada atrav\u00e9s do Personalizar, na se\u00e7\u00e3o Op\u00e7\u00f5es do tema.<\/p>\n","protected":false},"author":34,"featured_media":0,"parent":0,"menu_order":0,"comment_status":"closed","ping_status":"closed","template":"","meta":{"footnotes":""},"class_list":["post-4620","page","type-page","status-publish","hentry"],"jetpack_sharing_enabled":true,"_links":{"self":[{"href":"https:\/\/curso-wp.ufpel.edu.br\/tema-misty-lake\/wp-json\/wp\/v2\/pages\/4620","targetHints":{"allow":["GET"]}}],"collection":[{"href":"https:\/\/curso-wp.ufpel.edu.br\/tema-misty-lake\/wp-json\/wp\/v2\/pages"}],"about":[{"href":"https:\/\/curso-wp.ufpel.edu.br\/tema-misty-lake\/wp-json\/wp\/v2\/types\/page"}],"author":[{"embeddable":true,"href":"https:\/\/curso-wp.ufpel.edu.br\/tema-misty-lake\/wp-json\/wp\/v2\/users\/34"}],"replies":[{"embeddable":true,"href":"https:\/\/curso-wp.ufpel.edu.br\/tema-misty-lake\/wp-json\/wp\/v2\/comments?post=4620"}],"version-history":[{"count":1,"href":"https:\/\/curso-wp.ufpel.edu.br\/tema-misty-lake\/wp-json\/wp\/v2\/pages\/4620\/revisions"}],"predecessor-version":[{"id":4622,"href":"https:\/\/curso-wp.ufpel.edu.br\/tema-misty-lake\/wp-json\/wp\/v2\/pages\/4620\/revisions\/4622"}],"wp:attachment":[{"href":"https:\/\/curso-wp.ufpel.edu.br\/tema-misty-lake\/wp-json\/wp\/v2\/media?parent=4620"}],"curies":[{"name":"wp","href":"https:\/\/api.w.org\/{rel}","templated":true}]}}