{"id":4514,"date":"2017-10-31T13:06:16","date_gmt":"2017-10-31T15:06:16","guid":{"rendered":"https:\/\/wp-test.ufpel.edu.br\/tema-pique\/?page_id=4514"},"modified":"2017-10-31T13:06:16","modified_gmt":"2017-10-31T15:06:16","slug":"sobre-o-tema","status":"publish","type":"page","link":"https:\/\/curso-wp.ufpel.edu.br\/tema-pique\/","title":{"rendered":"Sobre o tema"},"content":{"rendered":"<p>O tema Pique permite exibir, na entrada do site, o conte\u00fado de at\u00e9 oito p\u00e1ginas, em pain\u00e9is coloridos com grandes imagens destacadas de fundo. Ideal para &#8220;hot sites&#8221; e sites de eventos.<\/p>\n<p>Para utilizar essa op\u00e7\u00e3o de layout, configure o site para exibir uma p\u00e1gina inicial est\u00e1tica e selecione os pain\u00e9is em <em>Personalizar -&gt; Op\u00e7\u00f5es do tema<\/em><em>.<\/em><\/p>\n<p style=\"text-align: center\"><a class=\"button\" href=\"https:\/\/wordpress.com\/theme\/pique\">Saiba mais&#8230;<\/a> <a class=\"minimal button\" href=\"https:\/\/wordpress.com\/theme\/pique\">Dicas de configura\u00e7\u00e3o<\/a><\/p>\n<p>Bot\u00f5es podem ser criados aplicando a classe &#8220;button&#8221; aos elementos de links.<\/p>\n","protected":false},"excerpt":{"rendered":"<p>O tema Pique permite exibir, na entrada do site, o conte\u00fado de at\u00e9 oito p\u00e1ginas, em pain\u00e9is coloridos com grandes imagens destacadas de fundo. Ideal para &#8220;hot&hellip; <span class=\"read-more\"><a class=\"more-link\" href=\"https:\/\/curso-wp.ufpel.edu.br\/tema-pique\/\" rel=\"bookmark\">Leia Mais <span class=\"screen-reader-text\">&#8220;Sobre o tema&#8221;<\/span><\/a><\/span><\/p>\n","protected":false},"author":34,"featured_media":611,"parent":0,"menu_order":0,"comment_status":"closed","ping_status":"closed","template":"","meta":{"footnotes":""},"class_list":["post-4514","page","type-page","status-publish","has-post-thumbnail","hentry"],"jetpack_sharing_enabled":true,"jetpack-related-posts":[],"_links":{"self":[{"href":"https:\/\/curso-wp.ufpel.edu.br\/tema-pique\/wp-json\/wp\/v2\/pages\/4514","targetHints":{"allow":["GET"]}}],"collection":[{"href":"https:\/\/curso-wp.ufpel.edu.br\/tema-pique\/wp-json\/wp\/v2\/pages"}],"about":[{"href":"https:\/\/curso-wp.ufpel.edu.br\/tema-pique\/wp-json\/wp\/v2\/types\/page"}],"author":[{"embeddable":true,"href":"https:\/\/curso-wp.ufpel.edu.br\/tema-pique\/wp-json\/wp\/v2\/users\/34"}],"replies":[{"embeddable":true,"href":"https:\/\/curso-wp.ufpel.edu.br\/tema-pique\/wp-json\/wp\/v2\/comments?post=4514"}],"version-history":[{"count":0,"href":"https:\/\/curso-wp.ufpel.edu.br\/tema-pique\/wp-json\/wp\/v2\/pages\/4514\/revisions"}],"wp:featuredmedia":[{"embeddable":true,"href":"https:\/\/curso-wp.ufpel.edu.br\/tema-pique\/wp-json\/wp\/v2\/media\/611"}],"wp:attachment":[{"href":"https:\/\/curso-wp.ufpel.edu.br\/tema-pique\/wp-json\/wp\/v2\/media?parent=4514"}],"curies":[{"name":"wp","href":"https:\/\/api.w.org\/{rel}","templated":true}]}}