{"id":855,"date":"2012-10-10T11:28:19","date_gmt":"2012-10-10T14:28:19","guid":{"rendered":"http:\/\/localhost\/pgmat\/?page_id=855"},"modified":"2019-10-18T11:29:04","modified_gmt":"2019-10-18T14:29:04","slug":"linhas-de-pesquisa","status":"publish","type":"page","link":"https:\/\/curso-wp.ufpel.edu.br\/tema-pique\/teste\/linhas-de-pesquisa\/","title":{"rendered":"Linhas de Pesquisa"},"content":{"rendered":"<p>A pesquisa no Programa de P\u00f3s-Gradua\u00e7\u00e3o em F\u00edsica \u00e9 desenvolvida em 3 linhas de pesquisa:<\/p>\n<p><!--more--><\/p>\n<p><strong>F\u00edsica da Mat\u00e9ria Condensada<\/strong><\/p>\n<p style=\"padding-left: 30px;\">F\u00edsica da Mat\u00e9ria Condensada (te\u00f3rica)<\/p>\n<p style=\"padding-left: 30px;\">F\u00edsica da Mat\u00e9ria Condensada (experimental)<\/p>\n<p style=\"padding-left: 30px;\">F\u00edsica Estat\u00edstica e Sistemas Complexos<\/p>\n<p><strong>F\u00edsica de Part\u00edculas e de H\u00e1drons<\/strong><\/p>\n<p><strong>F\u00edsica dos Plasmas<\/strong><\/p>\n<p>&nbsp;<\/p>\n<p>&nbsp;<\/p>\n","protected":false},"excerpt":{"rendered":"<p>A pesquisa no Programa de P\u00f3s-Gradua\u00e7\u00e3o em F\u00edsica \u00e9 desenvolvida em 3 linhas de pesquisa:<\/p>\n","protected":false},"author":34,"featured_media":4607,"parent":4564,"menu_order":3,"comment_status":"closed","ping_status":"closed","template":"","meta":{"footnotes":""},"class_list":["post-855","page","type-page","status-publish","has-post-thumbnail","hentry"],"jetpack_sharing_enabled":true,"jetpack-related-posts":[],"_links":{"self":[{"href":"https:\/\/curso-wp.ufpel.edu.br\/tema-pique\/wp-json\/wp\/v2\/pages\/855","targetHints":{"allow":["GET"]}}],"collection":[{"href":"https:\/\/curso-wp.ufpel.edu.br\/tema-pique\/wp-json\/wp\/v2\/pages"}],"about":[{"href":"https:\/\/curso-wp.ufpel.edu.br\/tema-pique\/wp-json\/wp\/v2\/types\/page"}],"author":[{"embeddable":true,"href":"https:\/\/curso-wp.ufpel.edu.br\/tema-pique\/wp-json\/wp\/v2\/users\/34"}],"replies":[{"embeddable":true,"href":"https:\/\/curso-wp.ufpel.edu.br\/tema-pique\/wp-json\/wp\/v2\/comments?post=855"}],"version-history":[{"count":1,"href":"https:\/\/curso-wp.ufpel.edu.br\/tema-pique\/wp-json\/wp\/v2\/pages\/855\/revisions"}],"predecessor-version":[{"id":4603,"href":"https:\/\/curso-wp.ufpel.edu.br\/tema-pique\/wp-json\/wp\/v2\/pages\/855\/revisions\/4603"}],"up":[{"embeddable":true,"href":"https:\/\/curso-wp.ufpel.edu.br\/tema-pique\/wp-json\/wp\/v2\/pages\/4564"}],"wp:featuredmedia":[{"embeddable":true,"href":"https:\/\/curso-wp.ufpel.edu.br\/tema-pique\/wp-json\/wp\/v2\/media\/4607"}],"wp:attachment":[{"href":"https:\/\/curso-wp.ufpel.edu.br\/tema-pique\/wp-json\/wp\/v2\/media?parent=855"}],"curies":[{"name":"wp","href":"https:\/\/api.w.org\/{rel}","templated":true}]}}