{"id":4484,"date":"2017-11-07T10:40:57","date_gmt":"2017-11-07T12:40:57","guid":{"rendered":"https:\/\/wp-test.ufpel.edu.br\/tema-twenty-seventeen\/?page_id=4484"},"modified":"2017-11-07T10:40:57","modified_gmt":"2017-11-07T12:40:57","slug":"sobre","status":"publish","type":"page","link":"https:\/\/curso-wp.ufpel.edu.br\/tema-twenty-seventeen\/","title":{"rendered":"Sobre o tema"},"content":{"rendered":"<p>Ao selecionar uma p\u00e1gina est\u00e1tica para a p\u00e1gina inicial do site, \u00e9 poss\u00edvel personalizar at\u00e9 quatro \u00e1reas adicionais com o conte\u00fado de p\u00e1ginas espec\u00edficas, atrav\u00e9s do <em>Personalizar -&gt; Op\u00e7\u00f5es do tema.<\/em><\/p>\n<p>O layout tradicional, com a p\u00e1gina inicial exibindo os \u00faltimos posts, pode ser visto na p\u00e1gina de <a href=\"https:\/\/wp-test.ufpel.edu.br\/tema-twenty-seventeen\/noticias\/\">Not\u00edcias<\/a> deste site de demonstra\u00e7\u00e3o.<\/p>\n<p>O tema Twenty Seventeen oferece dois esquemas de cores: claro e escuro, com cor de destaque personaliz\u00e1vel no esquema claro.<\/p>\n","protected":false},"excerpt":{"rendered":"<p>Ao selecionar uma p\u00e1gina est\u00e1tica para a p\u00e1gina inicial do site, \u00e9 poss\u00edvel personalizar at\u00e9 quatro \u00e1reas adicionais com o conte\u00fado de p\u00e1ginas espec\u00edficas, atrav\u00e9s do Personalizar -&gt; Op\u00e7\u00f5es do tema. O layout tradicional, com a p\u00e1gina inicial exibindo os \u00faltimos posts, pode ser visto na p\u00e1gina de Not\u00edcias deste site de demonstra\u00e7\u00e3o. O tema &hellip; <\/p>\n<p class=\"link-more\"><a href=\"https:\/\/curso-wp.ufpel.edu.br\/tema-twenty-seventeen\/\" class=\"more-link\">Continue lendo<span class=\"screen-reader-text\"> &#8220;Sobre o tema&#8221;<\/span><\/a><\/p>\n","protected":false},"author":34,"featured_media":0,"parent":0,"menu_order":0,"comment_status":"closed","ping_status":"closed","template":"","meta":{"footnotes":""},"class_list":["post-4484","page","type-page","status-publish","hentry"],"jetpack_sharing_enabled":true,"_links":{"self":[{"href":"https:\/\/curso-wp.ufpel.edu.br\/tema-twenty-seventeen\/wp-json\/wp\/v2\/pages\/4484","targetHints":{"allow":["GET"]}}],"collection":[{"href":"https:\/\/curso-wp.ufpel.edu.br\/tema-twenty-seventeen\/wp-json\/wp\/v2\/pages"}],"about":[{"href":"https:\/\/curso-wp.ufpel.edu.br\/tema-twenty-seventeen\/wp-json\/wp\/v2\/types\/page"}],"author":[{"embeddable":true,"href":"https:\/\/curso-wp.ufpel.edu.br\/tema-twenty-seventeen\/wp-json\/wp\/v2\/users\/34"}],"replies":[{"embeddable":true,"href":"https:\/\/curso-wp.ufpel.edu.br\/tema-twenty-seventeen\/wp-json\/wp\/v2\/comments?post=4484"}],"version-history":[{"count":0,"href":"https:\/\/curso-wp.ufpel.edu.br\/tema-twenty-seventeen\/wp-json\/wp\/v2\/pages\/4484\/revisions"}],"wp:attachment":[{"href":"https:\/\/curso-wp.ufpel.edu.br\/tema-twenty-seventeen\/wp-json\/wp\/v2\/media?parent=4484"}],"curies":[{"name":"wp","href":"https:\/\/api.w.org\/{rel}","templated":true}]}}