{"id":4479,"date":"2017-11-09T10:38:16","date_gmt":"2017-11-09T12:38:16","guid":{"rendered":"https:\/\/wp-test.ufpel.edu.br\/tema-twenty-twelve\/?page_id=4479"},"modified":"2017-11-09T10:38:16","modified_gmt":"2017-11-09T12:38:16","slug":"sobre","status":"publish","type":"page","link":"https:\/\/curso-wp.ufpel.edu.br\/tema-twenty-twelve\/","title":{"rendered":"Sobre o tema"},"content":{"rendered":"<p>O tema Twenty Twelve oferece um modelo de p\u00e1gina inicial com duas \u00e1reas de widgets pr\u00f3prias. O modelo foi utilizado nesta demonstra\u00e7\u00e3o, atrav\u00e9s de uma p\u00e1gina inicial est\u00e1tica. A foto que voc\u00ea v\u00ea \u00e0 direita foi configurada como imagem destacada da p\u00e1gina.<\/p>\n<p>A <a href=\"https:\/\/wp-test.ufpel.edu.br\/tema-twenty-twelve\/noticias\/\">p\u00e1gina de Not\u00edcias<\/a> ilustra tamb\u00e9m como ficaria uma p\u00e1gina inicial padr\u00e3o, exibindo a lista de posts do site.<\/p>\n<p>&nbsp;<\/p>\n<p>&nbsp;<\/p>\n","protected":false},"excerpt":{"rendered":"<p>O tema Twenty Twelve oferece um modelo de p\u00e1gina inicial com duas \u00e1reas de widgets pr\u00f3prias. O modelo foi utilizado nesta demonstra\u00e7\u00e3o, atrav\u00e9s de uma p\u00e1gina inicial est\u00e1tica. A foto que voc\u00ea v\u00ea \u00e0 direita foi configurada como imagem destacada da p\u00e1gina. A p\u00e1gina de Not\u00edcias ilustra tamb\u00e9m como ficaria uma p\u00e1gina inicial padr\u00e3o, exibindo [&hellip;]<\/p>\n","protected":false},"author":34,"featured_media":4060,"parent":0,"menu_order":0,"comment_status":"closed","ping_status":"closed","template":"page-templates\/front-page.php","meta":{"footnotes":""},"class_list":["post-4479","page","type-page","status-publish","has-post-thumbnail","hentry"],"_links":{"self":[{"href":"https:\/\/curso-wp.ufpel.edu.br\/tema-twenty-twelve\/wp-json\/wp\/v2\/pages\/4479","targetHints":{"allow":["GET"]}}],"collection":[{"href":"https:\/\/curso-wp.ufpel.edu.br\/tema-twenty-twelve\/wp-json\/wp\/v2\/pages"}],"about":[{"href":"https:\/\/curso-wp.ufpel.edu.br\/tema-twenty-twelve\/wp-json\/wp\/v2\/types\/page"}],"author":[{"embeddable":true,"href":"https:\/\/curso-wp.ufpel.edu.br\/tema-twenty-twelve\/wp-json\/wp\/v2\/users\/34"}],"replies":[{"embeddable":true,"href":"https:\/\/curso-wp.ufpel.edu.br\/tema-twenty-twelve\/wp-json\/wp\/v2\/comments?post=4479"}],"version-history":[{"count":0,"href":"https:\/\/curso-wp.ufpel.edu.br\/tema-twenty-twelve\/wp-json\/wp\/v2\/pages\/4479\/revisions"}],"wp:featuredmedia":[{"embeddable":true,"href":"https:\/\/curso-wp.ufpel.edu.br\/tema-twenty-twelve\/wp-json\/wp\/v2\/media\/4060"}],"wp:attachment":[{"href":"https:\/\/curso-wp.ufpel.edu.br\/tema-twenty-twelve\/wp-json\/wp\/v2\/media?parent=4479"}],"curies":[{"name":"wp","href":"https:\/\/api.w.org\/{rel}","templated":true}]}}