{"id":1002,"date":"2012-10-31T23:49:42","date_gmt":"2012-11-01T02:49:42","guid":{"rendered":"http:\/\/pgmat.ufpel.edu.br\/?page_id=1002"},"modified":"2012-10-31T23:49:42","modified_gmt":"2012-11-01T02:49:42","slug":"inscricao-e-selecao","status":"publish","type":"page","link":"https:\/\/curso-wp.ufpel.edu.br\/tema-ufpel\/inscricao-e-selecao\/","title":{"rendered":"Inscri\u00e7\u00e3o e Sele\u00e7\u00e3o"},"content":{"rendered":"<p>O ingresso nos Cursos de Mestrado e Doutorado do PPG em F\u00edsica \u00e9 definido a partir dos editais espec\u00edficos de sele\u00e7\u00e3o. Toda a documenta\u00e7\u00e3o exigida para a inscri\u00e7\u00e3o, bem como os crit\u00e9rios de sele\u00e7\u00e3o, est\u00e3o definidos nestes editais.<\/p>\n<h2>2017<\/h2>\n<p><strong>EDITAIS ABERTOS:<\/strong><\/p>\n<p>&#8211; Edital de Sele\u00e7\u00e3o de aluno regular para o<strong> Mestrado<\/strong> 02\/2017. <a href=\"http:\/\/wp.ufpel.edu.br\/pgfisica\/files\/2017\/06\/MESTRADO_edital_022017.pdf\" target=\"_blank\" rel=\"noopener noreferrer\">Download<\/a>.<\/p>\n<p>&#8211; Edital de Sele\u00e7\u00e3o de aluno regular para o<strong> Doutorado<\/strong> 02\/2017. <a href=\"http:\/\/wp.ufpel.edu.br\/pgfisica\/files\/2017\/06\/DOUTORADO_edital_022017.pdf\" target=\"_blank\" rel=\"noopener noreferrer\">Download<\/a>.<\/p>\n<p>&nbsp;<\/p>\n<h2><strong>Documentos para a inscri\u00e7\u00e3o<\/strong><\/h2>\n<p><strong><em>&#8211; Candidatos ao Regime Regular &#8211; Stricto Sensu<\/em><\/strong><\/p>\n<p>1. <a href=\"http:\/\/wp.ufpel.edu.br\/pgfisica\/files\/2015\/10\/Formulario1.doc\" target=\"_blank\" rel=\"noopener noreferrer\">Formul\u00e1rio de Inscri\u00e7\u00e3o<\/a><\/p>\n<p>2. <a href=\"http:\/\/wp.ufpel.edu.br\/pgfisica\/files\/2016\/01\/carta_anuencia_Doutorado.doc\" target=\"_blank\" rel=\"noopener noreferrer\">Carta de anu\u00eancia de orienta\u00e7\u00e3o de Doutorado<\/a><\/p>\n<p>3. <a href=\"http:\/\/wp.ufpel.edu.br\/pgfisica\/files\/2017\/06\/Declaracao_de_Etnia.pdf\" target=\"_blank\" rel=\"noopener noreferrer\">Declara\u00e7\u00e3o de Etnia para o acesso afirmativo<\/a>. <span style=\"color: #ff0000;background-color: #ffff00\">(a partir da Sele\u00e7\u00e3o 02\/2017)<\/span><\/p>\n<p>&nbsp;<\/p>\n<p><em><strong>&#8211; Candidatos ao Regime Especial<\/strong><\/em><\/p>\n<p>1. <a href=\"http:\/\/wp.ufpel.edu.br\/pgfisica\/files\/2012\/10\/Formulario1E_especial.pdf\">Formul\u00e1rio de Inscri\u00e7\u00e3o<\/a><\/p>\n<p>&nbsp;<\/p>\n<p>&nbsp;<\/p>\n<p>&nbsp;<\/p>\n<p>&nbsp;<\/p>\n","protected":false},"excerpt":{"rendered":"<p>O ingresso nos Cursos de Mestrado e Doutorado do PPG em F\u00edsica \u00e9 definido a partir dos editais espec\u00edficos de sele\u00e7\u00e3o. Toda a documenta\u00e7\u00e3o exigida para a inscri\u00e7\u00e3o, bem como os crit\u00e9rios de sele\u00e7\u00e3o, est\u00e3o definidos nestes editais. 2017 EDITAIS ABERTOS: &#8211; Edital de Sele\u00e7\u00e3o de aluno regular para o Mestrado 02\/2017. Download. &#8211; Edital [&hellip;]<\/p>\n","protected":false},"author":34,"featured_media":0,"parent":0,"menu_order":27,"comment_status":"closed","ping_status":"closed","template":"","meta":{"footnotes":""},"class_list":["post-1002","page","type-page","status-publish","hentry"],"jetpack_sharing_enabled":true,"_links":{"self":[{"href":"https:\/\/curso-wp.ufpel.edu.br\/tema-ufpel\/wp-json\/wp\/v2\/pages\/1002","targetHints":{"allow":["GET"]}}],"collection":[{"href":"https:\/\/curso-wp.ufpel.edu.br\/tema-ufpel\/wp-json\/wp\/v2\/pages"}],"about":[{"href":"https:\/\/curso-wp.ufpel.edu.br\/tema-ufpel\/wp-json\/wp\/v2\/types\/page"}],"author":[{"embeddable":true,"href":"https:\/\/curso-wp.ufpel.edu.br\/tema-ufpel\/wp-json\/wp\/v2\/users\/34"}],"replies":[{"embeddable":true,"href":"https:\/\/curso-wp.ufpel.edu.br\/tema-ufpel\/wp-json\/wp\/v2\/comments?post=1002"}],"version-history":[{"count":0,"href":"https:\/\/curso-wp.ufpel.edu.br\/tema-ufpel\/wp-json\/wp\/v2\/pages\/1002\/revisions"}],"wp:attachment":[{"href":"https:\/\/curso-wp.ufpel.edu.br\/tema-ufpel\/wp-json\/wp\/v2\/media?parent=1002"}],"curies":[{"name":"wp","href":"https:\/\/api.w.org\/{rel}","templated":true}]}}