{"id":1123,"date":"2012-12-05T22:38:18","date_gmt":"2012-12-06T01:38:18","guid":{"rendered":"http:\/\/ifm.ufpel.edu.br\/pgfisica\/site\/?page_id=1123"},"modified":"2012-12-05T22:38:18","modified_gmt":"2012-12-06T01:38:18","slug":"coordenacao","status":"publish","type":"page","link":"https:\/\/curso-wp.ufpel.edu.br\/tema-ufpel\/coordenacao\/","title":{"rendered":"Coordena\u00e7\u00e3o"},"content":{"rendered":"<div id=\"corpo-docente\">\n<h2>Coordenador:<\/h2>\n<p>Alexandre Diehl<\/p>\n<h2>Coordenador Adjunto:<\/h2>\n<p>Mario Lucio Moreira<\/p>\n<p><strong>Secretaria:<\/strong> Vin\u00edcius Chagas Nunes (estagi\u00e1rio)<\/p>\n<h2>Comiss\u00e3o de P\u00f3s-Gradua\u00e7\u00e3o (CPG)<\/h2>\n<table class=\"tabela\">\n<tbody>\n<tr>\n<td style=\"text-align: left\">Alexandre Diehl<\/td>\n<td style=\"text-align: left\">Coordenador<\/td>\n<\/tr>\n<tr>\n<td style=\"text-align: left\">Mario Lucio Moreira<\/td>\n<td style=\"text-align: left\">Coordenador Adjunto<\/td>\n<\/tr>\n<tr>\n<td style=\"text-align: left\">Fernando Jaques Ruiz Sim\u00f5es J\u00fanior<\/td>\n<td style=\"text-align: left\">Docente Titular<\/td>\n<\/tr>\n<tr>\n<td style=\"text-align: left\">Valdemar das Neves Vieira<\/td>\n<td style=\"text-align: left\">Docente Titular<\/td>\n<\/tr>\n<tr>\n<td style=\"text-align: left\">Wiilian Edgardo Alayo Rodriguez<\/td>\n<td style=\"text-align: left\">Docente Suplente<\/td>\n<\/tr>\n<tr>\n<td style=\"text-align: left\">Gabriel Chaves Brito<\/td>\n<td style=\"text-align: left\">Representante Discente<\/td>\n<\/tr>\n<\/tbody>\n<\/table>\n<\/div>\n","protected":false},"excerpt":{"rendered":"<p>Coordenador: Alexandre Diehl Coordenador Adjunto: Mario Lucio Moreira Secretaria: Vin\u00edcius Chagas Nunes (estagi\u00e1rio) Comiss\u00e3o de P\u00f3s-Gradua\u00e7\u00e3o (CPG) Alexandre Diehl Coordenador Mario Lucio Moreira Coordenador Adjunto Fernando Jaques Ruiz Sim\u00f5es J\u00fanior Docente Titular Valdemar das Neves Vieira Docente Titular Wiilian Edgardo Alayo Rodriguez Docente Suplente Gabriel Chaves Brito Representante Discente<\/p>\n","protected":false},"author":34,"featured_media":0,"parent":0,"menu_order":17,"comment_status":"closed","ping_status":"closed","template":"","meta":{"footnotes":""},"class_list":["post-1123","page","type-page","status-publish","hentry"],"jetpack_sharing_enabled":true,"_links":{"self":[{"href":"https:\/\/curso-wp.ufpel.edu.br\/tema-ufpel\/wp-json\/wp\/v2\/pages\/1123","targetHints":{"allow":["GET"]}}],"collection":[{"href":"https:\/\/curso-wp.ufpel.edu.br\/tema-ufpel\/wp-json\/wp\/v2\/pages"}],"about":[{"href":"https:\/\/curso-wp.ufpel.edu.br\/tema-ufpel\/wp-json\/wp\/v2\/types\/page"}],"author":[{"embeddable":true,"href":"https:\/\/curso-wp.ufpel.edu.br\/tema-ufpel\/wp-json\/wp\/v2\/users\/34"}],"replies":[{"embeddable":true,"href":"https:\/\/curso-wp.ufpel.edu.br\/tema-ufpel\/wp-json\/wp\/v2\/comments?post=1123"}],"version-history":[{"count":0,"href":"https:\/\/curso-wp.ufpel.edu.br\/tema-ufpel\/wp-json\/wp\/v2\/pages\/1123\/revisions"}],"wp:attachment":[{"href":"https:\/\/curso-wp.ufpel.edu.br\/tema-ufpel\/wp-json\/wp\/v2\/media?parent=1123"}],"curies":[{"name":"wp","href":"https:\/\/api.w.org\/{rel}","templated":true}]}}