{"id":1189,"date":"2012-12-20T10:26:07","date_gmt":"2012-12-20T13:26:07","guid":{"rendered":"http:\/\/ifm.ufpel.edu.br\/pgfisica\/site\/?page_id=1189"},"modified":"2012-12-20T10:26:07","modified_gmt":"2012-12-20T13:26:07","slug":"documentos","status":"publish","type":"page","link":"https:\/\/curso-wp.ufpel.edu.br\/tema-ufpel\/documentos\/","title":{"rendered":"Documentos"},"content":{"rendered":"<p>Nesta \u00e1rea voc\u00ea encontrar\u00e1 alguns documentos para download, necess\u00e1rios nas diversas etapas do Curso de Mestrado em F\u00edsica.<\/p>\n<h5>Informa\u00e7\u00f5es para o RAAD<\/h5>\n<ol>\n<li>Dados de 2016 (<strong>Bancas e Reuni\u00f5e<\/strong>s) (<a href=\"http:\/\/wp.ufpel.edu.br\/pgfisica\/files\/2017\/02\/raad2016.pdf\" target=\"_blank\" rel=\"noopener noreferrer\">download<\/a>) &#8212; <strong>RAAD 2016<\/strong><\/li>\n<li>Dados de 2015 (<strong>Disciplinas ministradas<\/strong>) (<a href=\"http:\/\/wp.ufpel.edu.br\/pgfisica\/files\/2016\/02\/raad2015_2.pdf\" target=\"_blank\" rel=\"noopener noreferrer\">download<\/a>) &#8212; <strong>RAAD 2015<\/strong><\/li>\n<li>Dados de 2015 (<strong>Bancas e Reuni\u00f5es<\/strong>) (<a href=\"http:\/\/wp.ufpel.edu.br\/pgfisica\/files\/2016\/02\/raad2015.pdf\" target=\"_blank\" rel=\"noopener noreferrer\">download<\/a>) &#8212; <strong>RAAD 2015<\/strong><\/li>\n<li>Dados de 2014 (Disciplinas ministradas) (<a href=\"http:\/\/wp.ufpel.edu.br\/pgfisica\/files\/2015\/04\/raad2014_2.pdf\" target=\"_blank\" rel=\"noopener noreferrer\">download<\/a>) &#8212; <span style=\"color: #000000\">RAAD 2014<\/span><\/li>\n<li>Dados de 2014 (Bancas e Reuni\u00f5es) (<a href=\"http:\/\/wp.ufpel.edu.br\/pgfisica\/files\/2015\/04\/raad2014.pdf\" target=\"_blank\" rel=\"noopener noreferrer\">download<\/a>)\u00a0 &#8212; <span style=\"color: #000000\">RAAD 2014<\/span><\/li>\n<li>Dados de 2013 (<a href=\"http:\/\/wp.ufpel.edu.br\/pgfisica\/files\/2014\/06\/raad2013_docentes.pdf\">download<\/a>)\u00a0 &#8212; <span style=\"color: #000000\">RAAD 2013<\/span><\/li>\n<li>Bancas 2013. (<a href=\"http:\/\/wp.ufpel.edu.br\/pgfisica\/files\/2014\/06\/raad2013_bancas.pdf\">download<\/a>)\u00a0 &#8212; RAAD 2013<\/li>\n<li>2012-2013. (<a href=\"http:\/\/wp.ufpel.edu.br\/pgfisica\/files\/2012\/12\/bancas_PPGFisica_2012_2013.pdf\">download<\/a>)<\/li>\n<\/ol>\n<h5><strong>Gerenciamento da Matr\u00edcula<\/strong><\/h5>\n<ol>\n<li>Formul\u00e1rio de Matr\u00edcula. (<a href=\"http:\/\/wp.ufpel.edu.br\/pgfisica\/files\/2014\/08\/formulario2_matricula.doc\" target=\"_blank\" rel=\"noopener noreferrer\">formul\u00e1rio 2<\/a>)<\/li>\n<li>Pr\u00e9-Matr\u00edcula. (<a href=\"http:\/\/wp.ufpel.edu.br\/pgfisica\/files\/2015\/01\/formulario2A.pdf\" target=\"_blank\" rel=\"noopener noreferrer\">formul\u00e1rio 2A<\/a>)<\/li>\n<li>Cancelamento de Matr\u00edcula em Disciplina. (<a href=\"http:\/\/wp.ufpel.edu.br\/pgfisica\/files\/2012\/12\/formulario9.doc\">formul\u00e1rio 9<\/a>)<\/li>\n<li>Trancamento de Matr\u00edcula no Curso. (<a href=\"http:\/\/wp.ufpel.edu.br\/pgfisica\/files\/2012\/12\/formulario10.doc\">formul\u00e1rio 10<\/a>)<\/li>\n<\/ol>\n<h5><strong>Semin\u00e1rios de acompanhamento de Curso (12 meses e Pr\u00e9-Disserta\u00e7\u00e3o)<\/strong><\/h5>\n<ol>\n<li>Formul\u00e1rio de encaminhamento da Pr\u00e9-Disserta\u00e7\u00e3o. (<a href=\"http:\/\/wp.ufpel.edu.br\/pgfisica\/files\/2012\/12\/formulario11.doc\">formul\u00e1rio 11<\/a>)<\/li>\n<li>Ata de avalia\u00e7\u00e3o da Pr\u00e9-Disserta\u00e7\u00e3o. (<a href=\"http:\/\/wp.ufpel.edu.br\/pgfisica\/files\/2012\/12\/formulario12.doc\">formul\u00e1rio 12<\/a>)<\/li>\n<li><a href=\"http:\/\/wp.ufpel.edu.br\/pgfisica\/files\/2015\/02\/comunicado_estudantes.pdf\">Orienta\u00e7\u00f5es para os semin\u00e1rios de acompanhamento de 12 e 18 meses (Pr\u00e9-Disserta\u00e7\u00e3o)<\/a>.<\/li>\n<\/ol>\n<h5><strong>Disserta\u00e7\u00e3o<\/strong><\/h5>\n<ol>\n<li>Formul\u00e1rio de encaminhamento da Disserta\u00e7\u00e3o. (<a href=\"http:\/\/wp.ufpel.edu.br\/pgfisica\/files\/2012\/12\/formulario4.doc\">formul\u00e1rio 4<\/a>)<\/li>\n<li>Ata de defesa da Disserta\u00e7\u00e3o. (<a href=\"http:\/\/wp.ufpel.edu.br\/pgfisica\/files\/2012\/12\/formulario5.doc\">formul\u00e1rio 5<\/a>)<\/li>\n<li>Ata de corre\u00e7\u00f5es da Disserta\u00e7\u00e3o. (<a href=\"http:\/\/wp.ufpel.edu.br\/pgfisica\/files\/2012\/12\/formulario5A.doc\">formul\u00e1rio 5A<\/a>)<\/li>\n<li><a href=\"http:\/\/wp.ufpel.edu.br\/pgfisica\/files\/2015\/02\/orienta_entrega_final.pdf\" target=\"_blank\" rel=\"noopener noreferrer\">Orienta\u00e7\u00f5es para a entrega da Vers\u00e3o Final da Disserta\u00e7\u00e3o<\/a>.<\/li>\n<li>Termo de autoriza\u00e7\u00e3o para inserir Disserta\u00e7\u00e3o na base de Dados da UFPel. (<a href=\"http:\/\/wp.ufpel.edu.br\/pgfisica\/files\/2015\/02\/TermodeautorizacaoTeseseDissertacoes.pdf\" target=\"_blank\" rel=\"noopener noreferrer\">download<\/a>)<\/li>\n<li>Dados para o convidado EXTERNO da banca. (<a href=\"http:\/\/wp.ufpel.edu.br\/pgfisica\/files\/2014\/07\/Dados_passagens_diarias.doc\">download<\/a>)<\/li>\n<li>Carta de anu\u00eancia para COORIENTADOR EXTERNO. (<a href=\"http:\/\/wp.ufpel.edu.br\/pgfisica\/files\/2014\/10\/carta_anuencia_coorienta.doc\" target=\"_blank\" rel=\"noopener noreferrer\">download<\/a>)<\/li>\n<\/ol>\n<h5><strong>Normas para reda\u00e7\u00e3o da Disserta\u00e7\u00e3o<br \/>\n<\/strong><\/h5>\n<ol>\n<li><a href=\"http:\/\/wp.ufpel.edu.br\/pgfisica\/files\/2015\/02\/normas_disserta.pdf\" target=\"_blank\" rel=\"noopener noreferrer\">Orienta\u00e7\u00f5es para a reda\u00e7\u00e3o da Disserta\u00e7\u00e3o<\/a>.<\/li>\n<li>Modelo (<em>template<\/em>) para a reda\u00e7\u00e3o em LaTeX. (<a href=\"http:\/\/wp.ufpel.edu.br\/pgfisica\/files\/2016\/07\/Modelo-latex-dissertacao_july2016.tar_.gz\">download<\/a>)<\/li>\n<li><a href=\"http:\/\/wp.ufpel.edu.br\/pgfisica\/files\/2015\/02\/manualTemplate.pdf\" target=\"_blank\" rel=\"noopener noreferrer\">Manual de uso do<em> template<\/em> para a Disserta\u00e7\u00e3o<\/a>.<\/li>\n<li>Normas da UFPel para a elabora\u00e7\u00e3o da Disserta\u00e7\u00e3o. (<a href=\"http:\/\/wp.ufpel.edu.br\/pgfisica\/files\/2015\/02\/Manual_Normas_UFPel_trabalhos_acad\u00eamicos.pdf\" target=\"_blank\" rel=\"noopener noreferrer\">download<\/a>)<\/li>\n<\/ol>\n<h5><strong>Programa de Apoio \u00e0 P\u00f3s-Gradua\u00e7\u00e3o (PROAP)<\/strong><\/h5>\n<ol>\n<li>Portaria n<sup>o<\/sup> 156, de 28 de Novembro de 2014 (<a href=\"http:\/\/wp.ufpel.edu.br\/pgfisica\/files\/2015\/03\/PORTARIAN156DE28DENOVEMBRODE2014.pdf\" target=\"_blank\" rel=\"noopener noreferrer\">Regulamento do PROAP<\/a>)<\/li>\n<\/ol>\n","protected":false},"excerpt":{"rendered":"<p>Nesta \u00e1rea voc\u00ea encontrar\u00e1 alguns documentos para download, necess\u00e1rios nas diversas etapas do Curso de Mestrado em F\u00edsica. Informa\u00e7\u00f5es para o RAAD Dados de 2016 (Bancas e Reuni\u00f5es) (download) &#8212; RAAD 2016 Dados de 2015 (Disciplinas ministradas) (download) &#8212; RAAD 2015 Dados de 2015 (Bancas e Reuni\u00f5es) (download) &#8212; RAAD 2015 Dados de 2014 (Disciplinas [&hellip;]<\/p>\n","protected":false},"author":34,"featured_media":0,"parent":0,"menu_order":29,"comment_status":"closed","ping_status":"closed","template":"","meta":{"footnotes":""},"class_list":["post-1189","page","type-page","status-publish","hentry"],"jetpack_sharing_enabled":true,"_links":{"self":[{"href":"https:\/\/curso-wp.ufpel.edu.br\/tema-ufpel\/wp-json\/wp\/v2\/pages\/1189","targetHints":{"allow":["GET"]}}],"collection":[{"href":"https:\/\/curso-wp.ufpel.edu.br\/tema-ufpel\/wp-json\/wp\/v2\/pages"}],"about":[{"href":"https:\/\/curso-wp.ufpel.edu.br\/tema-ufpel\/wp-json\/wp\/v2\/types\/page"}],"author":[{"embeddable":true,"href":"https:\/\/curso-wp.ufpel.edu.br\/tema-ufpel\/wp-json\/wp\/v2\/users\/34"}],"replies":[{"embeddable":true,"href":"https:\/\/curso-wp.ufpel.edu.br\/tema-ufpel\/wp-json\/wp\/v2\/comments?post=1189"}],"version-history":[{"count":0,"href":"https:\/\/curso-wp.ufpel.edu.br\/tema-ufpel\/wp-json\/wp\/v2\/pages\/1189\/revisions"}],"wp:attachment":[{"href":"https:\/\/curso-wp.ufpel.edu.br\/tema-ufpel\/wp-json\/wp\/v2\/media?parent=1189"}],"curies":[{"name":"wp","href":"https:\/\/api.w.org\/{rel}","templated":true}]}}