{"id":4154,"date":"2017-09-01T10:05:15","date_gmt":"2017-09-01T13:05:15","guid":{"rendered":"https:\/\/wp-test.ufpel.edu.br\/tema-textbook\/?page_id=4154"},"modified":"2017-09-01T10:05:15","modified_gmt":"2017-09-01T13:05:15","slug":"formatos-de-post","status":"publish","type":"page","link":"https:\/\/curso-wp.ufpel.edu.br\/tema-vantage\/formatos-de-post\/","title":{"rendered":"Formatos de post"},"content":{"rendered":"<p>O post abaixo demonstra a implementa\u00e7\u00e3o dos recursos de formata\u00e7\u00e3o do editor:<\/p>\n<ul>\n<li><a href=\"https:\/\/wp-test.ufpel.edu.br\/tema-textbook\/2013\/01\/markup-html-tags-and-formatting\/\">Tipografia e formata\u00e7\u00e3o<\/a><\/li>\n<\/ul>\n<p>O post a seguir testa o suporte do tema a diferentes conjuntos de caracteres:<\/p>\n<ul>\n<li><a href=\"https:\/\/wp-test.ufpel.edu.br\/tema-textbook\/about\/lorem-ipsum\/\">Lorem Ipsum<\/a><\/li>\n<\/ul>\n<p>Alguns temas podem oferecer visualiza\u00e7\u00f5es diferenciadas para formatos de post:<\/p>\n<ul>\n<li><a href=\"https:\/\/wp-test.ufpel.edu.br\/tema-textbook\/2010\/09\/post-format-gallery-tiled\/\">Post Format: Gallery (Tiled)<\/a><\/li>\n<li><a href=\"https:\/\/wp-test.ufpel.edu.br\/tema-textbook\/2010\/08\/post-format-image\/\">Post Format: Image<\/a><\/li>\n<li><a href=\"https:\/\/wp-test.ufpel.edu.br\/tema-textbook\/2010\/07\/post-format-audio\/\">Post Format: Audio<\/a><\/li>\n<li><a href=\"https:\/\/wp-test.ufpel.edu.br\/tema-textbook\/2010\/06\/post-format-video-youtube\/\">Post Format: Video (YouTube)<\/a><\/li>\n<li><a href=\"https:\/\/wp-test.ufpel.edu.br\/tema-textbook\/2010\/05\/post-format-aside\/\">Post Format: Aside<\/a><\/li>\n<li><a href=\"https:\/\/wp-test.ufpel.edu.br\/tema-textbook\/2010\/04\/post-format-status\/\">Post Format: Status<\/a><\/li>\n<li><a href=\"https:\/\/wp-test.ufpel.edu.br\/tema-textbook\/2010\/03\/post-format-link\/\">Post Format: Link<\/a><\/li>\n<li><a href=\"https:\/\/wp-test.ufpel.edu.br\/tema-textbook\/2010\/02\/post-format-quote\/\">Post Format: Quote<\/a><\/li>\n<li><a href=\"https:\/\/wp-test.ufpel.edu.br\/tema-textbook\/2010\/01\/post-format-chat\/\">Post Format: Chat<\/a><\/li>\n<\/ul>\n<p>&nbsp;<\/p>\n","protected":false},"excerpt":{"rendered":"<p>O post abaixo demonstra a implementa\u00e7\u00e3o dos recursos de formata\u00e7\u00e3o do editor: Tipografia e formata\u00e7\u00e3o O post a seguir testa o suporte do tema a diferentes conjuntos de caracteres: Lorem Ipsum Alguns temas podem oferecer visualiza\u00e7\u00f5es diferenciadas para formatos de post: Post Format: Gallery (Tiled) Post Format: Image Post Format: Audio Post Format: Video (YouTube) [&hellip;]<\/p>\n","protected":false},"author":34,"featured_media":0,"parent":0,"menu_order":0,"comment_status":"closed","ping_status":"closed","template":"","meta":{"footnotes":""},"class_list":["post-4154","page","type-page","status-publish","hentry","post"],"_links":{"self":[{"href":"https:\/\/curso-wp.ufpel.edu.br\/tema-vantage\/wp-json\/wp\/v2\/pages\/4154","targetHints":{"allow":["GET"]}}],"collection":[{"href":"https:\/\/curso-wp.ufpel.edu.br\/tema-vantage\/wp-json\/wp\/v2\/pages"}],"about":[{"href":"https:\/\/curso-wp.ufpel.edu.br\/tema-vantage\/wp-json\/wp\/v2\/types\/page"}],"author":[{"embeddable":true,"href":"https:\/\/curso-wp.ufpel.edu.br\/tema-vantage\/wp-json\/wp\/v2\/users\/34"}],"replies":[{"embeddable":true,"href":"https:\/\/curso-wp.ufpel.edu.br\/tema-vantage\/wp-json\/wp\/v2\/comments?post=4154"}],"version-history":[{"count":0,"href":"https:\/\/curso-wp.ufpel.edu.br\/tema-vantage\/wp-json\/wp\/v2\/pages\/4154\/revisions"}],"wp:attachment":[{"href":"https:\/\/curso-wp.ufpel.edu.br\/tema-vantage\/wp-json\/wp\/v2\/media?parent=4154"}],"curies":[{"name":"wp","href":"https:\/\/api.w.org\/{rel}","templated":true}]}}