{"id":4253,"date":"2017-10-03T12:41:10","date_gmt":"2017-10-03T15:41:10","guid":{"rendered":"https:\/\/wp-test.ufpel.edu.br\/tema-vantage\/?page_id=4253"},"modified":"2019-10-22T12:48:45","modified_gmt":"2019-10-22T15:48:45","slug":"home","status":"publish","type":"page","link":"https:\/\/curso-wp.ufpel.edu.br\/tema-vantage\/","title":{"rendered":"Home"},"content":{"rendered":"<div id=\"pl-4253\"  class=\"panel-layout\" ><div id=\"pg-4253-0\"  class=\"panel-grid panel-has-style\" ><div class=\"siteorigin-panels-stretch panel-row-style panel-row-style-for-4253-0\" data-stretch-type=\"full-stretched\" ><div id=\"pgc-4253-0-0\"  class=\"panel-grid-cell\" ><div id=\"panel-4253-0-0-0\" class=\"so-panel widget widget_sow-hero panel-first-child panel-last-child\" data-index=\"0\" ><div\n\t\t\t\n\t\t\tclass=\"so-widget-sow-hero so-widget-sow-hero-default-9e4254afd47c-4253 so-widget-fittext-wrapper\"\n\t\t\t data-fit-text-compressor=\"0.85\"\n\t\t>\t\t\t\t<div class=\"sow-slider-base\" style=\"display: none\" tabindex=\"0\">\n\t\t\t\t\t<ul\n\t\t\t\t\tclass=\"sow-slider-images\"\n\t\t\t\t\tdata-settings=\"{&quot;pagination&quot;:true,&quot;speed&quot;:800,&quot;timeout&quot;:8000,&quot;paused&quot;:false,&quot;pause_on_hover&quot;:false,&quot;swipe&quot;:true,&quot;nav_always_show_desktop&quot;:&quot;&quot;,&quot;nav_always_show_mobile&quot;:&quot;&quot;,&quot;breakpoint&quot;:&quot;780px&quot;,&quot;unmute&quot;:false,&quot;anchor&quot;:null}\"\n\t\t\t\t\tstyle=\"min-height: 480px\"\t\t\t\t\tdata-anchor-id=\"\"\n\t\t\t\t>\t\t<li class=\"sow-slider-image  sow-slider-image-cover\" style=\"visibility: visible;;background-color: #333333\" >\n\t\t\t\t\t<div class=\"sow-slider-image-container\">\n\t\t\t<div class=\"sow-slider-image-wrapper\">\n\t\t\t\t<h1>\u00a0<\/h1>\n<h1 style=\"text-align: center\"><strong>Slider com texto sobreposto<\/strong><\/h1>\n<p style=\"text-align: center\">Para criar este slider foi utilizado o widget <strong>SiteOrigin Her\u00f3i<\/strong> dentro do editor de blocos.<br \/>O t\u00edtulo e este texto s\u00e3o edit\u00e1veis individualmente para cada imagem. Tamb\u00e9m \u00e9 poss\u00edvel adicionar bot\u00f5es de a\u00e7\u00e3o, como os que voc\u00ea v\u00ea abaixo.<\/p>\n<div class=\"sow-hero-buttons\" style=\"text-align: center\"><div\n\t\t\t\n\t\t\tclass=\"so-widget-sow-button so-widget-sow-button-atom-f54c0409268f\"\n\t\t\t\n\t\t><div class=\"ow-button-base ow-button-align-center\"\n>\n\t\t\t<a\n\t\t\t\t\thref=\"https:\/\/siteorigin.com\/vantage-documentation\/home-page-slider\/#heading-using-another-slider-plugin-or-widget\"\n\t\t\t\t\tclass=\"sowb-button ow-icon-placement-left ow-button-hover\" target=\"_blank\" rel=\"noopener noreferrer\" \t>\n\t\t<span>\n\t\t\t\n\t\t\tDocumenta\u00e7\u00e3o\t\t<\/span>\n\t\t\t<\/a>\n\t<\/div>\n<\/div><div\n\t\t\t\n\t\t\tclass=\"so-widget-sow-button so-widget-sow-button-atom-f54c0409268f\"\n\t\t\t\n\t\t><div class=\"ow-button-base ow-button-align-center\"\n>\n\t\t\t<a\n\t\t\t\t\thref=\"https:\/\/siteorigin.com\/vantage-documentation\/home-page-slider\/#heading-using-another-slider-plugin-or-widget\"\n\t\t\t\t\tclass=\"sowb-button ow-icon-placement-left ow-button-hover\" target=\"_blank\" rel=\"noopener noreferrer\" \t>\n\t\t<span>\n\t\t\t\n\t\t\tMais detalhes...\t\t<\/span>\n\t\t\t<\/a>\n\t<\/div>\n<\/div><\/div>\t\t\t<\/div>\n\t\t<\/div>\n\t\t<div class=\"sow-slider-image-overlay sow-slider-image-cover\" style=\"opacity: 0.66;background-image: url(https:\/\/curso-wp.ufpel.edu.br\/tema-vantage\/wp-content\/uploads\/sites\/209\/2017\/10\/slider-anglo.jpg)\"  ><\/div>\t\t<\/li>\n\t\t\t\t<li class=\"sow-slider-image  sow-slider-image-cover\" style=\"visibility: hidden;;background-color: #333333\" >\n\t\t\t\t\t<div class=\"sow-slider-image-container\">\n\t\t\t<div class=\"sow-slider-image-wrapper\">\n\t\t\t\t<h1 style=\"text-align: center\">\u00a0<\/h1>\n<h1 style=\"text-align: center\"><strong>Slider com texto sobreposto<\/strong><\/h1>\n<p style=\"text-align: center\">Para criar este slider foi utilizado o widget <strong>SiteOrigin Her\u00f3i<\/strong> dentro do editor de blocos.<br \/>O t\u00edtulo e este texto s\u00e3o edit\u00e1veis individualmente para cada imagem. Tamb\u00e9m \u00e9 poss\u00edvel adicionar bot\u00f5es de a\u00e7\u00e3o, como os que voc\u00ea v\u00ea abaixo.<\/p>\n<div class=\"sow-hero-buttons\" style=\"text-align: center\"><div\n\t\t\t\n\t\t\tclass=\"so-widget-sow-button so-widget-sow-button-atom-f54c0409268f\"\n\t\t\t\n\t\t><div class=\"ow-button-base ow-button-align-center\"\n>\n\t\t\t<a\n\t\t\t\t\thref=\"https:\/\/siteorigin.com\/vantage-documentation\/home-page-slider\/#heading-using-another-slider-plugin-or-widget\"\n\t\t\t\t\tclass=\"sowb-button ow-icon-placement-left ow-button-hover\" target=\"_blank\" rel=\"noopener noreferrer\" \t>\n\t\t<span>\n\t\t\t\n\t\t\tDocumenta\u00e7\u00e3o\t\t<\/span>\n\t\t\t<\/a>\n\t<\/div>\n<\/div><div\n\t\t\t\n\t\t\tclass=\"so-widget-sow-button so-widget-sow-button-atom-f54c0409268f\"\n\t\t\t\n\t\t><div class=\"ow-button-base ow-button-align-center\"\n>\n\t\t\t<a\n\t\t\t\t\thref=\"https:\/\/siteorigin.com\/vantage-documentation\/home-page-slider\/#heading-using-another-slider-plugin-or-widget\"\n\t\t\t\t\tclass=\"sowb-button ow-icon-placement-left ow-button-hover\" target=\"_blank\" rel=\"noopener noreferrer\" \t>\n\t\t<span>\n\t\t\t\n\t\t\tMais detalhes...\t\t<\/span>\n\t\t\t<\/a>\n\t<\/div>\n<\/div><\/div>\t\t\t<\/div>\n\t\t<\/div>\n\t\t<div class=\"sow-slider-image-overlay sow-slider-image-cover\" style=\"opacity: 0.66\" data-background=\"url(https:\/\/curso-wp.ufpel.edu.br\/tema-vantage\/wp-content\/uploads\/sites\/209\/2017\/10\/slider-faem.jpg)\"  ><\/div>\t\t<\/li>\n\t\t\t\t<li class=\"sow-slider-image  sow-slider-image-cover\" style=\"visibility: hidden;;background-color: #333333\" >\n\t\t\t\t\t<div class=\"sow-slider-image-container\">\n\t\t\t<div class=\"sow-slider-image-wrapper\">\n\t\t\t\t<h1 style=\"text-align: center\">\u00a0<\/h1>\n<h1 style=\"text-align: center\"><strong>Slider com texto sobreposto<\/strong><\/h1>\n<p style=\"text-align: center\">Para criar este slider foi utilizado o widget <strong>SiteOrigin Her\u00f3i<\/strong> dentro do editor de blocos.<br \/>O t\u00edtulo e este texto s\u00e3o edit\u00e1veis individualmente para cada imagem. Tamb\u00e9m \u00e9 poss\u00edvel adicionar bot\u00f5es de a\u00e7\u00e3o, como os que voc\u00ea v\u00ea abaixo.<\/p>\n<div class=\"sow-hero-buttons\" style=\"text-align: center\"><div\n\t\t\t\n\t\t\tclass=\"so-widget-sow-button so-widget-sow-button-atom-f54c0409268f\"\n\t\t\t\n\t\t><div class=\"ow-button-base ow-button-align-center\"\n>\n\t\t\t<a\n\t\t\t\t\thref=\"https:\/\/siteorigin.com\/vantage-documentation\/home-page-slider\/#heading-using-another-slider-plugin-or-widget\"\n\t\t\t\t\tclass=\"sowb-button ow-icon-placement-left ow-button-hover\" target=\"_blank\" rel=\"noopener noreferrer\" \t>\n\t\t<span>\n\t\t\t\n\t\t\tDocumenta\u00e7\u00e3o\t\t<\/span>\n\t\t\t<\/a>\n\t<\/div>\n<\/div><div\n\t\t\t\n\t\t\tclass=\"so-widget-sow-button so-widget-sow-button-atom-f54c0409268f\"\n\t\t\t\n\t\t><div class=\"ow-button-base ow-button-align-center\"\n>\n\t\t\t<a\n\t\t\t\t\thref=\"https:\/\/siteorigin.com\/vantage-documentation\/home-page-slider\/#heading-using-another-slider-plugin-or-widget\"\n\t\t\t\t\tclass=\"sowb-button ow-icon-placement-left ow-button-hover\" target=\"_blank\" rel=\"noopener noreferrer\" \t>\n\t\t<span>\n\t\t\t\n\t\t\tMais detalhes...\t\t<\/span>\n\t\t\t<\/a>\n\t<\/div>\n<\/div><\/div>\t\t\t<\/div>\n\t\t<\/div>\n\t\t<div class=\"sow-slider-image-overlay sow-slider-image-cover\" style=\"opacity: 0.66\" data-background=\"url(https:\/\/curso-wp.ufpel.edu.br\/tema-vantage\/wp-content\/uploads\/sites\/209\/2017\/10\/slider-direito.jpg)\"  ><\/div>\t\t<\/li>\n\t\t<\/ul>\t\t\t\t<ol class=\"sow-slider-pagination\">\n\t\t\t\t\t\t\t\t\t\t\t<li><a href=\"#\" data-goto=\"0\" aria-label=\"Display slide 1\"><\/a><\/li>\n\t\t\t\t\t\t\t\t\t\t\t<li><a href=\"#\" data-goto=\"1\" aria-label=\"Display slide 2\"><\/a><\/li>\n\t\t\t\t\t\t\t\t\t\t\t<li><a href=\"#\" data-goto=\"2\" aria-label=\"Display slide 3\"><\/a><\/li>\n\t\t\t\t\t\t\t\t\t<\/ol>\n\n\t\t\t\t<div class=\"sow-slide-nav sow-slide-nav-next\">\n\t\t\t\t\t<a href=\"#\" data-goto=\"next\" aria-label=\"Next slide\" data-action=\"next\">\n\t\t\t\t\t\t<em class=\"sow-sld-icon-thin-right\"><\/em>\n\t\t\t\t\t<\/a>\n\t\t\t\t<\/div>\n\n\t\t\t\t<div class=\"sow-slide-nav sow-slide-nav-prev\">\n\t\t\t\t\t<a href=\"#\" data-goto=\"previous\" aria-label=\"Previous slide\" data-action=\"prev\">\n\t\t\t\t\t\t<em class=\"sow-sld-icon-thin-left\"><\/em>\n\t\t\t\t\t<\/a>\n\t\t\t\t<\/div>\n\t\t\t\t<\/div><\/div><\/div><\/div><\/div><\/div><div id=\"pg-4253-1\"  class=\"panel-grid panel-no-style\" ><div id=\"pgc-4253-1-0\"  class=\"panel-grid-cell\" ><div id=\"panel-4253-1-0-0\" class=\"so-panel widget widget_circleicon-widget panel-first-child panel-last-child\" data-index=\"1\" >\t\t<div class=\"circle-icon-box circle-icon-position-top circle-icon-hide-box circle-icon-size-small \">\n\t\t\t\t\t\t\t<div class=\"circle-icon-wrapper\">\n\t\t\t\t\t\t\t\t\t\t<a href=\"https:\/\/siteorigin.com\/vantage-documentation\/custom-home-page\/\" class=\"link-icon\" target=\"_blank\">\t\t\t\t\t<div class=\"circle-icon\" >\n\t\t\t\t\t\t\t\t\t\t\t\t\t<div class=\"fa fa-pencil-square-o\" ><\/div>\n\t\t\t\t\t\t\t\t\t\t\t<\/div>\n\t\t\t\t\t<\/a>\t\t\t\t<\/div>\n\t\t\t\n\t\t\t\t\t\t\t<a href=\"https:\/\/siteorigin.com\/vantage-documentation\/custom-home-page\/\" class=\"link-title\" target=\"_blank\">\n\t\t\t\t\t\t\t\t\t\t<h4 >\n\t\t\t\t\tP\u00e1gina Inicial edit\u00e1vel\t\t\t\t<\/h4>\n\t\t\t\t\t\t\t\t\t\t<\/a>\n\t\t\t\n\t\t\t\t\t\t\t<p class=\"text\" >Monte sua p\u00e1gina inicial em <strong><em>Apar\u00eancia -&gt; P\u00e1gina Inicial<\/em><\/strong>, utilizando um editor de blocos com visualiza\u00e7\u00e3o ao vivo.<\/p>\n\t\t\t\t\t\t\t\t\t\t<a\n\t\t\t\t\thref=\"https:\/\/siteorigin.com\/vantage-documentation\/custom-home-page\/\"\n\t\t\t\t\tclass=\"more-button\"\n\t\t\t\t\ttarget=\"_blank\"\t\t\t\t\t\t\t\t\t>\n\t\t\t\t\tVeja o tutorial <i><\/i>\n\t\t\t\t<\/a>\n\t\t\t\t\t<\/div>\n\t\t<\/div><\/div><div id=\"pgc-4253-1-1\"  class=\"panel-grid-cell\" ><div id=\"panel-4253-1-1-0\" class=\"so-panel widget widget_circleicon-widget panel-first-child panel-last-child\" data-index=\"2\" >\t\t<div class=\"circle-icon-box circle-icon-position-top circle-icon-hide-box circle-icon-size-small \">\n\t\t\t\t\t\t\t<div class=\"circle-icon-wrapper\">\n\t\t\t\t\t\t\t\t\t\t<a href=\"https:\/\/siteorigin.com\/vantage-documentation\/home-page-slider\/\" class=\"link-icon\" target=\"_blank\">\t\t\t\t\t<div class=\"circle-icon\" >\n\t\t\t\t\t\t\t\t\t\t\t\t\t<div class=\"fa fa-picture-o\" ><\/div>\n\t\t\t\t\t\t\t\t\t\t\t<\/div>\n\t\t\t\t\t<\/a>\t\t\t\t<\/div>\n\t\t\t\n\t\t\t\t\t\t\t<a href=\"https:\/\/siteorigin.com\/vantage-documentation\/home-page-slider\/\" class=\"link-title\" target=\"_blank\">\n\t\t\t\t\t\t\t\t\t\t<h4 >\n\t\t\t\t\tSlider no cabe\u00e7alho\t\t\t\t<\/h4>\n\t\t\t\t\t\t\t\t\t\t<\/a>\n\t\t\t\n\t\t\t\t\t\t\t<p class=\"text\" >Os widgets inclusos oferecem diferentes op\u00e7\u00f5es para criar uma apresenta\u00e7\u00e3o de imagens no cabe\u00e7alho.<\/p>\n\t\t\t\t\t\t\t\t\t\t<a\n\t\t\t\t\thref=\"https:\/\/siteorigin.com\/vantage-documentation\/home-page-slider\/\"\n\t\t\t\t\tclass=\"more-button\"\n\t\t\t\t\ttarget=\"_blank\"\t\t\t\t\t\t\t\t\t>\n\t\t\t\t\tVeja o tutorial <i><\/i>\n\t\t\t\t<\/a>\n\t\t\t\t\t<\/div>\n\t\t<\/div><\/div><div id=\"pgc-4253-1-2\"  class=\"panel-grid-cell\" ><div id=\"panel-4253-1-2-0\" class=\"so-panel widget widget_circleicon-widget panel-first-child panel-last-child\" data-index=\"3\" >\t\t<div class=\"circle-icon-box circle-icon-position-top circle-icon-hide-box circle-icon-size-small \">\n\t\t\t\t\t\t\t<div class=\"circle-icon-wrapper\">\n\t\t\t\t\t\t\t\t\t\t<a href=\"https:\/\/siteorigin.com\/vantage-documentation\/customizing-vantage\/theme-design\/fonts\/\" class=\"link-icon\" target=\"_blank\">\t\t\t\t\t<div class=\"circle-icon\" >\n\t\t\t\t\t\t\t\t\t\t\t\t\t<div class=\"fa fa-paint-brush\" ><\/div>\n\t\t\t\t\t\t\t\t\t\t\t<\/div>\n\t\t\t\t\t<\/a>\t\t\t\t<\/div>\n\t\t\t\n\t\t\t\t\t\t\t<a href=\"https:\/\/siteorigin.com\/vantage-documentation\/customizing-vantage\/theme-design\/fonts\/\" class=\"link-title\" target=\"_blank\">\n\t\t\t\t\t\t\t\t\t\t<h4 >\n\t\t\t\t\tTotalmente personaliz\u00e1vel\t\t\t\t<\/h4>\n\t\t\t\t\t\t\t\t\t\t<\/a>\n\t\t\t\n\t\t\t\t\t\t\t<p class=\"text\" >O tema permite alterar o tipo e tamanho das fontes e personalizar as cores de diversas \u00e1reas do site.<\/p>\n\t\t\t\t\t\t\t\t\t\t<a\n\t\t\t\t\thref=\"https:\/\/siteorigin.com\/vantage-documentation\/customizing-vantage\/theme-design\/fonts\/\"\n\t\t\t\t\tclass=\"more-button\"\n\t\t\t\t\ttarget=\"_blank\"\t\t\t\t\t\t\t\t\t>\n\t\t\t\t\tVeja exemplos <i><\/i>\n\t\t\t\t<\/a>\n\t\t\t\t\t<\/div>\n\t\t<\/div><\/div><\/div><div id=\"pg-4253-2\"  class=\"panel-grid panel-no-style\" ><div id=\"pgc-4253-2-0\"  class=\"panel-grid-cell\" ><div id=\"panel-4253-2-0-0\" class=\"so-panel widget widget_media_video panel-first-child panel-last-child\" data-index=\"4\" ><div style=\"width:100%;\" class=\"wp-video\"><!--[if lt IE 9]><script>document.createElement('video');<\/script><![endif]-->\n<video class=\"wp-video-shortcode\" id=\"video-4253-1\" preload=\"metadata\" controls=\"controls\"><source type=\"video\/youtube\" src=\"https:\/\/www.youtube.com\/watch?v=aK1pxNPjy9I&#038;_=1\" \/><a href=\"https:\/\/www.youtube.com\/watch?v=aK1pxNPjy9I\">https:\/\/www.youtube.com\/watch?v=aK1pxNPjy9I<\/a><\/video><\/div><\/div><\/div><div id=\"pgc-4253-2-1\"  class=\"panel-grid-cell\" ><div id=\"panel-4253-2-1-0\" class=\"so-panel widget widget_media_video panel-first-child panel-last-child\" data-index=\"5\" ><div style=\"width:100%;\" class=\"wp-video\"><video class=\"wp-video-shortcode\" id=\"video-4253-2\" preload=\"metadata\" controls=\"controls\"><source type=\"video\/youtube\" src=\"https:\/\/www.youtube.com\/watch?v=XtAWUmJURBg&#038;_=2\" \/><a href=\"https:\/\/www.youtube.com\/watch?v=XtAWUmJURBg\">https:\/\/www.youtube.com\/watch?v=XtAWUmJURBg<\/a><\/video><\/div><\/div><\/div><\/div><div id=\"pg-4253-3\"  class=\"panel-grid panel-has-style\" ><div class=\"wide-grey panel-row-style panel-row-style-for-4253-3\" ><div id=\"pgc-4253-3-0\"  class=\"panel-grid-cell\" ><div id=\"panel-4253-3-0-0\" class=\"so-panel widget widget_headline-widget panel-first-child panel-last-child\" data-index=\"6\" >\t\t<h1>Widget Manchete<\/h1>\n\t\t<div class=\"decoration\"><div class=\"decoration-inside\"><\/div><\/div>\n\t\t<h3>Esse \u00e9 um dos widgets adicionais fornecidos pelo tema Vantage.<\/h3>\n\t\t<\/div><\/div><\/div><\/div><div id=\"pg-4253-4\"  class=\"panel-grid panel-no-style\" ><div id=\"pgc-4253-4-0\"  class=\"panel-grid-cell\" ><div id=\"panel-4253-4-0-0\" class=\"so-panel widget widget_siteorigin-panels-postloop panel-first-child\" data-index=\"7\" ><h3 class=\"widget-title\"><span class=\"vantage-carousel-title\"><span class=\"vantage-carousel-title-text\">\u00daltimas not\u00edcias<\/span><a href=\"#\" class=\"next\" title=\"Pr\u00f3ximo\"><span class=\"vantage-icon-arrow-right\"><\/span><\/a><a href=\"#\" class=\"previous\" title=\"Anterior\"><span class=\"vantage-icon-arrow-left\"><\/span><\/a><\/span><\/h3><div class=\"vantage-carousel-wrapper\">\n\t\n\t<ul class=\"vantage-carousel\" data-query=\"{&quot;post_type&quot;:&quot;post&quot;,&quot;posts_per_page&quot;:4,&quot;orderby&quot;:&quot;date&quot;,&quot;order&quot;:&quot;DESC&quot;,&quot;so_sidebar_emulator_id&quot;:&quot;siteorigin-panels-postloop-425310007&quot;,&quot;option_name&quot;:&quot;widget_siteorigin-panels-postloop&quot;,&quot;panels_info&quot;:{&quot;class&quot;:&quot;SiteOrigin_Panels_Widgets_PostLoop&quot;,&quot;raw&quot;:false,&quot;grid&quot;:4,&quot;cell&quot;:0,&quot;id&quot;:7,&quot;widget_id&quot;:&quot;f06f902a-505f-4d95-aa45-252c61702717&quot;,&quot;style&quot;:{&quot;background_display&quot;:&quot;tile&quot;},&quot;cell_index&quot;:0,&quot;widget_index&quot;:7},&quot;paged&quot;:1,&quot;post__not_in&quot;:[4253],&quot;fields&quot;:&quot;all&quot;,&quot;lazy_load_term_meta&quot;:true}\" data-ajax-url=\"https:\/\/curso-wp.ufpel.edu.br\/tema-vantage\/wp-admin\/admin-ajax.php\">\n\t\t\t\t\t<li class=\"carousel-entry\">\n\t\t\t\t<div class=\"thumbnail\">\n\t\t\t\t\t\t\t\t\t\t\t\t\t\t\t\t<a href=\"https:\/\/curso-wp.ufpel.edu.br\/tema-vantage\/2017\/09\/01\/justica-decide-que-anglo-e-todo-da-ufpel\/\" style=\"background-image: url(https:\/\/curso-wp.ufpel.edu.br\/tema-vantage\/wp-content\/uploads\/sites\/209\/2017\/09\/CCS-UFPEL-IMGSEMANA-20131010-FULL-272x182.jpg)\">\n\t\t\t\t\t\t<\/a>\n\t\t\t\t\t\t\t\t\t<\/div>\n\t\t\t\t\t\t\t\t<h3><a href=\"https:\/\/curso-wp.ufpel.edu.br\/tema-vantage\/2017\/09\/01\/justica-decide-que-anglo-e-todo-da-ufpel\/\">Justi\u00e7a decide que Anglo \u00e9 todo da UFPel<\/a><\/h3>\n\t\t\t<\/li>\n\t\t\t\t\t<li class=\"carousel-entry\">\n\t\t\t\t<div class=\"thumbnail\">\n\t\t\t\t\t\t\t\t\t\t\t\t\t\t\t\t<a href=\"https:\/\/curso-wp.ufpel.edu.br\/tema-vantage\/2017\/08\/30\/professora-de-libras-do-clc-representara-o-brasil-em-treinamento-na-dinamarca\/\" style=\"background-image: url(https:\/\/curso-wp.ufpel.edu.br\/tema-vantage\/wp-content\/uploads\/sites\/209\/2017\/09\/IMG_3401-272x182.jpg)\">\n\t\t\t\t\t\t<\/a>\n\t\t\t\t\t\t\t\t\t<\/div>\n\t\t\t\t\t\t\t\t<h3><a href=\"https:\/\/curso-wp.ufpel.edu.br\/tema-vantage\/2017\/08\/30\/professora-de-libras-do-clc-representara-o-brasil-em-treinamento-na-dinamarca\/\">Professora de Libras do CLC representar\u00e1 o Brasil na Dinamarca<\/a><\/h3>\n\t\t\t<\/li>\n\t\t\t\t\t<li class=\"carousel-entry\">\n\t\t\t\t<div class=\"thumbnail\">\n\t\t\t\t\t\t\t\t\t\t\t\t\t\t\t\t<a href=\"https:\/\/curso-wp.ufpel.edu.br\/tema-vantage\/2017\/08\/30\/comeca-a-primeira-etapa-de-instalacao-da-rede-recop\/\" style=\"background-image: url(https:\/\/curso-wp.ufpel.edu.br\/tema-vantage\/wp-content\/uploads\/sites\/209\/2017\/09\/2017-08-30-PHOTO-00012498-272x182.jpg)\">\n\t\t\t\t\t\t<\/a>\n\t\t\t\t\t\t\t\t\t<\/div>\n\t\t\t\t\t\t\t\t<h3><a href=\"https:\/\/curso-wp.ufpel.edu.br\/tema-vantage\/2017\/08\/30\/comeca-a-primeira-etapa-de-instalacao-da-rede-recop\/\">Come\u00e7a a primeira etapa de instala\u00e7\u00e3o da Rede Recop<\/a><\/h3>\n\t\t\t<\/li>\n\t\t\t\t\t<li class=\"carousel-entry\">\n\t\t\t\t<div class=\"thumbnail\">\n\t\t\t\t\t\t\t\t\t\t\t\t\t\t\t\t<a href=\"https:\/\/curso-wp.ufpel.edu.br\/tema-vantage\/2017\/08\/28\/siiepe-confirmada-para-novembro\/\" style=\"background-image: url(https:\/\/curso-wp.ufpel.edu.br\/tema-vantage\/wp-content\/uploads\/sites\/209\/2017\/09\/siiepe-272x182.png)\">\n\t\t\t\t\t\t<\/a>\n\t\t\t\t\t\t\t\t\t<\/div>\n\t\t\t\t\t\t\t\t<h3><a href=\"https:\/\/curso-wp.ufpel.edu.br\/tema-vantage\/2017\/08\/28\/siiepe-confirmada-para-novembro\/\">SIIEPE confirmada para novembro<\/a><\/h3>\n\t\t\t<\/li>\n\t\t\t<\/ul>\n<\/div>\n<\/div><div id=\"panel-4253-4-0-1\" class=\"so-panel widget widget_text panel-last-child\" data-index=\"8\" >\t\t\t<div class=\"textwidget\"><p>O editor de blocos permite adicionar qualquer widget no conte\u00fado da p\u00e1gina inicial e inclui alguns widgets extras, como o carrossel de posts acima.<\/p>\n<\/div>\n\t\t<\/div><\/div><div id=\"pgc-4253-4-1\"  class=\"panel-grid-cell\" ><div id=\"panel-4253-4-1-0\" class=\"so-panel widget widget_previsaoinst-widget previsao-cppmet panel-first-child panel-last-child\" data-index=\"9\" ><h3 class=\"widget-title\">Tempo em Pelotas, RS<\/h3><div class=\"previsao-conteudo\">\t\t\t<div class=\"previsao-bloco\">\n\t\t\t\t<div class=\"previsao-dia\">Sexta<\/div>\n\t\t\t\t<i class=\"previsao-icone previsao-icone-7\" title=\"C\u00e9u claro com per\u00edodos de  parcialmente nublado. Ventos de oeste\/sudoeste, fracos a moderados\"> <\/i>\n\t\t\t\t<div class=\"previsao-maxima\">23<\/div>\n\t\t\t\t<div class=\"previsao-minima\">12<\/div>\n\t\t\t<\/div>\n\t\t\t<div class=\"previsao-bloco\">\n\t\t\t\t<div class=\"previsao-dia\">S\u00e1bado<\/div>\n\t\t\t\t<i class=\"previsao-icone previsao-icone-8\" title=\"C\u00e9u parcialmente nublado com per\u00edodos de  claro   - nevoeiro. Ventos de leste\/nordeste, fracos a moderados\"> <\/i>\n\t\t\t\t<div class=\"previsao-maxima\">25<\/div>\n\t\t\t\t<div class=\"previsao-minima\">14<\/div>\n\t\t\t<\/div>\n\t\t\t<div class=\"previsao-bloco\">\n\t\t\t\t<div class=\"previsao-dia\">Domingo<\/div>\n\t\t\t\t<i class=\"previsao-icone previsao-icone-6\" title=\"C\u00e9u nublado com pancadas de chuva e trovoadas. Ventos de nordeste, fracos a moderados com rajadas\"> <\/i>\n\t\t\t\t<div class=\"previsao-maxima\">24<\/div>\n\t\t\t\t<div class=\"previsao-minima\">19<\/div>\n\t\t\t<\/div>\n<\/div><div class=\"previsao-info\"><a href=\"https:\/\/cppmet.ufpel.edu.br\" target=\"_blank\">Fonte: CPPMet \/ UFPel<\/a><\/div><\/div><\/div><\/div><\/div>","protected":false},"excerpt":{"rendered":"","protected":false},"author":34,"featured_media":0,"parent":0,"menu_order":0,"comment_status":"closed","ping_status":"closed","template":"home-panels.php","meta":{"footnotes":""},"class_list":["post-4253","page","type-page","status-publish","hentry","post","post-with-thumbnail","post-with-thumbnail-large"],"_links":{"self":[{"href":"https:\/\/curso-wp.ufpel.edu.br\/tema-vantage\/wp-json\/wp\/v2\/pages\/4253","targetHints":{"allow":["GET"]}}],"collection":[{"href":"https:\/\/curso-wp.ufpel.edu.br\/tema-vantage\/wp-json\/wp\/v2\/pages"}],"about":[{"href":"https:\/\/curso-wp.ufpel.edu.br\/tema-vantage\/wp-json\/wp\/v2\/types\/page"}],"author":[{"embeddable":true,"href":"https:\/\/curso-wp.ufpel.edu.br\/tema-vantage\/wp-json\/wp\/v2\/users\/34"}],"replies":[{"embeddable":true,"href":"https:\/\/curso-wp.ufpel.edu.br\/tema-vantage\/wp-json\/wp\/v2\/comments?post=4253"}],"version-history":[{"count":1,"href":"https:\/\/curso-wp.ufpel.edu.br\/tema-vantage\/wp-json\/wp\/v2\/pages\/4253\/revisions"}],"predecessor-version":[{"id":4462,"href":"https:\/\/curso-wp.ufpel.edu.br\/tema-vantage\/wp-json\/wp\/v2\/pages\/4253\/revisions\/4462"}],"wp:attachment":[{"href":"https:\/\/curso-wp.ufpel.edu.br\/tema-vantage\/wp-json\/wp\/v2\/media?parent=4253"}],"curies":[{"name":"wp","href":"https:\/\/api.w.org\/{rel}","templated":true}]}}