{"id":96,"date":"2012-02-07T16:47:05","date_gmt":"2012-02-07T18:47:05","guid":{"rendered":"http:\/\/ifm.ufpel.edu.br\/dme\/?page_id=96"},"modified":"2019-10-22T12:55:54","modified_gmt":"2019-10-22T15:55:54","slug":"docentes","status":"publish","type":"page","link":"https:\/\/curso-wp.ufpel.edu.br\/tema-vantage\/docentes\/","title":{"rendered":"Corpo Docente"},"content":{"rendered":"<blockquote><p>As informa\u00e7\u00f5es contidas neste site t\u00eam a finalidade apenas de ilustrar aplica\u00e7\u00f5es t\u00edpicas no \u00e2mbito da UFPel e n\u00e3o necessariamente representam a situa\u00e7\u00e3o real ou atual das estruturas apresentadas.<\/p><\/blockquote>\n<h2>Corpo Docente Permanente<\/h2>\n<table class=\"tabela\">\n<tbody>\n<tr>\n<th>Docente<\/th>\n<th>CV<\/th>\n<th>Email<\/th>\n<p><!--th&gt;Website&lt;\/th--><\/tr>\n<tr>\n<td>Alexandre Diehl<\/td>\n<td id=\"centro\"><a title=\"Curr\u00edculo Lattes\" href=\"http:\/\/lattes.cnpq.br\/3821085455618389\" target=\"blank\" rel=\"noopener noreferrer\"><img loading=\"lazy\" decoding=\"async\" class=\"aligncenter\" src=\"https:\/\/wp.ufpel.edu.br\/pgfisica\/files\/2015\/02\/logo_lattes.png\" alt=\"\" width=\"23\" height=\"28\" \/><\/a><\/td>\n<td>diehl@ufpel.edu.br<\/td>\n<\/tr>\n<tr>\n<td>F\u00e1bio Teixeira Dias<\/td>\n<td id=\"centro\"><a title=\"Curr\u00edculo Lattes\" href=\"http:\/\/lattes.cnpq.br\/5507294211764155\" target=\"blank\" rel=\"noopener noreferrer\"><img loading=\"lazy\" decoding=\"async\" class=\"aligncenter\" src=\"https:\/\/wp.ufpel.edu.br\/pgfisica\/files\/2015\/02\/logo_lattes.png\" alt=\"\" width=\"23\" height=\"28\" \/><\/a><\/td>\n<td>fabio.dias@ufpel.edu.br<\/td>\n<\/tr>\n<tr>\n<td>Fernando Jaques Ruiz Sim\u00f5es Jr.<\/td>\n<td id=\"centro\"><a title=\"Curr\u00edculo Lattes\" href=\"http:\/\/lattes.cnpq.br\/6851646143777720\"><img loading=\"lazy\" decoding=\"async\" class=\"aligncenter\" src=\"https:\/\/wp.ufpel.edu.br\/pgfisica\/files\/2015\/02\/logo_lattes.png\" alt=\"\" width=\"23\" height=\"28\" \/><\/a><\/td>\n<td>fernando.simoes@ufpel.edu.br<\/td>\n<\/tr>\n<tr>\n<td>Joel Pavan<\/td>\n<td id=\"centro\"><a title=\"Curr\u00edculo Lattes\" href=\"http:\/\/lattes.cnpq.br\/4428614850725367\"><img loading=\"lazy\" decoding=\"async\" class=\"aligncenter\" src=\"https:\/\/wp.ufpel.edu.br\/pgfisica\/files\/2015\/02\/logo_lattes.png\" alt=\"\" width=\"23\" height=\"28\" \/><\/a><\/td>\n<td>joel.pavan@ufpel.edu.br<\/td>\n<\/tr>\n<tr>\n<td>Mario Lucio Moreira<\/td>\n<td id=\"centro\"><a title=\"Curr\u00edculo Lattes\" href=\"http:\/\/lattes.cnpq.br\/6395095165722635\"><img loading=\"lazy\" decoding=\"async\" class=\"aligncenter\" src=\"https:\/\/wp.ufpel.edu.br\/pgfisica\/files\/2015\/02\/logo_lattes.png\" alt=\"\" width=\"23\" height=\"28\" \/><\/a><\/td>\n<td>moreira.research@gmail.com<\/td>\n<\/tr>\n<tr>\n<td>M\u00e1rio Luiz Lopes da Silva<\/td>\n<td id=\"centro\"><a title=\"Curr\u00edculo Lattes\" href=\"http:\/\/lattes.cnpq.br\/9776518706750475\" target=\"blank\" rel=\"noopener noreferrer\"><img loading=\"lazy\" decoding=\"async\" class=\"aligncenter\" src=\"https:\/\/wp.ufpel.edu.br\/pgfisica\/files\/2015\/02\/logo_lattes.png\" alt=\"\" width=\"23\" height=\"28\" \/><\/a><\/td>\n<td>mllsilva@gmail.com<\/td>\n<\/tr>\n<tr>\n<td>Maur\u00edcio Jeomar Piotrowski<\/td>\n<td id=\"centro\"><a title=\"Curr\u00edculo Lattes\" href=\"http:\/\/lattes.cnpq.br\/1132803048214294\" target=\"blank\" rel=\"noopener noreferrer\"><img loading=\"lazy\" decoding=\"async\" class=\"aligncenter\" src=\"https:\/\/wp.ufpel.edu.br\/pgfisica\/files\/2015\/02\/logo_lattes.png\" alt=\"\" width=\"23\" height=\"28\" \/><\/a><\/td>\n<td>mauriciomjp@gmail.com<\/td>\n<\/tr>\n<tr>\n<td>Pedro Lovato Gomes Jardim<\/td>\n<td id=\"centro\"><a title=\"Curr\u00edculo Lattes\" href=\"http:\/\/lattes.cnpq.br\/5842066005098780\"><img loading=\"lazy\" decoding=\"async\" class=\"aligncenter\" src=\"https:\/\/wp.ufpel.edu.br\/pgfisica\/files\/2015\/02\/logo_lattes.png\" alt=\"\" width=\"23\" height=\"28\" \/><\/a><\/td>\n<td>pedro.lovato@ufpel.edu.br<\/td>\n<\/tr>\n<tr>\n<td>S\u00e9rgio da Silva Cava<\/td>\n<td id=\"centro\"><a title=\"Curr\u00edculo Lattes\" href=\"http:\/\/lattes.cnpq.br\/2853098230406981\" target=\"blank\" rel=\"noopener noreferrer\"><img loading=\"lazy\" decoding=\"async\" class=\"aligncenter\" src=\"https:\/\/wp.ufpel.edu.br\/pgfisica\/files\/2015\/02\/logo_lattes.png\" alt=\"\" width=\"23\" height=\"28\" \/><\/a><\/td>\n<td>sergiocava@gmail.com<\/td>\n<\/tr>\n<tr>\n<td>Valdemar das Neves Vieira<\/td>\n<td id=\"centro\"><a title=\"Curr\u00edculo Lattes\" href=\"http:\/\/lattes.cnpq.br\/9687515976366594\" target=\"blank\" rel=\"noopener noreferrer\"><img loading=\"lazy\" decoding=\"async\" class=\"aligncenter\" src=\"https:\/\/wp.ufpel.edu.br\/pgfisica\/files\/2015\/02\/logo_lattes.png\" alt=\"\" width=\"23\" height=\"28\" \/><\/a><\/td>\n<td>valdemarviera@ufpel.edu.br<\/td>\n<\/tr>\n<tr>\n<td>Victor Paulo Barros Gon\u00e7alves<\/td>\n<td id=\"centro\"><a title=\"Curr\u00edculo Lattes\" href=\"http:\/\/lattes.cnpq.br\/8806095256853243\" target=\"blank\" rel=\"noopener noreferrer\"><img loading=\"lazy\" decoding=\"async\" class=\"aligncenter\" src=\"https:\/\/wp.ufpel.edu.br\/pgfisica\/files\/2015\/02\/logo_lattes.png\" alt=\"\" width=\"23\" height=\"28\" \/><\/a><\/td>\n<td>barros@ufpel.edu.br<\/td>\n<\/tr>\n<tr>\n<td>Werner Krambeck Sauter<\/td>\n<td id=\"centro\"><a title=\"Curr\u00edculo Lattes\" href=\"http:\/\/lattes.cnpq.br\/9834064292823626\" target=\"blank\" rel=\"noopener noreferrer\"><img loading=\"lazy\" decoding=\"async\" class=\"aligncenter\" src=\"https:\/\/wp.ufpel.edu.br\/pgfisica\/files\/2015\/02\/logo_lattes.png\" alt=\"\" width=\"23\" height=\"28\" \/><\/a><\/td>\n<td>werner.sauter@ufpel.edu.br<\/td>\n<\/tr>\n<tr>\n<td>Willian Edgardo Alayo Rodriguez<\/td>\n<td id=\"centro\"><a title=\"Curr\u00edculo Lattes\" href=\"http:\/\/lattes.cnpq.br\/5874920570806449\" target=\"blank\" rel=\"noopener noreferrer\"><img loading=\"lazy\" decoding=\"async\" class=\"aligncenter\" src=\"https:\/\/wp.ufpel.edu.br\/pgfisica\/files\/2015\/02\/logo_lattes.png\" alt=\"\" width=\"23\" height=\"28\" \/><\/a><\/td>\n<td>willian.rodriguez@ufpel.edu.br<\/td>\n<\/tr>\n<\/tbody>\n<\/table>\n<h2>Corpo Docente Colaborador<\/h2>\n<table class=\"tabela\">\n<tbody>\n<tr>\n<th>Docente<\/th>\n<th>CV<\/th>\n<th>Email<\/th>\n<p><!--th&gt;Website&lt;\/th--><\/tr>\n<tr>\n<td>Carlos Alberto Vaz de Morais Junior<\/td>\n<td id=\"centro\"><a title=\"Curr\u00edculo Lattes\" href=\"http:\/\/lattes.cnpq.br\/5382249288401055\" target=\"blank\" rel=\"noopener noreferrer\"><img loading=\"lazy\" decoding=\"async\" class=\"aligncenter\" src=\"https:\/\/wp.ufpel.edu.br\/pgfisica\/files\/2015\/02\/logo_lattes.png\" alt=\"\" width=\"23\" height=\"28\" \/><\/a><\/td>\n<td>carlosavjr@gmail.com<\/td>\n<\/tr>\n<tr>\n<td>Gustavo Gil da Silveira<\/td>\n<td id=\"centro\"><a title=\"Curr\u00edculo Lattes\" href=\"http:\/\/lattes.cnpq.br\/9255904850453751\" target=\"blank\" rel=\"noopener noreferrer\"><img loading=\"lazy\" decoding=\"async\" class=\"aligncenter\" src=\"https:\/\/wp.ufpel.edu.br\/pgfisica\/files\/2015\/02\/logo_lattes.png\" alt=\"\" width=\"23\" height=\"28\" \/><\/a><\/td>\n<td>diemort@gmail.com<\/td>\n<\/tr>\n<\/tbody>\n<\/table>\n<p><\/p>\n","protected":false},"excerpt":{"rendered":"<p>As informa\u00e7\u00f5es contidas neste site t\u00eam a finalidade apenas de ilustrar aplica\u00e7\u00f5es t\u00edpicas no \u00e2mbito da UFPel e n\u00e3o necessariamente representam a situa\u00e7\u00e3o real ou atual das estruturas apresentadas. Corpo Docente Permanente Docente CV Email Alexandre Diehl diehl@ufpel.edu.br F\u00e1bio Teixeira Dias fabio.dias@ufpel.edu.br Fernando Jaques Ruiz Sim\u00f5es Jr. fernando.simoes@ufpel.edu.br Joel Pavan joel.pavan@ufpel.edu.br Mario Lucio Moreira moreira.research@gmail.com [&hellip;]<\/p>\n","protected":false},"author":34,"featured_media":0,"parent":0,"menu_order":18,"comment_status":"closed","ping_status":"closed","template":"","meta":{"footnotes":""},"class_list":["post-96","page","type-page","status-publish","hentry","post"],"_links":{"self":[{"href":"https:\/\/curso-wp.ufpel.edu.br\/tema-vantage\/wp-json\/wp\/v2\/pages\/96","targetHints":{"allow":["GET"]}}],"collection":[{"href":"https:\/\/curso-wp.ufpel.edu.br\/tema-vantage\/wp-json\/wp\/v2\/pages"}],"about":[{"href":"https:\/\/curso-wp.ufpel.edu.br\/tema-vantage\/wp-json\/wp\/v2\/types\/page"}],"author":[{"embeddable":true,"href":"https:\/\/curso-wp.ufpel.edu.br\/tema-vantage\/wp-json\/wp\/v2\/users\/34"}],"replies":[{"embeddable":true,"href":"https:\/\/curso-wp.ufpel.edu.br\/tema-vantage\/wp-json\/wp\/v2\/comments?post=96"}],"version-history":[{"count":1,"href":"https:\/\/curso-wp.ufpel.edu.br\/tema-vantage\/wp-json\/wp\/v2\/pages\/96\/revisions"}],"predecessor-version":[{"id":4466,"href":"https:\/\/curso-wp.ufpel.edu.br\/tema-vantage\/wp-json\/wp\/v2\/pages\/96\/revisions\/4466"}],"wp:attachment":[{"href":"https:\/\/curso-wp.ufpel.edu.br\/tema-vantage\/wp-json\/wp\/v2\/media?parent=96"}],"curies":[{"name":"wp","href":"https:\/\/api.w.org\/{rel}","templated":true}]}}