{"id":4259,"date":"2017-09-13T13:31:51","date_gmt":"2017-09-13T16:31:51","guid":{"rendered":"https:\/\/wp-test.ufpel.edu.br\/tema-viral\/?page_id=4259"},"modified":"2017-09-13T13:31:51","modified_gmt":"2017-09-13T16:31:51","slug":"dicas-de-configuracao","status":"publish","type":"page","link":"https:\/\/curso-wp.ufpel.edu.br\/tema-viral\/dicas-de-configuracao\/","title":{"rendered":"Dicas de configura\u00e7\u00e3o"},"content":{"rendered":"<div class=\"textwidget\">\n<p>Para personalizar o layout da p\u00e1gina inicial, configure o site para exibir uma p\u00e1gina inicial est\u00e1tica.<\/p>\n<p><a href=\"http:\/\/curso-wp.ufpel.edu.br\/tema-viral\/wp-content\/uploads\/sites\/210\/2017\/09\/viral-pag-estatica.png\"><img loading=\"lazy\" decoding=\"async\" class=\"alignnone size-medium wp-image-4266\" src=\"http:\/\/curso-wp.ufpel.edu.br\/tema-viral\/wp-content\/uploads\/sites\/210\/2017\/09\/viral-pag-estatica-400x225.png\" alt=\"\" width=\"400\" height=\"225\" srcset=\"https:\/\/curso-wp.ufpel.edu.br\/tema-viral\/wp-content\/uploads\/sites\/210\/2017\/09\/viral-pag-estatica-400x225.png 400w, https:\/\/curso-wp.ufpel.edu.br\/tema-viral\/wp-content\/uploads\/sites\/210\/2017\/09\/viral-pag-estatica-768x433.png 768w, https:\/\/curso-wp.ufpel.edu.br\/tema-viral\/wp-content\/uploads\/sites\/210\/2017\/09\/viral-pag-estatica-1024x577.png 1024w, https:\/\/curso-wp.ufpel.edu.br\/tema-viral\/wp-content\/uploads\/sites\/210\/2017\/09\/viral-pag-estatica.png 1280w\" sizes=\"auto, (max-width: 400px) 100vw, 400px\" \/><\/a><\/p>\n<p>A p\u00e1gina utilizada deve ser configurada para o modelo <em><strong>Home Page<\/strong><\/em>. O texto da p\u00e1gina pode ficar em branco e n\u00e3o ser\u00e1 exibido no site.<\/p>\n<p><a href=\"http:\/\/curso-wp.ufpel.edu.br\/tema-viral\/wp-content\/uploads\/sites\/210\/2017\/09\/viral-home-page.png\"><img loading=\"lazy\" decoding=\"async\" class=\"alignnone size-medium wp-image-4251\" src=\"http:\/\/curso-wp.ufpel.edu.br\/tema-viral\/wp-content\/uploads\/sites\/210\/2017\/09\/viral-home-page-400x228.png\" alt=\"\" width=\"400\" height=\"228\" srcset=\"https:\/\/curso-wp.ufpel.edu.br\/tema-viral\/wp-content\/uploads\/sites\/210\/2017\/09\/viral-home-page-400x228.png 400w, https:\/\/curso-wp.ufpel.edu.br\/tema-viral\/wp-content\/uploads\/sites\/210\/2017\/09\/viral-home-page-768x438.png 768w, https:\/\/curso-wp.ufpel.edu.br\/tema-viral\/wp-content\/uploads\/sites\/210\/2017\/09\/viral-home-page-1024x584.png 1024w, https:\/\/curso-wp.ufpel.edu.br\/tema-viral\/wp-content\/uploads\/sites\/210\/2017\/09\/viral-home-page.png 1262w\" sizes=\"auto, (max-width: 400px) 100vw, 400px\" \/><\/a><\/p>\n<\/div>\n","protected":false},"excerpt":{"rendered":"<p>Para personalizar o layout da p\u00e1gina inicial, configure o site para exibir uma p\u00e1gina inicial est\u00e1tica. A p\u00e1gina utilizada deve ser configurada para o modelo Home Page. O texto da p\u00e1gina pode ficar em branco e n\u00e3o ser\u00e1 exibido no site.<\/p>\n","protected":false},"author":34,"featured_media":0,"parent":0,"menu_order":0,"comment_status":"closed","ping_status":"closed","template":"","meta":{"footnotes":""},"class_list":["post-4259","page","type-page","status-publish","hentry"],"_links":{"self":[{"href":"https:\/\/curso-wp.ufpel.edu.br\/tema-viral\/wp-json\/wp\/v2\/pages\/4259","targetHints":{"allow":["GET"]}}],"collection":[{"href":"https:\/\/curso-wp.ufpel.edu.br\/tema-viral\/wp-json\/wp\/v2\/pages"}],"about":[{"href":"https:\/\/curso-wp.ufpel.edu.br\/tema-viral\/wp-json\/wp\/v2\/types\/page"}],"author":[{"embeddable":true,"href":"https:\/\/curso-wp.ufpel.edu.br\/tema-viral\/wp-json\/wp\/v2\/users\/34"}],"replies":[{"embeddable":true,"href":"https:\/\/curso-wp.ufpel.edu.br\/tema-viral\/wp-json\/wp\/v2\/comments?post=4259"}],"version-history":[{"count":0,"href":"https:\/\/curso-wp.ufpel.edu.br\/tema-viral\/wp-json\/wp\/v2\/pages\/4259\/revisions"}],"wp:attachment":[{"href":"https:\/\/curso-wp.ufpel.edu.br\/tema-viral\/wp-json\/wp\/v2\/media?parent=4259"}],"curies":[{"name":"wp","href":"https:\/\/api.w.org\/{rel}","templated":true}]}}