{"id":4394,"date":"2017-09-05T15:56:12","date_gmt":"2017-09-05T18:56:12","guid":{"rendered":"https:\/\/wp-test.ufpel.edu.br\/tema-viral\/?page_id=2"},"modified":"2017-09-05T15:56:12","modified_gmt":"2017-09-05T18:56:12","slug":"pagina-exemplo","status":"publish","type":"page","link":"https:\/\/curso-wp.ufpel.edu.br\/tema-viral\/","title":{"rendered":"P\u00e1gina inicial"},"content":{"rendered":"<p>Este texto n\u00e3o ser\u00e1 exibido. Configure o conte\u00fado da p\u00e1gina no Personalizar.<\/p>\n","protected":false},"excerpt":{"rendered":"<p>Este texto n\u00e3o ser\u00e1 exibido. Configure o conte\u00fado da p\u00e1gina no Personalizar.<\/p>\n","protected":false},"author":34,"featured_media":0,"parent":0,"menu_order":0,"comment_status":"closed","ping_status":"closed","template":"templates\/template-home.php","meta":{"footnotes":""},"class_list":["post-4394","page","type-page","status-publish","hentry"],"_links":{"self":[{"href":"https:\/\/curso-wp.ufpel.edu.br\/tema-viral\/wp-json\/wp\/v2\/pages\/4394","targetHints":{"allow":["GET"]}}],"collection":[{"href":"https:\/\/curso-wp.ufpel.edu.br\/tema-viral\/wp-json\/wp\/v2\/pages"}],"about":[{"href":"https:\/\/curso-wp.ufpel.edu.br\/tema-viral\/wp-json\/wp\/v2\/types\/page"}],"author":[{"embeddable":true,"href":"https:\/\/curso-wp.ufpel.edu.br\/tema-viral\/wp-json\/wp\/v2\/users\/34"}],"replies":[{"embeddable":true,"href":"https:\/\/curso-wp.ufpel.edu.br\/tema-viral\/wp-json\/wp\/v2\/comments?post=4394"}],"version-history":[{"count":0,"href":"https:\/\/curso-wp.ufpel.edu.br\/tema-viral\/wp-json\/wp\/v2\/pages\/4394\/revisions"}],"wp:attachment":[{"href":"https:\/\/curso-wp.ufpel.edu.br\/tema-viral\/wp-json\/wp\/v2\/media?parent=4394"}],"curies":[{"name":"wp","href":"https:\/\/api.w.org\/{rel}","templated":true}]}}